{"id":38575,"date":"2024-08-05T15:34:56","date_gmt":"2024-08-05T21:34:56","guid":{"rendered":"https:\/\/www.bgcmd.org\/?page_id=38575"},"modified":"2024-09-05T12:50:57","modified_gmt":"2024-09-05T18:50:57","slug":"clubs","status":"publish","type":"page","link":"https:\/\/www.bgcmd.org\/es\/grow-here\/clubs\/","title":{"rendered":"Crecer aqu\u00ed \u2013 Clubes"},"content":{"rendered":"<div id=\"pl-38575\"  class=\"panel-layout\" ><div id=\"pg-38575-0\"  class=\"panel-grid panel-has-style\" ><div class=\"siteorigin-panels-stretch panel-row-style panel-row-style-for-38575-0\" data-stretch-type=\"full-width-stretch\" ><div id=\"pgc-38575-0-0\"  class=\"panel-grid-cell\" ><div id=\"panel-38575-0-0-0\" class=\"so-panel widget widget_sow-image panel-first-child panel-last-child\" data-index=\"0\" ><div\n\t\t\t\n\t\t\tclass=\"so-widget-sow-image so-widget-sow-image-default-dbf295114b96-38575\"\n\t\t\t\n\t\t>\n<div class=\"sow-image-container\">\n\t\t<img \n\tsrc=\"https:\/\/www.bgcmd.org\/wp-content\/uploads\/2024\/08\/Mobile-Header-Grow-Here-Clubs-v2.png\" width=\"576\" height=\"144\" srcset=\"https:\/\/www.bgcmd.org\/wp-content\/uploads\/2024\/08\/Mobile-Header-Grow-Here-Clubs-v2.png 576w, https:\/\/www.bgcmd.org\/wp-content\/uploads\/2024\/08\/Mobile-Header-Grow-Here-Clubs-v2-300x75.png 300w, https:\/\/www.bgcmd.org\/wp-content\/uploads\/2024\/08\/Mobile-Header-Grow-Here-Clubs-v2-18x5.png 18w\" sizes=\"(max-width: 576px) 100vw, 576px\" title=\"Encabezado m\u00f3vil \u2013 Crecer aqu\u00ed \u2013 Clubes v2\" alt=\"\" \t\tclass=\"so-widget-image\"\/>\n\t<\/div>\n\n<\/div><\/div><\/div><\/div><\/div><div id=\"pg-38575-1\"  class=\"panel-grid panel-has-style\" ><div class=\"landingpage-hero siteorigin-panels-stretch panel-row-style panel-row-style-for-38575-1\" data-stretch-type=\"full-width-stretch\" ><div id=\"pgc-38575-1-0\"  class=\"panel-grid-cell\" ><div class=\"panel-cell-style panel-cell-style-for-38575-1-0\" ><div id=\"panel-38575-1-0-0\" class=\"so-panel widget widget_sow-headline panel-first-child panel-last-child\" data-index=\"1\" ><div\n\t\t\t\n\t\t\tclass=\"so-widget-sow-headline so-widget-sow-headline-default-9e19704bf363-38575\"\n\t\t\t\n\t\t><div class=\"sow-headline-container\">\n\t\t\t\t\t\t\t<h1 class=\"sow-headline\">\n\t\t\t\t\t\tAqu\u00ed crecen futuros brillantes\t\t\t\t\t\t<\/h1>\n\t\t\t\t\t\t<\/div>\n<\/div><\/div><\/div><\/div><div id=\"pgc-38575-1-1\"  class=\"panel-grid-cell\" ><div id=\"panel-38575-1-1-0\" class=\"so-panel widget widget_sow-image panel-first-child panel-last-child\" data-index=\"2\" ><div\n\t\t\t\n\t\t\tclass=\"so-widget-sow-image so-widget-sow-image-default-dbf295114b96-38575\"\n\t\t\t\n\t\t>\n<div class=\"sow-image-container\">\n\t\t<img \n\tsrc=\"https:\/\/www.bgcmd.org\/wp-content\/uploads\/2024\/08\/Page-Header-Grow-Here-Clubs-v2.png\" width=\"2000\" height=\"667\" srcset=\"https:\/\/www.bgcmd.org\/wp-content\/uploads\/2024\/08\/Page-Header-Grow-Here-Clubs-v2.png 2000w, https:\/\/www.bgcmd.org\/wp-content\/uploads\/2024\/08\/Page-Header-Grow-Here-Clubs-v2-300x100.png 300w, https:\/\/www.bgcmd.org\/wp-content\/uploads\/2024\/08\/Page-Header-Grow-Here-Clubs-v2-1024x342.png 1024w, https:\/\/www.bgcmd.org\/wp-content\/uploads\/2024\/08\/Page-Header-Grow-Here-Clubs-v2-768x256.png 768w, https:\/\/www.bgcmd.org\/wp-content\/uploads\/2024\/08\/Page-Header-Grow-Here-Clubs-v2-1536x512.png 1536w, https:\/\/www.bgcmd.org\/wp-content\/uploads\/2024\/08\/Page-Header-Grow-Here-Clubs-v2-18x6.png 18w\" sizes=\"(max-width: 2000px) 100vw, 2000px\" title=\"Encabezado de p\u00e1gina \u2013 Crecer aqu\u00ed \u2013 Clubes v2\" alt=\"\" \t\tclass=\"so-widget-image\"\/>\n\t<\/div>\n\n<\/div><\/div><\/div><\/div><\/div><div id=\"pg-38575-2\"  class=\"panel-grid panel-has-style\" ><div class=\"panel-row-style panel-row-style-for-38575-2\" ><div id=\"pgc-38575-2-0\"  class=\"panel-grid-cell\" ><div id=\"panel-38575-2-0-0\" class=\"so-panel widget widget_sow-editor panel-first-child panel-last-child\" data-index=\"3\" ><div\n\t\t\t\n\t\t\tclass=\"so-widget-sow-editor so-widget-sow-editor-base\"\n\t\t\t\n\t\t>\n<div class=\"siteorigin-widget-tinymce textwidget\">\n\t<h3 style=\"text-align: center;\"><span class=\"TextRun SCXW219646943 BCX0\" lang=\"EN-US\" xml:lang=\"EN-US\" data-contrast=\"auto\"><span class=\"NormalTextRun SCXW219646943 BCX0\">Cada d\u00eda en nuestros clubes, los ni\u00f1os se sumergen en aventuras, descubren nuevos intereses y ampl\u00edan sus horizontes. <\/span><\/span><\/h3>\n<p style=\"text-align: center;\"><strong><span class=\"TextRun SCXW219646943 BCX0\" lang=\"EN-US\" xml:lang=\"EN-US\" data-contrast=\"auto\"><span class=\"NormalTextRun SCXW219646943 BCX0\">Desde ciencias y deportes hasta artes y liderazgo, los ni\u00f1os participan en actividades pr\u00e1cticas que se basan en las lecciones del d\u00eda escolar.\u00a0<\/span><\/span><span class=\"EOP SCXW219646943 BCX0\" data-ccp-props=\"{&quot;201341983&quot;:0,&quot;335559739&quot;:160,&quot;335559740&quot;:279}\">\u00a0<\/span><\/strong><\/p>\n<\/div>\n<\/div><\/div><\/div><\/div><\/div><div id=\"pg-38575-3\"  class=\"panel-grid panel-has-style\" ><div class=\"panel-row-style panel-row-style-for-38575-3\" ><div id=\"pgc-38575-3-0\"  class=\"panel-grid-cell\" ><div id=\"panel-38575-3-0-0\" class=\"so-panel widget widget_media_video panel-first-child panel-last-child\" data-index=\"4\" ><div class=\"panel-widget-style panel-widget-style-for-38575-3-0-0\" ><div style=\"width:100%;\" class=\"wp-video\"><video class=\"wp-video-shortcode\" id=\"video-38575-1\" preload=\"metadata\" controls=\"controls\"><source type=\"video\/youtube\" src=\"https:\/\/youtu.be\/_mIzalroSgw?si=mgldg5NePhAOtF-T&#038;_=1\" \/><a href=\"https:\/\/youtu.be\/_mIzalroSgw?si=mgldg5NePhAOtF-T\">https:\/\/youtu.be\/_mIzalroSgw?si=mgldg5NePhAOtF-T<\/a><\/video><\/div><\/div><\/div><\/div><\/div><\/div><div id=\"pg-38575-4\"  class=\"panel-grid panel-no-style\" ><div id=\"pgc-38575-4-0\"  class=\"panel-grid-cell panel-grid-cell-empty\" ><\/div><div id=\"pgc-38575-4-1\"  class=\"panel-grid-cell\" ><div id=\"panel-38575-4-1-0\" class=\"so-panel widget widget_media_video panel-first-child panel-last-child\" data-index=\"5\" ><div style=\"width:100%;\" class=\"wp-video\"><video class=\"wp-video-shortcode\" id=\"video-38575-2\" preload=\"metadata\" controls=\"controls\"><source type=\"video\/youtube\" src=\"https:\/\/youtu.be\/_mIzalroSgw?si=mgldg5NePhAOtF-T&#038;_=2\" \/><a href=\"https:\/\/youtu.be\/_mIzalroSgw?si=mgldg5NePhAOtF-T\">https:\/\/youtu.be\/_mIzalroSgw?si=mgldg5NePhAOtF-T<\/a><\/video><\/div><\/div><\/div><\/div><div id=\"pg-38575-5\"  class=\"panel-grid panel-has-style panel-has-overlay\" ><div class=\"siteorigin-panels-stretch panel-row-style panel-row-style-for-38575-5\" data-stretch-type=\"full-width-stretch\" >\t\t\t\t<div\n\t\t\t\t\tclass=\"panel-background-overlay\"\n\t\t\t\t\t\t\t\t\t\t\tstyle=\"background-color:#004b87;background-image:url(https:\/\/www.bgcmd.org\/wp-content\/uploads\/2024\/07\/Background-image-2.jpg);background-position:center center;background-size:cover;opacity:0.20;\"\n\t\t\t\t\t\t\t\t\t>\n\t\t\t\t\t\t\t\t\t<\/div>\n\t\t\t\t<div id=\"pgc-38575-5-0\"  class=\"panel-grid-cell\" ><div id=\"panel-38575-5-0-0\" class=\"so-panel widget widget_sow-editor panel-first-child panel-last-child\" data-index=\"6\" ><div\n\t\t\t\n\t\t\tclass=\"so-widget-sow-editor so-widget-sow-editor-base\"\n\t\t\t\n\t\t>\n<div class=\"siteorigin-widget-tinymce textwidget\">\n\t<h1 style=\"text-align: center;\"><span class=\"TextRun SCXW97144246 BCX0\" lang=\"EN-US\" style=\"color: #ffffff;\" xml:lang=\"EN-US\" data-contrast=\"auto\"><span class=\"NormalTextRun SCXW97144246 BCX0\">Nuestros Programas<\/span><\/span><\/h1>\n<\/div>\n<\/div><\/div><\/div><\/div><\/div><div id=\"pg-38575-6\"  class=\"panel-grid panel-no-style\" ><div id=\"pgc-38575-6-0\"  class=\"panel-grid-cell\" ><div id=\"panel-38575-6-0-0\" class=\"so-panel widget widget_siteorigin-panels-builder panel-first-child panel-last-child\" data-index=\"7\" ><div id=\"pl-w66b12f665a095\"  class=\"panel-layout\" ><div id=\"pg-w66b12f665a095-0\"  class=\"panel-grid panel-no-style\" ><div id=\"pgc-w66b12f665a095-0-0\"  class=\"panel-grid-cell\" ><div id=\"panel-w66b12f665a095-0-0-0\" class=\"so-panel widget widget_sow-image panel-first-child\" data-index=\"0\" ><div class=\"panel-widget-style panel-widget-style-for-w66b12f665a095-0-0-0\" ><div\n\t\t\t\n\t\t\tclass=\"so-widget-sow-image so-widget-sow-image-default-46c7616ffdb5\"\n\t\t\t\n\t\t>\n<div class=\"sow-image-container\">\n\t\t\t<a href=\"https:\/\/www.bgcmd.org\/es\/programs\/mental-health\/\"\n\t\t\t\t\t>\n\t\t\t<img \n\tsrc=\"https:\/\/www.bgcmd.org\/wp-content\/uploads\/2024\/07\/strong-minds-grow-here-button.jpg\" width=\"500\" height=\"200\" srcset=\"https:\/\/www.bgcmd.org\/wp-content\/uploads\/2024\/07\/strong-minds-grow-here-button.jpg 500w, https:\/\/www.bgcmd.org\/wp-content\/uploads\/2024\/07\/strong-minds-grow-here-button-300x120.jpg 300w, https:\/\/www.bgcmd.org\/wp-content\/uploads\/2024\/07\/strong-minds-grow-here-button-18x7.jpg 18w\" sizes=\"(max-width: 500px) 100vw, 500px\" title=\"Las mentes fuertes crecen aqu\u00ed bot\u00f3n\" alt=\"\" \t\tclass=\"so-widget-image\"\/>\n\t\t\t<\/a><\/div>\n\n<\/div><\/div><\/div><div id=\"panel-w66b12f665a095-0-0-1\" class=\"so-panel widget widget_sow-editor panel-last-child\" data-index=\"1\" ><div\n\t\t\t\n\t\t\tclass=\"so-widget-sow-editor so-widget-sow-editor-base\"\n\t\t\t\n\t\t>\n<div class=\"siteorigin-widget-tinymce textwidget\">\n\t<h6 style=\"text-align: center;\"><span data-contrast=\"auto\">Los ni\u00f1os y adolescentes del club mejoran sus habilidades sociales, aumentan su confianza en s\u00ed mismos y generan confianza en relaciones saludables.<\/span><\/h6>\n<p style=\"text-align: center;\"><b><span data-contrast=\"auto\">93% <\/span><\/b><span data-contrast=\"auto\">de los miembros del Club encuestados informaron sentirse mejor gracias al apoyo que recibieron del miembro del equipo de salud mental de su Club.*<\/span><\/p>\n<\/div>\n<\/div><\/div><\/div><div id=\"pgc-w66b12f665a095-0-1\"  class=\"panel-grid-cell\" ><div id=\"panel-w66b12f665a095-0-1-0\" class=\"so-panel widget widget_sow-image panel-first-child\" data-index=\"2\" ><div class=\"panel-widget-style panel-widget-style-for-w66b12f665a095-0-1-0\" ><div\n\t\t\t\n\t\t\tclass=\"so-widget-sow-image so-widget-sow-image-default-46c7616ffdb5\"\n\t\t\t\n\t\t>\n<div class=\"sow-image-container\">\n\t\t\t<a href=\"https:\/\/www.bgcmd.org\/es\/programs\/character-leadership\/\"\n\t\t\t\t\t>\n\t\t\t<img \n\tsrc=\"https:\/\/www.bgcmd.org\/wp-content\/uploads\/2024\/07\/leaders-grow-here-button.jpg\" width=\"500\" height=\"200\" srcset=\"https:\/\/www.bgcmd.org\/wp-content\/uploads\/2024\/07\/leaders-grow-here-button.jpg 500w, https:\/\/www.bgcmd.org\/wp-content\/uploads\/2024\/07\/leaders-grow-here-button-300x120.jpg 300w, https:\/\/www.bgcmd.org\/wp-content\/uploads\/2024\/07\/leaders-grow-here-button-18x7.jpg 18w\" sizes=\"(max-width: 500px) 100vw, 500px\" title=\"bot\u00f3n de l\u00edderes crecen aqu\u00ed\" alt=\"\" \t\tclass=\"so-widget-image\"\/>\n\t\t\t<\/a><\/div>\n\n<\/div><\/div><\/div><div id=\"panel-w66b12f665a095-0-1-1\" class=\"so-panel widget widget_sow-editor panel-last-child\" data-index=\"3\" ><div\n\t\t\t\n\t\t\tclass=\"so-widget-sow-editor so-widget-sow-editor-base\"\n\t\t\t\n\t\t>\n<div class=\"siteorigin-widget-tinymce textwidget\">\n\t<h6 style=\"text-align: center;\"><span data-contrast=\"auto\">Los ni\u00f1os se convierten en l\u00edderes responsables, confiados y afectuosos en sus clubes, vecindarios y m\u00e1s all\u00e1.<\/span><span data-ccp-props=\"{&quot;201341983&quot;:0,&quot;335559739&quot;:160,&quot;335559740&quot;:279}\">\u00a0<\/span><\/h6>\n<p style=\"text-align: center;\"><b><span data-contrast=\"auto\">97% <\/span><\/b><span data-contrast=\"auto\">de los ni\u00f1os y adolescentes que participaron en programas de liderazgo dijeron que estos programas les ayudaron a desarrollar confianza y habilidades de liderazgo.*<\/span><span data-ccp-props=\"{&quot;201341983&quot;:0,&quot;335559739&quot;:160,&quot;335559740&quot;:279}\">\u00a0<\/span><\/p>\n<\/div>\n<\/div><\/div><\/div><\/div><div id=\"pg-w66b12f665a095-1\"  class=\"panel-grid panel-no-style\" ><div id=\"pgc-w66b12f665a095-1-0\"  class=\"panel-grid-cell\" ><div id=\"panel-w66b12f665a095-1-0-0\" class=\"so-panel widget widget_sow-image panel-first-child\" data-index=\"4\" ><div class=\"panel-widget-style panel-widget-style-for-w66b12f665a095-1-0-0\" ><div\n\t\t\t\n\t\t\tclass=\"so-widget-sow-image so-widget-sow-image-default-a258e6bfa2d8\"\n\t\t\t\n\t\t>\n<div class=\"sow-image-container\">\n\t\t\t<a href=\"https:\/\/www.bgcmd.org\/es\/programs\/healthy-lifestyles\/\"\n\t\t\t\t\t>\n\t\t\t<img \n\tsrc=\"https:\/\/www.bgcmd.org\/wp-content\/uploads\/2024\/07\/heathly-kids-grow-here-button.jpg\" width=\"500\" height=\"200\" srcset=\"https:\/\/www.bgcmd.org\/wp-content\/uploads\/2024\/07\/heathly-kids-grow-here-button.jpg 500w, https:\/\/www.bgcmd.org\/wp-content\/uploads\/2024\/07\/heathly-kids-grow-here-button-300x120.jpg 300w, https:\/\/www.bgcmd.org\/wp-content\/uploads\/2024\/07\/heathly-kids-grow-here-button-18x7.jpg 18w\" sizes=\"(max-width: 500px) 100vw, 500px\" title=\"bot\u00f3n de ni\u00f1os saludables crecen aqu\u00ed\" alt=\"\" \t\tclass=\"so-widget-image\"\/>\n\t\t\t<\/a><\/div>\n\n<\/div><\/div><\/div><div id=\"panel-w66b12f665a095-1-0-1\" class=\"so-panel widget widget_sow-editor panel-last-child\" data-index=\"5\" ><div\n\t\t\t\n\t\t\tclass=\"so-widget-sow-editor so-widget-sow-editor-base\"\n\t\t\t\n\t\t>\n<div class=\"siteorigin-widget-tinymce textwidget\">\n\t<h6 style=\"text-align: center;\">Nuestros programas promueven el bienestar f\u00edsico, mental y emocional.<\/h6>\n<p style=\"text-align: center;\">Cerca de <strong>300k<\/strong> Se sirvieron comidas y refrigerios a los socios del Club y sus familias.<span data-contrast=\"auto\">*<\/span><span data-ccp-props=\"{&quot;201341983&quot;:0,&quot;335559739&quot;:160,&quot;335559740&quot;:279}\">\u00a0<\/span><\/p>\n<\/div>\n<\/div><\/div><\/div><div id=\"pgc-w66b12f665a095-1-1\"  class=\"panel-grid-cell\" ><div id=\"panel-w66b12f665a095-1-1-0\" class=\"so-panel widget widget_sow-image panel-first-child\" data-index=\"6\" ><div class=\"panel-widget-style panel-widget-style-for-w66b12f665a095-1-1-0\" ><div\n\t\t\t\n\t\t\tclass=\"so-widget-sow-image so-widget-sow-image-default-a258e6bfa2d8\"\n\t\t\t\n\t\t>\n<div class=\"sow-image-container\">\n\t\t\t<a href=\"https:\/\/www.bgcmd.org\/es\/programs\/academics-careers\/\"\n\t\t\t\t\t>\n\t\t\t<img \n\tsrc=\"https:\/\/www.bgcmd.org\/wp-content\/uploads\/2024\/07\/bright-futures-grow-here-button.jpg\" width=\"500\" height=\"200\" srcset=\"https:\/\/www.bgcmd.org\/wp-content\/uploads\/2024\/07\/bright-futures-grow-here-button.jpg 500w, https:\/\/www.bgcmd.org\/wp-content\/uploads\/2024\/07\/bright-futures-grow-here-button-300x120.jpg 300w, https:\/\/www.bgcmd.org\/wp-content\/uploads\/2024\/07\/bright-futures-grow-here-button-18x7.jpg 18w\" sizes=\"(max-width: 500px) 100vw, 500px\" title=\"bot\u00f3n de futuros brillantes crecen aqu\u00ed\" alt=\"\" \t\tclass=\"so-widget-image\"\/>\n\t\t\t<\/a><\/div>\n\n<\/div><\/div><\/div><div id=\"panel-w66b12f665a095-1-1-1\" class=\"so-panel widget widget_sow-editor panel-last-child\" data-index=\"7\" ><div\n\t\t\t\n\t\t\tclass=\"so-widget-sow-editor so-widget-sow-editor-base\"\n\t\t\t\n\t\t>\n<div class=\"siteorigin-widget-tinymce textwidget\">\n\t<h6 style=\"text-align: center;\"><span style=\"font-size: 16px;\" data-contrast=\"auto\">Los ni\u00f1os del club participan en actividades pr\u00e1cticas que se basan en las lecciones del d\u00eda escolar.<br \/>\n<\/span><\/h6>\n<p style=\"text-align: center;\"><span style=\"font-size: 16px;\" data-contrast=\"auto\"><strong>100%<\/strong> de los miembros del Club encuestados indicaron que su participaci\u00f3n en Juventud del A\u00f1o ayud\u00f3 a desarrollar sus habilidades de colaboraci\u00f3n y liderazgo.*<\/span><span style=\"font-size: 16px;\" data-ccp-props=\"{&quot;201341983&quot;:0,&quot;335559739&quot;:160,&quot;335559740&quot;:279}\">\u00a0<\/span><\/p>\n<\/div>\n<\/div><\/div><\/div><\/div><\/div><\/div><\/div><\/div><div id=\"pg-38575-7\"  class=\"panel-grid panel-has-style panel-has-overlay\" ><div class=\"siteorigin-panels-stretch panel-row-style panel-row-style-for-38575-7\" data-stretch-type=\"full-width-stretch\" >\t\t\t\t<div\n\t\t\t\t\tclass=\"panel-background-overlay\"\n\t\t\t\t\t\t\t\t\t\t\tstyle=\"background-color:#004b87;background-image:url(https:\/\/www.bgcmd.org\/wp-content\/uploads\/2024\/07\/Background-image-4.jpg);background-position:center center;background-size:cover;opacity:0.20;\"\n\t\t\t\t\t\t\t\t\t>\n\t\t\t\t\t\t\t\t\t<\/div>\n\t\t\t\t<div id=\"pgc-38575-7-0\"  class=\"panel-grid-cell\" ><div id=\"panel-38575-7-0-0\" class=\"so-panel widget widget_sow-editor panel-first-child panel-last-child\" data-index=\"8\" ><div\n\t\t\t\n\t\t\tclass=\"so-widget-sow-editor so-widget-sow-editor-base\"\n\t\t\t\n\t\t>\n<div class=\"siteorigin-widget-tinymce textwidget\">\n\t<h1 style=\"text-align: center;\"><span style=\"color: #ffffff;\">Nuestros Clubes<\/span><\/h1>\n<\/div>\n<\/div><\/div><\/div><\/div><\/div><div id=\"pg-38575-8\"  class=\"panel-grid panel-no-style\" ><div id=\"pgc-38575-8-0\"  class=\"panel-grid-cell\" ><div id=\"panel-38575-8-0-0\" class=\"so-panel widget widget_sow-editor panel-first-child\" data-index=\"9\" ><div\n\t\t\t\n\t\t\tclass=\"so-widget-sow-editor so-widget-sow-editor-base\"\n\t\t\t\n\t\t>\n<div class=\"siteorigin-widget-tinymce textwidget\">\n\t<h3 style=\"text-align: center;\">Con 27 clubes en todo el \u00e1rea metropolitana de Denver, nuestras puertas est\u00e1n abiertas a todos los ni\u00f1os y adolescentes, ofreci\u00e9ndoles un espacio seguro para aprender, jugar y crecer.<\/h3>\n<\/div>\n<\/div><\/div><div id=\"panel-38575-8-0-1\" class=\"so-panel widget widget_sow-image\" data-index=\"10\" ><div\n\t\t\t\n\t\t\tclass=\"so-widget-sow-image so-widget-sow-image-default-c67d20f9f743-38575\"\n\t\t\t\n\t\t><\/div><\/div><div id=\"panel-38575-8-0-2\" class=\"so-panel widget widget_sow-button panel-last-child\" data-index=\"11\" ><div\n\t\t\t\n\t\t\tclass=\"so-widget-sow-button so-widget-sow-button-flat-8aee59f6b318-38575\"\n\t\t\t\n\t\t><div class=\"ow-button-base ow-button-align-center\"\n>\n\t\t\t<a\n\t\t\t\t\thref=\"https:\/\/www.bgcmd.org\/es\/find-your-club\/\"\n\t\t\t\t\tclass=\"sowb-button ow-icon-placement-left ow-button-hover\" \t>\n\t\t<span>\n\t\t\t\n\t\t\tEncuentra tu club\t\t<\/span>\n\t\t\t<\/a>\n\t<\/div>\n<\/div><\/div><\/div><\/div><div id=\"pg-38575-9\"  class=\"panel-grid panel-has-style panel-has-overlay\" ><div class=\"siteorigin-panels-stretch panel-row-style panel-row-style-for-38575-9\" data-stretch-type=\"full-width-stretch\" >\t\t\t\t<div\n\t\t\t\t\tclass=\"panel-background-overlay\"\n\t\t\t\t\t\t\t\t\t\t\tstyle=\"background-color:#004b87;background-image:url(https:\/\/www.bgcmd.org\/wp-content\/uploads\/2024\/07\/Background-image-1.jpg);background-position:center center;background-size:cover;opacity:0.20;\"\n\t\t\t\t\t\t\t\t\t>\n\t\t\t\t\t\t\t\t\t<\/div>\n\t\t\t\t<div id=\"pgc-38575-9-0\"  class=\"panel-grid-cell\" ><div id=\"panel-38575-9-0-0\" class=\"so-panel widget widget_sow-editor panel-first-child panel-last-child\" data-index=\"12\" ><div\n\t\t\t\n\t\t\tclass=\"so-widget-sow-editor so-widget-sow-editor-base\"\n\t\t\t\n\t\t>\n<div class=\"siteorigin-widget-tinymce textwidget\">\n\t<h1 style=\"text-align: center;\"><span style=\"color: #ffffff;\">Crezca con nosotros<\/span><\/h1>\n<\/div>\n<\/div><\/div><\/div><\/div><\/div><div id=\"pg-38575-10\"  class=\"panel-grid panel-no-style\" ><div id=\"pgc-38575-10-0\"  class=\"panel-grid-cell\" ><div id=\"panel-38575-10-0-0\" class=\"so-panel widget widget_siteorigin-panels-builder panel-first-child panel-last-child\" data-index=\"13\" ><div id=\"pl-w66d9fd911c53c\"  class=\"panel-layout\" ><div id=\"pg-w66d9fd911c53c-0\"  class=\"panel-grid panel-no-style\" ><div id=\"pgc-w66d9fd911c53c-0-0\"  class=\"panel-grid-cell\" ><div id=\"panel-w66d9fd911c53c-0-0-0\" class=\"so-panel widget widget_sow-editor panel-first-child panel-last-child\" data-index=\"0\" ><div\n\t\t\t\n\t\t\tclass=\"so-widget-sow-editor so-widget-sow-editor-base\"\n\t\t\t\n\t\t>\n<div class=\"siteorigin-widget-tinymce textwidget\">\n\t<h6 style=\"text-align: center;\"><strong>Convi\u00e9rtase en parte de nuestra comunidad hoy registr\u00e1ndose para unirse al Club u obtenga las \u00faltimas noticias y actualizaciones de todos nuestros Clubes de Metro Denver cuando se suscriba a nuestro bolet\u00edn familiar.<\/strong><\/h6>\n<\/div>\n<\/div><\/div><\/div><\/div><div id=\"pg-w66d9fd911c53c-1\"  class=\"panel-grid panel-no-style\" ><div id=\"pgc-w66d9fd911c53c-1-0\"  class=\"panel-grid-cell panel-grid-cell-empty\" ><\/div><div id=\"pgc-w66d9fd911c53c-1-1\"  class=\"panel-grid-cell panel-grid-cell-mobile-last\" ><div id=\"panel-w66d9fd911c53c-1-1-0\" class=\"so-panel widget widget_sow-button panel-first-child panel-last-child\" data-index=\"1\" ><div\n\t\t\t\n\t\t\tclass=\"so-widget-sow-button so-widget-sow-button-flat-8aee59f6b318\"\n\t\t\t\n\t\t><div class=\"ow-button-base ow-button-align-center\"\n>\n\t\t\t<a\n\t\t\t\t\thref=\"https:\/\/www.bgcmd.org\/es\/find-your-club\/\"\n\t\t\t\t\tclass=\"sowb-button ow-icon-placement-left ow-button-hover\" \t>\n\t\t<span>\n\t\t\t\n\t\t\t\u00danete al club\t\t<\/span>\n\t\t\t<\/a>\n\t<\/div>\n<\/div><\/div><\/div><div id=\"pgc-w66d9fd911c53c-1-2\"  class=\"panel-grid-cell panel-grid-cell-empty\" ><\/div><\/div><div id=\"pg-w66d9fd911c53c-3\"  class=\"panel-grid panel-no-style\" ><div id=\"pgc-w66d9fd911c53c-3-0\"  class=\"panel-grid-cell\" ><div id=\"panel-w66d9fd911c53c-3-0-0\" class=\"so-panel widget widget_sow-editor panel-first-child panel-last-child\" data-index=\"4\" ><div\n\t\t\t\n\t\t\tclass=\"so-widget-sow-editor so-widget-sow-editor-base\"\n\t\t\t\n\t\t>\n<div class=\"siteorigin-widget-tinymce textwidget\">\n\t<p style=\"text-align: right;\"><span class=\"TextRun SCXW137755747 BCX0\" lang=\"EN-US\" xml:lang=\"EN-US\" data-contrast=\"none\"><span class=\"NormalTextRun SCXW137755747 BCX0\">* Encuesta de la Iniciativa Nacional de Resultados de la Juventud del a\u00f1o escolar 2022-2023<\/span><\/span><span class=\"EOP SCXW137755747 BCX0\" data-ccp-props=\"{&quot;134233118&quot;:false,&quot;201341983&quot;:0,&quot;335559739&quot;:160,&quot;335559740&quot;:259}\">\u00a0<\/span><\/p>\n<\/div>\n<\/div><\/div><\/div><\/div><\/div><\/div><\/div><\/div><\/div>","protected":false},"excerpt":{"rendered":"<p>Bright Futures Grow Here Each day at our Clubs, kids dive into adventures, discover new interests, and stretch their horizons. From science and sports to arts and leadership, kids engage in hands-on activities that build on their school day lessons.\u00a0\u00a0 https:\/\/youtu.be\/_mIzalroSgw?si=mgldg5NePhAOtF-Thttps:\/\/youtu.be\/_mIzalroSgw?si=mgldg5NePhAOtF-T Our Programs Club kids and teens improve their social skills, increase their self-confidence, and [&hellip;]<\/p>\n","protected":false},"author":22,"featured_media":0,"parent":38526,"menu_order":0,"comment_status":"closed","ping_status":"closed","template":"","meta":{"inline_featured_image":false,"site-sidebar-layout":"default","site-content-layout":"default","ast-site-content-layout":"default","site-content-style":"default","site-sidebar-style":"default","ast-global-header-display":"","ast-banner-title-visibility":"","ast-main-header-display":"","ast-hfb-above-header-display":"","ast-hfb-below-header-display":"","ast-hfb-mobile-header-display":"","site-post-title":"disabled","ast-breadcrumbs-content":"disabled","ast-featured-img":"","footer-sml-layout":"","ast-disable-related-posts":"","theme-transparent-header-meta":"default","adv-header-id-meta":"","stick-header-meta":"","header-above-stick-meta":"","header-main-stick-meta":"","header-below-stick-meta":"","astra-migrate-meta-layouts":"set","ast-page-background-enabled":"default","ast-page-background-meta":{"desktop":{"background-color":"var(--ast-global-color-4)","background-image":"","background-repeat":"repeat","background-position":"center center","background-size":"auto","background-attachment":"scroll","background-type":"","background-media":"","overlay-type":"","overlay-color":"","overlay-opacity":"","overlay-gradient":""},"tablet":{"background-color":"","background-image":"","background-repeat":"repeat","background-position":"center center","background-size":"auto","background-attachment":"scroll","background-type":"","background-media":"","overlay-type":"","overlay-color":"","overlay-opacity":"","overlay-gradient":""},"mobile":{"background-color":"","background-image":"","background-repeat":"repeat","background-position":"center center","background-size":"auto","background-attachment":"scroll","background-type":"","background-media":"","overlay-type":"","overlay-color":"","overlay-opacity":"","overlay-gradient":""}},"ast-content-background-meta":{"desktop":{"background-color":"var(--ast-global-color-5)","background-image":"","background-repeat":"repeat","background-position":"center center","background-size":"auto","background-attachment":"scroll","background-type":"","background-media":"","overlay-type":"","overlay-color":"","overlay-opacity":"","overlay-gradient":""},"tablet":{"background-color":"var(--ast-global-color-5)","background-image":"","background-repeat":"repeat","background-position":"center center","background-size":"auto","background-attachment":"scroll","background-type":"","background-media":"","overlay-type":"","overlay-color":"","overlay-opacity":"","overlay-gradient":""},"mobile":{"background-color":"var(--ast-global-color-5)","background-image":"","background-repeat":"repeat","background-position":"center center","background-size":"auto","background-attachment":"scroll","background-type":"","background-media":"","overlay-type":"","overlay-color":"","overlay-opacity":"","overlay-gradient":""}},"footnotes":"","_links_to":"","_links_to_target":""},"class_list":["post-38575","page","type-page","status-publish","hentry"],"_links":{"self":[{"href":"https:\/\/www.bgcmd.org\/es\/wp-json\/wp\/v2\/pages\/38575","targetHints":{"allow":["GET"]}}],"collection":[{"href":"https:\/\/www.bgcmd.org\/es\/wp-json\/wp\/v2\/pages"}],"about":[{"href":"https:\/\/www.bgcmd.org\/es\/wp-json\/wp\/v2\/types\/page"}],"author":[{"embeddable":true,"href":"https:\/\/www.bgcmd.org\/es\/wp-json\/wp\/v2\/users\/22"}],"replies":[{"embeddable":true,"href":"https:\/\/www.bgcmd.org\/es\/wp-json\/wp\/v2\/comments?post=38575"}],"version-history":[{"count":39,"href":"https:\/\/www.bgcmd.org\/es\/wp-json\/wp\/v2\/pages\/38575\/revisions"}],"predecessor-version":[{"id":38953,"href":"https:\/\/www.bgcmd.org\/es\/wp-json\/wp\/v2\/pages\/38575\/revisions\/38953"}],"up":[{"embeddable":true,"href":"https:\/\/www.bgcmd.org\/es\/wp-json\/wp\/v2\/pages\/38526"}],"wp:attachment":[{"href":"https:\/\/www.bgcmd.org\/es\/wp-json\/wp\/v2\/media?parent=38575"}],"curies":[{"name":"wp","href":"https:\/\/api.w.org\/{rel}","templated":true}]}}