{"id":38526,"date":"2024-08-05T15:38:58","date_gmt":"2024-08-05T21:38:58","guid":{"rendered":"https:\/\/www.bgcmd.org\/?page_id=38526"},"modified":"2024-08-07T10:25:57","modified_gmt":"2024-08-07T16:25:57","slug":"grow-here","status":"publish","type":"page","link":"https:\/\/www.bgcmd.org\/es\/grow-here\/","title":{"rendered":"Crecer aqu\u00ed"},"content":{"rendered":"<div id=\"pl-38526\"  class=\"panel-layout\" ><div id=\"pg-38526-0\"  class=\"panel-grid panel-has-style\" ><div class=\"siteorigin-panels-stretch panel-row-style panel-row-style-for-38526-0\" data-stretch-type=\"full-width-stretch\" ><div id=\"pgc-38526-0-0\"  class=\"panel-grid-cell\" ><div id=\"panel-38526-0-0-0\" class=\"so-panel widget widget_sow-image panel-first-child panel-last-child\" data-index=\"0\" ><div\n\t\t\t\n\t\t\tclass=\"so-widget-sow-image so-widget-sow-image-default-dbf295114b96-38526\"\n\t\t\t\n\t\t>\n<div class=\"sow-image-container\">\n\t\t<img \n\tsrc=\"https:\/\/www.bgcmd.org\/wp-content\/uploads\/2024\/08\/Grow-Here-Mobile-Header-v2.png\" width=\"576\" height=\"144\" srcset=\"https:\/\/www.bgcmd.org\/wp-content\/uploads\/2024\/08\/Grow-Here-Mobile-Header-v2.png 576w, https:\/\/www.bgcmd.org\/wp-content\/uploads\/2024\/08\/Grow-Here-Mobile-Header-v2-300x75.png 300w, https:\/\/www.bgcmd.org\/wp-content\/uploads\/2024\/08\/Grow-Here-Mobile-Header-v2-18x5.png 18w\" sizes=\"(max-width: 576px) 100vw, 576px\" title=\"Crecer aqu\u00ed \u2013 Encabezado m\u00f3vil v2\" alt=\"\" \t\tclass=\"so-widget-image\"\/>\n\t<\/div>\n\n<\/div><\/div><\/div><\/div><\/div><div id=\"pg-38526-1\"  class=\"panel-grid panel-has-style\" ><div class=\"landingpage-hero siteorigin-panels-stretch panel-row-style panel-row-style-for-38526-1\" data-stretch-type=\"full-width-stretch\" ><div id=\"pgc-38526-1-0\"  class=\"panel-grid-cell\" ><div class=\"panel-cell-style panel-cell-style-for-38526-1-0\" ><div id=\"panel-38526-1-0-0\" class=\"so-panel widget widget_sow-headline panel-first-child panel-last-child\" data-index=\"1\" ><div\n\t\t\t\n\t\t\tclass=\"so-widget-sow-headline so-widget-sow-headline-default-9e19704bf363-38526\"\n\t\t\t\n\t\t><div class=\"sow-headline-container\">\n\t\t\t\t\t\t\t<h1 class=\"sow-headline\">\n\t\t\t\t\t\tCrecer aqu\u00ed\t\t\t\t\t\t<\/h1>\n\t\t\t\t\t\t<\/div>\n<\/div><\/div><\/div><\/div><div id=\"pgc-38526-1-1\"  class=\"panel-grid-cell\" ><div id=\"panel-38526-1-1-0\" class=\"so-panel widget widget_sow-image panel-first-child panel-last-child\" data-index=\"2\" ><div\n\t\t\t\n\t\t\tclass=\"so-widget-sow-image so-widget-sow-image-default-dbf295114b96-38526\"\n\t\t\t\n\t\t>\n<div class=\"sow-image-container\">\n\t\t<img \n\tsrc=\"https:\/\/www.bgcmd.org\/wp-content\/uploads\/2024\/08\/Page-Header-Grow-Here-v2.png\" width=\"2000\" height=\"667\" srcset=\"https:\/\/www.bgcmd.org\/wp-content\/uploads\/2024\/08\/Page-Header-Grow-Here-v2.png 2000w, https:\/\/www.bgcmd.org\/wp-content\/uploads\/2024\/08\/Page-Header-Grow-Here-v2-300x100.png 300w, https:\/\/www.bgcmd.org\/wp-content\/uploads\/2024\/08\/Page-Header-Grow-Here-v2-1024x342.png 1024w, https:\/\/www.bgcmd.org\/wp-content\/uploads\/2024\/08\/Page-Header-Grow-Here-v2-768x256.png 768w, https:\/\/www.bgcmd.org\/wp-content\/uploads\/2024\/08\/Page-Header-Grow-Here-v2-1536x512.png 1536w, https:\/\/www.bgcmd.org\/wp-content\/uploads\/2024\/08\/Page-Header-Grow-Here-v2-18x6.png 18w\" sizes=\"(max-width: 2000px) 100vw, 2000px\" title=\"Encabezado de p\u00e1gina \u2013 Crezca aqu\u00ed v2\" alt=\"\" \t\tclass=\"so-widget-image\"\/>\n\t<\/div>\n\n<\/div><\/div><\/div><\/div><\/div><div id=\"pg-38526-2\"  class=\"panel-grid panel-no-style\" ><div id=\"pgc-38526-2-0\"  class=\"panel-grid-cell\" ><div id=\"panel-38526-2-0-0\" class=\"so-panel widget widget_sow-editor panel-first-child panel-last-child\" data-index=\"3\" ><div\n\t\t\t\n\t\t\tclass=\"so-widget-sow-editor so-widget-sow-editor-base\"\n\t\t\t\n\t\t>\n<div class=\"siteorigin-widget-tinymce textwidget\">\n\t<h3 style=\"text-align: center;\"><span class=\"TextRun SCXW125666289 BCX0\" lang=\"EN-US\" xml:lang=\"EN-US\" data-contrast=\"none\"><span class=\"NormalTextRun SCXW125666289 BCX0\">\u00a1El potencial de cada ni\u00f1o echa ra\u00edces y florece en Boys &amp; Girls Clubs de Metro Denver!<\/span><\/span><\/h3>\n<\/div>\n<\/div><\/div><\/div><\/div><div id=\"pg-38526-3\"  class=\"panel-grid panel-no-style\" ><div id=\"pgc-38526-3-0\"  class=\"panel-grid-cell panel-grid-cell-empty\" ><\/div><div id=\"pgc-38526-3-1\"  class=\"panel-grid-cell panel-grid-cell-mobile-last\" ><div id=\"panel-38526-3-1-0\" class=\"so-panel widget widget_media_video panel-first-child panel-last-child\" data-index=\"4\" ><div style=\"width:100%;\" class=\"wp-video\"><video class=\"wp-video-shortcode\" id=\"video-38526-1\" preload=\"metadata\" controls=\"controls\"><source type=\"video\/youtube\" src=\"https:\/\/youtu.be\/WKG3R47w1l4?si=Ezhm-KxtgvUr79uZ&#038;_=1\" \/><a href=\"https:\/\/youtu.be\/WKG3R47w1l4?si=Ezhm-KxtgvUr79uZ\">https:\/\/youtu.be\/WKG3R47w1l4?si=Ezhm-KxtgvUr79uZ<\/a><\/video><\/div><\/div><\/div><div id=\"pgc-38526-3-2\"  class=\"panel-grid-cell panel-grid-cell-empty\" ><\/div><\/div><div id=\"pg-38526-4\"  class=\"panel-grid panel-has-style\" ><div class=\"panel-row-style panel-row-style-for-38526-4\" ><div id=\"pgc-38526-4-0\"  class=\"panel-grid-cell\" ><div id=\"panel-38526-4-0-0\" class=\"so-panel widget widget_sow-image panel-first-child\" data-index=\"5\" ><div class=\"panel-widget-style panel-widget-style-for-38526-4-0-0\" ><div\n\t\t\t\n\t\t\tclass=\"so-widget-sow-image so-widget-sow-image-default-c67d20f9f743-38526\"\n\t\t\t\n\t\t>\n<div class=\"sow-image-container\">\n\t\t\t<a href=\"https:\/\/www.bgcmd.org\/es\/grow-here\/clubs\/\"\n\t\t\t\t\t>\n\t\t\t<img \n\tsrc=\"https:\/\/www.bgcmd.org\/wp-content\/uploads\/2024\/07\/Bright-Futures-Grow-Here.jpg\" width=\"2160\" height=\"1080\" srcset=\"https:\/\/www.bgcmd.org\/wp-content\/uploads\/2024\/07\/Bright-Futures-Grow-Here.jpg 2160w, https:\/\/www.bgcmd.org\/wp-content\/uploads\/2024\/07\/Bright-Futures-Grow-Here-300x150.jpg 300w, https:\/\/www.bgcmd.org\/wp-content\/uploads\/2024\/07\/Bright-Futures-Grow-Here-1024x512.jpg 1024w, https:\/\/www.bgcmd.org\/wp-content\/uploads\/2024\/07\/Bright-Futures-Grow-Here-768x384.jpg 768w, https:\/\/www.bgcmd.org\/wp-content\/uploads\/2024\/07\/Bright-Futures-Grow-Here-1536x768.jpg 1536w, https:\/\/www.bgcmd.org\/wp-content\/uploads\/2024\/07\/Bright-Futures-Grow-Here-2048x1024.jpg 2048w, https:\/\/www.bgcmd.org\/wp-content\/uploads\/2024\/07\/Bright-Futures-Grow-Here-18x9.jpg 18w\" sizes=\"(max-width: 2160px) 100vw, 2160px\" title=\"Aqu\u00ed crecen futuros brillantes\" alt=\"\" \t\tclass=\"so-widget-image\"\/>\n\t\t\t<\/a><\/div>\n\n<\/div><\/div><\/div><div id=\"panel-38526-4-0-1\" class=\"so-panel widget widget_sow-headline\" data-index=\"6\" ><div class=\"features panel-widget-style panel-widget-style-for-38526-4-0-1\" ><div\n\t\t\t\n\t\t\tclass=\"so-widget-sow-headline so-widget-sow-headline-default-e68d9a79207d-38526\"\n\t\t\t\n\t\t><div class=\"sow-headline-container\">\n\t\t\t\t\t\t\t<h5 class=\"sow-headline\">\n\t\t\t\t\t\tClubs\t\t\t\t\t\t<\/h5>\n\t\t\t\t\t\t\t\t\t\t\t\t<p class=\"sow-sub-headline\">\n\t\t\t\t\t\tEn nuestros clubes, los ni\u00f1os se lanzan a la aventura, descubren nuevos intereses y ampl\u00edan sus horizontes todos los d\u00edas. Obtenga m\u00e1s informaci\u00f3n sobre c\u00f3mo sus hijos y adolescentes pueden aprender, desarrollarse y prosperar como miembros del club. \t\t\t\t\t\t<\/p>\n\t\t\t\t\t\t<\/div>\n<\/div><\/div><\/div><div id=\"panel-38526-4-0-2\" class=\"so-panel widget widget_sow-button panel-last-child\" data-index=\"7\" ><div\n\t\t\t\n\t\t\tclass=\"so-widget-sow-button so-widget-sow-button-wire-0ca2f2e3b767-38526\"\n\t\t\t\n\t\t><div class=\"ow-button-base ow-button-align-center\"\n>\n\t\t\t<a\n\t\t\t\t\thref=\"https:\/\/www.bgcmd.org\/es\/grow-here\/clubs\/\"\n\t\t\t\t\tclass=\"sowb-button ow-icon-placement-left ow-button-hover\" \t>\n\t\t<span>\n\t\t\t\n\t\t\tCrezca con nosotros\t\t<\/span>\n\t\t\t<\/a>\n\t<\/div>\n<\/div><\/div><\/div><div id=\"pgc-38526-4-1\"  class=\"panel-grid-cell\" ><div id=\"panel-38526-4-1-0\" class=\"so-panel widget widget_sow-image panel-first-child\" data-index=\"8\" ><div class=\"panel-widget-style panel-widget-style-for-38526-4-1-0\" ><div\n\t\t\t\n\t\t\tclass=\"so-widget-sow-image so-widget-sow-image-default-c67d20f9f743-38526\"\n\t\t\t\n\t\t>\n<div class=\"sow-image-container\">\n\t\t\t<a href=\"https:\/\/www.bgcmd.org\/es\/grow-here\/partnerships\/\"\n\t\t\t\t\t>\n\t\t\t<img \n\tsrc=\"https:\/\/www.bgcmd.org\/wp-content\/uploads\/2024\/07\/Communities-Grow-Here.jpg\" width=\"2160\" height=\"1080\" srcset=\"https:\/\/www.bgcmd.org\/wp-content\/uploads\/2024\/07\/Communities-Grow-Here.jpg 2160w, https:\/\/www.bgcmd.org\/wp-content\/uploads\/2024\/07\/Communities-Grow-Here-300x150.jpg 300w, https:\/\/www.bgcmd.org\/wp-content\/uploads\/2024\/07\/Communities-Grow-Here-1024x512.jpg 1024w, https:\/\/www.bgcmd.org\/wp-content\/uploads\/2024\/07\/Communities-Grow-Here-768x384.jpg 768w, https:\/\/www.bgcmd.org\/wp-content\/uploads\/2024\/07\/Communities-Grow-Here-1536x768.jpg 1536w, https:\/\/www.bgcmd.org\/wp-content\/uploads\/2024\/07\/Communities-Grow-Here-2048x1024.jpg 2048w, https:\/\/www.bgcmd.org\/wp-content\/uploads\/2024\/07\/Communities-Grow-Here-18x9.jpg 18w\" sizes=\"(max-width: 2160px) 100vw, 2160px\" title=\"Las comunidades crecen aqu\u00ed\" alt=\"\" \t\tclass=\"so-widget-image\"\/>\n\t\t\t<\/a><\/div>\n\n<\/div><\/div><\/div><div id=\"panel-38526-4-1-1\" class=\"so-panel widget widget_sow-headline\" data-index=\"9\" ><div class=\"features panel-widget-style panel-widget-style-for-38526-4-1-1\" ><div\n\t\t\t\n\t\t\tclass=\"so-widget-sow-headline so-widget-sow-headline-default-e68d9a79207d-38526\"\n\t\t\t\n\t\t><div class=\"sow-headline-container\">\n\t\t\t\t\t\t\t<h5 class=\"sow-headline\">\n\t\t\t\t\t\tFogonadura\t\t\t\t\t\t<\/h5>\n\t\t\t\t\t\t\t\t\t\t\t\t<p class=\"sow-sub-headline\">\n\t\t\t\t\t\tFomente espacios empoderadores y relaciones seguras para que los ni\u00f1os del \u00e1rea metropolitana de Denver prosperen. Aprenda a conectarse con una comunidad de seguidores.\t\t\t\t\t\t<\/p>\n\t\t\t\t\t\t<\/div>\n<\/div><\/div><\/div><div id=\"panel-38526-4-1-2\" class=\"so-panel widget widget_sow-button panel-last-child\" data-index=\"10\" ><div\n\t\t\t\n\t\t\tclass=\"so-widget-sow-button so-widget-sow-button-wire-21ca5230f0e8-38526\"\n\t\t\t\n\t\t><div class=\"ow-button-base ow-button-align-center\"\n>\n\t\t\t<a\n\t\t\t\t\thref=\"https:\/\/www.bgcmd.org\/es\/grow-here\/partnerships\/\"\n\t\t\t\t\tclass=\"sowb-button ow-icon-placement-left ow-button-hover\" \t>\n\t\t<span>\n\t\t\t\n\t\t\tCrezca con nosotros\t\t<\/span>\n\t\t\t<\/a>\n\t<\/div>\n<\/div><\/div><\/div><div id=\"pgc-38526-4-2\"  class=\"panel-grid-cell\" ><div id=\"panel-38526-4-2-0\" class=\"so-panel widget widget_sow-image panel-first-child\" data-index=\"11\" ><div class=\"panel-widget-style panel-widget-style-for-38526-4-2-0\" ><div\n\t\t\t\n\t\t\tclass=\"so-widget-sow-image so-widget-sow-image-default-c67d20f9f743-38526\"\n\t\t\t\n\t\t>\n<div class=\"sow-image-container\">\n\t\t\t<a href=\"https:\/\/www.bgcmd.org\/es\/about\/careers\/\"\n\t\t\t\t\t>\n\t\t\t<img \n\tsrc=\"https:\/\/www.bgcmd.org\/wp-content\/uploads\/2024\/07\/Careers-Grow-Here.jpg\" width=\"2160\" height=\"1080\" srcset=\"https:\/\/www.bgcmd.org\/wp-content\/uploads\/2024\/07\/Careers-Grow-Here.jpg 2160w, https:\/\/www.bgcmd.org\/wp-content\/uploads\/2024\/07\/Careers-Grow-Here-300x150.jpg 300w, https:\/\/www.bgcmd.org\/wp-content\/uploads\/2024\/07\/Careers-Grow-Here-1024x512.jpg 1024w, https:\/\/www.bgcmd.org\/wp-content\/uploads\/2024\/07\/Careers-Grow-Here-768x384.jpg 768w, https:\/\/www.bgcmd.org\/wp-content\/uploads\/2024\/07\/Careers-Grow-Here-1536x768.jpg 1536w, https:\/\/www.bgcmd.org\/wp-content\/uploads\/2024\/07\/Careers-Grow-Here-2048x1024.jpg 2048w, https:\/\/www.bgcmd.org\/wp-content\/uploads\/2024\/07\/Careers-Grow-Here-18x9.jpg 18w\" sizes=\"(max-width: 2160px) 100vw, 2160px\" title=\"Las carreras crecen aqu\u00ed\" alt=\"\" \t\tclass=\"so-widget-image\"\/>\n\t\t\t<\/a><\/div>\n\n<\/div><\/div><\/div><div id=\"panel-38526-4-2-1\" class=\"so-panel widget widget_sow-headline\" data-index=\"12\" ><div class=\"features panel-widget-style panel-widget-style-for-38526-4-2-1\" ><div\n\t\t\t\n\t\t\tclass=\"so-widget-sow-headline so-widget-sow-headline-default-e68d9a79207d-38526\"\n\t\t\t\n\t\t><div class=\"sow-headline-container\">\n\t\t\t\t\t\t\t<h5 class=\"sow-headline\">\n\t\t\t\t\t\tCarreras\t\t\t\t\t\t<\/h5>\n\t\t\t\t\t\t\t\t\t\t\t\t<p class=\"sow-sub-headline\">\n\t\t\t\t\t\tDesarrolla una carrera que invierta en tu futuro y en tu comunidad. Obt\u00e9n m\u00e1s informaci\u00f3n sobre nuestros puestos vacantes, beneficios e impacto en la comunidad.\t\t\t\t\t\t<\/p>\n\t\t\t\t\t\t<\/div>\n<\/div><\/div><\/div><div id=\"panel-38526-4-2-2\" class=\"so-panel widget widget_sow-button panel-last-child\" data-index=\"13\" ><div\n\t\t\t\n\t\t\tclass=\"so-widget-sow-button so-widget-sow-button-wire-7e26e4d26e9a-38526\"\n\t\t\t\n\t\t><div class=\"ow-button-base ow-button-align-center\"\n>\n\t\t\t<a\n\t\t\t\t\thref=\"https:\/\/www.bgcmd.org\/es\/about\/careers\/\"\n\t\t\t\t\tclass=\"sowb-button ow-icon-placement-left ow-button-hover\" \t>\n\t\t<span>\n\t\t\t\n\t\t\tCrezca con nosotros\t\t<\/span>\n\t\t\t<\/a>\n\t<\/div>\n<\/div><\/div><\/div><\/div><\/div><\/div>","protected":false},"excerpt":{"rendered":"<p>Grow Here Every kid&#8217;s potential takes root and flourishes at Boys &amp; Girls Clubs of Metro Denver! https:\/\/youtu.be\/WKG3R47w1l4?si=Ezhm-KxtgvUr79uZ Clubs At our Clubs, kids dive into adventures, discover new interests, and stretch their horizons every day. Learn more about how your kids and teens can learn, develop, and thrive as a Club member. Grow With Us [&hellip;]<\/p>\n","protected":false},"author":22,"featured_media":0,"parent":0,"menu_order":0,"comment_status":"closed","ping_status":"closed","template":"","meta":{"inline_featured_image":false,"site-sidebar-layout":"default","site-content-layout":"default","ast-site-content-layout":"default","site-content-style":"default","site-sidebar-style":"default","ast-global-header-display":"","ast-banner-title-visibility":"","ast-main-header-display":"","ast-hfb-above-header-display":"","ast-hfb-below-header-display":"","ast-hfb-mobile-header-display":"","site-post-title":"disabled","ast-breadcrumbs-content":"disabled","ast-featured-img":"","footer-sml-layout":"","ast-disable-related-posts":"","theme-transparent-header-meta":"default","adv-header-id-meta":"","stick-header-meta":"","header-above-stick-meta":"","header-main-stick-meta":"","header-below-stick-meta":"","astra-migrate-meta-layouts":"set","ast-page-background-enabled":"default","ast-page-background-meta":{"desktop":{"background-color":"var(--ast-global-color-4)","background-image":"","background-repeat":"repeat","background-position":"center center","background-size":"auto","background-attachment":"scroll","background-type":"","background-media":"","overlay-type":"","overlay-color":"","overlay-opacity":"","overlay-gradient":""},"tablet":{"background-color":"","background-image":"","background-repeat":"repeat","background-position":"center center","background-size":"auto","background-attachment":"scroll","background-type":"","background-media":"","overlay-type":"","overlay-color":"","overlay-opacity":"","overlay-gradient":""},"mobile":{"background-color":"","background-image":"","background-repeat":"repeat","background-position":"center center","background-size":"auto","background-attachment":"scroll","background-type":"","background-media":"","overlay-type":"","overlay-color":"","overlay-opacity":"","overlay-gradient":""}},"ast-content-background-meta":{"desktop":{"background-color":"var(--ast-global-color-5)","background-image":"","background-repeat":"repeat","background-position":"center center","background-size":"auto","background-attachment":"scroll","background-type":"","background-media":"","overlay-type":"","overlay-color":"","overlay-opacity":"","overlay-gradient":""},"tablet":{"background-color":"var(--ast-global-color-5)","background-image":"","background-repeat":"repeat","background-position":"center center","background-size":"auto","background-attachment":"scroll","background-type":"","background-media":"","overlay-type":"","overlay-color":"","overlay-opacity":"","overlay-gradient":""},"mobile":{"background-color":"var(--ast-global-color-5)","background-image":"","background-repeat":"repeat","background-position":"center center","background-size":"auto","background-attachment":"scroll","background-type":"","background-media":"","overlay-type":"","overlay-color":"","overlay-opacity":"","overlay-gradient":""}},"footnotes":"","_links_to":"","_links_to_target":""},"class_list":["post-38526","page","type-page","status-publish","hentry"],"_links":{"self":[{"href":"https:\/\/www.bgcmd.org\/es\/wp-json\/wp\/v2\/pages\/38526","targetHints":{"allow":["GET"]}}],"collection":[{"href":"https:\/\/www.bgcmd.org\/es\/wp-json\/wp\/v2\/pages"}],"about":[{"href":"https:\/\/www.bgcmd.org\/es\/wp-json\/wp\/v2\/types\/page"}],"author":[{"embeddable":true,"href":"https:\/\/www.bgcmd.org\/es\/wp-json\/wp\/v2\/users\/22"}],"replies":[{"embeddable":true,"href":"https:\/\/www.bgcmd.org\/es\/wp-json\/wp\/v2\/comments?post=38526"}],"version-history":[{"count":34,"href":"https:\/\/www.bgcmd.org\/es\/wp-json\/wp\/v2\/pages\/38526\/revisions"}],"predecessor-version":[{"id":38784,"href":"https:\/\/www.bgcmd.org\/es\/wp-json\/wp\/v2\/pages\/38526\/revisions\/38784"}],"wp:attachment":[{"href":"https:\/\/www.bgcmd.org\/es\/wp-json\/wp\/v2\/media?parent=38526"}],"curies":[{"name":"wp","href":"https:\/\/api.w.org\/{rel}","templated":true}]}}