{"id":36000,"date":"2023-10-02T16:19:49","date_gmt":"2023-10-02T22:19:49","guid":{"rendered":"https:\/\/www.bgcmd.org\/?page_id=36000"},"modified":"2023-11-06T15:51:28","modified_gmt":"2023-11-06T22:51:28","slug":"daf","status":"publish","type":"page","link":"https:\/\/www.bgcmd.org\/es\/donate\/daf\/","title":{"rendered":"Fondo asesorado por donantes"},"content":{"rendered":"<div id=\"pl-36000\"  class=\"panel-layout\" ><div id=\"pg-36000-0\"  class=\"panel-grid panel-has-style\" ><div class=\"siteorigin-panels-stretch panel-row-style panel-row-style-for-36000-0\" data-stretch-type=\"full-stretched\" ><div id=\"pgc-36000-0-0\"  class=\"panel-grid-cell\" ><div id=\"panel-36000-0-0-0\" class=\"so-panel widget widget_sow-image panel-first-child panel-last-child\" data-index=\"0\" ><div\n\t\t\t\n\t\t\tclass=\"so-widget-sow-image so-widget-sow-image-default-dbf295114b96-36000\"\n\t\t\t\n\t\t>\n<div class=\"sow-image-container\">\n\t\t<img \n\tsrc=\"https:\/\/www.bgcmd.org\/wp-content\/uploads\/2023\/10\/Donor-Advised-Fund.png\" width=\"2000\" height=\"667\" srcset=\"https:\/\/www.bgcmd.org\/wp-content\/uploads\/2023\/10\/Donor-Advised-Fund.png 2000w, https:\/\/www.bgcmd.org\/wp-content\/uploads\/2023\/10\/Donor-Advised-Fund-300x100.png 300w, https:\/\/www.bgcmd.org\/wp-content\/uploads\/2023\/10\/Donor-Advised-Fund-1024x342.png 1024w, https:\/\/www.bgcmd.org\/wp-content\/uploads\/2023\/10\/Donor-Advised-Fund-768x256.png 768w, https:\/\/www.bgcmd.org\/wp-content\/uploads\/2023\/10\/Donor-Advised-Fund-1536x512.png 1536w, https:\/\/www.bgcmd.org\/wp-content\/uploads\/2023\/10\/Donor-Advised-Fund-18x6.png 18w\" sizes=\"(max-width: 2000px) 100vw, 2000px\" title=\"Fondo asesorado por donantes\" alt=\"Donate | Boys &amp; Girls Clubs of Metro Denver\" \t\tclass=\"so-widget-image\"\/>\n\t<\/div>\n\n<\/div><\/div><\/div><\/div><\/div><div id=\"pg-36000-1\"  class=\"panel-grid panel-has-style\" ><div class=\"landingpage-hero siteorigin-panels-stretch panel-row-style panel-row-style-for-36000-1\" data-stretch-type=\"full-stretched\" ><div id=\"pgc-36000-1-0\"  class=\"panel-grid-cell\" ><div class=\"panel-cell-style panel-cell-style-for-36000-1-0\" ><div id=\"panel-36000-1-0-0\" class=\"so-panel widget widget_sow-headline panel-first-child panel-last-child\" data-index=\"1\" ><div\n\t\t\t\n\t\t\tclass=\"so-widget-sow-headline so-widget-sow-headline-default-700840d0284d-36000\"\n\t\t\t\n\t\t><div class=\"sow-headline-container\">\n\t\t\t\t\t\t\t<h1 class=\"sow-headline\">\n\t\t\t\t\t\tFondo asesorado por donantes\t\t\t\t\t\t<\/h1>\n\t\t\t\t\t\t<\/div>\n<\/div><\/div><\/div><\/div><div id=\"pgc-36000-1-1\"  class=\"panel-grid-cell\" ><div id=\"panel-36000-1-1-0\" class=\"so-panel widget widget_sow-image panel-first-child panel-last-child\" data-index=\"2\" ><div\n\t\t\t\n\t\t\tclass=\"so-widget-sow-image so-widget-sow-image-default-dbf295114b96-36000\"\n\t\t\t\n\t\t>\n<div class=\"sow-image-container\">\n\t\t<img \n\tsrc=\"https:\/\/www.bgcmd.org\/wp-content\/uploads\/2023\/10\/Donor-Advised-Fund.png\" width=\"2000\" height=\"667\" srcset=\"https:\/\/www.bgcmd.org\/wp-content\/uploads\/2023\/10\/Donor-Advised-Fund.png 2000w, https:\/\/www.bgcmd.org\/wp-content\/uploads\/2023\/10\/Donor-Advised-Fund-300x100.png 300w, https:\/\/www.bgcmd.org\/wp-content\/uploads\/2023\/10\/Donor-Advised-Fund-1024x342.png 1024w, https:\/\/www.bgcmd.org\/wp-content\/uploads\/2023\/10\/Donor-Advised-Fund-768x256.png 768w, https:\/\/www.bgcmd.org\/wp-content\/uploads\/2023\/10\/Donor-Advised-Fund-1536x512.png 1536w, https:\/\/www.bgcmd.org\/wp-content\/uploads\/2023\/10\/Donor-Advised-Fund-18x6.png 18w\" sizes=\"(max-width: 2000px) 100vw, 2000px\" title=\"Fondo asesorado por donantes\" alt=\"Donate | Boys &amp; Girls Clubs of Metro Denver\" \t\tclass=\"so-widget-image\"\/>\n\t<\/div>\n\n<\/div><\/div><\/div><\/div><\/div><div id=\"pg-36000-2\"  class=\"panel-grid panel-no-style\" ><div id=\"pgc-36000-2-0\"  class=\"panel-grid-cell\" ><div id=\"panel-36000-2-0-0\" class=\"so-panel widget widget_sow-headline panel-first-child panel-last-child\" data-index=\"3\" ><div\n\t\t\t\n\t\t\tclass=\"so-widget-sow-headline so-widget-sow-headline-default-7f4fd5583d10-36000\"\n\t\t\t\n\t\t><div class=\"sow-headline-container\">\n\t\t\t\t\t\t\t<h2 class=\"sow-headline\">\n\t\t\t\t\t\tDone a trav\u00e9s de su fondo asesorado por donantes\t\t\t\t\t\t<\/h2>\n\t\t\t\t\t\t<\/div>\n<\/div><\/div><\/div><\/div><div id=\"pg-36000-3\"  class=\"panel-grid panel-no-style\" ><div id=\"pgc-36000-3-0\"  class=\"panel-grid-cell\" ><div id=\"panel-36000-3-0-0\" class=\"so-panel widget widget_sow-editor panel-first-child panel-last-child\" data-index=\"4\" ><div\n\t\t\t\n\t\t\tclass=\"so-widget-sow-editor so-widget-sow-editor-base\"\n\t\t\t\n\t\t>\n<div class=\"siteorigin-widget-tinymce textwidget\">\n\t<h5><strong>Si tiene un fondo asesorado por donantes, puede marcar una gran diferencia para los ni\u00f1os de todo el \u00e1rea metropolitana de Denver.<\/strong><\/h5>\n<\/div>\n<\/div><\/div><\/div><\/div><div id=\"pg-36000-4\"  class=\"panel-grid panel-no-style\" ><div id=\"pgc-36000-4-0\"  class=\"panel-grid-cell\" ><div class=\"panel-cell-style panel-cell-style-for-36000-4-0\" ><div id=\"panel-36000-4-0-0\" class=\"so-panel widget widget_sow-editor panel-first-child\" data-index=\"5\" ><div class=\"panel-widget-style panel-widget-style-for-36000-4-0-0\" ><div\n\t\t\t\n\t\t\tclass=\"so-widget-sow-editor so-widget-sow-editor-base\"\n\t\t\t\n\t\t>\n<div class=\"siteorigin-widget-tinymce textwidget\">\n\t<p>Un fondo asesorado por donantes, o DAF, es un veh\u00edculo caritativo personal que los donantes pueden establecer en una organizaci\u00f3n ben\u00e9fica p\u00fablica que patrocina un programa DAF, como una fundaci\u00f3n comunitaria o una instituci\u00f3n financiera. Un DAF permite a los donantes hacer una contribuci\u00f3n caritativa, recibir una deducci\u00f3n inmediata del impuesto sobre la renta y recomendar subvenciones del fondo a lo largo del tiempo a organizaciones sin fines de lucro calificadas de su elecci\u00f3n, como Boys &amp; Girls Clubs of Metro Denver. La mayor\u00eda de las organizaciones patrocinadoras de DAF aceptan equivalentes de efectivo, valores y otros activos determinados.<\/p>\n<\/div>\n<\/div><\/div><\/div><div id=\"panel-36000-4-0-1\" class=\"so-panel widget widget_sow-editor\" data-index=\"6\" ><div\n\t\t\t\n\t\t\tclass=\"so-widget-sow-editor so-widget-sow-editor-base\"\n\t\t\t\n\t\t>\n<div class=\"siteorigin-widget-tinymce textwidget\">\n\t<p>Actualmente, los donantes pueden recomendar subvenciones para Boys &amp; Girls Clubs of Metro Denver de Fidelity\u00ae Charitable, Schwab\u00ae Charitable y BNY Mellon a trav\u00e9s del enlace. Es posible que se agreguen m\u00e1s patrocinadores del programa DAF en el futuro, as\u00ed que vuelva a consultar si su fondo no figura actualmente en la lista.<\/p>\n<\/div>\n<\/div><\/div><div id=\"panel-36000-4-0-2\" class=\"so-panel widget widget_sow-editor panel-last-child\" data-index=\"7\" ><div\n\t\t\t\n\t\t\tclass=\"so-widget-sow-editor so-widget-sow-editor-base\"\n\t\t\t\n\t\t>\n<div class=\"siteorigin-widget-tinymce textwidget\">\n\t<p>Llame al 303-892-9200 o env\u00ede un correo electr\u00f3nico <a href=\"mailto:donate@bgcmd.org\">donate@bgcmd.org<\/a> si tiene preguntas sobre c\u00f3mo donar a Boys &amp; Girls Clubs of Metro Denver a trav\u00e9s de su fondo asesorado por donantes. Su asesor financiero puede ayudarle a aprender c\u00f3mo configurar un fondo asesorado por donantes.<\/p>\n<\/div>\n<\/div><\/div><\/div><\/div><div id=\"pgc-36000-4-1\"  class=\"panel-grid-cell\" ><div class=\"dual-border-blue panel-cell-style panel-cell-style-for-36000-4-1\" ><div id=\"panel-36000-4-1-0\" class=\"so-panel widget widget_sow-headline panel-first-child\" data-index=\"8\" ><div class=\"panel-widget-style panel-widget-style-for-36000-4-1-0\" ><div\n\t\t\t\n\t\t\tclass=\"so-widget-sow-headline so-widget-sow-headline-default-fac4630dfe05-36000\"\n\t\t\t\n\t\t><div class=\"sow-headline-container\">\n\t\t\t\t\t\t\t<h3 class=\"sow-headline\">\n\t\t\t\t\t\tDone ahora\t\t\t\t\t\t<\/h3>\n\t\t\t\t\t\t<\/div>\n<\/div><\/div><\/div><div id=\"panel-36000-4-1-1\" class=\"widget_text so-panel widget widget_custom_html panel-last-child\" data-index=\"9\" ><div class=\"textwidget custom-html-widget\"><div style=\"float: center: max-width: 250px; padding: 20px;width: 80%; margin: 20px; align: center;\">\n<script type=\"text\/javascript\">\n_dafdirect_settings=\"840510404_2111_c5852579-0c3d-4f86-85cf-8ab10c806fd3\"\n<\/script><script type = \"text\/javascript\"\nsrc=\"https:\/\/www.dafdirect.org\/ddirect\/dafdirect4.js\">\n<\/script>\n<style type=\"text\/css\">#dafdirectdiv { border:0!important; }<\/style>\n<\/div><\/div><\/div><\/div><\/div><\/div><div id=\"pg-36000-5\"  class=\"panel-grid panel-no-style\" ><div id=\"pgc-36000-5-0\"  class=\"panel-grid-cell panel-grid-cell-empty\" ><\/div><\/div><\/div>","protected":false},"excerpt":{"rendered":"<p>Donor-Advised Fund Give Through Your Donor-Advised Fund If you have a donor-advised fund, you can make a big difference for kids across Metro Denver. A donor-advised fund, or DAF, is a personal charitable vehicle that donors can establish at a public charity that sponsors a DAF program, such as a community foundation or financial institution. [&hellip;]<\/p>\n","protected":false},"author":22,"featured_media":0,"parent":29526,"menu_order":10,"comment_status":"closed","ping_status":"closed","template":"","meta":{"inline_featured_image":false,"site-sidebar-layout":"default","site-content-layout":"default","ast-site-content-layout":"default","site-content-style":"default","site-sidebar-style":"default","ast-global-header-display":"","ast-banner-title-visibility":"","ast-main-header-display":"","ast-hfb-above-header-display":"","ast-hfb-below-header-display":"","ast-hfb-mobile-header-display":"","site-post-title":"disabled","ast-breadcrumbs-content":"disabled","ast-featured-img":"","footer-sml-layout":"","ast-disable-related-posts":"","theme-transparent-header-meta":"default","adv-header-id-meta":"","stick-header-meta":"","header-above-stick-meta":"","header-main-stick-meta":"","header-below-stick-meta":"","astra-migrate-meta-layouts":"set","ast-page-background-enabled":"default","ast-page-background-meta":{"desktop":{"background-color":"var(--ast-global-color-4)","background-image":"","background-repeat":"repeat","background-position":"center center","background-size":"auto","background-attachment":"scroll","background-type":"","background-media":"","overlay-type":"","overlay-color":"","overlay-opacity":"","overlay-gradient":""},"tablet":{"background-color":"","background-image":"","background-repeat":"repeat","background-position":"center center","background-size":"auto","background-attachment":"scroll","background-type":"","background-media":"","overlay-type":"","overlay-color":"","overlay-opacity":"","overlay-gradient":""},"mobile":{"background-color":"","background-image":"","background-repeat":"repeat","background-position":"center center","background-size":"auto","background-attachment":"scroll","background-type":"","background-media":"","overlay-type":"","overlay-color":"","overlay-opacity":"","overlay-gradient":""}},"ast-content-background-meta":{"desktop":{"background-color":"var(--ast-global-color-5)","background-image":"","background-repeat":"repeat","background-position":"center center","background-size":"auto","background-attachment":"scroll","background-type":"","background-media":"","overlay-type":"","overlay-color":"","overlay-opacity":"","overlay-gradient":""},"tablet":{"background-color":"var(--ast-global-color-5)","background-image":"","background-repeat":"repeat","background-position":"center center","background-size":"auto","background-attachment":"scroll","background-type":"","background-media":"","overlay-type":"","overlay-color":"","overlay-opacity":"","overlay-gradient":""},"mobile":{"background-color":"var(--ast-global-color-5)","background-image":"","background-repeat":"repeat","background-position":"center center","background-size":"auto","background-attachment":"scroll","background-type":"","background-media":"","overlay-type":"","overlay-color":"","overlay-opacity":"","overlay-gradient":""}},"footnotes":"","_links_to":"","_links_to_target":""},"class_list":["post-36000","page","type-page","status-publish","hentry"],"_links":{"self":[{"href":"https:\/\/www.bgcmd.org\/es\/wp-json\/wp\/v2\/pages\/36000","targetHints":{"allow":["GET"]}}],"collection":[{"href":"https:\/\/www.bgcmd.org\/es\/wp-json\/wp\/v2\/pages"}],"about":[{"href":"https:\/\/www.bgcmd.org\/es\/wp-json\/wp\/v2\/types\/page"}],"author":[{"embeddable":true,"href":"https:\/\/www.bgcmd.org\/es\/wp-json\/wp\/v2\/users\/22"}],"replies":[{"embeddable":true,"href":"https:\/\/www.bgcmd.org\/es\/wp-json\/wp\/v2\/comments?post=36000"}],"version-history":[{"count":108,"href":"https:\/\/www.bgcmd.org\/es\/wp-json\/wp\/v2\/pages\/36000\/revisions"}],"predecessor-version":[{"id":36603,"href":"https:\/\/www.bgcmd.org\/es\/wp-json\/wp\/v2\/pages\/36000\/revisions\/36603"}],"up":[{"embeddable":true,"href":"https:\/\/www.bgcmd.org\/es\/wp-json\/wp\/v2\/pages\/29526"}],"wp:attachment":[{"href":"https:\/\/www.bgcmd.org\/es\/wp-json\/wp\/v2\/media?parent=36000"}],"curies":[{"name":"wp","href":"https:\/\/api.w.org\/{rel}","templated":true}]}}