{"id":35800,"date":"2023-09-21T15:31:00","date_gmt":"2023-09-21T21:31:00","guid":{"rendered":"https:\/\/www.bgcmd.org\/?page_id=35800"},"modified":"2023-10-12T12:20:27","modified_gmt":"2023-10-12T18:20:27","slug":"vickers-anniversary","status":"publish","type":"page","link":"https:\/\/www.bgcmd.org\/es\/vickers-anniversary\/","title":{"rendered":"Aniversario de Vickers"},"content":{"rendered":"<div id=\"pl-35800\"  class=\"panel-layout\" ><div id=\"pg-35800-0\"  class=\"panel-grid panel-has-style\" ><div class=\"siteorigin-panels-stretch panel-row-style panel-row-style-for-35800-0\" data-stretch-type=\"full-stretched\" ><div id=\"pgc-35800-0-0\"  class=\"panel-grid-cell\" ><div id=\"panel-35800-0-0-0\" class=\"so-panel widget widget_sow-image panel-first-child panel-last-child\" data-index=\"0\" ><div\n\t\t\t\n\t\t\tclass=\"so-widget-sow-image so-widget-sow-image-default-dbf295114b96-35800\"\n\t\t\t\n\t\t>\n<div class=\"sow-image-container\">\n\t\t<img \n\tsrc=\"https:\/\/www.bgcmd.org\/wp-content\/uploads\/2023\/09\/Vickers-anniversary.png\" width=\"2000\" height=\"667\" srcset=\"https:\/\/www.bgcmd.org\/wp-content\/uploads\/2023\/09\/Vickers-anniversary.png 2000w, https:\/\/www.bgcmd.org\/wp-content\/uploads\/2023\/09\/Vickers-anniversary-300x100.png 300w, https:\/\/www.bgcmd.org\/wp-content\/uploads\/2023\/09\/Vickers-anniversary-1024x342.png 1024w, https:\/\/www.bgcmd.org\/wp-content\/uploads\/2023\/09\/Vickers-anniversary-768x256.png 768w, https:\/\/www.bgcmd.org\/wp-content\/uploads\/2023\/09\/Vickers-anniversary-1536x512.png 1536w, https:\/\/www.bgcmd.org\/wp-content\/uploads\/2023\/09\/Vickers-anniversary-18x6.png 18w\" sizes=\"(max-width: 2000px) 100vw, 2000px\" title=\"aniversario de vickers\" alt=\"\" \t\tclass=\"so-widget-image\"\/>\n\t<\/div>\n\n<\/div><\/div><\/div><\/div><\/div><div id=\"pg-35800-1\"  class=\"panel-grid panel-has-style\" ><div class=\"landingpage-hero siteorigin-panels-stretch panel-row-style panel-row-style-for-35800-1\" data-stretch-type=\"full-stretched\" ><div id=\"pgc-35800-1-0\"  class=\"panel-grid-cell\" ><div class=\"panel-cell-style panel-cell-style-for-35800-1-0\" ><div id=\"panel-35800-1-0-0\" class=\"so-panel widget widget_sow-headline panel-first-child panel-last-child\" data-index=\"1\" ><div\n\t\t\t\n\t\t\tclass=\"so-widget-sow-headline so-widget-sow-headline-default-700840d0284d-35800\"\n\t\t\t\n\t\t><div class=\"sow-headline-container\">\n\t\t\t\t\t\t\t<h1 class=\"sow-headline\">\n\t\t\t\t\t\tCelebraci\u00f3n del d\u00e9cimo aniversario de Vickers\t\t\t\t\t\t<\/h1>\n\t\t\t\t\t\t<\/div>\n<\/div><\/div><\/div><\/div><div id=\"pgc-35800-1-1\"  class=\"panel-grid-cell\" ><div id=\"panel-35800-1-1-0\" class=\"so-panel widget widget_sow-image panel-first-child panel-last-child\" data-index=\"2\" ><div\n\t\t\t\n\t\t\tclass=\"so-widget-sow-image so-widget-sow-image-default-dbf295114b96-35800\"\n\t\t\t\n\t\t>\n<div class=\"sow-image-container\">\n\t\t<img \n\tsrc=\"https:\/\/www.bgcmd.org\/wp-content\/uploads\/2023\/09\/Vickers-anniversary.png\" width=\"2000\" height=\"667\" srcset=\"https:\/\/www.bgcmd.org\/wp-content\/uploads\/2023\/09\/Vickers-anniversary.png 2000w, https:\/\/www.bgcmd.org\/wp-content\/uploads\/2023\/09\/Vickers-anniversary-300x100.png 300w, https:\/\/www.bgcmd.org\/wp-content\/uploads\/2023\/09\/Vickers-anniversary-1024x342.png 1024w, https:\/\/www.bgcmd.org\/wp-content\/uploads\/2023\/09\/Vickers-anniversary-768x256.png 768w, https:\/\/www.bgcmd.org\/wp-content\/uploads\/2023\/09\/Vickers-anniversary-1536x512.png 1536w, https:\/\/www.bgcmd.org\/wp-content\/uploads\/2023\/09\/Vickers-anniversary-18x6.png 18w\" sizes=\"(max-width: 2000px) 100vw, 2000px\" title=\"aniversario de vickers\" alt=\"\" \t\tclass=\"so-widget-image\"\/>\n\t<\/div>\n\n<\/div><\/div><\/div><\/div><\/div><div id=\"pg-35800-2\"  class=\"panel-grid panel-no-style\" ><div id=\"pgc-35800-2-0\"  class=\"panel-grid-cell\" ><div id=\"panel-35800-2-0-0\" class=\"so-panel widget widget_siteorigin-panels-builder panel-first-child panel-last-child\" data-index=\"3\" ><div class=\"panel-widget-style panel-widget-style-for-35800-2-0-0\" ><div id=\"pl-w652838eba05e2\"  class=\"panel-layout\" ><div id=\"pg-w652838eba05e2-0\"  class=\"panel-grid panel-no-style\" ><div id=\"pgc-w652838eba05e2-0-0\"  class=\"panel-grid-cell\" ><div class=\"panel-cell-style panel-cell-style-for-w652838eba05e2-0-0\" ><div id=\"panel-w652838eba05e2-0-0-0\" class=\"so-panel widget widget_sow-editor panel-first-child\" data-index=\"0\" ><div\n\t\t\t\n\t\t\tclass=\"so-widget-sow-editor so-widget-sow-editor-base\"\n\t\t\t\n\t\t>\n<div class=\"siteorigin-widget-tinymce textwidget\">\n\t<h1 class=\"cvGsUA direction-ltr align-start para-style-body\">\u00a1Celebrando 10 A\u00f1os!<\/h1>\n<h5 class=\"cvGsUA direction-ltr align-start para-style-body\"><span class=\"OYPEnA text-decoration-none text-strikethrough-none\">CLUB DE NI\u00d1OS Y NI\u00d1AS JACK A. VICKERS <\/span><span class=\"OYPEnA text-decoration-none text-strikethrough-none\">EN EL CENTRO NANCY P. ANSCHUTZ<\/span><\/h5>\n<\/div>\n<\/div><\/div><div id=\"panel-w652838eba05e2-0-0-1\" class=\"so-panel widget widget_sow-editor\" data-index=\"1\" ><div\n\t\t\t\n\t\t\tclass=\"so-widget-sow-editor so-widget-sow-editor-base\"\n\t\t\t\n\t\t>\n<div class=\"siteorigin-widget-tinymce textwidget\">\n\t<p><span class=\"OYPEnA text-decoration-none text-strikethrough-none\">\u00a1\u00danase a nosotros para una velada en honor a la historia de Jack A. Vickers Boys &amp; Girls Club! Celebraremos el \u00e9xito de Boys &amp; Girls Clubs de Metro Denver en el vecindario de Park Hill durante los \u00faltimos 10 a\u00f1os con socios comunitarios, alimentos y bebidas, y actividades familiares divertidas.<\/span><\/p>\n<\/div>\n<\/div><\/div><div id=\"panel-w652838eba05e2-0-0-2\" class=\"so-panel widget widget_sow-editor panel-last-child\" data-index=\"2\" ><div\n\t\t\t\n\t\t\tclass=\"so-widget-sow-editor so-widget-sow-editor-base\"\n\t\t\t\n\t\t>\n<div class=\"siteorigin-widget-tinymce textwidget\">\n\t<h6>El evento se llevar\u00e1 a cabo el 27 de octubre a las 4 p. m. y las palabras de apertura comenzar\u00e1n a las 4:30 p. m.<\/h6>\n<\/div>\n<\/div><\/div><\/div><\/div><\/div><div id=\"pg-w652838eba05e2-1\"  class=\"panel-grid panel-no-style\" ><div id=\"pgc-w652838eba05e2-1-0\"  class=\"panel-grid-cell\" ><div id=\"panel-w652838eba05e2-1-0-0\" class=\"so-panel widget widget_siteorigin-panels-builder panel-first-child panel-last-child\" data-index=\"3\" ><div id=\"pl-w651b0ebb0dafe\"  class=\"panel-layout\" ><div id=\"pg-w651b0ebb0dafe-0\"  class=\"panel-grid panel-no-style\" ><div id=\"pgc-w651b0ebb0dafe-0-0\"  class=\"panel-grid-cell\" ><div id=\"panel-w651b0ebb0dafe-0-0-0\" class=\"so-panel widget widget_sow-image panel-first-child panel-last-child\" data-index=\"0\" ><div\n\t\t\t\n\t\t\tclass=\"so-widget-sow-image so-widget-sow-image-default-8b5b6f678277\"\n\t\t\t\n\t\t>\n<div class=\"sow-image-container\">\n\t\t<img \n\tsrc=\"https:\/\/www.bgcmd.org\/wp-content\/uploads\/2022\/02\/Kids_in_COH_13-e1668799271511.png\" width=\"2160\" height=\"2160\" srcset=\"https:\/\/www.bgcmd.org\/wp-content\/uploads\/2022\/02\/Kids_in_COH_13-e1668799271511.png 2160w, https:\/\/www.bgcmd.org\/wp-content\/uploads\/2022\/02\/Kids_in_COH_13-e1668799271511-300x300.png 300w, https:\/\/www.bgcmd.org\/wp-content\/uploads\/2022\/02\/Kids_in_COH_13-e1668799271511-1024x1024.png 1024w, https:\/\/www.bgcmd.org\/wp-content\/uploads\/2022\/02\/Kids_in_COH_13-e1668799271511-150x150.png 150w, https:\/\/www.bgcmd.org\/wp-content\/uploads\/2022\/02\/Kids_in_COH_13-e1668799271511-768x768.png 768w, https:\/\/www.bgcmd.org\/wp-content\/uploads\/2022\/02\/Kids_in_COH_13-e1668799271511-1536x1536.png 1536w, https:\/\/www.bgcmd.org\/wp-content\/uploads\/2022\/02\/Kids_in_COH_13-e1668799271511-2048x2048.png 2048w, https:\/\/www.bgcmd.org\/wp-content\/uploads\/2022\/02\/Kids_in_COH_13-e1668799271511-12x12.png 12w\" sizes=\"(max-width: 2160px) 100vw, 2160px\" title=\"Ni\u00f1os_en_COH_13\" alt=\"\" \t\tclass=\"so-widget-image\"\/>\n\t<\/div>\n\n<\/div><\/div><\/div><div id=\"pgc-w651b0ebb0dafe-0-1\"  class=\"panel-grid-cell\" ><div id=\"panel-w651b0ebb0dafe-0-1-0\" class=\"so-panel widget widget_sow-image panel-first-child panel-last-child\" data-index=\"1\" ><div\n\t\t\t\n\t\t\tclass=\"so-widget-sow-image so-widget-sow-image-default-8b5b6f678277\"\n\t\t\t\n\t\t>\n<div class=\"sow-image-container\">\n\t\t<img \n\tsrc=\"https:\/\/www.bgcmd.org\/wp-content\/uploads\/2022\/02\/vickers-2-rotated-e1660161668485.jpg\" width=\"1512\" height=\"1512\" srcset=\"https:\/\/www.bgcmd.org\/wp-content\/uploads\/2022\/02\/vickers-2-rotated-e1660161668485.jpg 1512w, https:\/\/www.bgcmd.org\/wp-content\/uploads\/2022\/02\/vickers-2-rotated-e1660161668485-300x300.jpg 300w, https:\/\/www.bgcmd.org\/wp-content\/uploads\/2022\/02\/vickers-2-rotated-e1660161668485-1024x1024.jpg 1024w, https:\/\/www.bgcmd.org\/wp-content\/uploads\/2022\/02\/vickers-2-rotated-e1660161668485-150x150.jpg 150w, https:\/\/www.bgcmd.org\/wp-content\/uploads\/2022\/02\/vickers-2-rotated-e1660161668485-768x768.jpg 768w, https:\/\/www.bgcmd.org\/wp-content\/uploads\/2022\/02\/vickers-2-rotated-e1660161668485-12x12.jpg 12w\" sizes=\"(max-width: 1512px) 100vw, 1512px\" title=\"vickers-2\" alt=\"\" \t\tclass=\"so-widget-image\"\/>\n\t<\/div>\n\n<\/div><\/div><\/div><div id=\"pgc-w651b0ebb0dafe-0-2\"  class=\"panel-grid-cell\" ><div id=\"panel-w651b0ebb0dafe-0-2-0\" class=\"so-panel widget widget_sow-image panel-first-child panel-last-child\" data-index=\"2\" ><div\n\t\t\t\n\t\t\tclass=\"so-widget-sow-image so-widget-sow-image-default-8b5b6f678277\"\n\t\t\t\n\t\t>\n<div class=\"sow-image-container\">\n\t\t<img \n\tsrc=\"https:\/\/www.bgcmd.org\/wp-content\/uploads\/2022\/02\/Vickers-BGC-Main-1024x438-1-e1660161687639.jpeg\" width=\"437\" height=\"437\" srcset=\"https:\/\/www.bgcmd.org\/wp-content\/uploads\/2022\/02\/Vickers-BGC-Main-1024x438-1-e1660161687639.jpeg 437w, https:\/\/www.bgcmd.org\/wp-content\/uploads\/2022\/02\/Vickers-BGC-Main-1024x438-1-e1660161687639-300x300.jpeg 300w, https:\/\/www.bgcmd.org\/wp-content\/uploads\/2022\/02\/Vickers-BGC-Main-1024x438-1-e1660161687639-150x150.jpeg 150w, https:\/\/www.bgcmd.org\/wp-content\/uploads\/2022\/02\/Vickers-BGC-Main-1024x438-1-e1660161687639-12x12.jpeg 12w\" sizes=\"(max-width: 437px) 100vw, 437px\" title=\"Vickers-BGC-Principal-1024\u00d7438\" alt=\"\" \t\tclass=\"so-widget-image\"\/>\n\t<\/div>\n\n<\/div><\/div><\/div><\/div><\/div><\/div><\/div><div id=\"pgc-w652838eba05e2-1-1\"  class=\"panel-grid-cell\" ><div class=\"panel-cell-style panel-cell-style-for-w652838eba05e2-1-1\" ><div id=\"panel-w652838eba05e2-1-1-0\" class=\"so-panel widget widget_siteorigin-panels-builder panel-first-child panel-last-child\" data-index=\"4\" ><div class=\"panel-widget-style panel-widget-style-for-w652838eba05e2-1-1-0\" ><div id=\"pl-w651b0ebb0dfcc\"  class=\"panel-layout\" ><div id=\"pg-w651b0ebb0dfcc-0\"  class=\"panel-grid panel-no-style\" ><div id=\"pgc-w651b0ebb0dfcc-0-0\"  class=\"panel-grid-cell\" ><div id=\"panel-w651b0ebb0dfcc-0-0-0\" class=\"so-panel widget widget_sow-editor panel-first-child panel-last-child\" data-index=\"0\" ><div\n\t\t\t\n\t\t\tclass=\"so-widget-sow-editor so-widget-sow-editor-base\"\n\t\t\t\n\t\t>\n<div class=\"siteorigin-widget-tinymce textwidget\">\n\t<h6><span style=\"color: #ffffff;\"><strong>Detalles del evento<\/strong><\/span><\/h6>\n<\/div>\n<\/div><\/div><\/div><\/div><div id=\"pg-w651b0ebb0dfcc-1\"  class=\"panel-grid panel-no-style\" ><div id=\"pgc-w651b0ebb0dfcc-1-0\"  class=\"panel-grid-cell\" ><div id=\"panel-w651b0ebb0dfcc-1-0-0\" class=\"so-panel widget widget_sow-editor panel-first-child panel-last-child\" data-index=\"1\" ><div\n\t\t\t\n\t\t\tclass=\"so-widget-sow-editor so-widget-sow-editor-base\"\n\t\t\t\n\t\t>\n<div class=\"siteorigin-widget-tinymce textwidget\">\n\t<p><span style=\"color: #ffffff;\"><strong>Viernes 27 de octubre \u2022 4 - 6:30 pm<\/strong><\/span><\/p>\n<p><span style=\"color: #ffffff;\"><strong><span class=\"OYPEnA text-decoration-none text-strikethrough-none\">Club de ni\u00f1os y ni\u00f1as Jack A. Vickers <\/span><span class=\"OYPEnA text-decoration-none text-strikethrough-none\">en el Centro Nancy P. Anschutz<\/span><\/strong><\/span><\/p>\n<p><span style=\"color: #ffffff;\"><strong><span class=\"OYPEnA text-decoration-none text-strikethrough-none\">3333 Holly St, Denver, CO 80207<\/span><\/strong><\/span><\/p>\n<\/div>\n<\/div><\/div><\/div><\/div><\/div><\/div><\/div><\/div><\/div><\/div><\/div><\/div><\/div><\/div><\/div><div id=\"pg-35800-3\"  class=\"panel-grid panel-no-style\" ><div id=\"pgc-35800-3-0\"  class=\"panel-grid-cell\" ><div id=\"panel-35800-3-0-0\" class=\"so-panel widget widget_sow-editor panel-first-child panel-last-child\" data-index=\"4\" ><div\n\t\t\t\n\t\t\tclass=\"so-widget-sow-editor so-widget-sow-editor-base\"\n\t\t\t\n\t\t>\n<div class=\"siteorigin-widget-tinymce textwidget\">\n\t<h3>Gracias a nuestros socios comunitarios<\/h3>\n<\/div>\n<\/div><\/div><\/div><\/div><div id=\"pg-35800-4\"  class=\"panel-grid panel-no-style\" ><div id=\"pgc-35800-4-0\"  class=\"panel-grid-cell\" ><div id=\"panel-35800-4-0-0\" class=\"so-panel widget widget_sow-image panel-first-child panel-last-child\" data-index=\"5\" ><div\n\t\t\t\n\t\t\tclass=\"so-widget-sow-image so-widget-sow-image-default-8b5b6f678277-35800\"\n\t\t\t\n\t\t>\n<div class=\"sow-image-container\">\n\t\t<img \n\tsrc=\"https:\/\/www.bgcmd.org\/wp-content\/uploads\/2023\/09\/DPL_color-e1695333497123.jpg\" width=\"241\" height=\"215\" sizes=\"(max-width: 241px) 100vw, 241px\" title=\"DPL_color\" alt=\"\" \t\tclass=\"so-widget-image\"\/>\n\t<\/div>\n\n<\/div><\/div><\/div><div id=\"pgc-35800-4-1\"  class=\"panel-grid-cell\" ><div id=\"panel-35800-4-1-0\" class=\"so-panel widget widget_sow-image panel-first-child panel-last-child\" data-index=\"6\" ><div\n\t\t\t\n\t\t\tclass=\"so-widget-sow-image so-widget-sow-image-default-8b5b6f678277-35800\"\n\t\t\t\n\t\t>\n<div class=\"sow-image-container\">\n\t\t<img \n\tsrc=\"https:\/\/www.bgcmd.org\/wp-content\/uploads\/2023\/09\/DPR-logo.png\" width=\"660\" height=\"192\" srcset=\"https:\/\/www.bgcmd.org\/wp-content\/uploads\/2023\/09\/DPR-logo.png 660w, https:\/\/www.bgcmd.org\/wp-content\/uploads\/2023\/09\/DPR-logo-300x87.png 300w, https:\/\/www.bgcmd.org\/wp-content\/uploads\/2023\/09\/DPR-logo-18x5.png 18w\" sizes=\"(max-width: 660px) 100vw, 660px\" title=\"Logotipo de la RPD\" alt=\"\" \t\tclass=\"so-widget-image\"\/>\n\t<\/div>\n\n<\/div><\/div><\/div><div id=\"pgc-35800-4-2\"  class=\"panel-grid-cell\" ><div id=\"panel-35800-4-2-0\" class=\"so-panel widget widget_sow-image panel-first-child panel-last-child\" data-index=\"7\" ><div\n\t\t\t\n\t\t\tclass=\"so-widget-sow-image so-widget-sow-image-default-8b5b6f678277-35800\"\n\t\t\t\n\t\t>\n<div class=\"sow-image-container\">\n\t\t<img \n\tsrc=\"https:\/\/www.bgcmd.org\/wp-content\/uploads\/2023\/09\/HCLOGO-e1695333470902.jpg\" width=\"335\" height=\"215\" sizes=\"(max-width: 335px) 100vw, 335px\" title=\"HCLOGO\" alt=\"\" \t\tclass=\"so-widget-image\"\/>\n\t<\/div>\n\n<\/div><\/div><\/div><div id=\"pgc-35800-4-3\"  class=\"panel-grid-cell\" ><div id=\"panel-35800-4-3-0\" class=\"so-panel widget widget_sow-image panel-first-child panel-last-child\" data-index=\"8\" ><div\n\t\t\t\n\t\t\tclass=\"so-widget-sow-image so-widget-sow-image-default-8b5b6f678277-35800\"\n\t\t\t\n\t\t>\n<div class=\"sow-image-container\">\n\t\t<img \n\tsrc=\"https:\/\/www.bgcmd.org\/wp-content\/uploads\/2023\/09\/CAA-Health-Logo-e1695333363634.png\" width=\"395\" height=\"192\" sizes=\"(max-width: 395px) 100vw, 395px\" title=\"Logotipo de CAA Salud\" alt=\"\" \t\tclass=\"so-widget-image\"\/>\n\t<\/div>\n\n<\/div><\/div><\/div><\/div><div id=\"pg-35800-5\"  class=\"panel-grid panel-has-style\" ><div class=\"panel-row-style panel-row-style-for-35800-5\" ><div id=\"pgc-35800-5-0\"  class=\"panel-grid-cell panel-grid-cell-empty\" ><\/div><\/div><\/div><\/div>","protected":false},"excerpt":{"rendered":"<p>Vickers 10 Year Anniversary Celebration Celebrating 10 Years! JACK A. VICKERS BOYS &amp; GIRLS CLUB AT THE NANCY P. ANSCHUTZ CENTER Join us for an evening honoring the history of Jack A. Vickers Boys &amp; Girls Club! We will celebrate the success of Boys &amp; Girls Clubs of Metro Denver in the Park Hill neighborhood [&hellip;]<\/p>\n","protected":false},"author":14,"featured_media":0,"parent":0,"menu_order":40,"comment_status":"closed","ping_status":"closed","template":"","meta":{"inline_featured_image":false,"site-sidebar-layout":"default","site-content-layout":"default","ast-site-content-layout":"default","site-content-style":"default","site-sidebar-style":"default","ast-global-header-display":"","ast-banner-title-visibility":"","ast-main-header-display":"","ast-hfb-above-header-display":"","ast-hfb-below-header-display":"","ast-hfb-mobile-header-display":"","site-post-title":"disabled","ast-breadcrumbs-content":"disabled","ast-featured-img":"","footer-sml-layout":"","ast-disable-related-posts":"","theme-transparent-header-meta":"default","adv-header-id-meta":"","stick-header-meta":"","header-above-stick-meta":"","header-main-stick-meta":"","header-below-stick-meta":"","astra-migrate-meta-layouts":"set","ast-page-background-enabled":"default","ast-page-background-meta":{"desktop":{"background-color":"var(--ast-global-color-4)","background-image":"","background-repeat":"repeat","background-position":"center center","background-size":"auto","background-attachment":"scroll","background-type":"","background-media":"","overlay-type":"","overlay-color":"","overlay-opacity":"","overlay-gradient":""},"tablet":{"background-color":"","background-image":"","background-repeat":"repeat","background-position":"center center","background-size":"auto","background-attachment":"scroll","background-type":"","background-media":"","overlay-type":"","overlay-color":"","overlay-opacity":"","overlay-gradient":""},"mobile":{"background-color":"","background-image":"","background-repeat":"repeat","background-position":"center center","background-size":"auto","background-attachment":"scroll","background-type":"","background-media":"","overlay-type":"","overlay-color":"","overlay-opacity":"","overlay-gradient":""}},"ast-content-background-meta":{"desktop":{"background-color":"var(--ast-global-color-5)","background-image":"","background-repeat":"repeat","background-position":"center center","background-size":"auto","background-attachment":"scroll","background-type":"","background-media":"","overlay-type":"","overlay-color":"","overlay-opacity":"","overlay-gradient":""},"tablet":{"background-color":"var(--ast-global-color-5)","background-image":"","background-repeat":"repeat","background-position":"center center","background-size":"auto","background-attachment":"scroll","background-type":"","background-media":"","overlay-type":"","overlay-color":"","overlay-opacity":"","overlay-gradient":""},"mobile":{"background-color":"var(--ast-global-color-5)","background-image":"","background-repeat":"repeat","background-position":"center center","background-size":"auto","background-attachment":"scroll","background-type":"","background-media":"","overlay-type":"","overlay-color":"","overlay-opacity":"","overlay-gradient":""}},"footnotes":"","_links_to":"","_links_to_target":""},"class_list":["post-35800","page","type-page","status-publish","hentry"],"_links":{"self":[{"href":"https:\/\/www.bgcmd.org\/es\/wp-json\/wp\/v2\/pages\/35800","targetHints":{"allow":["GET"]}}],"collection":[{"href":"https:\/\/www.bgcmd.org\/es\/wp-json\/wp\/v2\/pages"}],"about":[{"href":"https:\/\/www.bgcmd.org\/es\/wp-json\/wp\/v2\/types\/page"}],"author":[{"embeddable":true,"href":"https:\/\/www.bgcmd.org\/es\/wp-json\/wp\/v2\/users\/14"}],"replies":[{"embeddable":true,"href":"https:\/\/www.bgcmd.org\/es\/wp-json\/wp\/v2\/comments?post=35800"}],"version-history":[{"count":33,"href":"https:\/\/www.bgcmd.org\/es\/wp-json\/wp\/v2\/pages\/35800\/revisions"}],"predecessor-version":[{"id":36331,"href":"https:\/\/www.bgcmd.org\/es\/wp-json\/wp\/v2\/pages\/35800\/revisions\/36331"}],"wp:attachment":[{"href":"https:\/\/www.bgcmd.org\/es\/wp-json\/wp\/v2\/media?parent=35800"}],"curies":[{"name":"wp","href":"https:\/\/api.w.org\/{rel}","templated":true}]}}