{"id":34490,"date":"2023-07-14T11:25:56","date_gmt":"2023-07-14T17:25:56","guid":{"rendered":"https:\/\/www.bgcmd.org\/?page_id=34490"},"modified":"2023-07-28T13:23:05","modified_gmt":"2023-07-28T19:23:05","slug":"clubs-expansion","status":"publish","type":"page","link":"https:\/\/www.bgcmd.org\/es\/clubs-expansion\/","title":{"rendered":"Expansi\u00f3n del club: sirviendo a m\u00e1s ni\u00f1os"},"content":{"rendered":"<div id=\"pl-34490\"  class=\"panel-layout\" ><div id=\"pg-34490-0\"  class=\"panel-grid panel-has-style\" ><div class=\"siteorigin-panels-stretch panel-row-style panel-row-style-for-34490-0\" data-stretch-type=\"full-stretched\" ><div id=\"pgc-34490-0-0\"  class=\"panel-grid-cell\" ><div id=\"panel-34490-0-0-0\" class=\"so-panel widget widget_sow-image panel-first-child panel-last-child\" data-index=\"0\" ><div\n\t\t\t\n\t\t\tclass=\"so-widget-sow-image so-widget-sow-image-default-dbf295114b96-34490\"\n\t\t\t\n\t\t>\n<div class=\"sow-image-container\">\n\t\t<img \n\tsrc=\"https:\/\/www.bgcmd.org\/wp-content\/uploads\/2023\/07\/Club-Page-Header-Expansion.jpg\" width=\"2000\" height=\"667\" srcset=\"https:\/\/www.bgcmd.org\/wp-content\/uploads\/2023\/07\/Club-Page-Header-Expansion.jpg 2000w, https:\/\/www.bgcmd.org\/wp-content\/uploads\/2023\/07\/Club-Page-Header-Expansion-300x100.jpg 300w, https:\/\/www.bgcmd.org\/wp-content\/uploads\/2023\/07\/Club-Page-Header-Expansion-1024x342.jpg 1024w, https:\/\/www.bgcmd.org\/wp-content\/uploads\/2023\/07\/Club-Page-Header-Expansion-768x256.jpg 768w, https:\/\/www.bgcmd.org\/wp-content\/uploads\/2023\/07\/Club-Page-Header-Expansion-1536x512.jpg 1536w, https:\/\/www.bgcmd.org\/wp-content\/uploads\/2023\/07\/Club-Page-Header-Expansion-18x6.jpg 18w\" sizes=\"(max-width: 2000px) 100vw, 2000px\" title=\"Expansi\u00f3n del encabezado de la p\u00e1gina del club\" alt=\"Serving More Kids | Boys &amp; Girls Clubs of Metro Denver\" \t\tclass=\"so-widget-image\"\/>\n\t<\/div>\n\n<\/div><\/div><\/div><\/div><\/div><div id=\"pg-34490-1\"  class=\"panel-grid panel-has-style\" ><div class=\"landingpage-hero siteorigin-panels-stretch panel-row-style panel-row-style-for-34490-1\" data-stretch-type=\"full-stretched\" ><div id=\"pgc-34490-1-0\"  class=\"panel-grid-cell\" ><div class=\"panel-cell-style panel-cell-style-for-34490-1-0\" ><div id=\"panel-34490-1-0-0\" class=\"so-panel widget widget_sow-headline panel-first-child panel-last-child\" data-index=\"1\" ><div\n\t\t\t\n\t\t\tclass=\"so-widget-sow-headline so-widget-sow-headline-default-700840d0284d-34490\"\n\t\t\t\n\t\t><div class=\"sow-headline-container\">\n\t\t\t\t\t\t\t<h1 class=\"sow-headline\">\n\t\t\t\t\t\tSirviendo a m\u00e1s ni\u00f1os\t\t\t\t\t\t<\/h1>\n\t\t\t\t\t\t<\/div>\n<\/div><\/div><\/div><\/div><div id=\"pgc-34490-1-1\"  class=\"panel-grid-cell\" ><div id=\"panel-34490-1-1-0\" class=\"so-panel widget widget_sow-image panel-first-child panel-last-child\" data-index=\"2\" ><div\n\t\t\t\n\t\t\tclass=\"so-widget-sow-image so-widget-sow-image-default-dbf295114b96-34490\"\n\t\t\t\n\t\t>\n<div class=\"sow-image-container\">\n\t\t<img \n\tsrc=\"https:\/\/www.bgcmd.org\/wp-content\/uploads\/2023\/07\/Club-Page-Header-Expansion.jpg\" width=\"2000\" height=\"667\" srcset=\"https:\/\/www.bgcmd.org\/wp-content\/uploads\/2023\/07\/Club-Page-Header-Expansion.jpg 2000w, https:\/\/www.bgcmd.org\/wp-content\/uploads\/2023\/07\/Club-Page-Header-Expansion-300x100.jpg 300w, https:\/\/www.bgcmd.org\/wp-content\/uploads\/2023\/07\/Club-Page-Header-Expansion-1024x342.jpg 1024w, https:\/\/www.bgcmd.org\/wp-content\/uploads\/2023\/07\/Club-Page-Header-Expansion-768x256.jpg 768w, https:\/\/www.bgcmd.org\/wp-content\/uploads\/2023\/07\/Club-Page-Header-Expansion-1536x512.jpg 1536w, https:\/\/www.bgcmd.org\/wp-content\/uploads\/2023\/07\/Club-Page-Header-Expansion-18x6.jpg 18w\" sizes=\"(max-width: 2000px) 100vw, 2000px\" title=\"Expansi\u00f3n del encabezado de la p\u00e1gina del club\" alt=\"Serving More Kids | Boys &amp; Girls Clubs of Metro Denver\" \t\tclass=\"so-widget-image\"\/>\n\t<\/div>\n\n<\/div><\/div><\/div><\/div><\/div><div id=\"pg-34490-2\"  class=\"panel-grid panel-no-style\" ><div id=\"pgc-34490-2-0\"  class=\"panel-grid-cell\" ><div id=\"panel-34490-2-0-0\" class=\"so-panel widget widget_sow-editor panel-first-child panel-last-child\" data-index=\"3\" ><div\n\t\t\t\n\t\t\tclass=\"so-widget-sow-editor so-widget-sow-editor-base\"\n\t\t\t\n\t\t>\n<div class=\"siteorigin-widget-tinymce textwidget\">\n\t<h2>Sirviendo a m\u00e1s ni\u00f1os en todo el \u00e1rea metropolitana de Denver<\/h2>\n<p><span class=\"TextRun SCXW109203801 BCX0\" lang=\"EN-US\" xml:lang=\"EN-US\" data-contrast=\"none\"><span class=\"NormalTextRun SCXW109203801 BCX0\">Boys &amp; Girls Clubs of Metro Denver abre sus puertas a siete nuevos clubes, ampliando su alcance a 25 <\/span><\/span><span class=\"TextRun SCXW45626880 BCX0\" lang=\"EN-US\" xml:lang=\"EN-US\" data-contrast=\"auto\"><span class=\"NormalTextRun SCXW45626880 BCX0\">Clubes en todo el \u00e1rea metropolitana de Denver. Los clubes son lugares seguros y divertidos para que los ni\u00f1os pasen su tiempo cuando no est\u00e1n en la escuela o en casa. A trav\u00e9s de relaciones positivas y saludables, deportes, artes, STEM, acad\u00e9micos y programas de liderazgo, los ni\u00f1os obtienen acceso a las herramientas que necesitan para crecer y llevar una vida saludable. Creamos un entorno donde los ni\u00f1os visualizan su mayor potencial y convierten sus sue\u00f1os en posibilidades reales. <a class=\"PrimaryLink BaseLink\" href=\"https:\/\/www.bgcmd.org\/es\/programs\/\" target=\"_blank\" rel=\"noreferrer noopener\">Obtenga m\u00e1s informaci\u00f3n sobre los programas que se ofrecen en cada uno de nuestros Clubes. \u2192\u00a0<\/a><\/span><\/span><\/p>\n<\/div>\n<\/div><\/div><\/div><\/div><div id=\"pg-34490-3\"  class=\"panel-grid panel-no-style\" ><div id=\"pgc-34490-3-0\"  class=\"panel-grid-cell\" ><div id=\"panel-34490-3-0-0\" class=\"so-panel widget widget_sow-image panel-first-child panel-last-child\" data-index=\"4\" ><div\n\t\t\t\n\t\t\tclass=\"so-widget-sow-image so-widget-sow-image-default-8b5b6f678277-34490\"\n\t\t\t\n\t\t>\n<div class=\"sow-image-container\">\n\t\t<img \n\tsrc=\"https:\/\/www.bgcmd.org\/wp-content\/uploads\/2023\/07\/wp-icon-pink.jpg\" width=\"150\" height=\"150\" sizes=\"(max-width: 150px) 100vw, 150px\" title=\"icono de wp - rosa\" alt=\"\" \t\tclass=\"so-widget-image\"\/>\n\t<\/div>\n\n<\/div><\/div><\/div><div id=\"pgc-34490-3-1\"  class=\"panel-grid-cell\" ><div id=\"panel-34490-3-1-0\" class=\"so-panel widget widget_sow-editor panel-first-child panel-last-child\" data-index=\"5\" ><div\n\t\t\t\n\t\t\tclass=\"so-widget-sow-editor so-widget-sow-editor-base\"\n\t\t\t\n\t\t>\n<div class=\"siteorigin-widget-tinymce textwidget\">\n\t<h4><span class=\"TextRun SCXW62164392 BCX0\" lang=\"EN-US\" xml:lang=\"EN-US\" data-contrast=\"none\"><span class=\"NormalTextRun SCXW62164392 BCX0\">Escuelas Preparatorias Universitarias<\/span><\/span><\/h4>\n<p><span class=\"NormalTextRun SCXW24360598 BCX0\">Clubes de ni\u00f1os y ni\u00f1as de Metro Denver <\/span><span class=\"NormalTextRun SCXW24360598 BCX0\">se complace en anunciar una asociaci\u00f3n estrat\u00e9gica con <a href=\"https:\/\/uprepschool.org\/\" target=\"_blank\" rel=\"noopener\">Escuelas Preparatorias Universitarias<\/a> (t\u00fa<\/span><span class=\"NormalTextRun SCXW24360598 BCX0\"> Deberes<\/span><span class=\"NormalTextRun SCXW24360598 BCX0\">) para abrir dos <\/span><span class=\"NormalTextRun SCXW24360598 BCX0\">marca<\/span><span class=\"NormalTextRun SCXW24360598 BCX0\"> nuevo <\/span><span class=\"NormalTextRun SCXW24360598 BCX0\">Ni\u00f1os ni\u00f1as <\/span><span class=\"NormalTextRun SCXW24360598 BCX0\">Clubes este oto\u00f1o. <\/span><span class=\"NormalTextRun SCXW24360598 BCX0\">Los clubes estar\u00e1n ubicados en U Prep Steele Street y U Prep Arapahoe Street, ambos dentro de las Escuelas P\u00fablicas de Denver.\u00a0<\/span><a href=\"https:\/\/www.bgcmd.org\/es\/about\/news\/serving-more-kids-university-preparatory-schools\/\" target=\"_blank\" rel=\"noopener\">Sigue leyendo. \u2192<\/a><\/p>\n<\/div>\n<\/div><\/div><\/div><div id=\"pgc-34490-3-2\"  class=\"panel-grid-cell\" ><div id=\"panel-34490-3-2-0\" class=\"so-panel widget widget_sow-editor panel-first-child panel-last-child\" data-index=\"6\" ><div\n\t\t\t\n\t\t\tclass=\"so-widget-sow-editor so-widget-sow-editor-base\"\n\t\t\t\n\t\t>\n<div class=\"siteorigin-widget-tinymce textwidget\">\n\t<h6>P\u00e1gina del club<\/h6>\n<p><strong><a href=\"https:\/\/www.bgcmd.org\/es\/clubs\/u-prep-steele-street\/\" target=\"_blank\" rel=\"noopener\">Club de ni\u00f1os y ni\u00f1as U Prep Steele Street<\/a><\/strong><\/p>\n<p><strong><a href=\"https:\/\/www.bgcmd.org\/es\/clubs\/u-prep-arapahoe-street\/\" target=\"_blank\" rel=\"noopener\">Club de ni\u00f1os y ni\u00f1as de U Prep Arapahoe Street<\/a>\u00a0<\/strong><\/p>\n<\/div>\n<\/div><\/div><\/div><\/div><div id=\"pg-34490-4\"  class=\"panel-grid panel-no-style\" ><div id=\"pgc-34490-4-0\"  class=\"panel-grid-cell\" ><div id=\"panel-34490-4-0-0\" class=\"so-panel widget widget_sow-image panel-first-child panel-last-child\" data-index=\"7\" ><div\n\t\t\t\n\t\t\tclass=\"so-widget-sow-image so-widget-sow-image-default-8b5b6f678277-34490\"\n\t\t\t\n\t\t>\n<div class=\"sow-image-container\">\n\t\t<img \n\tsrc=\"https:\/\/www.bgcmd.org\/wp-content\/uploads\/2023\/07\/wp-icon-navy-150x150.jpg\" width=\"150\" height=\"150\" srcset=\"https:\/\/www.bgcmd.org\/wp-content\/uploads\/2023\/07\/wp-icon-navy-150x150.jpg 150w, https:\/\/www.bgcmd.org\/wp-content\/uploads\/2023\/07\/wp-icon-navy-12x12.jpg 12w, https:\/\/www.bgcmd.org\/wp-content\/uploads\/2023\/07\/wp-icon-navy.jpg 300w\" sizes=\"(max-width: 150px) 100vw, 150px\" title=\"icono de wp - azul marino\" alt=\"\" \t\tclass=\"so-widget-image\"\/>\n\t<\/div>\n\n<\/div><\/div><\/div><div id=\"pgc-34490-4-1\"  class=\"panel-grid-cell\" ><div id=\"panel-34490-4-1-0\" class=\"so-panel widget widget_sow-editor panel-first-child panel-last-child\" data-index=\"8\" ><div\n\t\t\t\n\t\t\tclass=\"so-widget-sow-editor so-widget-sow-editor-base\"\n\t\t\t\n\t\t>\n<div class=\"siteorigin-widget-tinymce textwidget\">\n\t<h4><span class=\"TextRun SCXW41866269 BCX0\" lang=\"EN-US\" xml:lang=\"EN-US\" data-contrast=\"none\"><span class=\"NormalTextRun SCXW41866269 BCX0\">Escuelas p\u00fablicas de Westminster<\/span><\/span><\/h4>\n<p><span class=\"NormalTextRun SCXW24360598 BCX0\"><span class=\"NormalTextRun SCXW75069343 BCX0\">Clubes de ni\u00f1os y ni\u00f1as de Metro Denver <\/span><span class=\"NormalTextRun SCXW75069343 BCX0\">se complace en anunciar un<\/span><span class=\"NormalTextRun SCXW75069343 BCX0\">norte <\/span><span class=\"NormalTextRun SCXW75069343 BCX0\">expansi\u00f3n a<\/span> <span class=\"NormalTextRun SCXW75069343 BCX0\">nuevo <\/span><span class=\"NormalTextRun SCXW75069343 BCX0\">sitios del club a trav\u00e9s de<\/span><span class=\"NormalTextRun SCXW75069343 BCX0\"> nuestro<\/span><span class=\"NormalTextRun SCXW75069343 BCX0\"> asociaci\u00f3n estrat\u00e9gica con <\/span><a href=\"https:\/\/www.westminsterpublicschools.org\/\" target=\"_blank\" rel=\"noopener\"><span class=\"NormalTextRun SCXW75069343 BCX0\">Escuelas p\u00fablicas de Westminster<\/span><\/a><span class=\"NormalTextRun SCXW75069343 BCX0\"> (<\/span><span class=\"NormalTextRun SCXW75069343 BCX0\">WPS<\/span><span class=\"NormalTextRun SCXW75069343 BCX0\">)<\/span><span class=\"NormalTextRun SCXW75069343 BCX0\">. Este oto\u00f1o<\/span><span class=\"NormalTextRun SCXW75069343 BCX0\">,<\/span><span class=\"NormalTextRun SCXW75069343 BCX0\"> Lo haremos <\/span><span class=\"NormalTextRun SCXW75069343 BCX0\">abierto<\/span><span class=\"NormalTextRun SCXW75069343 BCX0\">tres <\/span><span class=\"NormalTextRun SCXW75069343 BCX0\">marca<\/span><span class=\"NormalTextRun SCXW75069343 BCX0\"> nuevo <\/span><span class=\"NormalTextRun SCXW75069343 BCX0\">Ni\u00f1os ni\u00f1as <\/span><span class=\"NormalTextRun SCXW75069343 BCX0\">Clubs<\/span><span class=\"NormalTextRun SCXW75069343 BCX0\">,<\/span> <span class=\"NormalTextRun SCXW75069343 BCX0\">situado<\/span><span class=\"NormalTextRun SCXW75069343 BCX0\"> en <\/span><span class=\"NormalTextRun SCXW75069343 BCX0\">Cresta del atardecer <\/span><span class=\"NormalTextRun CommentStart SCXW75069343 BCX0\">Escuela<\/span><span class=\"NormalTextRun SCXW75069343 BCX0\">, Escuela Preparatoria Tennyson Knolls y Academia de Liderazgo Josephine Hodgkins<\/span><span class=\"NormalTextRun SCXW75069343 BCX0\">.<\/span> <a href=\"https:\/\/www.bgcmd.org\/es\/about\/news\/serving-more-kids-westminster-public-schools\/\">Sigue leyendo.<\/a> <a href=\"https:\/\/www.bgcmd.org\/es\/about\/news\/serving-more-kids-university-preparatory-schools\/\" target=\"_blank\" rel=\"noopener\">\u00a0\u2192<\/a>\u00a0<\/span><\/p>\n<\/div>\n<\/div><\/div><\/div><div id=\"pgc-34490-4-2\"  class=\"panel-grid-cell\" ><div id=\"panel-34490-4-2-0\" class=\"so-panel widget widget_sow-editor panel-first-child panel-last-child\" data-index=\"9\" ><div\n\t\t\t\n\t\t\tclass=\"so-widget-sow-editor so-widget-sow-editor-base\"\n\t\t\t\n\t\t>\n<div class=\"siteorigin-widget-tinymce textwidget\">\n\t<p>&nbsp;<\/p>\n<p><strong><a href=\"https:\/\/www.bgcmd.org\/es\/clubs\/sunset-ridge\/\" target=\"_blank\" rel=\"noopener\">Club de ni\u00f1os y ni\u00f1as de Sunset Ridge<\/a><\/strong><\/p>\n<p><strong><a href=\"https:\/\/www.bgcmd.org\/es\/clubs\/tennyson-knolls\/\" target=\"_blank\" rel=\"noopener\">Club de ni\u00f1os y ni\u00f1as Tennyson Knolls<\/a><\/strong><\/p>\n<p><strong><a href=\"https:\/\/www.bgcmd.org\/es\/clubs\/josephine-hodgkins\/\" target=\"_blank\" rel=\"noopener\">Club de ni\u00f1os y ni\u00f1as de Josephine Hodgkins<\/a><\/strong><\/p>\n<\/div>\n<\/div><\/div><\/div><\/div><div id=\"pg-34490-5\"  class=\"panel-grid panel-no-style\" ><div id=\"pgc-34490-5-0\"  class=\"panel-grid-cell\" ><div id=\"panel-34490-5-0-0\" class=\"so-panel widget widget_sow-image panel-first-child panel-last-child\" data-index=\"10\" ><div\n\t\t\t\n\t\t\tclass=\"so-widget-sow-image so-widget-sow-image-default-8b5b6f678277-34490\"\n\t\t\t\n\t\t>\n<div class=\"sow-image-container\">\n\t\t<img \n\tsrc=\"https:\/\/www.bgcmd.org\/wp-content\/uploads\/2023\/07\/wp-icon-green-150x150.jpg\" width=\"150\" height=\"150\" srcset=\"https:\/\/www.bgcmd.org\/wp-content\/uploads\/2023\/07\/wp-icon-green-150x150.jpg 150w, https:\/\/www.bgcmd.org\/wp-content\/uploads\/2023\/07\/wp-icon-green-12x12.jpg 12w, https:\/\/www.bgcmd.org\/wp-content\/uploads\/2023\/07\/wp-icon-green.jpg 300w\" sizes=\"(max-width: 150px) 100vw, 150px\" title=\"icono wp \u2013 verde\" alt=\"\" \t\tclass=\"so-widget-image\"\/>\n\t<\/div>\n\n<\/div><\/div><\/div><div id=\"pgc-34490-5-1\"  class=\"panel-grid-cell\" ><div id=\"panel-34490-5-1-0\" class=\"so-panel widget widget_sow-editor panel-first-child panel-last-child\" data-index=\"11\" ><div\n\t\t\t\n\t\t\tclass=\"so-widget-sow-editor so-widget-sow-editor-base\"\n\t\t\t\n\t\t>\n<div class=\"siteorigin-widget-tinymce textwidget\">\n\t<h4><span class=\"NormalTextRun SCXW52959253 BCX0\">KIPP Colorado<\/span><span class=\"NormalTextRun SCXW52959253 BCX0\"> Escuelas publicas<\/span><\/h4>\n<p><span class=\"NormalTextRun SCXW24360598 BCX0\"><span class=\"NormalTextRun SCXW20709399 BCX0\">Boys &amp; Girls Clubs de Metro Denver y <a href=\"https:\/\/kippcolorado.org\/\" target=\"_blank\" rel=\"noopener\">Escuelas P\u00fablicas KIPP Colorado<\/a> (KIPP) est\u00e1n encantados de anunciar una emocionante asociaci\u00f3n <\/span><span class=\"NormalTextRun SCXW20709399 BCX0\">que se expandir\u00e1 <\/span><span class=\"NormalTextRun SCXW20709399 BCX0\">acceso a programas extracurriculares de alta calidad para estudiantes en el \u00e1rea de Denver. A partir de este oto\u00f1o, un nuevo Boys &amp; Girls Club abrir\u00e1 sus puertas en KIPP Sunshine Peak Academy<\/span><span class=\"NormalTextRun SCXW20709399 BCX0\"> sirviendo a los estudiantes en los grados <\/span><span class=\"NormalTextRun CommentStart CommentHighlightPipeRest CommentHighlightRest SCXW20709399 BCX0\">5<\/span><span class=\"NormalTextRun CommentHighlightPipeRest SCXW20709399 BCX0\"> al 8. Esta iniciativa se basa en el \u00e9xito del club de ni\u00f1os y ni\u00f1as Green Valley Ranch existente en la escuela primaria KIPP Northeast y la escuela secundaria KIPP Northeast Denver.<\/span> <\/span><a href=\"https:\/\/www.bgcmd.org\/es\/about\/news\/serving-more-kids-kipp-colorado-public-schools\/\" target=\"_blank\" rel=\"noopener\">Sigue leyendo. \u2192<\/a><\/p>\n<\/div>\n<\/div><\/div><\/div><div id=\"pgc-34490-5-2\"  class=\"panel-grid-cell\" ><div id=\"panel-34490-5-2-0\" class=\"so-panel widget widget_sow-editor panel-first-child panel-last-child\" data-index=\"12\" ><div\n\t\t\t\n\t\t\tclass=\"so-widget-sow-editor so-widget-sow-editor-base\"\n\t\t\t\n\t\t>\n<div class=\"siteorigin-widget-tinymce textwidget\">\n\t<p>&nbsp;<\/p>\n<p><strong><a href=\"https:\/\/www.bgcmd.org\/es\/clubs\/kipp-sunshine-peak\/\" target=\"_blank\" rel=\"noopener\">Club de ni\u00f1os y ni\u00f1as KIPP Sunshine Peak<\/a><\/strong><\/p>\n<\/div>\n<\/div><\/div><\/div><\/div><div id=\"pg-34490-6\"  class=\"panel-grid panel-no-style\" ><div id=\"pgc-34490-6-0\"  class=\"panel-grid-cell\" ><div id=\"panel-34490-6-0-0\" class=\"so-panel widget widget_sow-image panel-first-child panel-last-child\" data-index=\"13\" ><div\n\t\t\t\n\t\t\tclass=\"so-widget-sow-image so-widget-sow-image-default-8b5b6f678277-34490\"\n\t\t\t\n\t\t>\n<div class=\"sow-image-container\">\n\t\t<img \n\tsrc=\"https:\/\/www.bgcmd.org\/wp-content\/uploads\/2023\/07\/wp-icon-yellow-2-150x150.jpg\" width=\"150\" height=\"150\" srcset=\"https:\/\/www.bgcmd.org\/wp-content\/uploads\/2023\/07\/wp-icon-yellow-2-150x150.jpg 150w, https:\/\/www.bgcmd.org\/wp-content\/uploads\/2023\/07\/wp-icon-yellow-2-12x12.jpg 12w, https:\/\/www.bgcmd.org\/wp-content\/uploads\/2023\/07\/wp-icon-yellow-2.jpg 300w\" sizes=\"(max-width: 150px) 100vw, 150px\" title=\"icono wp \u2013 amarillo\" alt=\"\" \t\tclass=\"so-widget-image\"\/>\n\t<\/div>\n\n<\/div><\/div><\/div><div id=\"pgc-34490-6-1\"  class=\"panel-grid-cell\" ><div id=\"panel-34490-6-1-0\" class=\"so-panel widget widget_sow-editor panel-first-child panel-last-child\" data-index=\"14\" ><div\n\t\t\t\n\t\t\tclass=\"so-widget-sow-editor so-widget-sow-editor-base\"\n\t\t\t\n\t\t>\n<div class=\"siteorigin-widget-tinymce textwidget\">\n\t<h4><span class=\"TextRun SCXW62164392 BCX0\" lang=\"EN-US\" xml:lang=\"EN-US\" data-contrast=\"none\"><span class=\"NormalTextRun SCXW62164392 BCX0\">DSST p\u00fablico <\/span><\/span><span class=\"TextRun SCXW62164392 BCX0\" lang=\"EN-US\" xml:lang=\"EN-US\" data-contrast=\"none\"><span class=\"NormalTextRun SCXW62164392 BCX0\">Escuelas<\/span><\/span><\/h4>\n<p><span class=\"NormalTextRun SCXW24360598 BCX0\"><span data-contrast=\"auto\">Boys &amp; Girls Clubs de Metro Denver y <a href=\"https:\/\/www.dsstpublicschools.org\/\" target=\"_blank\" rel=\"noopener\">Escuelas P\u00fablicas DSST<\/a> lleg\u00f3 a un acuerdo que permite a Boys &amp; Girls Clubs of Metro Denver ofrecer programas extracurriculares en DSST: Elevate Northeast Middle School.\u00a0<\/span><\/span><a href=\"https:\/\/www.bgcmd.org\/es\/about\/news\/new-partnership-between-boys-girls-clubs-of-metro-denver-and-dsst-public-schools\/\" target=\"_blank\" rel=\"noopener\">Sigue leyendo. \u2192<\/a><\/p>\n<\/div>\n<\/div><\/div><\/div><div id=\"pgc-34490-6-2\"  class=\"panel-grid-cell\" ><div id=\"panel-34490-6-2-0\" class=\"so-panel widget widget_sow-editor panel-first-child panel-last-child\" data-index=\"15\" ><div\n\t\t\t\n\t\t\tclass=\"so-widget-sow-editor so-widget-sow-editor-base\"\n\t\t\t\n\t\t>\n<div class=\"siteorigin-widget-tinymce textwidget\">\n\t<p>&nbsp;<\/p>\n<p><strong><a href=\"https:\/\/www.bgcmd.org\/es\/clubs\/dsst-elevate-ne\/\" target=\"_blank\" rel=\"noopener\">Club de ni\u00f1os y ni\u00f1as DSST Elevate NE<\/a><\/strong><\/p>\n<\/div>\n<\/div><\/div><\/div><\/div><div id=\"pg-34490-7\"  class=\"panel-grid panel-no-style\" ><div id=\"pgc-34490-7-0\"  class=\"panel-grid-cell\" ><div id=\"panel-34490-7-0-0\" class=\"so-panel widget widget_siteorigin-panels-builder panel-first-child panel-last-child\" data-index=\"16\" ><div id=\"pl-w64b5a6d6bb330\"  class=\"panel-layout\" ><div id=\"pg-w64b5a6d6bb330-0\"  class=\"panel-grid panel-has-style\" ><div class=\"panel-row-style panel-row-style-for-w64b5a6d6bb330-0\" ><div id=\"pgc-w64b5a6d6bb330-0-0\"  class=\"panel-grid-cell\" ><div id=\"panel-w64b5a6d6bb330-0-0-0\" class=\"so-panel widget widget_sow-headline panel-first-child\" data-index=\"0\" ><div\n\t\t\t\n\t\t\tclass=\"so-widget-sow-headline so-widget-sow-headline-default-c0e6ad491317\"\n\t\t\t\n\t\t><div class=\"sow-headline-container\">\n\t\t\t\t\t\t\t<h2 class=\"sow-headline\">\n\t\t\t\t\t\tAfiliaci\u00f3n\t\t\t\t\t\t<\/h2>\n\t\t\t\t\t\t<\/div>\n<\/div><\/div><div id=\"panel-w64b5a6d6bb330-0-0-1\" class=\"so-panel widget widget_sow-editor\" data-index=\"1\" ><div class=\"panel-widget-style panel-widget-style-for-w64b5a6d6bb330-0-0-1\" ><div\n\t\t\t\n\t\t\tclass=\"so-widget-sow-editor so-widget-sow-editor-base\"\n\t\t\t\n\t\t>\n<div class=\"siteorigin-widget-tinymce textwidget\">\n\t<p style=\"text-align: center;\">Nuestros clubes est\u00e1n abiertos a j\u00f3venes en edad escolar en los grados K-12. Para unirse, visite cualquiera de las p\u00e1ginas de nuestro Club, vea los detalles y complete la solicitud en l\u00ednea.<\/p>\n<\/div>\n<\/div><\/div><\/div><div id=\"panel-w64b5a6d6bb330-0-0-2\" class=\"so-panel widget widget_sow-button panel-last-child\" data-index=\"2\" ><div\n\t\t\t\n\t\t\tclass=\"so-widget-sow-button so-widget-sow-button-wire-2d9671ed346e\"\n\t\t\t\n\t\t><div class=\"ow-button-base ow-button-align-center\"\n>\n\t\t\t<a\n\t\t\t\t\thref=\"https:\/\/bgcdenvermch.my.site.com\/portal\/s\/login-home\"\n\t\t\t\t\tclass=\"sowb-button ow-icon-placement-left ow-button-hover\" target=\"_blank\" rel=\"noopener noreferrer\" \t>\n\t\t<span>\n\t\t\t\n\t\t\tAplica online\t\t<\/span>\n\t\t\t<\/a>\n\t<\/div>\n<\/div><\/div><\/div><\/div><\/div><\/div><\/div><\/div><\/div><\/div>","protected":false},"excerpt":{"rendered":"<p>Serving More Kids Serving More Kids Across Metro Denver Boys &amp; Girls Clubs of Metro Denver opens its doors to seven new Clubs, expanding its reach across 25 Clubs throughout Metro Denver. Clubs are safe, fun places for kids to spend their time when they\u2019re not in school or at home. Through positive, healthy relationships, [&hellip;]<\/p>\n","protected":false},"author":22,"featured_media":34824,"parent":0,"menu_order":0,"comment_status":"closed","ping_status":"closed","template":"","meta":{"inline_featured_image":false,"site-sidebar-layout":"default","site-content-layout":"default","ast-site-content-layout":"default","site-content-style":"default","site-sidebar-style":"default","ast-global-header-display":"","ast-banner-title-visibility":"","ast-main-header-display":"","ast-hfb-above-header-display":"","ast-hfb-below-header-display":"","ast-hfb-mobile-header-display":"","site-post-title":"disabled","ast-breadcrumbs-content":"disabled","ast-featured-img":"disabled","footer-sml-layout":"","ast-disable-related-posts":"","theme-transparent-header-meta":"default","adv-header-id-meta":"","stick-header-meta":"","header-above-stick-meta":"","header-main-stick-meta":"","header-below-stick-meta":"","astra-migrate-meta-layouts":"default","ast-page-background-enabled":"default","ast-page-background-meta":{"desktop":{"background-color":"var(--ast-global-color-4)","background-image":"","background-repeat":"repeat","background-position":"center center","background-size":"auto","background-attachment":"scroll","background-type":"","background-media":"","overlay-type":"","overlay-color":"","overlay-opacity":"","overlay-gradient":""},"tablet":{"background-color":"","background-image":"","background-repeat":"repeat","background-position":"center center","background-size":"auto","background-attachment":"scroll","background-type":"","background-media":"","overlay-type":"","overlay-color":"","overlay-opacity":"","overlay-gradient":""},"mobile":{"background-color":"","background-image":"","background-repeat":"repeat","background-position":"center center","background-size":"auto","background-attachment":"scroll","background-type":"","background-media":"","overlay-type":"","overlay-color":"","overlay-opacity":"","overlay-gradient":""}},"ast-content-background-meta":{"desktop":{"background-color":"var(--ast-global-color-5)","background-image":"","background-repeat":"repeat","background-position":"center center","background-size":"auto","background-attachment":"scroll","background-type":"","background-media":"","overlay-type":"","overlay-color":"","overlay-opacity":"","overlay-gradient":""},"tablet":{"background-color":"var(--ast-global-color-5)","background-image":"","background-repeat":"repeat","background-position":"center center","background-size":"auto","background-attachment":"scroll","background-type":"","background-media":"","overlay-type":"","overlay-color":"","overlay-opacity":"","overlay-gradient":""},"mobile":{"background-color":"var(--ast-global-color-5)","background-image":"","background-repeat":"repeat","background-position":"center center","background-size":"auto","background-attachment":"scroll","background-type":"","background-media":"","overlay-type":"","overlay-color":"","overlay-opacity":"","overlay-gradient":""}},"footnotes":"","_links_to":"","_links_to_target":""},"class_list":["post-34490","page","type-page","status-publish","has-post-thumbnail","hentry"],"_links":{"self":[{"href":"https:\/\/www.bgcmd.org\/es\/wp-json\/wp\/v2\/pages\/34490","targetHints":{"allow":["GET"]}}],"collection":[{"href":"https:\/\/www.bgcmd.org\/es\/wp-json\/wp\/v2\/pages"}],"about":[{"href":"https:\/\/www.bgcmd.org\/es\/wp-json\/wp\/v2\/types\/page"}],"author":[{"embeddable":true,"href":"https:\/\/www.bgcmd.org\/es\/wp-json\/wp\/v2\/users\/22"}],"replies":[{"embeddable":true,"href":"https:\/\/www.bgcmd.org\/es\/wp-json\/wp\/v2\/comments?post=34490"}],"version-history":[{"count":58,"href":"https:\/\/www.bgcmd.org\/es\/wp-json\/wp\/v2\/pages\/34490\/revisions"}],"predecessor-version":[{"id":35799,"href":"https:\/\/www.bgcmd.org\/es\/wp-json\/wp\/v2\/pages\/34490\/revisions\/35799"}],"wp:featuredmedia":[{"embeddable":true,"href":"https:\/\/www.bgcmd.org\/es\/wp-json\/wp\/v2\/media\/34824"}],"wp:attachment":[{"href":"https:\/\/www.bgcmd.org\/es\/wp-json\/wp\/v2\/media?parent=34490"}],"curies":[{"name":"wp","href":"https:\/\/api.w.org\/{rel}","templated":true}]}}