{"id":34200,"date":"2023-08-11T14:42:08","date_gmt":"2023-08-11T20:42:08","guid":{"rendered":"https:\/\/www.bgcmd.org\/?page_id=34200"},"modified":"2023-08-21T12:37:46","modified_gmt":"2023-08-21T18:37:46","slug":"matching-gifts","status":"publish","type":"page","link":"https:\/\/www.bgcmd.org\/es\/donate\/matching-gifts\/","title":{"rendered":"Regalos a juego"},"content":{"rendered":"<div id=\"pl-34200\"  class=\"panel-layout\" ><div id=\"pg-34200-0\"  class=\"panel-grid panel-has-style\" ><div class=\"siteorigin-panels-stretch panel-row-style panel-row-style-for-34200-0\" data-stretch-type=\"full-stretched\" ><div id=\"pgc-34200-0-0\"  class=\"panel-grid-cell\" ><div id=\"panel-34200-0-0-0\" class=\"so-panel widget widget_sow-image panel-first-child panel-last-child\" data-index=\"0\" ><div\n\t\t\t\n\t\t\tclass=\"so-widget-sow-image so-widget-sow-image-default-dbf295114b96-34200\"\n\t\t\t\n\t\t>\n<div class=\"sow-image-container\">\n\t\t<img \n\tsrc=\"https:\/\/www.bgcmd.org\/wp-content\/uploads\/2023\/08\/Match-a-Donation-Double-Your-Impact.jpg\" width=\"2000\" height=\"667\" srcset=\"https:\/\/www.bgcmd.org\/wp-content\/uploads\/2023\/08\/Match-a-Donation-Double-Your-Impact.jpg 2000w, https:\/\/www.bgcmd.org\/wp-content\/uploads\/2023\/08\/Match-a-Donation-Double-Your-Impact-300x100.jpg 300w, https:\/\/www.bgcmd.org\/wp-content\/uploads\/2023\/08\/Match-a-Donation-Double-Your-Impact-1024x342.jpg 1024w, https:\/\/www.bgcmd.org\/wp-content\/uploads\/2023\/08\/Match-a-Donation-Double-Your-Impact-768x256.jpg 768w, https:\/\/www.bgcmd.org\/wp-content\/uploads\/2023\/08\/Match-a-Donation-Double-Your-Impact-1536x512.jpg 1536w, https:\/\/www.bgcmd.org\/wp-content\/uploads\/2023\/08\/Match-a-Donation-Double-Your-Impact-18x6.jpg 18w\" sizes=\"(max-width: 2000px) 100vw, 2000px\" title=\"Iguale una donaci\u00f3n: duplique su impacto\" alt=\"Match a Donation | Boys &amp; Girls Clubs of Metro Denver\" \t\tclass=\"so-widget-image\"\/>\n\t<\/div>\n\n<\/div><\/div><\/div><\/div><\/div><div id=\"pg-34200-1\"  class=\"panel-grid panel-has-style\" ><div class=\"landingpage-hero siteorigin-panels-stretch panel-row-style panel-row-style-for-34200-1\" data-stretch-type=\"full-stretched\" ><div id=\"pgc-34200-1-0\"  class=\"panel-grid-cell\" ><div class=\"panel-cell-style panel-cell-style-for-34200-1-0\" ><div id=\"panel-34200-1-0-0\" class=\"so-panel widget widget_sow-headline panel-first-child panel-last-child\" data-index=\"1\" ><div\n\t\t\t\n\t\t\tclass=\"so-widget-sow-headline so-widget-sow-headline-default-700840d0284d-34200\"\n\t\t\t\n\t\t><div class=\"sow-headline-container\">\n\t\t\t\t\t\t\t<h1 class=\"sow-headline\">\n\t\t\t\t\t\tRegalos a juego\t\t\t\t\t\t<\/h1>\n\t\t\t\t\t\t<\/div>\n<\/div><\/div><\/div><\/div><div id=\"pgc-34200-1-1\"  class=\"panel-grid-cell\" ><div id=\"panel-34200-1-1-0\" class=\"so-panel widget widget_sow-image panel-first-child panel-last-child\" data-index=\"2\" ><div\n\t\t\t\n\t\t\tclass=\"so-widget-sow-image so-widget-sow-image-default-dbf295114b96-34200\"\n\t\t\t\n\t\t>\n<div class=\"sow-image-container\">\n\t\t<img \n\tsrc=\"https:\/\/www.bgcmd.org\/wp-content\/uploads\/2023\/08\/Match-a-Donation-Double-Your-Impact.jpg\" width=\"2000\" height=\"667\" srcset=\"https:\/\/www.bgcmd.org\/wp-content\/uploads\/2023\/08\/Match-a-Donation-Double-Your-Impact.jpg 2000w, https:\/\/www.bgcmd.org\/wp-content\/uploads\/2023\/08\/Match-a-Donation-Double-Your-Impact-300x100.jpg 300w, https:\/\/www.bgcmd.org\/wp-content\/uploads\/2023\/08\/Match-a-Donation-Double-Your-Impact-1024x342.jpg 1024w, https:\/\/www.bgcmd.org\/wp-content\/uploads\/2023\/08\/Match-a-Donation-Double-Your-Impact-768x256.jpg 768w, https:\/\/www.bgcmd.org\/wp-content\/uploads\/2023\/08\/Match-a-Donation-Double-Your-Impact-1536x512.jpg 1536w, https:\/\/www.bgcmd.org\/wp-content\/uploads\/2023\/08\/Match-a-Donation-Double-Your-Impact-18x6.jpg 18w\" sizes=\"(max-width: 2000px) 100vw, 2000px\" title=\"Iguale una donaci\u00f3n: duplique su impacto\" alt=\"Match a Donation | Boys &amp; Girls Clubs of Metro Denver\" \t\tclass=\"so-widget-image\"\/>\n\t<\/div>\n\n<\/div><\/div><\/div><\/div><\/div><div id=\"pg-34200-2\"  class=\"panel-grid panel-no-style\" ><div id=\"pgc-34200-2-0\"  class=\"panel-grid-cell\" ><div id=\"panel-34200-2-0-0\" class=\"so-panel widget widget_sow-headline panel-first-child\" data-index=\"3\" ><div\n\t\t\t\n\t\t\tclass=\"so-widget-sow-headline so-widget-sow-headline-default-d3d646d458e1-34200\"\n\t\t\t\n\t\t><div class=\"sow-headline-container\">\n\t\t\t\t\t\t\t<h3 class=\"sow-headline\">\n\t\t\t\t\t\tDuplica tu impacto a trav\u00e9s de donaciones equivalentes\t\t\t\t\t\t<\/h3>\n\t\t\t\t\t\t<\/div>\n<\/div><\/div><div id=\"panel-34200-2-0-1\" class=\"so-panel widget widget_sow-editor panel-last-child\" data-index=\"4\" ><div\n\t\t\t\n\t\t\tclass=\"so-widget-sow-editor so-widget-sow-editor-base\"\n\t\t\t\n\t\t>\n<div class=\"siteorigin-widget-tinymce textwidget\">\n\t<p>Su apoyo ayuda a Boys &amp; Girls Clubs of Metro Denver a brindar programas extracurriculares y de verano divertidos, seguros y enriquecedores para ni\u00f1os de toda la ciudad.<\/p>\n<p>\u00bfSab\u00eda que miles de empresas donar\u00e1n las donaciones de sus empleados a organizaciones como Boys &amp; Girls Club of Metro Denver? A trav\u00e9s de la igualaci\u00f3n de donaciones, su empleador puede multiplicar su donaci\u00f3n a Boys &amp; Girls Clubs of Metro Denver, haciendo que su donaci\u00f3n llegue m\u00e1s lejos. Duplicar o triplicar su donaci\u00f3n ayudar\u00e1 a aumentar el impacto en m\u00e1s de 25,000 miembros del Boys &amp; Girls Club cada a\u00f1o.<\/p>\n<p>Use la herramienta de b\u00fasqueda a continuaci\u00f3n para ver si su empleador igualar\u00e1 su regalo. \u00a1Estamos muy agradecidos por su continuo apoyo!<\/p>\n<\/div>\n<\/div><\/div><\/div><\/div><div id=\"pg-34200-3\"  class=\"panel-grid panel-no-style\" ><div id=\"pgc-34200-3-0\"  class=\"panel-grid-cell\" ><div id=\"panel-34200-3-0-0\" class=\"so-panel widget widget_sow-editor panel-first-child panel-last-child\" data-index=\"5\" ><div\n\t\t\t\n\t\t\tclass=\"so-widget-sow-editor so-widget-sow-editor-base\"\n\t\t\t\n\t\t>\n<div class=\"siteorigin-widget-tinymce textwidget\">\n\t<h4>C\u00f3mo hacer que tu regalo coincida<\/h4>\n<\/div>\n<\/div><\/div><\/div><\/div><div id=\"pg-34200-4\"  class=\"panel-grid panel-no-style\" ><div id=\"pgc-34200-4-0\"  class=\"panel-grid-cell\" ><div id=\"panel-34200-4-0-0\" class=\"so-panel widget widget_sow-image panel-first-child panel-last-child\" data-index=\"6\" ><div\n\t\t\t\n\t\t\tclass=\"so-widget-sow-image so-widget-sow-image-default-8b5b6f678277-34200\"\n\t\t\t\n\t\t>\n<div class=\"sow-image-container\">\n\t\t<img \n\tsrc=\"https:\/\/www.bgcmd.org\/wp-content\/uploads\/2023\/07\/wp-icon-blue-150x150.jpg\" width=\"125\" height=\"125\" srcset=\"https:\/\/www.bgcmd.org\/wp-content\/uploads\/2023\/07\/wp-icon-blue-150x150.jpg 150w, https:\/\/www.bgcmd.org\/wp-content\/uploads\/2023\/07\/wp-icon-blue-12x12.jpg 12w, https:\/\/www.bgcmd.org\/wp-content\/uploads\/2023\/07\/wp-icon-blue.jpg 300w\" sizes=\"(max-width: 125px) 100vw, 125px\" title=\"icono wp \u2013 azul\" alt=\"\" \t\tclass=\"so-widget-image\"\/>\n\t<\/div>\n\n<\/div><\/div><\/div><div id=\"pgc-34200-4-1\"  class=\"panel-grid-cell\" ><div id=\"panel-34200-4-1-0\" class=\"so-panel widget widget_sow-editor panel-first-child\" data-index=\"7\" ><div\n\t\t\t\n\t\t\tclass=\"so-widget-sow-editor so-widget-sow-editor-base\"\n\t\t\t\n\t\t>\n<div class=\"siteorigin-widget-tinymce textwidget\">\n\t<h6>Paso uno<\/h6>\n<p><span class=\"WdYUQQ text-decoration-none text-strikethrough-none\">Haz una donaci\u00f3n.\u00a0<\/span><\/p>\n<\/div>\n<\/div><\/div><div id=\"panel-34200-4-1-1\" class=\"so-panel widget widget_sow-button panel-last-child\" data-index=\"8\" ><div class=\"panel-widget-style panel-widget-style-for-34200-4-1-1\" ><div\n\t\t\t\n\t\t\tclass=\"so-widget-sow-button so-widget-sow-button-wire-639a31e1b17f-34200\"\n\t\t\t\n\t\t><div class=\"ow-button-base ow-button-align-left\"\n>\n\t\t\t<a\n\t\t\t\t\thref=\"https:\/\/www.bgcmd.org\/es\/donate\/\"\n\t\t\t\t\tclass=\"sowb-button ow-icon-placement-left ow-button-hover\" target=\"_blank\" rel=\"noopener noreferrer\" \t>\n\t\t<span>\n\t\t\t\n\t\t\tdar hoy\t\t<\/span>\n\t\t\t<\/a>\n\t<\/div>\n<\/div><\/div><\/div><\/div><div id=\"pgc-34200-4-2\"  class=\"panel-grid-cell\" ><div id=\"panel-34200-4-2-0\" class=\"so-panel widget widget_sow-image panel-first-child panel-last-child\" data-index=\"9\" ><div\n\t\t\t\n\t\t\tclass=\"so-widget-sow-image so-widget-sow-image-default-8b5b6f678277-34200\"\n\t\t\t\n\t\t>\n<div class=\"sow-image-container\">\n\t\t<img \n\tsrc=\"https:\/\/www.bgcmd.org\/wp-content\/uploads\/2023\/07\/wp-icon-yellow-1.jpg\" width=\"125\" height=\"125\" sizes=\"(max-width: 125px) 100vw, 125px\" title=\"icono wp \u2013 amarillo\" alt=\"\" \t\tclass=\"so-widget-image\"\/>\n\t<\/div>\n\n<\/div><\/div><\/div><div id=\"pgc-34200-4-3\"  class=\"panel-grid-cell\" ><div id=\"panel-34200-4-3-0\" class=\"so-panel widget widget_sow-editor panel-first-child panel-last-child\" data-index=\"10\" ><div\n\t\t\t\n\t\t\tclass=\"so-widget-sow-editor so-widget-sow-editor-base\"\n\t\t\t\n\t\t>\n<div class=\"siteorigin-widget-tinymce textwidget\">\n\t<h6>Segundo paso<\/h6>\n<p><span class=\"WdYUQQ text-decoration-none text-strikethrough-none\">Busque a su empleador en la herramienta a continuaci\u00f3n.\u00a0<\/span><\/p>\n<\/div>\n<\/div><\/div><\/div><div id=\"pgc-34200-4-4\"  class=\"panel-grid-cell\" ><div id=\"panel-34200-4-4-0\" class=\"so-panel widget widget_sow-image panel-first-child panel-last-child\" data-index=\"11\" ><div\n\t\t\t\n\t\t\tclass=\"so-widget-sow-image so-widget-sow-image-default-8b5b6f678277-34200\"\n\t\t\t\n\t\t>\n<div class=\"sow-image-container\">\n\t\t<img \n\tsrc=\"https:\/\/www.bgcmd.org\/wp-content\/uploads\/2023\/07\/wp-icon-navy-150x150.jpg\" width=\"125\" height=\"125\" srcset=\"https:\/\/www.bgcmd.org\/wp-content\/uploads\/2023\/07\/wp-icon-navy-150x150.jpg 150w, https:\/\/www.bgcmd.org\/wp-content\/uploads\/2023\/07\/wp-icon-navy-12x12.jpg 12w, https:\/\/www.bgcmd.org\/wp-content\/uploads\/2023\/07\/wp-icon-navy.jpg 300w\" sizes=\"(max-width: 125px) 100vw, 125px\" title=\"icono de wp - azul marino\" alt=\"\" \t\tclass=\"so-widget-image\"\/>\n\t<\/div>\n\n<\/div><\/div><\/div><div id=\"pgc-34200-4-5\"  class=\"panel-grid-cell\" ><div id=\"panel-34200-4-5-0\" class=\"so-panel widget widget_sow-editor panel-first-child panel-last-child\" data-index=\"12\" ><div\n\t\t\t\n\t\t\tclass=\"so-widget-sow-editor so-widget-sow-editor-base\"\n\t\t\t\n\t\t>\n<div class=\"siteorigin-widget-tinymce textwidget\">\n\t<h6>Paso tres<\/h6>\n<p><span class=\"WdYUQQ text-decoration-none text-strikethrough-none\">Siga las instrucciones despu\u00e9s de seleccionar a su empleador.\u00a0<\/span><\/p>\n<\/div>\n<\/div><\/div><\/div><\/div><div id=\"pg-34200-5\"  class=\"panel-grid panel-no-style\" ><div id=\"pgc-34200-5-0\"  class=\"panel-grid-cell\" ><div id=\"panel-34200-5-0-0\" class=\"so-panel widget widget_sow-editor panel-first-child panel-last-child\" data-index=\"13\" ><div\n\t\t\t\n\t\t\tclass=\"so-widget-sow-editor so-widget-sow-editor-base\"\n\t\t\t\n\t\t>\n<div class=\"siteorigin-widget-tinymce textwidget\">\n\t<p><b><script>var DDCONF = { API_KEY: \"BH8dyhyIfs74HcrF\" };<\/script>\n                <div id=\"dd-container\"><\/div><\/b><\/p>\n<\/div>\n<\/div><\/div><\/div><\/div><div id=\"pg-34200-6\"  class=\"panel-grid panel-has-style\" ><div class=\"panel-row-style panel-row-style-for-34200-6\" ><div id=\"pgc-34200-6-0\"  class=\"panel-grid-cell\" ><div id=\"panel-34200-6-0-0\" class=\"so-panel widget widget_sow-editor panel-first-child\" data-index=\"14\" ><div\n\t\t\t\n\t\t\tclass=\"so-widget-sow-editor so-widget-sow-editor-base\"\n\t\t\t\n\t\t>\n<div class=\"siteorigin-widget-tinymce textwidget\">\n\t<p>\u00bfNo ve la informaci\u00f3n de su empresa arriba? Consulte con la oficina de recursos humanos de su empresa para ver si ofrecen igualaci\u00f3n de obsequios. Si no es as\u00ed, \u00a1quiz\u00e1s quieras pedirle a tu compa\u00f1\u00eda que inicie una!<\/p>\n<\/div>\n<\/div><\/div><div id=\"panel-34200-6-0-1\" class=\"so-panel widget widget_sow-editor panel-last-child\" data-index=\"15\" ><div\n\t\t\t\n\t\t\tclass=\"so-widget-sow-editor so-widget-sow-editor-base\"\n\t\t\t\n\t\t>\n<div class=\"siteorigin-widget-tinymce textwidget\">\n\t<p>Nuestro equipo de desarrollo de recursos verificar\u00e1 la recepci\u00f3n de su obsequio y devolver\u00e1 el formulario a su empresa para igualar los fondos. Las condiciones y los criterios para la igualaci\u00f3n de obsequios var\u00edan seg\u00fan el empleador. Para obtener m\u00e1s informaci\u00f3n o si no est\u00e1 seguro de si Boys &amp; Girls Clubs of Metro Denver califica para el programa de igualaci\u00f3n de obsequios de su empresa, ll\u00e1menos al 303-892-9200 o env\u00ede un correo electr\u00f3nico <a href=\"mailto:donate@bgcmd.org\">donate@bgcmd.org<\/a>, y estaremos encantados de enviar informaci\u00f3n sobre nuestra misi\u00f3n y programas.<\/p>\n<\/div>\n<\/div><\/div><\/div><\/div><\/div><\/div>","protected":false},"excerpt":{"rendered":"<p>Matching Gifts Double Your Impact Through Matching Gifts Your support helps Boys &amp; Girls Clubs of Metro Denver provide fun, safe, and enriching after-school and summer programs for kids across the city. Did you know that thousands of companies will match their employees&#8217; gifts to organizations like Boys &amp; Girls Club of Metro Denver? Through [&hellip;]<\/p>\n","protected":false},"author":1,"featured_media":35018,"parent":29526,"menu_order":0,"comment_status":"closed","ping_status":"closed","template":"","meta":{"inline_featured_image":false,"site-sidebar-layout":"default","site-content-layout":"default","ast-site-content-layout":"default","site-content-style":"default","site-sidebar-style":"default","ast-global-header-display":"","ast-banner-title-visibility":"","ast-main-header-display":"","ast-hfb-above-header-display":"","ast-hfb-below-header-display":"","ast-hfb-mobile-header-display":"","site-post-title":"disabled","ast-breadcrumbs-content":"","ast-featured-img":"disabled","footer-sml-layout":"","ast-disable-related-posts":"","theme-transparent-header-meta":"default","adv-header-id-meta":"","stick-header-meta":"","header-above-stick-meta":"","header-main-stick-meta":"","header-below-stick-meta":"","astra-migrate-meta-layouts":"default","ast-page-background-enabled":"default","ast-page-background-meta":{"desktop":{"background-color":"var(--ast-global-color-4)","background-image":"","background-repeat":"repeat","background-position":"center center","background-size":"auto","background-attachment":"scroll","background-type":"","background-media":"","overlay-type":"","overlay-color":"","overlay-opacity":"","overlay-gradient":""},"tablet":{"background-color":"","background-image":"","background-repeat":"repeat","background-position":"center center","background-size":"auto","background-attachment":"scroll","background-type":"","background-media":"","overlay-type":"","overlay-color":"","overlay-opacity":"","overlay-gradient":""},"mobile":{"background-color":"","background-image":"","background-repeat":"repeat","background-position":"center center","background-size":"auto","background-attachment":"scroll","background-type":"","background-media":"","overlay-type":"","overlay-color":"","overlay-opacity":"","overlay-gradient":""}},"ast-content-background-meta":{"desktop":{"background-color":"var(--ast-global-color-5)","background-image":"","background-repeat":"repeat","background-position":"center center","background-size":"auto","background-attachment":"scroll","background-type":"","background-media":"","overlay-type":"","overlay-color":"","overlay-opacity":"","overlay-gradient":""},"tablet":{"background-color":"var(--ast-global-color-5)","background-image":"","background-repeat":"repeat","background-position":"center center","background-size":"auto","background-attachment":"scroll","background-type":"","background-media":"","overlay-type":"","overlay-color":"","overlay-opacity":"","overlay-gradient":""},"mobile":{"background-color":"var(--ast-global-color-5)","background-image":"","background-repeat":"repeat","background-position":"center center","background-size":"auto","background-attachment":"scroll","background-type":"","background-media":"","overlay-type":"","overlay-color":"","overlay-opacity":"","overlay-gradient":""}},"footnotes":"","_links_to":"","_links_to_target":""},"class_list":["post-34200","page","type-page","status-publish","has-post-thumbnail","hentry"],"_links":{"self":[{"href":"https:\/\/www.bgcmd.org\/es\/wp-json\/wp\/v2\/pages\/34200","targetHints":{"allow":["GET"]}}],"collection":[{"href":"https:\/\/www.bgcmd.org\/es\/wp-json\/wp\/v2\/pages"}],"about":[{"href":"https:\/\/www.bgcmd.org\/es\/wp-json\/wp\/v2\/types\/page"}],"author":[{"embeddable":true,"href":"https:\/\/www.bgcmd.org\/es\/wp-json\/wp\/v2\/users\/1"}],"replies":[{"embeddable":true,"href":"https:\/\/www.bgcmd.org\/es\/wp-json\/wp\/v2\/comments?post=34200"}],"version-history":[{"count":98,"href":"https:\/\/www.bgcmd.org\/es\/wp-json\/wp\/v2\/pages\/34200\/revisions"}],"predecessor-version":[{"id":35229,"href":"https:\/\/www.bgcmd.org\/es\/wp-json\/wp\/v2\/pages\/34200\/revisions\/35229"}],"up":[{"embeddable":true,"href":"https:\/\/www.bgcmd.org\/es\/wp-json\/wp\/v2\/pages\/29526"}],"wp:featuredmedia":[{"embeddable":true,"href":"https:\/\/www.bgcmd.org\/es\/wp-json\/wp\/v2\/media\/35018"}],"wp:attachment":[{"href":"https:\/\/www.bgcmd.org\/es\/wp-json\/wp\/v2\/media?parent=34200"}],"curies":[{"name":"wp","href":"https:\/\/api.w.org\/{rel}","templated":true}]}}