{"id":31990,"date":"2022-08-29T15:16:07","date_gmt":"2022-08-29T21:16:07","guid":{"rendered":"https:\/\/www.bgcmd.org\/?page_id=31990"},"modified":"2024-12-19T10:05:29","modified_gmt":"2024-12-19T17:05:29","slug":"mental-health","status":"publish","type":"page","link":"https:\/\/www.bgcmd.org\/es\/programs\/mental-health\/","title":{"rendered":"Salud mental"},"content":{"rendered":"<div id=\"pl-31990\"  class=\"panel-layout\" ><div id=\"pg-31990-0\"  class=\"panel-grid panel-has-style\" ><div class=\"siteorigin-panels-stretch panel-row-style panel-row-style-for-31990-0\" data-stretch-type=\"full-width-stretch\" ><div id=\"pgc-31990-0-0\"  class=\"panel-grid-cell\" ><div id=\"panel-31990-0-0-0\" class=\"so-panel widget widget_sow-image panel-first-child panel-last-child\" data-index=\"0\" ><div\n\t\t\t\n\t\t\tclass=\"so-widget-sow-image so-widget-sow-image-default-dbf295114b96-31990\"\n\t\t\t\n\t\t>\n<div class=\"sow-image-container\">\n\t\t<img \n\tsrc=\"https:\/\/www.bgcmd.org\/wp-content\/uploads\/2022\/02\/Grid-For-InteriorSlider-MobileGrid-Final-1.png\" width=\"576\" height=\"144\" srcset=\"https:\/\/www.bgcmd.org\/wp-content\/uploads\/2022\/02\/Grid-For-InteriorSlider-MobileGrid-Final-1.png 576w, https:\/\/www.bgcmd.org\/wp-content\/uploads\/2022\/02\/Grid-For-InteriorSlider-MobileGrid-Final-1-300x75.png 300w, https:\/\/www.bgcmd.org\/wp-content\/uploads\/2022\/02\/Grid-For-InteriorSlider-MobileGrid-Final-1-18x5.png 18w\" sizes=\"(max-width: 576px) 100vw, 576px\" title=\"Grid-For-InteriorSlider-MobileGrid-Final (1)\" alt=\"\" \t\tclass=\"so-widget-image\"\/>\n\t<\/div>\n\n<\/div><\/div><\/div><\/div><\/div><div id=\"pg-31990-1\"  class=\"panel-grid panel-has-style\" ><div class=\"landingpage-hero siteorigin-panels-stretch panel-row-style panel-row-style-for-31990-1\" data-stretch-type=\"full-width-stretch\" ><div id=\"pgc-31990-1-0\"  class=\"panel-grid-cell\" ><div class=\"panel-cell-style panel-cell-style-for-31990-1-0\" ><div id=\"panel-31990-1-0-0\" class=\"so-panel widget widget_sow-headline panel-first-child panel-last-child\" data-index=\"1\" ><div\n\t\t\t\n\t\t\tclass=\"so-widget-sow-headline so-widget-sow-headline-default-700840d0284d-31990\"\n\t\t\t\n\t\t><div class=\"sow-headline-container\">\n\t\t\t\t\t\t\t<h1 class=\"sow-headline\">\n\t\t\t\t\t\tSalud mental\t\t\t\t\t\t<\/h1>\n\t\t\t\t\t\t<\/div>\n<\/div><\/div><\/div><\/div><div id=\"pgc-31990-1-1\"  class=\"panel-grid-cell\" ><div id=\"panel-31990-1-1-0\" class=\"so-panel widget widget_sow-image panel-first-child panel-last-child\" data-index=\"2\" ><div\n\t\t\t\n\t\t\tclass=\"so-widget-sow-image so-widget-sow-image-default-dbf295114b96-31990\"\n\t\t\t\n\t\t>\n<div class=\"sow-image-container\">\n\t\t<img \n\tsrc=\"https:\/\/www.bgcmd.org\/wp-content\/uploads\/2022\/11\/Mental-Health.png\" width=\"2000\" height=\"667\" srcset=\"https:\/\/www.bgcmd.org\/wp-content\/uploads\/2022\/11\/Mental-Health.png 2000w, https:\/\/www.bgcmd.org\/wp-content\/uploads\/2022\/11\/Mental-Health-300x100.png 300w, https:\/\/www.bgcmd.org\/wp-content\/uploads\/2022\/11\/Mental-Health-1024x342.png 1024w, https:\/\/www.bgcmd.org\/wp-content\/uploads\/2022\/11\/Mental-Health-768x256.png 768w, https:\/\/www.bgcmd.org\/wp-content\/uploads\/2022\/11\/Mental-Health-1536x512.png 1536w, https:\/\/www.bgcmd.org\/wp-content\/uploads\/2022\/11\/Mental-Health-18x6.png 18w\" sizes=\"(max-width: 2000px) 100vw, 2000px\" title=\"Encabezado de salud mental\" alt=\"\" \t\tclass=\"so-widget-image\"\/>\n\t<\/div>\n\n<\/div><\/div><\/div><\/div><\/div><div id=\"pg-31990-2\"  class=\"panel-grid panel-no-style\" ><div id=\"pgc-31990-2-0\"  class=\"panel-grid-cell panel-grid-cell-empty\" ><\/div><div id=\"pgc-31990-2-1\"  class=\"panel-grid-cell panel-grid-cell-mobile-last\" ><div id=\"panel-31990-2-1-0\" class=\"so-panel widget widget_sow-editor panel-first-child\" data-index=\"3\" ><div\n\t\t\t\n\t\t\tclass=\"so-widget-sow-editor so-widget-sow-editor-base\"\n\t\t\t\n\t\t>\n<div class=\"siteorigin-widget-tinymce textwidget\">\n\t<p style=\"text-align: left;\"><span class=\"TextRun SCXW70489285 BCX0\" lang=\"EN-US\" xml:lang=\"EN-US\" data-contrast=\"none\"><span class=\"NormalTextRun SCXW70489285 BCX0\">Youth mental health is a top priority for Boys &amp; Girls Clubs of Metro Denver. Through our comprehensive, trauma-informed approach, our full-time mental health professionals cultivate environments where Club members feel safe, supported, and empowered to explore their emotional growth. These professionals help members understand their emotions, navigate challenges, and connect families with bigger needs to <\/span><span class=\"NormalTextRun SCXW70489285 BCX0\">appropriate resources<\/span><span class=\"NormalTextRun SCXW70489285 BCX0\">.\u00a0<\/span><\/span><span class=\"EOP SCXW70489285 BCX0\" data-ccp-props=\"{&quot;335559738&quot;:240}\">\u00a0<\/span><\/p>\n<p>Lea acerca de nuestro galardonado equipo de Salud Mental <a href=\"https:\/\/www.bgcmd.org\/es\/about\/news\/boys-girls-clubs-of-metro-denver-wins-national-honor-award-for-trauma-informed-practice-youth-wellbeing\/\" target=\"_blank\" rel=\"noopener\">aqu\u00ed<\/a>.<\/p>\n<\/div>\n<\/div><\/div><div id=\"panel-31990-2-1-1\" class=\"so-panel widget widget_sow-editor\" data-index=\"4\" ><div\n\t\t\t\n\t\t\tclass=\"so-widget-sow-editor so-widget-sow-editor-base\"\n\t\t\t\n\t\t>\n<div class=\"siteorigin-widget-tinymce textwidget\">\n\t<h6><span class=\"OYPEnA text-decoration-none text-strikethrough-none\">Recursos comunitarios para familias en Metro Denver<\/span><\/h6>\n<p class=\"cvGsUA direction-ltr align-start para-style-body\"><span class=\"OYPEnA text-decoration-none text-strikethrough-none\">Cuando ocurre una crisis, tener acceso a apoyo y recursos confiables es m\u00e1s cr\u00edtico que nunca. Estos momentos pueden ser abrumadores y dif\u00edciles de afrontar. Ya sea que est\u00e9 enfrentando angustia emocional o cualquier otro problema urgente, este folleto tiene como objetivo conectarlo con la asistencia y orientaci\u00f3n que necesita.<\/span><\/p>\n<p class=\"cvGsUA direction-ltr align-start para-style-body\"><span class=\"OYPEnA text-decoration-none text-strikethrough-none\">A continuaci\u00f3n se encuentra una lista de recursos dise\u00f1ados espec\u00edficamente para familias que enfrentan situaciones de crisis.<\/span><\/p>\n<\/div>\n<\/div><\/div><div id=\"panel-31990-2-1-2\" class=\"so-panel widget widget_sow-button panel-last-child\" data-index=\"5\" ><div\n\t\t\t\n\t\t\tclass=\"so-widget-sow-button so-widget-sow-button-flat-cd5bc76e79e2-31990\"\n\t\t\t\n\t\t><div class=\"ow-button-base ow-button-align-left\"\n>\n\t\t\t<a\n\t\t\t\t\thref=\"https:\/\/www.bgcmd.org\/wp-content\/uploads\/2023\/09\/Crisis-Resource-Guide.pdf\"\n\t\t\t\t\tclass=\"sowb-button ow-icon-placement-left ow-button-hover\" \t>\n\t\t<span>\n\t\t\t\n\t\t\tRecursos de la comunidad\t\t<\/span>\n\t\t\t<\/a>\n\t<\/div>\n<\/div><\/div><\/div><div id=\"pgc-31990-2-2\"  class=\"panel-grid-cell panel-grid-cell-empty\" ><\/div><\/div><div id=\"pg-31990-3\"  class=\"panel-grid panel-no-style\" ><div id=\"pgc-31990-3-0\"  class=\"panel-grid-cell\" ><div id=\"panel-31990-3-0-0\" class=\"so-panel widget widget_siteorigin-panels-builder panel-first-child panel-last-child\" data-index=\"6\" ><div id=\"pl-w67645259695e8\"  class=\"panel-layout\" ><div id=\"pg-w67645259695e8-0\"  class=\"panel-grid panel-has-style\" ><div class=\"dual-border-blue panel-row-style panel-row-style-for-w67645259695e8-0\" ><div id=\"pgc-w67645259695e8-0-0\"  class=\"panel-grid-cell\" ><div id=\"panel-w67645259695e8-0-0-0\" class=\"so-panel widget widget_siteorigin-panels-builder panel-first-child panel-last-child\" data-index=\"0\" ><div id=\"pl-w67645259695f8\"  class=\"panel-layout\" ><div id=\"pg-w67645259695f8-0\"  class=\"panel-grid panel-no-style\" ><div id=\"pgc-w67645259695f8-0-0\"  class=\"panel-grid-cell\" ><div id=\"panel-w67645259695f8-0-0-0\" class=\"so-panel widget widget_sow-headline panel-first-child panel-last-child\" data-index=\"0\" ><div\n\t\t\t\n\t\t\tclass=\"so-widget-sow-headline so-widget-sow-headline-default-4c0892379686\"\n\t\t\t\n\t\t><div class=\"sow-headline-container\">\n\t\t\t\t\t\t\t<h2 class=\"sow-headline\">\n\t\t\t\t\t\tProgramas de salud mental\t\t\t\t\t\t<\/h2>\n\t\t\t\t\t\t<\/div>\n<\/div><\/div><\/div><\/div><div id=\"pg-w67645259695f8-1\"  class=\"panel-grid panel-no-style\" ><div id=\"pgc-w67645259695f8-1-0\"  class=\"panel-grid-cell\" ><div id=\"panel-w67645259695f8-1-0-0\" class=\"so-panel widget widget_sow-editor panel-first-child\" data-index=\"1\" ><div\n\t\t\t\n\t\t\tclass=\"so-widget-sow-editor so-widget-sow-editor-base\"\n\t\t\t\n\t\t>\n<div class=\"siteorigin-widget-tinymce textwidget\">\n\t<h3><b><span data-contrast=\"none\">Professional Support &amp; Expertise<\/span><\/b><\/h3>\n<p><span data-contrast=\"none\">Dedicated mental health professionals embedded in every Club, providing accessible support through individual sessions and small group activities that help young people understand and navigate their emotional journeys.<\/span><span data-ccp-props=\"{&quot;335559738&quot;:240}\">\u00a0<\/span><\/p>\n<h3><b><span data-contrast=\"none\">Aprendizaje socioemocional (SEL)<\/span><\/b><\/h3>\n<p><span data-contrast=\"none\">Evidence-based programming woven throughout all Club activities, empowering members to develop emotional awareness, build positive relationships, and strengthen their sense of self while celebrating their unique identities.<\/span><span data-ccp-props=\"{&quot;335559738&quot;:240}\">\u00a0<\/span><\/p>\n<h3><b><span data-contrast=\"none\">Cultural &amp; Age-Responsive Care <\/span><\/b><\/h3>\n<p><span data-contrast=\"none\">Partnerships with community organizations to deliver culturally affirming, developmentally appropriate mental health programming that resonates with our diverse membership and builds lasting resilience.\u00a0<\/span><span data-ccp-props=\"{&quot;335559738&quot;:240}\">\u00a0<\/span><\/p>\n<\/div>\n<\/div><\/div><div id=\"panel-w67645259695f8-1-0-1\" class=\"so-panel widget widget_sow-editor panel-last-child\" data-index=\"2\" ><div\n\t\t\t\n\t\t\tclass=\"so-widget-sow-editor so-widget-sow-editor-base\"\n\t\t\t\n\t\t>\n<div class=\"siteorigin-widget-tinymce textwidget\">\n\t<p style=\"text-align: left;\"><span class=\"TextRun Underlined SCXW67741487 BCX0\" lang=\"EN-US\" xml:lang=\"EN-US\" data-contrast=\"none\"><span class=\"NormalTextRun SCXW67741487 BCX0\" data-ccp-charstyle=\"Hyperlink\"><span class=\"TextRun SCXW152365964 BCX0\" lang=\"EN-US\" xml:lang=\"EN-US\" data-contrast=\"none\"><span class=\"NormalTextRun SCXW152365964 BCX0\">Our Clubs are safe spaces that promote mental health awareness and resilience. <\/span><\/span>\u00a0<strong><a href=\"http:\/\/www.bgcmd.org\/es\/clubs\/\">\u00danete hoy<\/a><\/strong> para acceder a deportes, enriquecimiento acad\u00e9mico, comidas y refrigerios diarios, apoyo y m\u00e1s.<\/span><\/span><span class=\"TextRun SCXW67741487 BCX0\" lang=\"EN-US\" xml:lang=\"EN-US\" data-contrast=\"auto\"><span class=\"NormalTextRun SCXW67741487 BCX0\">\u00a0<\/span><\/span><span class=\"EOP SCXW67741487 BCX0\" data-ccp-props=\"{&quot;201341983&quot;:0,&quot;335551550&quot;:1,&quot;335551620&quot;:1,&quot;335559739&quot;:160,&quot;335559740&quot;:259}\">\u00a0<\/span><\/p>\n<p><em>*Program year 2023-2024 Kid Perception Data<\/em><\/p>\n<\/div>\n<\/div><\/div><\/div><div id=\"pgc-w67645259695f8-1-1\"  class=\"panel-grid-cell\" ><div id=\"panel-w67645259695f8-1-1-0\" class=\"so-panel widget widget_siteorigin-panels-builder panel-first-child panel-last-child\" data-index=\"3\" ><div id=\"pl-w6764525969dfa\"  class=\"panel-layout\" ><div id=\"pg-w6764525969dfa-0\"  class=\"panel-grid panel-has-style\" ><div class=\"panel-row-style panel-row-style-for-w6764525969dfa-0\" ><div id=\"pgc-w6764525969dfa-0-0\"  class=\"panel-grid-cell\" ><div id=\"panel-w6764525969dfa-0-0-0\" class=\"so-panel widget widget_sow-image panel-first-child\" data-index=\"0\" ><div\n\t\t\t\n\t\t\tclass=\"so-widget-sow-image so-widget-sow-image-default-8b5b6f678277\"\n\t\t\t\n\t\t>\n<div class=\"sow-image-container\">\n\t\t<img \n\tsrc=\"https:\/\/www.bgcmd.org\/wp-content\/uploads\/2022\/08\/Suncor-Hiring.jpg\" width=\"1773\" height=\"1182\" srcset=\"https:\/\/www.bgcmd.org\/wp-content\/uploads\/2022\/08\/Suncor-Hiring.jpg 1773w, https:\/\/www.bgcmd.org\/wp-content\/uploads\/2022\/08\/Suncor-Hiring-300x200.jpg 300w, https:\/\/www.bgcmd.org\/wp-content\/uploads\/2022\/08\/Suncor-Hiring-1024x683.jpg 1024w, https:\/\/www.bgcmd.org\/wp-content\/uploads\/2022\/08\/Suncor-Hiring-768x512.jpg 768w, https:\/\/www.bgcmd.org\/wp-content\/uploads\/2022\/08\/Suncor-Hiring-1536x1024.jpg 1536w, https:\/\/www.bgcmd.org\/wp-content\/uploads\/2022\/08\/Suncor-Hiring-18x12.jpg 18w\" sizes=\"(max-width: 1773px) 100vw, 1773px\" title=\"Cl\u00ednica Cal Ripken\" alt=\"\" \t\tclass=\"so-widget-image\"\/>\n\t<\/div>\n\n<\/div><\/div><div id=\"panel-w6764525969dfa-0-0-1\" class=\"so-panel widget widget_sow-headline panel-last-child\" data-index=\"1\" ><div\n\t\t\t\n\t\t\tclass=\"so-widget-sow-headline so-widget-sow-headline-default-7e0e7e842f95\"\n\t\t\t\n\t\t><div class=\"sow-headline-container\">\n\t\t\t\t\t\t\t<h3 class=\"sow-sub-headline\">\n\t\t\t\t\t\t93% of surveyed Club members indicated they can recognize, identify, and name different emotions.*\t\t\t\t\t\t<\/h3>\n\t\t\t\t\t\t<\/div>\n<\/div><\/div><\/div><\/div><\/div><\/div><\/div><\/div><\/div><\/div><\/div><\/div><\/div><\/div><\/div><\/div><\/div><\/div><\/div>","protected":false},"excerpt":{"rendered":"<p>Mental Health Youth mental health is a top priority for Boys &amp; Girls Clubs of Metro Denver. Through our comprehensive, trauma-informed approach, our full-time mental health professionals cultivate environments where Club members feel safe, supported, and empowered to explore their emotional growth. These professionals help members understand their emotions, navigate challenges, and connect families with [&hellip;]<\/p>\n","protected":false},"author":14,"featured_media":0,"parent":29814,"menu_order":0,"comment_status":"closed","ping_status":"closed","template":"","meta":{"inline_featured_image":false,"site-sidebar-layout":"default","site-content-layout":"default","ast-site-content-layout":"default","site-content-style":"default","site-sidebar-style":"default","ast-global-header-display":"","ast-banner-title-visibility":"","ast-main-header-display":"","ast-hfb-above-header-display":"","ast-hfb-below-header-display":"","ast-hfb-mobile-header-display":"","site-post-title":"disabled","ast-breadcrumbs-content":"disabled","ast-featured-img":"","footer-sml-layout":"","ast-disable-related-posts":"","theme-transparent-header-meta":"default","adv-header-id-meta":"","stick-header-meta":"","header-above-stick-meta":"","header-main-stick-meta":"","header-below-stick-meta":"","astra-migrate-meta-layouts":"set","ast-page-background-enabled":"default","ast-page-background-meta":{"desktop":{"background-color":"var(--ast-global-color-4)","background-image":"","background-repeat":"repeat","background-position":"center center","background-size":"auto","background-attachment":"scroll","background-type":"","background-media":"","overlay-type":"","overlay-color":"","overlay-opacity":"","overlay-gradient":""},"tablet":{"background-color":"","background-image":"","background-repeat":"repeat","background-position":"center center","background-size":"auto","background-attachment":"scroll","background-type":"","background-media":"","overlay-type":"","overlay-color":"","overlay-opacity":"","overlay-gradient":""},"mobile":{"background-color":"","background-image":"","background-repeat":"repeat","background-position":"center center","background-size":"auto","background-attachment":"scroll","background-type":"","background-media":"","overlay-type":"","overlay-color":"","overlay-opacity":"","overlay-gradient":""}},"ast-content-background-meta":{"desktop":{"background-color":"var(--ast-global-color-5)","background-image":"","background-repeat":"repeat","background-position":"center center","background-size":"auto","background-attachment":"scroll","background-type":"","background-media":"","overlay-type":"","overlay-color":"","overlay-opacity":"","overlay-gradient":""},"tablet":{"background-color":"var(--ast-global-color-5)","background-image":"","background-repeat":"repeat","background-position":"center center","background-size":"auto","background-attachment":"scroll","background-type":"","background-media":"","overlay-type":"","overlay-color":"","overlay-opacity":"","overlay-gradient":""},"mobile":{"background-color":"var(--ast-global-color-5)","background-image":"","background-repeat":"repeat","background-position":"center center","background-size":"auto","background-attachment":"scroll","background-type":"","background-media":"","overlay-type":"","overlay-color":"","overlay-opacity":"","overlay-gradient":""}},"footnotes":"","_links_to":"","_links_to_target":""},"class_list":["post-31990","page","type-page","status-publish","hentry"],"_links":{"self":[{"href":"https:\/\/www.bgcmd.org\/es\/wp-json\/wp\/v2\/pages\/31990","targetHints":{"allow":["GET"]}}],"collection":[{"href":"https:\/\/www.bgcmd.org\/es\/wp-json\/wp\/v2\/pages"}],"about":[{"href":"https:\/\/www.bgcmd.org\/es\/wp-json\/wp\/v2\/types\/page"}],"author":[{"embeddable":true,"href":"https:\/\/www.bgcmd.org\/es\/wp-json\/wp\/v2\/users\/14"}],"replies":[{"embeddable":true,"href":"https:\/\/www.bgcmd.org\/es\/wp-json\/wp\/v2\/comments?post=31990"}],"version-history":[{"count":76,"href":"https:\/\/www.bgcmd.org\/es\/wp-json\/wp\/v2\/pages\/31990\/revisions"}],"predecessor-version":[{"id":39515,"href":"https:\/\/www.bgcmd.org\/es\/wp-json\/wp\/v2\/pages\/31990\/revisions\/39515"}],"up":[{"embeddable":true,"href":"https:\/\/www.bgcmd.org\/es\/wp-json\/wp\/v2\/pages\/29814"}],"wp:attachment":[{"href":"https:\/\/www.bgcmd.org\/es\/wp-json\/wp\/v2\/media?parent=31990"}],"curies":[{"name":"wp","href":"https:\/\/api.w.org\/{rel}","templated":true}]}}