{"id":31245,"date":"2022-06-02T15:04:22","date_gmt":"2022-06-02T21:04:22","guid":{"rendered":"https:\/\/www.bgcmd.org\/?page_id=31245"},"modified":"2024-12-19T09:46:22","modified_gmt":"2024-12-19T16:46:22","slug":"our-impact","status":"publish","type":"page","link":"https:\/\/www.bgcmd.org\/es\/programs\/our-impact\/","title":{"rendered":"Nuestro impacto"},"content":{"rendered":"<div id=\"pl-31245\"  class=\"panel-layout\" ><div id=\"pg-31245-0\"  class=\"panel-grid panel-has-style\" ><div class=\"siteorigin-panels-stretch panel-row-style panel-row-style-for-31245-0\" data-stretch-type=\"full-width-stretch\" ><div id=\"pgc-31245-0-0\"  class=\"panel-grid-cell\" ><div id=\"panel-31245-0-0-0\" class=\"so-panel widget widget_sow-image panel-first-child panel-last-child\" data-index=\"0\" ><div\n\t\t\t\n\t\t\tclass=\"so-widget-sow-image so-widget-sow-image-default-dbf295114b96-31245\"\n\t\t\t\n\t\t>\n<div class=\"sow-image-container\">\n\t\t<img \n\tsrc=\"https:\/\/www.bgcmd.org\/wp-content\/uploads\/2022\/02\/Grid-For-InteriorSlider-MobileGrid-Final-1.png\" width=\"576\" height=\"144\" srcset=\"https:\/\/www.bgcmd.org\/wp-content\/uploads\/2022\/02\/Grid-For-InteriorSlider-MobileGrid-Final-1.png 576w, https:\/\/www.bgcmd.org\/wp-content\/uploads\/2022\/02\/Grid-For-InteriorSlider-MobileGrid-Final-1-300x75.png 300w, https:\/\/www.bgcmd.org\/wp-content\/uploads\/2022\/02\/Grid-For-InteriorSlider-MobileGrid-Final-1-18x5.png 18w\" sizes=\"(max-width: 576px) 100vw, 576px\" title=\"Grid-For-InteriorSlider-MobileGrid-Final (1)\" alt=\"\" \t\tclass=\"so-widget-image\"\/>\n\t<\/div>\n\n<\/div><\/div><\/div><\/div><\/div><div id=\"pg-31245-1\"  class=\"panel-grid panel-has-style\" ><div class=\"landingpage-hero siteorigin-panels-stretch panel-row-style panel-row-style-for-31245-1\" data-stretch-type=\"full-width-stretch\" ><div id=\"pgc-31245-1-0\"  class=\"panel-grid-cell\" ><div class=\"panel-cell-style panel-cell-style-for-31245-1-0\" ><div id=\"panel-31245-1-0-0\" class=\"so-panel widget widget_sow-headline panel-first-child panel-last-child\" data-index=\"1\" ><div\n\t\t\t\n\t\t\tclass=\"so-widget-sow-headline so-widget-sow-headline-default-700840d0284d-31245\"\n\t\t\t\n\t\t><div class=\"sow-headline-container\">\n\t\t\t\t\t\t\t<h1 class=\"sow-headline\">\n\t\t\t\t\t\tNuestra <br \/>Impacto\t\t\t\t\t\t<\/h1>\n\t\t\t\t\t\t<\/div>\n<\/div><\/div><\/div><\/div><div id=\"pgc-31245-1-1\"  class=\"panel-grid-cell\" ><div id=\"panel-31245-1-1-0\" class=\"so-panel widget widget_sow-image panel-first-child panel-last-child\" data-index=\"2\" ><div\n\t\t\t\n\t\t\tclass=\"so-widget-sow-image so-widget-sow-image-default-dbf295114b96-31245\"\n\t\t\t\n\t\t>\n<div class=\"sow-image-container\">\n\t\t<img \n\tsrc=\"https:\/\/www.bgcmd.org\/wp-content\/uploads\/2023\/07\/Tennyson-Knolls-Boys-Girls-Club-_-Club-Page-Header.jpg\" width=\"2000\" height=\"667\" srcset=\"https:\/\/www.bgcmd.org\/wp-content\/uploads\/2023\/07\/Tennyson-Knolls-Boys-Girls-Club-_-Club-Page-Header.jpg 2000w, https:\/\/www.bgcmd.org\/wp-content\/uploads\/2023\/07\/Tennyson-Knolls-Boys-Girls-Club-_-Club-Page-Header-300x100.jpg 300w, https:\/\/www.bgcmd.org\/wp-content\/uploads\/2023\/07\/Tennyson-Knolls-Boys-Girls-Club-_-Club-Page-Header-1024x342.jpg 1024w, https:\/\/www.bgcmd.org\/wp-content\/uploads\/2023\/07\/Tennyson-Knolls-Boys-Girls-Club-_-Club-Page-Header-768x256.jpg 768w, https:\/\/www.bgcmd.org\/wp-content\/uploads\/2023\/07\/Tennyson-Knolls-Boys-Girls-Club-_-Club-Page-Header-1536x512.jpg 1536w, https:\/\/www.bgcmd.org\/wp-content\/uploads\/2023\/07\/Tennyson-Knolls-Boys-Girls-Club-_-Club-Page-Header-18x6.jpg 18w\" sizes=\"(max-width: 2000px) 100vw, 2000px\" title=\"Tennyson Knolls Boys &amp; Girls Club _ Encabezado de p\u00e1gina del club\" alt=\"Tennyson Knolls Boys &amp; Girls Club\" \t\tclass=\"so-widget-image\"\/>\n\t<\/div>\n\n<\/div><\/div><\/div><\/div><\/div><div id=\"pg-31245-2\"  class=\"panel-grid panel-no-style\" ><div id=\"pgc-31245-2-0\"  class=\"panel-grid-cell\" ><div id=\"panel-31245-2-0-0\" class=\"so-panel widget widget_sow-image panel-first-child panel-last-child\" data-index=\"3\" ><div\n\t\t\t\n\t\t\tclass=\"so-widget-sow-image so-widget-sow-image-default-8b5b6f678277-31245\"\n\t\t\t\n\t\t>\n<div class=\"sow-image-container\">\n\t\t<img \n\tsrc=\"https:\/\/www.bgcmd.org\/wp-content\/uploads\/2024\/02\/YOY_Sir-Adam-Moore-Vickers_2-e1708532526386-300x300.jpg\" width=\"300\" height=\"300\" srcset=\"https:\/\/www.bgcmd.org\/wp-content\/uploads\/2024\/02\/YOY_Sir-Adam-Moore-Vickers_2-e1708532526386-300x300.jpg 300w, https:\/\/www.bgcmd.org\/wp-content\/uploads\/2024\/02\/YOY_Sir-Adam-Moore-Vickers_2-e1708532526386-150x150.jpg 150w, https:\/\/www.bgcmd.org\/wp-content\/uploads\/2024\/02\/YOY_Sir-Adam-Moore-Vickers_2-e1708532526386-12x12.jpg 12w, https:\/\/www.bgcmd.org\/wp-content\/uploads\/2024\/02\/YOY_Sir-Adam-Moore-Vickers_2-e1708532526386-375x375.jpg 375w, https:\/\/www.bgcmd.org\/wp-content\/uploads\/2024\/02\/YOY_Sir-Adam-Moore-Vickers_2-e1708532526386.jpg 684w\" sizes=\"(max-width: 300px) 100vw, 300px\" title=\"YOY_Sir-Adam Moore (Vickers)_2\" alt=\"\" \t\tclass=\"so-widget-image\"\/>\n\t<\/div>\n\n<\/div><\/div><\/div><div id=\"pgc-31245-2-1\"  class=\"panel-grid-cell\" ><div id=\"panel-31245-2-1-0\" class=\"so-panel widget widget_sow-headline panel-first-child panel-last-child\" data-index=\"4\" ><div class=\"panel-widget-style panel-widget-style-for-31245-2-1-0\" ><div\n\t\t\t\n\t\t\tclass=\"so-widget-sow-headline so-widget-sow-headline-default-c263cf7b2bd7-31245\"\n\t\t\t\n\t\t><div class=\"sow-headline-container\">\n\t\t\t\t\t\t\t<p class=\"sow-headline\">\n\t\t\t\t\t\t\u201cThe biggest lesson I have learned at the Club is that I am  accepted here, and it is okay to be me.\u201d \t\t\t\t\t\t<\/p>\n\t\t\t\t\t\t\t\t\t\t\t\t<p class=\"sow-sub-headline\">\n\t\t\t\t\t\t- Sir Adam, Boys &amp; Girls Club Member\t\t\t\t\t\t<\/p>\n\t\t\t\t\t\t<\/div>\n<\/div><\/div><\/div><\/div><\/div><div id=\"pg-31245-3\"  class=\"panel-grid panel-has-style\" ><div class=\"dual-border-blue panel-row-style panel-row-style-for-31245-3\" ><div id=\"pgc-31245-3-0\"  class=\"panel-grid-cell\" ><div id=\"panel-31245-3-0-0\" class=\"so-panel widget widget_sow-headline panel-first-child\" data-index=\"5\" ><div\n\t\t\t\n\t\t\tclass=\"so-widget-sow-headline so-widget-sow-headline-default-f1ee1e7af6a2-31245\"\n\t\t\t\n\t\t><div class=\"sow-headline-container\">\n\t\t\t\t\t\t\t<h2 class=\"sow-headline\">\n\t\t\t\t\t\tNuestro impacto\t\t\t\t\t\t<\/h2>\n\t\t\t\t\t\t<\/div>\n<\/div><\/div><div id=\"panel-31245-3-0-1\" class=\"so-panel widget widget_siteorigin-panels-builder panel-last-child\" data-index=\"6\" ><div id=\"pl-w67644c8d94e6f\"  class=\"panel-layout\" ><div id=\"pg-w67644c8d94e6f-0\"  class=\"panel-grid panel-no-style\" ><div id=\"pgc-w67644c8d94e6f-0-0\"  class=\"panel-grid-cell\" ><div id=\"panel-w67644c8d94e6f-0-0-0\" class=\"so-panel widget widget_sow-editor panel-first-child panel-last-child\" data-index=\"0\" ><div\n\t\t\t\n\t\t\tclass=\"so-widget-sow-editor so-widget-sow-editor-base\"\n\t\t\t\n\t\t>\n<div class=\"siteorigin-widget-tinymce textwidget\">\n\t<p>Every year, Boys &amp; Girls Clubs of Metro Denver reaches more than <strong>40,000 youth<\/strong> through our community programs and events.<\/p>\n<p><span style=\"font-size: 16px;\">M\u00e1s que\u00a0<\/span><strong style=\"font-size: 16px;\">10,000 registered Club members<\/strong><span style=\"font-size: 16px;\"> utilize our comprehensive, high-quality Club programs throughout each program year<\/span>.<\/p>\n<p class=\"p2\"><span style=\"font-size: 16px;\">M\u00e1s que\u00a0<\/span><strong style=\"font-size: 16px;\">2,600 kids and teens<\/strong><span style=\"font-size: 16px;\"> walk through our Club doors on any given day\u00a0<\/span>and experience a safe, supportive, fun, and enriching environment that inspires and empowers them to achieve their greatest potential.<\/p>\n<p>&nbsp;<\/p>\n<p>&nbsp;<\/p>\n<\/div>\n<\/div><\/div><\/div><div id=\"pgc-w67644c8d94e6f-0-1\"  class=\"panel-grid-cell\" ><div id=\"panel-w67644c8d94e6f-0-1-0\" class=\"so-panel widget widget_sow-editor panel-first-child panel-last-child\" data-index=\"1\" ><div\n\t\t\t\n\t\t\tclass=\"so-widget-sow-editor so-widget-sow-editor-base\"\n\t\t\t\n\t\t>\n<div class=\"siteorigin-widget-tinymce textwidget\">\n\t<p class=\"p2\"><span class=\"NormalTextRun SCXW59061667 BCX0\"><strong>89%<\/strong> of surveyed K<\/span><span class=\"NormalTextRun SCXW59061667 BCX0\"> \u2013 third <\/span><span class=\"NormalTextRun SCXW59061667 BCX0\">graders <\/span><span class=\"NormalTextRun SCXW59061667 BCX0\">indicate<\/span><span class=\"NormalTextRun SCXW59061667 BCX0\"> they find enjoyment in math.*<\/span><\/p>\n<p class=\"p2\"><strong>99%<\/strong> of surveyed Club members said their participation in Youth of the Year helped build their collaboration and leadership skills.*<\/p>\n<p class=\"p2\"><span class=\"NormalTextRun SCXW217495794 BCX0\"><strong>86%<\/strong> of surveyed Club members <\/span><span class=\"NormalTextRun SCXW217495794 BCX0\">indicated<\/span><span class=\"NormalTextRun SCXW217495794 BCX0\"> they learned a new skill during outdoor education programming.*<\/span><\/p>\n<p class=\"p2\"><span class=\"NormalTextRun SCXW33002760 BCX0\"><strong>93%<\/strong> de <\/span><span class=\"NormalTextRun ContextualSpellingAndGrammarErrorV2Themed SCXW33002760 BCX0\">surveyed Club members<\/span><span class=\"NormalTextRun SCXW33002760 BCX0\"> positively <\/span><span class=\"NormalTextRun SCXW33002760 BCX0\">indicated<\/span><span class=\"NormalTextRun SCXW33002760 BCX0\"> the adults at their Club care about them.**<\/span><\/p>\n<p><em>*Program year 2023-2024 Kid Perception Data<br \/>\n**2023-2024 National Youth Outcomes Initiative Survey<\/em><\/p>\n<\/div>\n<\/div><\/div><\/div><\/div><\/div><\/div><\/div><\/div><\/div><div id=\"pg-31245-4\"  class=\"panel-grid panel-no-style\" ><div id=\"pgc-31245-4-0\"  class=\"panel-grid-cell\" ><div id=\"panel-31245-4-0-0\" class=\"so-panel widget widget_siteorigin-panels-builder panel-first-child panel-last-child\" data-index=\"7\" ><div id=\"pl-w654d74ea5326e\"  class=\"panel-layout\" ><div id=\"pg-w654d74ea5326e-0\"  class=\"panel-grid panel-no-style\" ><div id=\"pgc-w654d74ea5326e-0-0\"  class=\"panel-grid-cell\" ><div id=\"panel-w654d74ea5326e-0-0-0\" class=\"so-panel widget widget_sow-headline panel-first-child\" data-index=\"0\" ><div\n\t\t\t\n\t\t\tclass=\"so-widget-sow-headline so-widget-sow-headline-default-6a95cc0e34b4\"\n\t\t\t\n\t\t><div class=\"sow-headline-container\">\n\t\t\t\t\t\t\t<h2 class=\"sow-headline\">\n\t\t\t\t\t\tIMPACTO DE MEDICI\u00d3N\t\t\t\t\t\t<\/h2>\n\t\t\t\t\t\t\t\t\t\t\t\t<h3 class=\"sow-sub-headline\">\n\t\t\t\t\t\t\u00bfC\u00d3MO SABEMOS QUE LA PROGRAMACI\u00d3N FUNCIONA? \t\t\t\t\t\t<\/h3>\n\t\t\t\t\t\t<\/div>\n<\/div><\/div><div id=\"panel-w654d74ea5326e-0-0-1\" class=\"so-panel widget widget_sow-editor panel-last-child\" data-index=\"1\" ><div\n\t\t\t\n\t\t\tclass=\"so-widget-sow-editor so-widget-sow-editor-base\"\n\t\t\t\n\t\t>\n<div class=\"siteorigin-widget-tinymce textwidget\">\n\t<p><span data-contrast=\"auto\">\u00a1Le pedimos! Boys &amp; Girls Clubs of Metro Denver no solo encuesta regularmente a padres, familias y socios, sino que tambi\u00e9n encuesta a nuestros j\u00f3venes para comprender qu\u00e9 funciona bien y qu\u00e9 necesitan de nosotros. A partir de estas encuestas, sabemos que Boys &amp; Girls Clubs of Metro Denver lidera la naci\u00f3n en calidad y acceso a programas.<\/span><span data-ccp-props=\"{&quot;201341983&quot;:0,&quot;335551550&quot;:2,&quot;335551620&quot;:2,&quot;335559739&quot;:160,&quot;335559740&quot;:259}\">\u00a0<\/span><\/p>\n<p><span data-contrast=\"auto\">El Equipo de Impacto eval\u00faa constantemente los programas y los planes de estudios, las asociaciones y las medidas de calidad para garantizar experiencias excepcionales para todos los miembros de nuestra comunidad, desde ni\u00f1os y familias hasta l\u00edderes de la ciudad y directores ejecutivos.<\/span><span data-ccp-props=\"{&quot;201341983&quot;:0,&quot;335551550&quot;:2,&quot;335551620&quot;:2,&quot;335559739&quot;:160,&quot;335559740&quot;:259}\">\u00a0<\/span><\/p>\n<p><span data-contrast=\"auto\">\u201cEl prop\u00f3sito del Equipo de Impacto es asegurar que BGCMD lidere la naci\u00f3n en calidad y acceso a programas. Pensamos hol\u00edsticamente sobre la programaci\u00f3n impactante; proporcionarlo incluye eliminar las barreras para el registro y la educaci\u00f3n, garantizar la conexi\u00f3n con todas las comunidades a las que servimos y apoyar al personal para que sean los mejores profesionales de desarrollo juvenil que puedan ser. Nuestro alcance organizacional es tremendo y tenemos la responsabilidad de definir nuestro impacto por las voces, experiencias y percepciones de nuestros ni\u00f1os, familias y personal\u201d.\u00a0<\/span><span data-ccp-props=\"{&quot;201341983&quot;:0,&quot;335551550&quot;:2,&quot;335551620&quot;:2,&quot;335559739&quot;:160,&quot;335559740&quot;:259}\"> \u00a0<\/span><span data-contrast=\"auto\">-- Heather Intres, Directora de Impacto<\/span><span data-ccp-props=\"{&quot;201341983&quot;:0,&quot;335551550&quot;:2,&quot;335551620&quot;:2,&quot;335559739&quot;:160,&quot;335559740&quot;:259}\">\u00a0<\/span><\/p>\n<p>Leer lo \u00faltimo <a href=\"https:\/\/www.bgcmd.org\/es\/about\/news\/impact-engaging-boys-girls-clubs-of-metro-denver-families\/\">entrada en el blog<\/a> de nuestro Director de Impacto.<\/p>\n<\/div>\n<\/div><\/div><\/div><div id=\"pgc-w654d74ea5326e-0-1\"  class=\"panel-grid-cell\" ><div id=\"panel-w654d74ea5326e-0-1-0\" class=\"so-panel widget widget_sow-image panel-first-child panel-last-child\" data-index=\"2\" ><div\n\t\t\t\n\t\t\tclass=\"so-widget-sow-image so-widget-sow-image-default-dbf295114b96\"\n\t\t\t\n\t\t>\n<div class=\"sow-image-container\">\n\t\t<img \n\tsrc=\"https:\/\/www.bgcmd.org\/wp-content\/uploads\/2023\/11\/Impact-Page-Grid.png\" width=\"562\" height=\"562\" srcset=\"https:\/\/www.bgcmd.org\/wp-content\/uploads\/2023\/11\/Impact-Page-Grid.png 562w, https:\/\/www.bgcmd.org\/wp-content\/uploads\/2023\/11\/Impact-Page-Grid-300x300.png 300w, https:\/\/www.bgcmd.org\/wp-content\/uploads\/2023\/11\/Impact-Page-Grid-150x150.png 150w, https:\/\/www.bgcmd.org\/wp-content\/uploads\/2023\/11\/Impact-Page-Grid-12x12.png 12w, https:\/\/www.bgcmd.org\/wp-content\/uploads\/2023\/11\/Impact-Page-Grid-375x375.png 375w\" sizes=\"(max-width: 562px) 100vw, 562px\" title=\"Cuadr\u00edcula de p\u00e1ginas de impacto\" alt=\"\" \t\tclass=\"so-widget-image\"\/>\n\t<\/div>\n\n<\/div><\/div><\/div><\/div><\/div><\/div><\/div><\/div><div id=\"pg-31245-5\"  class=\"panel-grid panel-no-style\" ><div id=\"pgc-31245-5-0\"  class=\"panel-grid-cell\" ><div id=\"panel-31245-5-0-0\" class=\"so-panel widget widget_siteorigin-panels-builder panel-first-child\" data-index=\"8\" ><div id=\"pl-w654d74ea53de5\"  class=\"panel-layout\" ><div id=\"pg-w654d74ea53de5-0\"  class=\"panel-grid panel-no-style\" ><div id=\"pgc-w654d74ea53de5-0-0\"  class=\"panel-grid-cell\" ><div id=\"panel-w654d74ea53de5-0-0-0\" class=\"so-panel widget widget_sow-image panel-first-child panel-last-child\" data-index=\"0\" ><div\n\t\t\t\n\t\t\tclass=\"so-widget-sow-image so-widget-sow-image-default-dbf295114b96\"\n\t\t\t\n\t\t>\n<div class=\"sow-image-container\">\n\t\t<img \n\tsrc=\"https:\/\/www.bgcmd.org\/wp-content\/uploads\/2023\/11\/Impact-Page-Grid2.png\" width=\"562\" height=\"562\" srcset=\"https:\/\/www.bgcmd.org\/wp-content\/uploads\/2023\/11\/Impact-Page-Grid2.png 562w, https:\/\/www.bgcmd.org\/wp-content\/uploads\/2023\/11\/Impact-Page-Grid2-300x300.png 300w, https:\/\/www.bgcmd.org\/wp-content\/uploads\/2023\/11\/Impact-Page-Grid2-150x150.png 150w, https:\/\/www.bgcmd.org\/wp-content\/uploads\/2023\/11\/Impact-Page-Grid2-12x12.png 12w, https:\/\/www.bgcmd.org\/wp-content\/uploads\/2023\/11\/Impact-Page-Grid2-375x375.png 375w\" sizes=\"(max-width: 562px) 100vw, 562px\" title=\"Cuadr\u00edcula de p\u00e1gina de impacto2\" alt=\"\" \t\tclass=\"so-widget-image\"\/>\n\t<\/div>\n\n<\/div><\/div><\/div><div id=\"pgc-w654d74ea53de5-0-1\"  class=\"panel-grid-cell\" ><div id=\"panel-w654d74ea53de5-0-1-0\" class=\"so-panel widget widget_sow-headline panel-first-child\" data-index=\"1\" ><div\n\t\t\t\n\t\t\tclass=\"so-widget-sow-headline so-widget-sow-headline-default-4c0892379686\"\n\t\t\t\n\t\t><div class=\"sow-headline-container\">\n\t\t\t\t\t\t\t<h2 class=\"sow-headline\">\n\t\t\t\t\t\tAprendizaje socioemocional\t\t\t\t\t\t<\/h2>\n\t\t\t\t\t\t<\/div>\n<\/div><\/div><div id=\"panel-w654d74ea53de5-0-1-1\" class=\"so-panel widget widget_sow-editor panel-last-child\" data-index=\"2\" ><div\n\t\t\t\n\t\t\tclass=\"so-widget-sow-editor so-widget-sow-editor-base\"\n\t\t\t\n\t\t>\n<div class=\"siteorigin-widget-tinymce textwidget\">\n\t<p><span data-contrast=\"auto\">\u201cEl bienestar social y emocional est\u00e1 profundamente entrelazado con el desarrollo cognitivo de los ni\u00f1os\u201d y la calidad de vida <\/span><a href=\"https:\/\/www.wallacefoundation.org\/knowledge-center\/Documents\/SEL-Plus-OST-Equals-Perfect.pdf\"><span data-contrast=\"none\">(Duffrin, 2020)<\/span><b><span data-contrast=\"none\">.<\/span><\/b><\/a><span data-contrast=\"auto\"> En Boys &amp; Girls Clubs of Metro Denver, integramos deliberadamente el aprendizaje socioemocional en la estructura de cada programa y actividad, apoyando a los j\u00f3venes para que manejen mejor sus emociones, mejoren acad\u00e9micamente y experimenten menos problemas disciplinarios y de conducta.\u00a0<\/span><span data-ccp-props=\"{&quot;201341983&quot;:0,&quot;335551550&quot;:2,&quot;335551620&quot;:2,&quot;335559739&quot;:160,&quot;335559740&quot;:259}\">\u00a0<\/span><\/p>\n<p><span data-contrast=\"auto\">Como organizaci\u00f3n extraescolar y extraescolar, que apoya las necesidades de los ni\u00f1os a trav\u00e9s de programas extraescolares y actividades de verano, estamos en una posici\u00f3n \u00fanica para brindar apoyo constante a adultos y relaciones confiables durante varios a\u00f1os de la ni\u00f1ez y la adolescencia. La presencia firme e integrada de Boys &amp; Girls Clubs of Metro Denver en las vidas de los miembros de nuestro Club apoya activamente su bienestar f\u00edsico y emocional, brind\u00e1ndoles el poder para tener \u00e9xito durante su tiempo de K-12 y m\u00e1s all\u00e1.\u00a0<\/span><span data-ccp-props=\"{&quot;201341983&quot;:0,&quot;335551550&quot;:2,&quot;335551620&quot;:2,&quot;335559739&quot;:160,&quot;335559740&quot;:259}\">\u00a0<\/span><\/p>\n<p><span data-contrast=\"auto\">Los miembros del club constantemente superan a sus pares de Denver cuando se trata de participaci\u00f3n escolar, opciones saludables y acceso a relaciones de apoyo.<\/span><span data-ccp-props=\"{&quot;201341983&quot;:0,&quot;335551550&quot;:2,&quot;335551620&quot;:2,&quot;335559739&quot;:160,&quot;335559740&quot;:259}\">\u00a0<\/span><\/p>\n<p><span data-contrast=\"auto\">Cuando se asocia con Boys &amp; Girls Clubs of Metro Denver, genera un enorme impacto en miles de ni\u00f1os cada a\u00f1o. <\/span><a href=\"https:\/\/www.bgcmd.org\/es\/donate\/\"><span data-contrast=\"none\">Ayudemos a los ni\u00f1os a construir gre<\/span><span data-contrast=\"none\">en futuros, juntos.<\/span><span data-ccp-props=\"{&quot;201341983&quot;:0,&quot;335551550&quot;:2,&quot;335551620&quot;:2,&quot;335559739&quot;:160,&quot;335559740&quot;:259}\">\u00a0<\/span><\/a><\/p>\n<\/div>\n<\/div><\/div><\/div><\/div><\/div><\/div><div id=\"panel-31245-5-0-1\" class=\"so-panel widget widget_sow-button panel-last-child\" data-index=\"9\" ><div\n\t\t\t\n\t\t\tclass=\"so-widget-sow-button so-widget-sow-button-wire-9f6b80372ceb-31245\"\n\t\t\t\n\t\t><div class=\"ow-button-base ow-button-align-center\"\n>\n\t\t\t<a\n\t\t\t\t\thref=\"https:\/\/www.bgcmd.org\/es\/programs\/\"\n\t\t\t\t\tclass=\"sowb-button ow-icon-placement-left ow-button-hover\" \t>\n\t\t<span>\n\t\t\t\n\t\t\tAprende m\u00e1s sobre nuestros programas\t\t<\/span>\n\t\t\t<\/a>\n\t<\/div>\n<\/div><\/div><\/div><\/div><\/div>","protected":false},"excerpt":{"rendered":"<p>Our Impact \u201cThe biggest lesson I have learned at the Club is that I am accepted here, and it is okay to be me.\u201d &#8211; Sir Adam, Boys &amp; Girls Club Member Our Impact Every year, Boys &amp; Girls Clubs of Metro Denver reaches more than 40,000 youth through our community programs and events. More [&hellip;]<\/p>\n","protected":false},"author":14,"featured_media":0,"parent":29814,"menu_order":0,"comment_status":"closed","ping_status":"closed","template":"","meta":{"inline_featured_image":false,"site-sidebar-layout":"default","site-content-layout":"default","ast-site-content-layout":"default","site-content-style":"default","site-sidebar-style":"default","ast-global-header-display":"","ast-banner-title-visibility":"","ast-main-header-display":"","ast-hfb-above-header-display":"","ast-hfb-below-header-display":"","ast-hfb-mobile-header-display":"","site-post-title":"disabled","ast-breadcrumbs-content":"disabled","ast-featured-img":"","footer-sml-layout":"","ast-disable-related-posts":"","theme-transparent-header-meta":"default","adv-header-id-meta":"","stick-header-meta":"","header-above-stick-meta":"","header-main-stick-meta":"","header-below-stick-meta":"","astra-migrate-meta-layouts":"set","ast-page-background-enabled":"default","ast-page-background-meta":{"desktop":{"background-color":"var(--ast-global-color-4)","background-image":"","background-repeat":"repeat","background-position":"center center","background-size":"auto","background-attachment":"scroll","background-type":"","background-media":"","overlay-type":"","overlay-color":"","overlay-opacity":"","overlay-gradient":""},"tablet":{"background-color":"","background-image":"","background-repeat":"repeat","background-position":"center center","background-size":"auto","background-attachment":"scroll","background-type":"","background-media":"","overlay-type":"","overlay-color":"","overlay-opacity":"","overlay-gradient":""},"mobile":{"background-color":"","background-image":"","background-repeat":"repeat","background-position":"center center","background-size":"auto","background-attachment":"scroll","background-type":"","background-media":"","overlay-type":"","overlay-color":"","overlay-opacity":"","overlay-gradient":""}},"ast-content-background-meta":{"desktop":{"background-color":"var(--ast-global-color-5)","background-image":"","background-repeat":"repeat","background-position":"center center","background-size":"auto","background-attachment":"scroll","background-type":"","background-media":"","overlay-type":"","overlay-color":"","overlay-opacity":"","overlay-gradient":""},"tablet":{"background-color":"var(--ast-global-color-5)","background-image":"","background-repeat":"repeat","background-position":"center center","background-size":"auto","background-attachment":"scroll","background-type":"","background-media":"","overlay-type":"","overlay-color":"","overlay-opacity":"","overlay-gradient":""},"mobile":{"background-color":"var(--ast-global-color-5)","background-image":"","background-repeat":"repeat","background-position":"center center","background-size":"auto","background-attachment":"scroll","background-type":"","background-media":"","overlay-type":"","overlay-color":"","overlay-opacity":"","overlay-gradient":""}},"footnotes":"","_links_to":"","_links_to_target":""},"class_list":["post-31245","page","type-page","status-publish","hentry"],"_links":{"self":[{"href":"https:\/\/www.bgcmd.org\/es\/wp-json\/wp\/v2\/pages\/31245","targetHints":{"allow":["GET"]}}],"collection":[{"href":"https:\/\/www.bgcmd.org\/es\/wp-json\/wp\/v2\/pages"}],"about":[{"href":"https:\/\/www.bgcmd.org\/es\/wp-json\/wp\/v2\/types\/page"}],"author":[{"embeddable":true,"href":"https:\/\/www.bgcmd.org\/es\/wp-json\/wp\/v2\/users\/14"}],"replies":[{"embeddable":true,"href":"https:\/\/www.bgcmd.org\/es\/wp-json\/wp\/v2\/comments?post=31245"}],"version-history":[{"count":86,"href":"https:\/\/www.bgcmd.org\/es\/wp-json\/wp\/v2\/pages\/31245\/revisions"}],"predecessor-version":[{"id":39509,"href":"https:\/\/www.bgcmd.org\/es\/wp-json\/wp\/v2\/pages\/31245\/revisions\/39509"}],"up":[{"embeddable":true,"href":"https:\/\/www.bgcmd.org\/es\/wp-json\/wp\/v2\/pages\/29814"}],"wp:attachment":[{"href":"https:\/\/www.bgcmd.org\/es\/wp-json\/wp\/v2\/media?parent=31245"}],"curies":[{"name":"wp","href":"https:\/\/api.w.org\/{rel}","templated":true}]}}