{"id":30220,"date":"2022-02-28T09:48:52","date_gmt":"2022-02-28T16:48:52","guid":{"rendered":"https:\/\/www.bgcmd.org\/?page_id=30220"},"modified":"2022-02-28T10:02:37","modified_gmt":"2022-02-28T17:02:37","slug":"outcomes-results","status":"publish","type":"page","link":"https:\/\/www.bgcmd.org\/es\/programs\/outcomes-results\/","title":{"rendered":"Efectos y resultados"},"content":{"rendered":"<div id=\"pl-30220\"  class=\"panel-layout\" ><div id=\"pg-30220-0\"  class=\"panel-grid panel-has-style\" ><div class=\"siteorigin-panels-stretch panel-row-style panel-row-style-for-30220-0\" data-stretch-type=\"full-stretched\" ><div id=\"pgc-30220-0-0\"  class=\"panel-grid-cell\" ><div id=\"panel-30220-0-0-0\" class=\"so-panel widget widget_sow-image panel-first-child panel-last-child\" data-index=\"0\" ><div\n\t\t\t\n\t\t\tclass=\"so-widget-sow-image so-widget-sow-image-default-dbf295114b96-30220\"\n\t\t\t\n\t\t>\n<div class=\"sow-image-container\">\n\t\t<img \n\tsrc=\"https:\/\/www.bgcmd.org\/wp-content\/uploads\/2022\/02\/Grid-For-InteriorSlider-MobileGrid-Final-1.png\" width=\"576\" height=\"144\" srcset=\"https:\/\/www.bgcmd.org\/wp-content\/uploads\/2022\/02\/Grid-For-InteriorSlider-MobileGrid-Final-1.png 576w, https:\/\/www.bgcmd.org\/wp-content\/uploads\/2022\/02\/Grid-For-InteriorSlider-MobileGrid-Final-1-300x75.png 300w, https:\/\/www.bgcmd.org\/wp-content\/uploads\/2022\/02\/Grid-For-InteriorSlider-MobileGrid-Final-1-18x5.png 18w\" sizes=\"(max-width: 576px) 100vw, 576px\" title=\"Grid-For-InteriorSlider-MobileGrid-Final (1)\" alt=\"\" \t\tclass=\"so-widget-image\"\/>\n\t<\/div>\n\n<\/div><\/div><\/div><\/div><\/div><div id=\"pg-30220-1\"  class=\"panel-grid panel-has-style\" ><div class=\"landingpage-hero siteorigin-panels-stretch panel-row-style panel-row-style-for-30220-1\" data-stretch-type=\"full-stretched\" ><div id=\"pgc-30220-1-0\"  class=\"panel-grid-cell\" ><div class=\"panel-cell-style panel-cell-style-for-30220-1-0\" ><div id=\"panel-30220-1-0-0\" class=\"so-panel widget widget_sow-headline panel-first-child panel-last-child\" data-index=\"1\" ><div\n\t\t\t\n\t\t\tclass=\"so-widget-sow-headline so-widget-sow-headline-default-700840d0284d-30220\"\n\t\t\t\n\t\t><div class=\"sow-headline-container\">\n\t\t\t\t\t\t\t<h1 class=\"sow-headline\">\n\t\t\t\t\t\tEfectos y Resultados\t\t\t\t\t\t<\/h1>\n\t\t\t\t\t\t<\/div>\n<\/div><\/div><\/div><\/div><div id=\"pgc-30220-1-1\"  class=\"panel-grid-cell\" ><div id=\"panel-30220-1-1-0\" class=\"so-panel widget widget_sow-image panel-first-child panel-last-child\" data-index=\"2\" ><div\n\t\t\t\n\t\t\tclass=\"so-widget-sow-image so-widget-sow-image-default-dbf295114b96-30220\"\n\t\t\t\n\t\t>\n<div class=\"sow-image-container\">\n\t\t<img \n\tsrc=\"https:\/\/www.bgcmd.org\/wp-content\/uploads\/2022\/02\/wide-1.png\" width=\"1117\" height=\"374\" srcset=\"https:\/\/www.bgcmd.org\/wp-content\/uploads\/2022\/02\/wide-1.png 1117w, https:\/\/www.bgcmd.org\/wp-content\/uploads\/2022\/02\/wide-1-300x100.png 300w, https:\/\/www.bgcmd.org\/wp-content\/uploads\/2022\/02\/wide-1-1024x343.png 1024w, https:\/\/www.bgcmd.org\/wp-content\/uploads\/2022\/02\/wide-1-768x257.png 768w, https:\/\/www.bgcmd.org\/wp-content\/uploads\/2022\/02\/wide-1-18x6.png 18w\" sizes=\"(max-width: 1117px) 100vw, 1117px\" title=\"ancho (1)\" alt=\"\" \t\tclass=\"so-widget-image\"\/>\n\t<\/div>\n\n<\/div><\/div><\/div><\/div><\/div><div id=\"pg-30220-2\"  class=\"panel-grid panel-no-style\" ><div id=\"pgc-30220-2-0\"  class=\"panel-grid-cell\" ><div id=\"panel-30220-2-0-0\" class=\"so-panel widget widget_sow-editor panel-first-child panel-last-child\" data-index=\"3\" ><div\n\t\t\t\n\t\t\tclass=\"so-widget-sow-editor so-widget-sow-editor-base\"\n\t\t\t\n\t\t>\n<div class=\"siteorigin-widget-tinymce textwidget\">\n\t<p style=\"text-align: center;\"><span class=\"text-xl\">En Boys &amp; Girls Clubs of Metro Denver, comenzamos cada a\u00f1o pensando en lo que queremos que nuestros miembros del club y sus familias puedan lograr con nuestro apoyo. Durante todo el a\u00f1o, nos esforzamos por promover la asistencia regular a los Clubes y la participaci\u00f3n sostenida en programas dirigidos a los ni\u00f1os que m\u00e1s nos necesitan, para ayudarlos a superar los obst\u00e1culos en su vida y alcanzar sus metas. En el camino, recopilamos y analizamos datos que nos ayudan a comprender c\u00f3mo podemos adaptar nuestros programas y servicios para tener el m\u00e1ximo impacto en las comunidades a las que servimos.<\/span><\/p>\n<\/div>\n<\/div><\/div><\/div><\/div><div id=\"pg-30220-3\"  class=\"panel-grid panel-no-style\" ><div id=\"pgc-30220-3-0\"  class=\"panel-grid-cell\" ><div id=\"panel-30220-3-0-0\" class=\"so-panel widget widget_sow-headline panel-first-child panel-last-child\" data-index=\"4\" ><div\n\t\t\t\n\t\t\tclass=\"so-widget-sow-headline so-widget-sow-headline-default-771b70f7f01f-30220\"\n\t\t\t\n\t\t><div class=\"sow-headline-container\">\n\t\t\t\t\t\t\t<h2 class=\"sow-headline\">\n\t\t\t\t\t\tBoys &amp; Girls Clubs de Metro Denver ayudan a los j\u00f3venes a tener \u00e9xito. Estamos orgullosos de informar los siguientes resultados y resultados:\t\t\t\t\t\t<\/h2>\n\t\t\t\t\t\t<\/div>\n<\/div><\/div><\/div><\/div><div id=\"pg-30220-4\"  class=\"panel-grid panel-has-style\" ><div class=\"panel-row-style panel-row-style-for-30220-4\" ><div id=\"pgc-30220-4-0\"  class=\"panel-grid-cell\" ><div id=\"panel-30220-4-0-0\" class=\"so-panel widget widget_sow-headline panel-first-child\" data-index=\"5\" ><div\n\t\t\t\n\t\t\tclass=\"so-widget-sow-headline so-widget-sow-headline-default-d8ac342ae3c2-30220\"\n\t\t\t\n\t\t><div class=\"sow-headline-container\">\n\t\t\t\t\t\t\t<h3 class=\"sow-headline\">\n\t\t\t\t\t\tAspectos destacados del programa acad\u00e9mico y profesional\t\t\t\t\t\t<\/h3>\n\t\t\t\t\t\t<\/div>\n<\/div><\/div><div id=\"panel-30220-4-0-1\" class=\"so-panel widget widget_siteorigin-panels-builder panel-last-child\" data-index=\"6\" ><div id=\"pl-w621cff77db573\"  class=\"panel-layout\" ><div id=\"pg-w621cff77db573-0\"  class=\"panel-grid panel-no-style\" ><div id=\"pgc-w621cff77db573-0-0\"  class=\"panel-grid-cell\" ><div id=\"panel-w621cff77db573-0-0-0\" class=\"so-panel widget widget_sow-headline panel-first-child panel-last-child\" data-index=\"0\" ><div\n\t\t\t\n\t\t\tclass=\"so-widget-sow-headline so-widget-sow-headline-default-c73a925fff79\"\n\t\t\t\n\t\t><div class=\"sow-headline-container\">\n\t\t\t\t\t\t\t<p class=\"sow-headline\">\n\t\t\t\t\t\t75%\t\t\t\t\t\t<\/p>\n\t\t\t\t\t\t\t\t\t\t\t\t<p class=\"sow-sub-headline\">\n\t\t\t\t\t\t75% de los miembros de nuestro Club se graduaron de la escuela secundaria a tiempo, en comparaci\u00f3n con 60% de estudiantes de bajos ingresos en las escuelas del \u00e1rea metropolitana de Denver.\t\t\t\t\t\t<\/p>\n\t\t\t\t\t\t<\/div>\n<\/div><\/div><\/div><div id=\"pgc-w621cff77db573-0-1\"  class=\"panel-grid-cell\" ><div id=\"panel-w621cff77db573-0-1-0\" class=\"so-panel widget widget_sow-headline panel-first-child panel-last-child\" data-index=\"1\" ><div\n\t\t\t\n\t\t\tclass=\"so-widget-sow-headline so-widget-sow-headline-default-c73a925fff79\"\n\t\t\t\n\t\t><div class=\"sow-headline-container\">\n\t\t\t\t\t\t\t<p class=\"sow-headline\">\n\t\t\t\t\t\t93%\t\t\t\t\t\t<\/p>\n\t\t\t\t\t\t\t\t\t\t\t\t<p class=\"sow-sub-headline\">\n\t\t\t\t\t\t93% de los miembros del Club que se grad\u00faan tienen un plan universitario o profesional\t\t\t\t\t\t<\/p>\n\t\t\t\t\t\t<\/div>\n<\/div><\/div><\/div><\/div><div id=\"pg-w621cff77db573-1\"  class=\"panel-grid panel-no-style\" ><div id=\"pgc-w621cff77db573-1-0\"  class=\"panel-grid-cell\" ><div id=\"panel-w621cff77db573-1-0-0\" class=\"so-panel widget widget_sow-headline panel-first-child panel-last-child\" data-index=\"2\" ><div\n\t\t\t\n\t\t\tclass=\"so-widget-sow-headline so-widget-sow-headline-default-c73a925fff79\"\n\t\t\t\n\t\t><div class=\"sow-headline-container\">\n\t\t\t\t\t\t\t<p class=\"sow-headline\">\n\t\t\t\t\t\t6,125\t\t\t\t\t\t<\/p>\n\t\t\t\t\t\t\t\t\t\t\t\t<p class=\"sow-sub-headline\">\n\t\t\t\t\t\tEn promedio, cada miembro del Club pas\u00f3 6.125 minutos leyendo en los Clubes a lo largo del a\u00f1o escolar.\t\t\t\t\t\t<\/p>\n\t\t\t\t\t\t<\/div>\n<\/div><\/div><\/div><div id=\"pgc-w621cff77db573-1-1\"  class=\"panel-grid-cell\" ><div id=\"panel-w621cff77db573-1-1-0\" class=\"so-panel widget widget_sow-headline panel-first-child panel-last-child\" data-index=\"3\" ><div\n\t\t\t\n\t\t\tclass=\"so-widget-sow-headline so-widget-sow-headline-default-c73a925fff79\"\n\t\t\t\n\t\t><div class=\"sow-headline-container\">\n\t\t\t\t\t\t\t<p class=\"sow-headline\">\n\t\t\t\t\t\t2x\t\t\t\t\t\t<\/p>\n\t\t\t\t\t\t\t\t\t\t\t\t<p class=\"sow-sub-headline\">\n\t\t\t\t\t\tLos miembros del club tienen 2 veces m\u00e1s probabilidades de expresar inter\u00e9s en carreras STEM en comparaci\u00f3n con sus compa\u00f1eros\t\t\t\t\t\t<\/p>\n\t\t\t\t\t\t<\/div>\n<\/div><\/div><\/div><\/div><\/div><\/div><\/div><\/div><\/div><div id=\"pg-30220-5\"  class=\"panel-grid panel-has-style\" ><div class=\"panel-row-style panel-row-style-for-30220-5\" ><div id=\"pgc-30220-5-0\"  class=\"panel-grid-cell\" ><div id=\"panel-30220-5-0-0\" class=\"so-panel widget widget_sow-headline panel-first-child\" data-index=\"7\" ><div\n\t\t\t\n\t\t\tclass=\"so-widget-sow-headline so-widget-sow-headline-default-d8ac342ae3c2-30220\"\n\t\t\t\n\t\t><div class=\"sow-headline-container\">\n\t\t\t\t\t\t\t<h3 class=\"sow-headline\">\n\t\t\t\t\t\tAspectos destacados del programa de car\u00e1cter y liderazgo\t\t\t\t\t\t<\/h3>\n\t\t\t\t\t\t<\/div>\n<\/div><\/div><div id=\"panel-30220-5-0-1\" class=\"so-panel widget widget_siteorigin-panels-builder panel-last-child\" data-index=\"8\" ><div id=\"pl-w621cff77dd257\"  class=\"panel-layout\" ><div id=\"pg-w621cff77dd257-0\"  class=\"panel-grid panel-no-style\" ><div id=\"pgc-w621cff77dd257-0-0\"  class=\"panel-grid-cell\" ><div id=\"panel-w621cff77dd257-0-0-0\" class=\"so-panel widget widget_sow-headline panel-first-child panel-last-child\" data-index=\"0\" ><div\n\t\t\t\n\t\t\tclass=\"so-widget-sow-headline so-widget-sow-headline-default-c73a925fff79\"\n\t\t\t\n\t\t><div class=\"sow-headline-container\">\n\t\t\t\t\t\t\t<p class=\"sow-headline\">\n\t\t\t\t\t\t8,803\t\t\t\t\t\t<\/p>\n\t\t\t\t\t\t\t\t\t\t\t\t<p class=\"sow-sub-headline\">\n\t\t\t\t\t\tLos miembros del club completaron m\u00e1s de 8803 horas de servicio en sus vecindarios y comunidades.\t\t\t\t\t\t<\/p>\n\t\t\t\t\t\t<\/div>\n<\/div><\/div><\/div><div id=\"pgc-w621cff77dd257-0-1\"  class=\"panel-grid-cell\" ><div id=\"panel-w621cff77dd257-0-1-0\" class=\"so-panel widget widget_sow-headline panel-first-child panel-last-child\" data-index=\"1\" ><div\n\t\t\t\n\t\t\tclass=\"so-widget-sow-headline so-widget-sow-headline-default-c73a925fff79\"\n\t\t\t\n\t\t><div class=\"sow-headline-container\">\n\t\t\t\t\t\t\t<p class=\"sow-headline\">\n\t\t\t\t\t\t75%\t\t\t\t\t\t<\/p>\n\t\t\t\t\t\t\t\t\t\t\t\t<p class=\"sow-sub-headline\">\n\t\t\t\t\t\tLos miembros adolescentes de Boys &amp; Girls Clubs of Metro Denver son voluntarios con m\u00e1s del doble de frecuencia que otros adolescentes. 75% de los miembros de nuestro Teen Club se ofrecieron como voluntarios al menos una vez al mes en comparaci\u00f3n con el promedio nacional de 33% por mes.\t\t\t\t\t\t<\/p>\n\t\t\t\t\t\t<\/div>\n<\/div><\/div><\/div><\/div><div id=\"pg-w621cff77dd257-1\"  class=\"panel-grid panel-no-style\" ><div id=\"pgc-w621cff77dd257-1-0\"  class=\"panel-grid-cell\" ><div id=\"panel-w621cff77dd257-1-0-0\" class=\"so-panel widget widget_sow-headline panel-first-child panel-last-child\" data-index=\"2\" ><div\n\t\t\t\n\t\t\tclass=\"so-widget-sow-headline so-widget-sow-headline-default-c73a925fff79\"\n\t\t\t\n\t\t><div class=\"sow-headline-container\">\n\t\t\t\t\t\t\t<p class=\"sow-headline\">\n\t\t\t\t\t\t90%\t\t\t\t\t\t<\/p>\n\t\t\t\t\t\t\t\t\t\t\t\t<p class=\"sow-sub-headline\">\n\t\t\t\t\t\tEl 90% de los miembros que asisten regularmente a los clubes dicen que pueden defender lo que es correcto, incluso si sus amigos no est\u00e1n de acuerdo.\t\t\t\t\t\t<\/p>\n\t\t\t\t\t\t<\/div>\n<\/div><\/div><\/div><div id=\"pgc-w621cff77dd257-1-1\"  class=\"panel-grid-cell\" ><div id=\"panel-w621cff77dd257-1-1-0\" class=\"so-panel widget widget_sow-headline panel-first-child panel-last-child\" data-index=\"3\" ><div\n\t\t\t\n\t\t\tclass=\"so-widget-sow-headline so-widget-sow-headline-default-c73a925fff79\"\n\t\t\t\n\t\t><div class=\"sow-headline-container\">\n\t\t\t\t\t\t\t<p class=\"sow-headline\">\n\t\t\t\t\t\t84%\t\t\t\t\t\t<\/p>\n\t\t\t\t\t\t\t\t\t\t\t\t<p class=\"sow-sub-headline\">\n\t\t\t\t\t\t84% de los miembros del Club creen que pueden marcar la diferencia en su comunidad.\t\t\t\t\t\t<\/p>\n\t\t\t\t\t\t<\/div>\n<\/div><\/div><\/div><\/div><\/div><\/div><\/div><\/div><\/div><div id=\"pg-30220-6\"  class=\"panel-grid panel-has-style\" ><div class=\"panel-row-style panel-row-style-for-30220-6\" ><div id=\"pgc-30220-6-0\"  class=\"panel-grid-cell\" ><div id=\"panel-30220-6-0-0\" class=\"so-panel widget widget_sow-headline panel-first-child\" data-index=\"9\" ><div\n\t\t\t\n\t\t\tclass=\"so-widget-sow-headline so-widget-sow-headline-default-d8ac342ae3c2-30220\"\n\t\t\t\n\t\t><div class=\"sow-headline-container\">\n\t\t\t\t\t\t\t<h3 class=\"sow-headline\">\n\t\t\t\t\t\tAspectos destacados del programa de estilos de vida saludables\t\t\t\t\t\t<\/h3>\n\t\t\t\t\t\t<\/div>\n<\/div><\/div><div id=\"panel-30220-6-0-1\" class=\"so-panel widget widget_siteorigin-panels-builder panel-last-child\" data-index=\"10\" ><div id=\"pl-w621cff77de8db\"  class=\"panel-layout\" ><div id=\"pg-w621cff77de8db-0\"  class=\"panel-grid panel-no-style\" ><div id=\"pgc-w621cff77de8db-0-0\"  class=\"panel-grid-cell\" ><div id=\"panel-w621cff77de8db-0-0-0\" class=\"so-panel widget widget_sow-headline panel-first-child panel-last-child\" data-index=\"0\" ><div\n\t\t\t\n\t\t\tclass=\"so-widget-sow-headline so-widget-sow-headline-default-c73a925fff79\"\n\t\t\t\n\t\t><div class=\"sow-headline-container\">\n\t\t\t\t\t\t\t<p class=\"sow-headline\">\n\t\t\t\t\t\t2,200\t\t\t\t\t\t<\/p>\n\t\t\t\t\t\t\t\t\t\t\t\t<p class=\"sow-sub-headline\">\n\t\t\t\t\t\tM\u00e1s de 2.200 socios del Club participaron en deportes colectivos en los Clubes\t\t\t\t\t\t<\/p>\n\t\t\t\t\t\t<\/div>\n<\/div><\/div><\/div><div id=\"pgc-w621cff77de8db-0-1\"  class=\"panel-grid-cell\" ><div id=\"panel-w621cff77de8db-0-1-0\" class=\"so-panel widget widget_sow-headline panel-first-child panel-last-child\" data-index=\"1\" ><div\n\t\t\t\n\t\t\tclass=\"so-widget-sow-headline so-widget-sow-headline-default-c73a925fff79\"\n\t\t\t\n\t\t><div class=\"sow-headline-container\">\n\t\t\t\t\t\t\t<p class=\"sow-headline\">\n\t\t\t\t\t\t76%\t\t\t\t\t\t<\/p>\n\t\t\t\t\t\t\t\t\t\t\t\t<p class=\"sow-sub-headline\">\n\t\t\t\t\t\t76% de socios del Club ejercieron a intensidad vigorosa o moderada cuatro o m\u00e1s veces por semana\t\t\t\t\t\t<\/p>\n\t\t\t\t\t\t<\/div>\n<\/div><\/div><\/div><\/div><div id=\"pg-w621cff77de8db-1\"  class=\"panel-grid panel-no-style\" ><div id=\"pgc-w621cff77de8db-1-0\"  class=\"panel-grid-cell\" ><div id=\"panel-w621cff77de8db-1-0-0\" class=\"so-panel widget widget_sow-headline panel-first-child panel-last-child\" data-index=\"2\" ><div\n\t\t\t\n\t\t\tclass=\"so-widget-sow-headline so-widget-sow-headline-default-c73a925fff79\"\n\t\t\t\n\t\t><div class=\"sow-headline-container\">\n\t\t\t\t\t\t\t<p class=\"sow-headline\">\n\t\t\t\t\t\t200\t\t\t\t\t\t<\/p>\n\t\t\t\t\t\t\t\t\t\t\t\t<p class=\"sow-sub-headline\">\n\t\t\t\t\t\t200 familias asistieron a clases intergeneracionales de cocina saludable en nuestros Clubes\t\t\t\t\t\t<\/p>\n\t\t\t\t\t\t<\/div>\n<\/div><\/div><\/div><div id=\"pgc-w621cff77de8db-1-1\"  class=\"panel-grid-cell\" ><div id=\"panel-w621cff77de8db-1-1-0\" class=\"so-panel widget widget_sow-headline panel-first-child panel-last-child\" data-index=\"3\" ><div\n\t\t\t\n\t\t\tclass=\"so-widget-sow-headline so-widget-sow-headline-default-c73a925fff79\"\n\t\t\t\n\t\t><div class=\"sow-headline-container\">\n\t\t\t\t\t\t\t<p class=\"sow-headline\">\n\t\t\t\t\t\t1,600\t\t\t\t\t\t<\/p>\n\t\t\t\t\t\t\t\t\t\t\t\t<p class=\"sow-sub-headline\">\n\t\t\t\t\t\tM\u00e1s de 1600 miembros del club exploraron el aire libre a trav\u00e9s de nuestro programa de educaci\u00f3n al aire libre.\t\t\t\t\t\t<\/p>\n\t\t\t\t\t\t<\/div>\n<\/div><\/div><\/div><\/div><div id=\"pg-w621cff77de8db-2\"  class=\"panel-grid panel-no-style\" ><div id=\"pgc-w621cff77de8db-2-0\"  class=\"panel-grid-cell panel-grid-cell-mobile-last\" ><div id=\"panel-w621cff77de8db-2-0-0\" class=\"so-panel widget widget_sow-headline panel-first-child panel-last-child\" data-index=\"4\" ><div\n\t\t\t\n\t\t\tclass=\"so-widget-sow-headline so-widget-sow-headline-default-c73a925fff79\"\n\t\t\t\n\t\t><div class=\"sow-headline-container\">\n\t\t\t\t\t\t\t<p class=\"sow-headline\">\n\t\t\t\t\t\t275,000\t\t\t\t\t\t<\/p>\n\t\t\t\t\t\t\t\t\t\t\t\t<p class=\"sow-sub-headline\">\n\t\t\t\t\t\t275.000 comidas servidas cada a\u00f1o en los Clubs\t\t\t\t\t\t<\/p>\n\t\t\t\t\t\t<\/div>\n<\/div><\/div><\/div><div id=\"pgc-w621cff77de8db-2-1\"  class=\"panel-grid-cell panel-grid-cell-empty\" ><\/div><\/div><\/div><\/div><\/div><\/div><\/div><\/div>","protected":false},"excerpt":{"rendered":"<p>Outcomes &amp; Results At Boys &amp; Girls Clubs of Metro Denver, we begin each year thinking about what we want our Club members and their families to be able to achieve with our support. All year long, we strive to promote regular attendance at the Clubs and sustained participation in targeted programs for the kids [&hellip;]<\/p>\n","protected":false},"author":17,"featured_media":0,"parent":29814,"menu_order":0,"comment_status":"closed","ping_status":"closed","template":"","meta":{"inline_featured_image":false,"site-sidebar-layout":"default","site-content-layout":"default","ast-site-content-layout":"default","site-content-style":"default","site-sidebar-style":"default","ast-global-header-display":"","ast-banner-title-visibility":"","ast-main-header-display":"","ast-hfb-above-header-display":"","ast-hfb-below-header-display":"","ast-hfb-mobile-header-display":"","site-post-title":"disabled","ast-breadcrumbs-content":"disabled","ast-featured-img":"","footer-sml-layout":"","ast-disable-related-posts":"","theme-transparent-header-meta":"","adv-header-id-meta":"","stick-header-meta":"","header-above-stick-meta":"","header-main-stick-meta":"","header-below-stick-meta":"","astra-migrate-meta-layouts":"default","ast-page-background-enabled":"default","ast-page-background-meta":{"desktop":{"background-color":"var(--ast-global-color-4)","background-image":"","background-repeat":"repeat","background-position":"center center","background-size":"auto","background-attachment":"scroll","background-type":"","background-media":"","overlay-type":"","overlay-color":"","overlay-opacity":"","overlay-gradient":""},"tablet":{"background-color":"","background-image":"","background-repeat":"repeat","background-position":"center center","background-size":"auto","background-attachment":"scroll","background-type":"","background-media":"","overlay-type":"","overlay-color":"","overlay-opacity":"","overlay-gradient":""},"mobile":{"background-color":"","background-image":"","background-repeat":"repeat","background-position":"center center","background-size":"auto","background-attachment":"scroll","background-type":"","background-media":"","overlay-type":"","overlay-color":"","overlay-opacity":"","overlay-gradient":""}},"ast-content-background-meta":{"desktop":{"background-color":"var(--ast-global-color-5)","background-image":"","background-repeat":"repeat","background-position":"center center","background-size":"auto","background-attachment":"scroll","background-type":"","background-media":"","overlay-type":"","overlay-color":"","overlay-opacity":"","overlay-gradient":""},"tablet":{"background-color":"var(--ast-global-color-5)","background-image":"","background-repeat":"repeat","background-position":"center center","background-size":"auto","background-attachment":"scroll","background-type":"","background-media":"","overlay-type":"","overlay-color":"","overlay-opacity":"","overlay-gradient":""},"mobile":{"background-color":"var(--ast-global-color-5)","background-image":"","background-repeat":"repeat","background-position":"center center","background-size":"auto","background-attachment":"scroll","background-type":"","background-media":"","overlay-type":"","overlay-color":"","overlay-opacity":"","overlay-gradient":""}},"footnotes":"","_links_to":"","_links_to_target":""},"class_list":["post-30220","page","type-page","status-publish","hentry"],"_links":{"self":[{"href":"https:\/\/www.bgcmd.org\/es\/wp-json\/wp\/v2\/pages\/30220","targetHints":{"allow":["GET"]}}],"collection":[{"href":"https:\/\/www.bgcmd.org\/es\/wp-json\/wp\/v2\/pages"}],"about":[{"href":"https:\/\/www.bgcmd.org\/es\/wp-json\/wp\/v2\/types\/page"}],"author":[{"embeddable":true,"href":"https:\/\/www.bgcmd.org\/es\/wp-json\/wp\/v2\/users\/17"}],"replies":[{"embeddable":true,"href":"https:\/\/www.bgcmd.org\/es\/wp-json\/wp\/v2\/comments?post=30220"}],"version-history":[{"count":10,"href":"https:\/\/www.bgcmd.org\/es\/wp-json\/wp\/v2\/pages\/30220\/revisions"}],"predecessor-version":[{"id":30235,"href":"https:\/\/www.bgcmd.org\/es\/wp-json\/wp\/v2\/pages\/30220\/revisions\/30235"}],"up":[{"embeddable":true,"href":"https:\/\/www.bgcmd.org\/es\/wp-json\/wp\/v2\/pages\/29814"}],"wp:attachment":[{"href":"https:\/\/www.bgcmd.org\/es\/wp-json\/wp\/v2\/media?parent=30220"}],"curies":[{"name":"wp","href":"https:\/\/api.w.org\/{rel}","templated":true}]}}