{"id":30048,"date":"2022-02-25T13:00:46","date_gmt":"2022-02-25T20:00:46","guid":{"rendered":"http:\/\/bgcmd.flywheelstaging.com\/?page_id=30048"},"modified":"2023-09-06T10:25:22","modified_gmt":"2023-09-06T16:25:22","slug":"dream-adventure-raffle","status":"publish","type":"page","link":"https:\/\/www.bgcmd.org\/es\/dream-adventure-raffle\/","title":{"rendered":"Sorteo Aventura de Ensue\u00f1o"},"content":{"rendered":"<div id=\"pl-30048\"  class=\"panel-layout\" ><div id=\"pg-30048-0\"  class=\"panel-grid panel-has-style\" ><div class=\"siteorigin-panels-stretch panel-row-style panel-row-style-for-30048-0\" data-stretch-type=\"full-stretched\" ><div id=\"pgc-30048-0-0\"  class=\"panel-grid-cell\" ><div id=\"panel-30048-0-0-0\" class=\"so-panel widget widget_sow-image panel-first-child panel-last-child\" data-index=\"0\" ><div\n\t\t\t\n\t\t\tclass=\"so-widget-sow-image so-widget-sow-image-default-dbf295114b96-30048\"\n\t\t\t\n\t\t>\n<div class=\"sow-image-container\">\n\t\t<img \n\tsrc=\"https:\/\/www.bgcmd.org\/wp-content\/uploads\/2022\/02\/Grid-For-InteriorSlider-MobileGrid-Final-1.png\" width=\"576\" height=\"144\" srcset=\"https:\/\/www.bgcmd.org\/wp-content\/uploads\/2022\/02\/Grid-For-InteriorSlider-MobileGrid-Final-1.png 576w, https:\/\/www.bgcmd.org\/wp-content\/uploads\/2022\/02\/Grid-For-InteriorSlider-MobileGrid-Final-1-300x75.png 300w, https:\/\/www.bgcmd.org\/wp-content\/uploads\/2022\/02\/Grid-For-InteriorSlider-MobileGrid-Final-1-18x5.png 18w\" sizes=\"(max-width: 576px) 100vw, 576px\" title=\"Grid-For-InteriorSlider-MobileGrid-Final (1)\" alt=\"\" \t\tclass=\"so-widget-image\"\/>\n\t<\/div>\n\n<\/div><\/div><\/div><\/div><\/div><div id=\"pg-30048-1\"  class=\"panel-grid panel-has-style\" ><div class=\"landingpage-hero siteorigin-panels-stretch panel-row-style panel-row-style-for-30048-1\" data-stretch-type=\"full-stretched\" ><div id=\"pgc-30048-1-0\"  class=\"panel-grid-cell\" ><div class=\"panel-cell-style panel-cell-style-for-30048-1-0\" ><div id=\"panel-30048-1-0-0\" class=\"so-panel widget widget_sow-headline panel-first-child panel-last-child\" data-index=\"1\" ><div\n\t\t\t\n\t\t\tclass=\"so-widget-sow-headline so-widget-sow-headline-default-700840d0284d-30048\"\n\t\t\t\n\t\t><div class=\"sow-headline-container\">\n\t\t\t\t\t\t\t<h1 class=\"sow-headline\">\n\t\t\t\t\t\tSorteo Aventura de Ensue\u00f1o\t\t\t\t\t\t<\/h1>\n\t\t\t\t\t\t<\/div>\n<\/div><\/div><\/div><\/div><div id=\"pgc-30048-1-1\"  class=\"panel-grid-cell\" ><div id=\"panel-30048-1-1-0\" class=\"so-panel widget widget_sow-image panel-first-child panel-last-child\" data-index=\"2\" ><div\n\t\t\t\n\t\t\tclass=\"so-widget-sow-image so-widget-sow-image-default-dbf295114b96-30048\"\n\t\t\t\n\t\t>\n<div class=\"sow-image-container\">\n\t\t<img \n\tsrc=\"https:\/\/www.bgcmd.org\/wp-content\/uploads\/2023\/07\/DSST-Elevate-NE-Boys-Girls-Club-_-Club-Page-Header.jpg\" width=\"2000\" height=\"667\" srcset=\"https:\/\/www.bgcmd.org\/wp-content\/uploads\/2023\/07\/DSST-Elevate-NE-Boys-Girls-Club-_-Club-Page-Header.jpg 2000w, https:\/\/www.bgcmd.org\/wp-content\/uploads\/2023\/07\/DSST-Elevate-NE-Boys-Girls-Club-_-Club-Page-Header-300x100.jpg 300w, https:\/\/www.bgcmd.org\/wp-content\/uploads\/2023\/07\/DSST-Elevate-NE-Boys-Girls-Club-_-Club-Page-Header-1024x342.jpg 1024w, https:\/\/www.bgcmd.org\/wp-content\/uploads\/2023\/07\/DSST-Elevate-NE-Boys-Girls-Club-_-Club-Page-Header-768x256.jpg 768w, https:\/\/www.bgcmd.org\/wp-content\/uploads\/2023\/07\/DSST-Elevate-NE-Boys-Girls-Club-_-Club-Page-Header-1536x512.jpg 1536w, https:\/\/www.bgcmd.org\/wp-content\/uploads\/2023\/07\/DSST-Elevate-NE-Boys-Girls-Club-_-Club-Page-Header-18x6.jpg 18w\" sizes=\"(max-width: 2000px) 100vw, 2000px\" title=\"DSST Elevate NE Boys &amp; Girls Club _ Encabezado de p\u00e1gina del club\" alt=\"DSST Elevate NE Boys &amp; Girls Club\" \t\tclass=\"so-widget-image\"\/>\n\t<\/div>\n\n<\/div><\/div><\/div><\/div><\/div><div id=\"pg-30048-2\"  class=\"panel-grid panel-no-style\" ><div id=\"pgc-30048-2-0\"  class=\"panel-grid-cell\" ><div id=\"panel-30048-2-0-0\" class=\"so-panel widget widget_sow-image panel-first-child\" data-index=\"3\" ><div\n\t\t\t\n\t\t\tclass=\"so-widget-sow-image so-widget-sow-image-default-c67d20f9f743-30048\"\n\t\t\t\n\t\t>\n<div class=\"sow-image-container\">\n\t\t<img \n\tsrc=\"https:\/\/www.bgcmd.org\/wp-content\/uploads\/2023\/09\/HeroVehicles2_1500px-e1694017423573.jpeg\" width=\"1500\" height=\"502\" srcset=\"https:\/\/www.bgcmd.org\/wp-content\/uploads\/2023\/09\/HeroVehicles2_1500px-e1694017423573.jpeg 1500w, https:\/\/www.bgcmd.org\/wp-content\/uploads\/2023\/09\/HeroVehicles2_1500px-e1694017423573-300x100.jpeg 300w, https:\/\/www.bgcmd.org\/wp-content\/uploads\/2023\/09\/HeroVehicles2_1500px-e1694017423573-1024x343.jpeg 1024w, https:\/\/www.bgcmd.org\/wp-content\/uploads\/2023\/09\/HeroVehicles2_1500px-e1694017423573-768x257.jpeg 768w, https:\/\/www.bgcmd.org\/wp-content\/uploads\/2023\/09\/HeroVehicles2_1500px-e1694017423573-18x6.jpeg 18w\" sizes=\"(max-width: 1500px) 100vw, 1500px\" title=\"HeroVehicles2_1500px\" alt=\"\" \t\tclass=\"so-widget-image\"\/>\n\t<\/div>\n\n<\/div><\/div><div id=\"panel-30048-2-0-1\" class=\"so-panel widget widget_siteorigin-panels-builder panel-last-child\" data-index=\"4\" ><div id=\"pl-w64f8a7f297e91\"  class=\"panel-layout\" ><div id=\"pg-w64f8a7f297e91-0\"  class=\"panel-grid panel-no-style\" ><div id=\"pgc-w64f8a7f297e91-0-0\"  class=\"panel-grid-cell\" ><div id=\"panel-w64f8a7f297e91-0-0-0\" class=\"so-panel widget widget_sow-editor panel-first-child panel-last-child\" data-index=\"0\" ><div\n\t\t\t\n\t\t\tclass=\"so-widget-sow-editor so-widget-sow-editor-base\"\n\t\t\t\n\t\t>\n<div class=\"siteorigin-widget-tinymce textwidget\">\n\t<p>\u00a1Los boletos ya est\u00e1n en venta! \u00a1Participe en el sorteo Dream Adventure de Boys &amp; Girls Clubs of Metro Denver para tener la oportunidad de ganar fant\u00e1sticos premios dise\u00f1ados para fomentar su sentido de la aventura! El ganador podr\u00e1 elegir entre una Mercedes Sprinter Van Custom Conversion, un Tesla Model X, una Ford F-150 Raptor o $100,000 en efectivo.<\/p>\n<p>El sorteo del gran premio se llevar\u00e1 a cabo el viernes 10 de noviembre de 2023 al mediod\u00eda. Los ganadores del premio no necesitan estar presentes para recibir su premio.<\/p>\n<p><strong>SOBRE LA RIFA:<\/strong><\/p>\n<ul>\n<li>El Gran Premio es una elecci\u00f3n entre una Mercedes Sprinter Van Custom Conversion, un Tesla Model X, una Ford F-150 Raptor o $100,000 en efectivo.<\/li>\n<li>Hay 345 premios disponibles que incluyen veh\u00edculos, vacaciones, tarjetas de regalo y efectivo.<\/li>\n<li>Los sorteos de bonificaci\u00f3n, como el sorteo de agradecimiento, el sorteo anticipado, los sorteos complementarios semanales y el sorteo complementario 50\/50, aumentan sus posibilidades de ganar.<\/li>\n<li>Los boletos son uno para $50, paquetes de 3 para $125 y paquetes de 6 para $200.<br \/>\nEl \u00faltimo d\u00eda para comprar entradas es el 27 de octubre de 2023.<br \/>\nS\u00f3lo se vender\u00e1n 50.000 entradas.<\/li>\n<\/ul>\n<\/div>\n<\/div><\/div><\/div><div id=\"pgc-w64f8a7f297e91-0-1\"  class=\"panel-grid-cell\" ><div id=\"panel-w64f8a7f297e91-0-1-0\" class=\"so-panel widget widget_siteorigin-panels-builder panel-first-child panel-last-child\" data-index=\"1\" ><div class=\"panel-widget-style panel-widget-style-for-w64f8a7f297e91-0-1-0\" ><div id=\"pl-w64f8a7f29813a\"  class=\"panel-layout\" ><div id=\"pg-w64f8a7f29813a-0\"  class=\"panel-grid panel-no-style\" ><div id=\"pgc-w64f8a7f29813a-0-0\"  class=\"panel-grid-cell\" ><div id=\"panel-w64f8a7f29813a-0-0-0\" class=\"so-panel widget widget_sow-editor panel-first-child\" data-index=\"0\" ><div\n\t\t\t\n\t\t\tclass=\"so-widget-sow-editor so-widget-sow-editor-base\"\n\t\t\t\n\t\t>\n<div class=\"siteorigin-widget-tinymce textwidget\">\n\t<h3 style=\"text-align: center;\"><span style=\"color: #ffffff;\"><strong>Entradas ya a la venta<\/strong><\/span><\/h3>\n<p style=\"text-align: center;\"><span style=\"color: #ffffff;\">El sorteo del gran premio se llevar\u00e1 a cabo el viernes 10 de noviembre de 2023 al mediod\u00eda.<\/span><\/p>\n<\/div>\n<\/div><\/div><div id=\"panel-w64f8a7f29813a-0-0-1\" class=\"so-panel widget widget_sow-button panel-last-child\" data-index=\"1\" ><div\n\t\t\t\n\t\t\tclass=\"so-widget-sow-button so-widget-sow-button-wire-63dbc428bca1\"\n\t\t\t\n\t\t><div class=\"ow-button-base ow-button-align-center\"\n>\n\t\t\t<a\n\t\t\t\t\thref=\"https:\/\/milehighraffle.com\/\"\n\t\t\t\t\tclass=\"sowb-button ow-icon-placement-left ow-button-hover\" target=\"_blank\" rel=\"noopener noreferrer\" \t>\n\t\t<span>\n\t\t\t\n\t\t\tComprar boletos\t\t<\/span>\n\t\t\t<\/a>\n\t<\/div>\n<\/div><\/div><\/div><\/div><\/div><\/div><\/div><\/div><\/div><\/div><\/div><\/div><\/div><\/div>","protected":false},"excerpt":{"rendered":"<p>Dream Adventure Raffle Tickets are now on sale! Enter Boys &amp; Girls Clubs of Metro Denver\u2019s Dream Adventure Raffle for a chance to win fantastic prizes designed to encourage your sense of adventure! Winner&#8217;s choice between a Mercedes Sprinter Van Custom Conversion, Tesla Model X, Ford F-150 Raptor, or $100,000 cash. The Grand Prize Drawing [&hellip;]<\/p>\n","protected":false},"author":17,"featured_media":0,"parent":0,"menu_order":0,"comment_status":"closed","ping_status":"closed","template":"","meta":{"inline_featured_image":false,"site-sidebar-layout":"default","site-content-layout":"default","ast-site-content-layout":"default","site-content-style":"default","site-sidebar-style":"default","ast-global-header-display":"","ast-banner-title-visibility":"","ast-main-header-display":"","ast-hfb-above-header-display":"","ast-hfb-below-header-display":"","ast-hfb-mobile-header-display":"","site-post-title":"disabled","ast-breadcrumbs-content":"disabled","ast-featured-img":"","footer-sml-layout":"","ast-disable-related-posts":"","theme-transparent-header-meta":"default","adv-header-id-meta":"","stick-header-meta":"","header-above-stick-meta":"","header-main-stick-meta":"","header-below-stick-meta":"","astra-migrate-meta-layouts":"default","ast-page-background-enabled":"default","ast-page-background-meta":{"desktop":{"background-color":"var(--ast-global-color-4)","background-image":"","background-repeat":"repeat","background-position":"center center","background-size":"auto","background-attachment":"scroll","background-type":"","background-media":"","overlay-type":"","overlay-color":"","overlay-opacity":"","overlay-gradient":""},"tablet":{"background-color":"","background-image":"","background-repeat":"repeat","background-position":"center center","background-size":"auto","background-attachment":"scroll","background-type":"","background-media":"","overlay-type":"","overlay-color":"","overlay-opacity":"","overlay-gradient":""},"mobile":{"background-color":"","background-image":"","background-repeat":"repeat","background-position":"center center","background-size":"auto","background-attachment":"scroll","background-type":"","background-media":"","overlay-type":"","overlay-color":"","overlay-opacity":"","overlay-gradient":""}},"ast-content-background-meta":{"desktop":{"background-color":"var(--ast-global-color-5)","background-image":"","background-repeat":"repeat","background-position":"center center","background-size":"auto","background-attachment":"scroll","background-type":"","background-media":"","overlay-type":"","overlay-color":"","overlay-opacity":"","overlay-gradient":""},"tablet":{"background-color":"var(--ast-global-color-5)","background-image":"","background-repeat":"repeat","background-position":"center center","background-size":"auto","background-attachment":"scroll","background-type":"","background-media":"","overlay-type":"","overlay-color":"","overlay-opacity":"","overlay-gradient":""},"mobile":{"background-color":"var(--ast-global-color-5)","background-image":"","background-repeat":"repeat","background-position":"center center","background-size":"auto","background-attachment":"scroll","background-type":"","background-media":"","overlay-type":"","overlay-color":"","overlay-opacity":"","overlay-gradient":""}},"footnotes":"","_links_to":"","_links_to_target":""},"class_list":["post-30048","page","type-page","status-publish","hentry"],"_links":{"self":[{"href":"https:\/\/www.bgcmd.org\/es\/wp-json\/wp\/v2\/pages\/30048","targetHints":{"allow":["GET"]}}],"collection":[{"href":"https:\/\/www.bgcmd.org\/es\/wp-json\/wp\/v2\/pages"}],"about":[{"href":"https:\/\/www.bgcmd.org\/es\/wp-json\/wp\/v2\/types\/page"}],"author":[{"embeddable":true,"href":"https:\/\/www.bgcmd.org\/es\/wp-json\/wp\/v2\/users\/17"}],"replies":[{"embeddable":true,"href":"https:\/\/www.bgcmd.org\/es\/wp-json\/wp\/v2\/comments?post=30048"}],"version-history":[{"count":11,"href":"https:\/\/www.bgcmd.org\/es\/wp-json\/wp\/v2\/pages\/30048\/revisions"}],"predecessor-version":[{"id":35414,"href":"https:\/\/www.bgcmd.org\/es\/wp-json\/wp\/v2\/pages\/30048\/revisions\/35414"}],"wp:attachment":[{"href":"https:\/\/www.bgcmd.org\/es\/wp-json\/wp\/v2\/media?parent=30048"}],"curies":[{"name":"wp","href":"https:\/\/api.w.org\/{rel}","templated":true}]}}