{"id":30044,"date":"2022-02-25T12:44:48","date_gmt":"2022-02-25T19:44:48","guid":{"rendered":"http:\/\/bgcmd.flywheelstaging.com\/?page_id=30044"},"modified":"2025-02-26T16:35:48","modified_gmt":"2025-02-26T23:35:48","slug":"dream-house-raffle","status":"publish","type":"page","link":"https:\/\/www.bgcmd.org\/es\/dream-house-raffle\/","title":{"rendered":"Rifa de la casa de ensue\u00f1o de Denver"},"content":{"rendered":"<div id=\"pl-30044\"  class=\"panel-layout\" ><div id=\"pg-30044-0\"  class=\"panel-grid panel-has-style\" ><div class=\"siteorigin-panels-stretch panel-row-style panel-row-style-for-30044-0\" data-stretch-type=\"full-width-stretch\" ><div id=\"pgc-30044-0-0\"  class=\"panel-grid-cell\" ><div id=\"panel-30044-0-0-0\" class=\"so-panel widget widget_sow-image panel-first-child panel-last-child\" data-index=\"0\" ><div\n\t\t\t\n\t\t\tclass=\"so-widget-sow-image so-widget-sow-image-default-dbf295114b96-30044\"\n\t\t\t\n\t\t>\n<div class=\"sow-image-container\">\n\t\t<img \n\tsrc=\"https:\/\/www.bgcmd.org\/wp-content\/uploads\/2025\/02\/House-Raffle-Mobile-Header.png\" width=\"576\" height=\"144\" srcset=\"https:\/\/www.bgcmd.org\/wp-content\/uploads\/2025\/02\/House-Raffle-Mobile-Header.png 576w, https:\/\/www.bgcmd.org\/wp-content\/uploads\/2025\/02\/House-Raffle-Mobile-Header-300x75.png 300w, https:\/\/www.bgcmd.org\/wp-content\/uploads\/2025\/02\/House-Raffle-Mobile-Header-18x5.png 18w\" sizes=\"(max-width: 576px) 100vw, 576px\" title=\"House Raffle &#8211; Mobile Header\" alt=\"\" \t\tclass=\"so-widget-image\"\/>\n\t<\/div>\n\n<\/div><\/div><\/div><\/div><\/div><div id=\"pg-30044-1\"  class=\"panel-grid panel-has-style\" ><div class=\"landingpage-hero siteorigin-panels-stretch panel-row-style panel-row-style-for-30044-1\" data-stretch-type=\"full-width-stretch\" ><div id=\"pgc-30044-1-0\"  class=\"panel-grid-cell\" ><div class=\"panel-cell-style panel-cell-style-for-30044-1-0\" ><div id=\"panel-30044-1-0-0\" class=\"so-panel widget widget_sow-headline panel-first-child panel-last-child\" data-index=\"1\" ><div\n\t\t\t\n\t\t\tclass=\"so-widget-sow-headline so-widget-sow-headline-default-700840d0284d-30044\"\n\t\t\t\n\t\t><div class=\"sow-headline-container\">\n\t\t\t\t\t\t\t<h1 class=\"sow-headline\">\n\t\t\t\t\t\tRifa de la casa de ensue\u00f1o de Denver\t\t\t\t\t\t<\/h1>\n\t\t\t\t\t\t<\/div>\n<\/div><\/div><\/div><\/div><div id=\"pgc-30044-1-1\"  class=\"panel-grid-cell\" ><div id=\"panel-30044-1-1-0\" class=\"so-panel widget widget_sow-image panel-first-child panel-last-child\" data-index=\"2\" ><div\n\t\t\t\n\t\t\tclass=\"so-widget-sow-image so-widget-sow-image-default-dbf295114b96-30044\"\n\t\t\t\n\t\t>\n<div class=\"sow-image-container\">\n\t\t<img \n\tsrc=\"https:\/\/www.bgcmd.org\/wp-content\/uploads\/2025\/02\/Page-Header-2025-House-Raffle.png\" width=\"2000\" height=\"667\" srcset=\"https:\/\/www.bgcmd.org\/wp-content\/uploads\/2025\/02\/Page-Header-2025-House-Raffle.png 2000w, https:\/\/www.bgcmd.org\/wp-content\/uploads\/2025\/02\/Page-Header-2025-House-Raffle-300x100.png 300w, https:\/\/www.bgcmd.org\/wp-content\/uploads\/2025\/02\/Page-Header-2025-House-Raffle-1024x342.png 1024w, https:\/\/www.bgcmd.org\/wp-content\/uploads\/2025\/02\/Page-Header-2025-House-Raffle-768x256.png 768w, https:\/\/www.bgcmd.org\/wp-content\/uploads\/2025\/02\/Page-Header-2025-House-Raffle-1536x512.png 1536w, https:\/\/www.bgcmd.org\/wp-content\/uploads\/2025\/02\/Page-Header-2025-House-Raffle-18x6.png 18w\" sizes=\"(max-width: 2000px) 100vw, 2000px\" title=\"Page Header &#8211; 2025 House Raffle\" alt=\"\" \t\tclass=\"so-widget-image\"\/>\n\t<\/div>\n\n<\/div><\/div><\/div><\/div><\/div><div id=\"pg-30044-2\"  class=\"panel-grid panel-no-style\" ><div id=\"pgc-30044-2-0\"  class=\"panel-grid-cell\" ><div id=\"panel-30044-2-0-0\" class=\"so-panel widget widget_sow-editor panel-first-child\" data-index=\"3\" ><div\n\t\t\t\n\t\t\tclass=\"so-widget-sow-editor so-widget-sow-editor-base\"\n\t\t\t\n\t\t>\n<div class=\"siteorigin-widget-tinymce textwidget\">\n\t<p>Cada a\u00f1o, Boys &amp; Girls Clubs of Metro Denver presenta nuestra rifa anual Dream House. Los participantes tienen la oportunidad de ganar el Gran Premio de una casa de ensue\u00f1o de Denver multimillonaria o una alternativa en efectivo. Durante el per\u00edodo del sorteo se entregan miles de premios adicionales.<\/p>\n<p>Las ganancias de la rifa de la casa de los sue\u00f1os de Denver apoyan a los incre\u00edbles ni\u00f1os y programas en Boys &amp; Girls Clubs of Metro Denver.<\/p>\n<p><strong>Para obtener m\u00e1s informaci\u00f3n, visite el sitio web del sorteo en <a href=\"http:\/\/www.MileHighRaffle.com\" target=\"_blank\" rel=\"noopener\">www.MileHighRaffle.com<\/a>.<\/strong><\/p>\n<\/div>\n<\/div><\/div><div id=\"panel-30044-2-0-1\" class=\"so-panel widget widget_sow-image\" data-index=\"4\" ><div\n\t\t\t\n\t\t\tclass=\"so-widget-sow-image so-widget-sow-image-default-c67d20f9f743-30044\"\n\t\t\t\n\t\t>\n<div class=\"sow-image-container\">\n\t\t<img \n\tsrc=\"https:\/\/www.bgcmd.org\/wp-content\/uploads\/2025\/02\/2.-Cypress-Rear-Exterior-768x432.png\" width=\"768\" height=\"432\" srcset=\"https:\/\/www.bgcmd.org\/wp-content\/uploads\/2025\/02\/2.-Cypress-Rear-Exterior-768x432.png 768w, https:\/\/www.bgcmd.org\/wp-content\/uploads\/2025\/02\/2.-Cypress-Rear-Exterior-300x169.png 300w, https:\/\/www.bgcmd.org\/wp-content\/uploads\/2025\/02\/2.-Cypress-Rear-Exterior-1024x576.png 1024w, https:\/\/www.bgcmd.org\/wp-content\/uploads\/2025\/02\/2.-Cypress-Rear-Exterior-1536x864.png 1536w, https:\/\/www.bgcmd.org\/wp-content\/uploads\/2025\/02\/2.-Cypress-Rear-Exterior-2048x1152.png 2048w, https:\/\/www.bgcmd.org\/wp-content\/uploads\/2025\/02\/2.-Cypress-Rear-Exterior-18x10.png 18w\" sizes=\"(max-width: 768px) 100vw, 768px\" title=\"2. Cypress Rear Exterior\" alt=\"\" \t\tclass=\"so-widget-image\"\/>\n\t<\/div>\n\n<\/div><\/div><div id=\"panel-30044-2-0-2\" class=\"so-panel widget widget_sow-button panel-last-child\" data-index=\"5\" ><div\n\t\t\t\n\t\t\tclass=\"so-widget-sow-button so-widget-sow-button-wire-9f6b80372ceb-30044\"\n\t\t\t\n\t\t><div class=\"ow-button-base ow-button-align-center\"\n>\n\t\t\t<a\n\t\t\t\t\thref=\"https:\/\/milehighraffle.com\/overview\"\n\t\t\t\t\tclass=\"sowb-button ow-icon-placement-left ow-button-hover\" target=\"_blank\" rel=\"noopener noreferrer\" \t>\n\t\t<span>\n\t\t\t\n\t\t\tAprende m\u00e1s\t\t<\/span>\n\t\t\t<\/a>\n\t<\/div>\n<\/div><\/div><\/div><\/div><\/div>","protected":false},"excerpt":{"rendered":"<p>Denver Dream House Raffle Each year Boys &amp; Girls Clubs of Metro Denver presents our annual Dream House Raffle. Participants have the chance to win the Grand Prize of a multi-million Denver Dream Home or a cash alternative. Thousands of additional prizes are given away throughout the raffle period. Proceeds from the Denver Dream House [&hellip;]<\/p>\n","protected":false},"author":17,"featured_media":0,"parent":0,"menu_order":0,"comment_status":"closed","ping_status":"closed","template":"","meta":{"inline_featured_image":false,"site-sidebar-layout":"default","site-content-layout":"default","ast-site-content-layout":"default","site-content-style":"default","site-sidebar-style":"default","ast-global-header-display":"","ast-banner-title-visibility":"","ast-main-header-display":"","ast-hfb-above-header-display":"","ast-hfb-below-header-display":"","ast-hfb-mobile-header-display":"","site-post-title":"disabled","ast-breadcrumbs-content":"disabled","ast-featured-img":"","footer-sml-layout":"","ast-disable-related-posts":"","theme-transparent-header-meta":"default","adv-header-id-meta":"","stick-header-meta":"","header-above-stick-meta":"","header-main-stick-meta":"","header-below-stick-meta":"","astra-migrate-meta-layouts":"set","ast-page-background-enabled":"default","ast-page-background-meta":{"desktop":{"background-color":"var(--ast-global-color-4)","background-image":"","background-repeat":"repeat","background-position":"center center","background-size":"auto","background-attachment":"scroll","background-type":"","background-media":"","overlay-type":"","overlay-color":"","overlay-opacity":"","overlay-gradient":""},"tablet":{"background-color":"","background-image":"","background-repeat":"repeat","background-position":"center center","background-size":"auto","background-attachment":"scroll","background-type":"","background-media":"","overlay-type":"","overlay-color":"","overlay-opacity":"","overlay-gradient":""},"mobile":{"background-color":"","background-image":"","background-repeat":"repeat","background-position":"center center","background-size":"auto","background-attachment":"scroll","background-type":"","background-media":"","overlay-type":"","overlay-color":"","overlay-opacity":"","overlay-gradient":""}},"ast-content-background-meta":{"desktop":{"background-color":"var(--ast-global-color-5)","background-image":"","background-repeat":"repeat","background-position":"center center","background-size":"auto","background-attachment":"scroll","background-type":"","background-media":"","overlay-type":"","overlay-color":"","overlay-opacity":"","overlay-gradient":""},"tablet":{"background-color":"var(--ast-global-color-5)","background-image":"","background-repeat":"repeat","background-position":"center center","background-size":"auto","background-attachment":"scroll","background-type":"","background-media":"","overlay-type":"","overlay-color":"","overlay-opacity":"","overlay-gradient":""},"mobile":{"background-color":"var(--ast-global-color-5)","background-image":"","background-repeat":"repeat","background-position":"center center","background-size":"auto","background-attachment":"scroll","background-type":"","background-media":"","overlay-type":"","overlay-color":"","overlay-opacity":"","overlay-gradient":""}},"footnotes":"","_links_to":"","_links_to_target":""},"class_list":["post-30044","page","type-page","status-publish","hentry"],"_links":{"self":[{"href":"https:\/\/www.bgcmd.org\/es\/wp-json\/wp\/v2\/pages\/30044","targetHints":{"allow":["GET"]}}],"collection":[{"href":"https:\/\/www.bgcmd.org\/es\/wp-json\/wp\/v2\/pages"}],"about":[{"href":"https:\/\/www.bgcmd.org\/es\/wp-json\/wp\/v2\/types\/page"}],"author":[{"embeddable":true,"href":"https:\/\/www.bgcmd.org\/es\/wp-json\/wp\/v2\/users\/17"}],"replies":[{"embeddable":true,"href":"https:\/\/www.bgcmd.org\/es\/wp-json\/wp\/v2\/comments?post=30044"}],"version-history":[{"count":10,"href":"https:\/\/www.bgcmd.org\/es\/wp-json\/wp\/v2\/pages\/30044\/revisions"}],"predecessor-version":[{"id":39779,"href":"https:\/\/www.bgcmd.org\/es\/wp-json\/wp\/v2\/pages\/30044\/revisions\/39779"}],"wp:attachment":[{"href":"https:\/\/www.bgcmd.org\/es\/wp-json\/wp\/v2\/media?parent=30044"}],"curies":[{"name":"wp","href":"https:\/\/api.w.org\/{rel}","templated":true}]}}