{"id":29875,"date":"2022-02-24T20:28:50","date_gmt":"2022-02-25T03:28:50","guid":{"rendered":"http:\/\/bgcmd.flywheelstaging.com\/get-involved\/corporate-volunteers\/"},"modified":"2023-05-12T11:16:21","modified_gmt":"2023-05-12T17:16:21","slug":"corporate-volunteers","status":"publish","type":"page","link":"https:\/\/www.bgcmd.org\/es\/get-involved\/volunteer\/corporate-volunteers\/","title":{"rendered":"Voluntariado Corporativo"},"content":{"rendered":"<div id=\"pl-29875\"  class=\"panel-layout\" ><div id=\"pg-29875-0\"  class=\"panel-grid panel-has-style\" ><div class=\"siteorigin-panels-stretch panel-row-style panel-row-style-for-29875-0\" data-stretch-type=\"full-stretched\" ><div id=\"pgc-29875-0-0\"  class=\"panel-grid-cell\" ><div id=\"panel-29875-0-0-0\" class=\"so-panel widget widget_sow-image panel-first-child panel-last-child\" data-index=\"0\" ><div\n\t\t\t\n\t\t\tclass=\"so-widget-sow-image so-widget-sow-image-default-dbf295114b96-29875\"\n\t\t\t\n\t\t>\n<div class=\"sow-image-container\">\n\t\t<img \n\tsrc=\"https:\/\/www.bgcmd.org\/wp-content\/uploads\/2022\/02\/Grid-For-GetInvolvedSlider-MobileGrid-Final.png\" width=\"576\" height=\"144\" srcset=\"https:\/\/www.bgcmd.org\/wp-content\/uploads\/2022\/02\/Grid-For-GetInvolvedSlider-MobileGrid-Final.png 576w, https:\/\/www.bgcmd.org\/wp-content\/uploads\/2022\/02\/Grid-For-GetInvolvedSlider-MobileGrid-Final-300x75.png 300w, https:\/\/www.bgcmd.org\/wp-content\/uploads\/2022\/02\/Grid-For-GetInvolvedSlider-MobileGrid-Final-18x5.png 18w\" sizes=\"(max-width: 576px) 100vw, 576px\" alt=\"\" \t\tclass=\"so-widget-image\"\/>\n\t<\/div>\n\n<\/div><\/div><\/div><\/div><\/div><div id=\"pg-29875-1\"  class=\"panel-grid panel-has-style\" ><div class=\"landingpage-hero siteorigin-panels-stretch panel-row-style panel-row-style-for-29875-1\" data-stretch-type=\"full-stretched\" ><div id=\"pgc-29875-1-0\"  class=\"panel-grid-cell\" ><div class=\"panel-cell-style panel-cell-style-for-29875-1-0\" ><div id=\"panel-29875-1-0-0\" class=\"so-panel widget widget_sow-headline panel-first-child panel-last-child\" data-index=\"1\" ><div\n\t\t\t\n\t\t\tclass=\"so-widget-sow-headline so-widget-sow-headline-default-700840d0284d-29875\"\n\t\t\t\n\t\t><div class=\"sow-headline-container\">\n\t\t\t\t\t\t\t<h1 class=\"sow-headline\">\n\t\t\t\t\t\tOportunidades de voluntariado corporativo y grupal\t\t\t\t\t\t<\/h1>\n\t\t\t\t\t\t<\/div>\n<\/div><\/div><\/div><\/div><div id=\"pgc-29875-1-1\"  class=\"panel-grid-cell\" ><div id=\"panel-29875-1-1-0\" class=\"so-panel widget widget_sow-image panel-first-child panel-last-child\" data-index=\"2\" ><div\n\t\t\t\n\t\t\tclass=\"so-widget-sow-image so-widget-sow-image-default-dbf295114b96-29875\"\n\t\t\t\n\t\t>\n<div class=\"sow-image-container\">\n\t\t<img \n\tsrc=\"https:\/\/www.bgcmd.org\/wp-content\/uploads\/2022\/02\/Grid-For-GetInvolvedSlider-LongerTitleSlider-Final.png\" width=\"932\" height=\"373\" srcset=\"https:\/\/www.bgcmd.org\/wp-content\/uploads\/2022\/02\/Grid-For-GetInvolvedSlider-LongerTitleSlider-Final.png 932w, https:\/\/www.bgcmd.org\/wp-content\/uploads\/2022\/02\/Grid-For-GetInvolvedSlider-LongerTitleSlider-Final-300x120.png 300w, https:\/\/www.bgcmd.org\/wp-content\/uploads\/2022\/02\/Grid-For-GetInvolvedSlider-LongerTitleSlider-Final-768x307.png 768w, https:\/\/www.bgcmd.org\/wp-content\/uploads\/2022\/02\/Grid-For-GetInvolvedSlider-LongerTitleSlider-Final-18x7.png 18w\" sizes=\"(max-width: 932px) 100vw, 932px\" alt=\"\" \t\tclass=\"so-widget-image\"\/>\n\t<\/div>\n\n<\/div><\/div><\/div><\/div><\/div><div id=\"pg-29875-2\"  class=\"panel-grid panel-no-style\" ><div id=\"pgc-29875-2-0\"  class=\"panel-grid-cell\" ><div id=\"panel-29875-2-0-0\" class=\"so-panel widget widget_sow-editor panel-first-child panel-last-child\" data-index=\"3\" ><div\n\t\t\t\n\t\t\tclass=\"so-widget-sow-editor so-widget-sow-editor-base\"\n\t\t\t\n\t\t>\n<div class=\"siteorigin-widget-tinymce textwidget\">\n\t<p style=\"text-align: center;\">\u00a1As\u00f3ciese con Boys &amp; Girls Clubs of Metro Denver e invol\u00facrese en su comunidad! Estamos orgullosos de presentar oportunidades selectas de voluntariado corporativo para apoyar a nuestros clubes este verano y m\u00e1s all\u00e1.<\/p>\n<p style=\"text-align: center;\">\u00a1Patrocine un evento y conecte a sus empleados con oportunidades de voluntariado! Desde extravagancias STEM hasta celebraciones del Club, tenemos oportunidades de voluntariado para grupos de todos los tama\u00f1os. Por favor env\u00edenos un correo electr\u00f3nico a <a href=\"mailto:corporate@bgcmd.org\">corporate@bgcmd.org<\/a> para obtener m\u00e1s informaci\u00f3n sobre el voluntariado.<\/p>\n<p style=\"text-align: center;\">Cuando patrocinas un proyecto de voluntariado, haces una diferencia para el <strong>23,000 ni\u00f1os<\/strong> impactamos cada a\u00f1o. Comun\u00edquese con nosotros para obtener m\u00e1s informaci\u00f3n sobre c\u00f3mo usar su tiempo, talentos y recursos para respaldar las operaciones diarias en los clubes de toda la ciudad. \u00a1Esperamos con inter\u00e9s trabajar con usted!<\/p>\n<p style=\"text-align: center;\">\u00bfEst\u00e1 buscando oportunidades de voluntariado individual? <a class=\"arrow-link-green\" href=\"https:\/\/www.bgcmd.org\/es\/about\/careers\/\" target=\"_blank\" rel=\"noopener\">Visite nuestra p\u00e1gina de Carreras para participar<\/a><\/p>\n<\/div>\n<\/div><\/div><\/div><\/div><\/div>","protected":false},"excerpt":{"rendered":"<p>Corporate &amp; Group Volunteer Opportunities Partner with Boys &amp; Girls Clubs of Metro Denver and get involved in your community! We are proud to present select corporate volunteer opportunities for supporting our Clubs this summer and beyond. Sponsor a an event and connect your employees with volunteer opportunities! From STEM extravaganzas to Club celebrations, we [&hellip;]<\/p>\n","protected":false},"author":17,"featured_media":0,"parent":29866,"menu_order":100,"comment_status":"closed","ping_status":"closed","template":"","meta":{"inline_featured_image":false,"site-sidebar-layout":"default","site-content-layout":"default","ast-site-content-layout":"default","site-content-style":"default","site-sidebar-style":"default","ast-global-header-display":"","ast-banner-title-visibility":"","ast-main-header-display":"","ast-hfb-above-header-display":"","ast-hfb-below-header-display":"","ast-hfb-mobile-header-display":"","site-post-title":"disabled","ast-breadcrumbs-content":"disabled","ast-featured-img":"","footer-sml-layout":"","ast-disable-related-posts":"","theme-transparent-header-meta":"default","adv-header-id-meta":"","stick-header-meta":"","header-above-stick-meta":"","header-main-stick-meta":"","header-below-stick-meta":"","astra-migrate-meta-layouts":"default","ast-page-background-enabled":"default","ast-page-background-meta":{"desktop":{"background-color":"var(--ast-global-color-4)","background-image":"","background-repeat":"repeat","background-position":"center center","background-size":"auto","background-attachment":"scroll","background-type":"","background-media":"","overlay-type":"","overlay-color":"","overlay-opacity":"","overlay-gradient":""},"tablet":{"background-color":"","background-image":"","background-repeat":"repeat","background-position":"center center","background-size":"auto","background-attachment":"scroll","background-type":"","background-media":"","overlay-type":"","overlay-color":"","overlay-opacity":"","overlay-gradient":""},"mobile":{"background-color":"","background-image":"","background-repeat":"repeat","background-position":"center center","background-size":"auto","background-attachment":"scroll","background-type":"","background-media":"","overlay-type":"","overlay-color":"","overlay-opacity":"","overlay-gradient":""}},"ast-content-background-meta":{"desktop":{"background-color":"var(--ast-global-color-5)","background-image":"","background-repeat":"repeat","background-position":"center center","background-size":"auto","background-attachment":"scroll","background-type":"","background-media":"","overlay-type":"","overlay-color":"","overlay-opacity":"","overlay-gradient":""},"tablet":{"background-color":"var(--ast-global-color-5)","background-image":"","background-repeat":"repeat","background-position":"center center","background-size":"auto","background-attachment":"scroll","background-type":"","background-media":"","overlay-type":"","overlay-color":"","overlay-opacity":"","overlay-gradient":""},"mobile":{"background-color":"var(--ast-global-color-5)","background-image":"","background-repeat":"repeat","background-position":"center center","background-size":"auto","background-attachment":"scroll","background-type":"","background-media":"","overlay-type":"","overlay-color":"","overlay-opacity":"","overlay-gradient":""}},"footnotes":"","_links_to":"","_links_to_target":""},"class_list":["post-29875","page","type-page","status-publish","hentry"],"_links":{"self":[{"href":"https:\/\/www.bgcmd.org\/es\/wp-json\/wp\/v2\/pages\/29875","targetHints":{"allow":["GET"]}}],"collection":[{"href":"https:\/\/www.bgcmd.org\/es\/wp-json\/wp\/v2\/pages"}],"about":[{"href":"https:\/\/www.bgcmd.org\/es\/wp-json\/wp\/v2\/types\/page"}],"author":[{"embeddable":true,"href":"https:\/\/www.bgcmd.org\/es\/wp-json\/wp\/v2\/users\/17"}],"replies":[{"embeddable":true,"href":"https:\/\/www.bgcmd.org\/es\/wp-json\/wp\/v2\/comments?post=29875"}],"version-history":[{"count":19,"href":"https:\/\/www.bgcmd.org\/es\/wp-json\/wp\/v2\/pages\/29875\/revisions"}],"predecessor-version":[{"id":33849,"href":"https:\/\/www.bgcmd.org\/es\/wp-json\/wp\/v2\/pages\/29875\/revisions\/33849"}],"up":[{"embeddable":true,"href":"https:\/\/www.bgcmd.org\/es\/wp-json\/wp\/v2\/pages\/29866"}],"wp:attachment":[{"href":"https:\/\/www.bgcmd.org\/es\/wp-json\/wp\/v2\/media?parent=29875"}],"curies":[{"name":"wp","href":"https:\/\/api.w.org\/{rel}","templated":true}]}}