{"id":29874,"date":"2022-02-24T20:28:50","date_gmt":"2022-02-25T03:28:50","guid":{"rendered":"http:\/\/bgcmd.flywheelstaging.com\/get-involved\/alumni\/"},"modified":"2024-08-22T11:41:11","modified_gmt":"2024-08-22T17:41:11","slug":"alumni","status":"publish","type":"page","link":"https:\/\/www.bgcmd.org\/es\/get-involved\/alumni\/","title":{"rendered":"Antiguos alumnos"},"content":{"rendered":"<div id=\"pl-29874\"  class=\"panel-layout\" ><div id=\"pg-29874-0\"  class=\"panel-grid panel-has-style\" ><div class=\"siteorigin-panels-stretch panel-row-style panel-row-style-for-29874-0\" data-stretch-type=\"full-width-stretch\" ><div id=\"pgc-29874-0-0\"  class=\"panel-grid-cell\" ><div id=\"panel-29874-0-0-0\" class=\"so-panel widget widget_sow-image panel-first-child panel-last-child\" data-index=\"0\" ><div\n\t\t\t\n\t\t\tclass=\"so-widget-sow-image so-widget-sow-image-default-dbf295114b96-29874\"\n\t\t\t\n\t\t>\n<div class=\"sow-image-container\">\n\t\t<img \n\tsrc=\"https:\/\/www.bgcmd.org\/wp-content\/uploads\/2022\/02\/Grid-For-GetInvolvedSlider-MobileGrid-Final.png\" width=\"576\" height=\"144\" srcset=\"https:\/\/www.bgcmd.org\/wp-content\/uploads\/2022\/02\/Grid-For-GetInvolvedSlider-MobileGrid-Final.png 576w, https:\/\/www.bgcmd.org\/wp-content\/uploads\/2022\/02\/Grid-For-GetInvolvedSlider-MobileGrid-Final-300x75.png 300w, https:\/\/www.bgcmd.org\/wp-content\/uploads\/2022\/02\/Grid-For-GetInvolvedSlider-MobileGrid-Final-18x5.png 18w\" sizes=\"(max-width: 576px) 100vw, 576px\" alt=\"\" \t\tclass=\"so-widget-image\"\/>\n\t<\/div>\n\n<\/div><\/div><\/div><\/div><\/div><div id=\"pg-29874-1\"  class=\"panel-grid panel-has-style\" ><div class=\"landingpage-hero siteorigin-panels-stretch panel-row-style panel-row-style-for-29874-1\" data-stretch-type=\"full-width-stretch\" ><div id=\"pgc-29874-1-0\"  class=\"panel-grid-cell\" ><div class=\"panel-cell-style panel-cell-style-for-29874-1-0\" ><div id=\"panel-29874-1-0-0\" class=\"so-panel widget widget_sow-headline panel-first-child panel-last-child\" data-index=\"1\" ><div\n\t\t\t\n\t\t\tclass=\"so-widget-sow-headline so-widget-sow-headline-default-700840d0284d-29874\"\n\t\t\t\n\t\t><div class=\"sow-headline-container\">\n\t\t\t\t\t\t\t<h1 class=\"sow-headline\">\n\t\t\t\t\t\tAntiguos alumnos y amigos\t\t\t\t\t\t<\/h1>\n\t\t\t\t\t\t<\/div>\n<\/div><\/div><\/div><\/div><div id=\"pgc-29874-1-1\"  class=\"panel-grid-cell\" ><div id=\"panel-29874-1-1-0\" class=\"so-panel widget widget_sow-image panel-first-child panel-last-child\" data-index=\"2\" ><div\n\t\t\t\n\t\t\tclass=\"so-widget-sow-image so-widget-sow-image-default-dbf295114b96-29874\"\n\t\t\t\n\t\t>\n<div class=\"sow-image-container\">\n\t\t<img \n\tsrc=\"https:\/\/www.bgcmd.org\/wp-content\/uploads\/2022\/11\/Alumni.png\" width=\"2000\" height=\"667\" srcset=\"https:\/\/www.bgcmd.org\/wp-content\/uploads\/2022\/11\/Alumni.png 2000w, https:\/\/www.bgcmd.org\/wp-content\/uploads\/2022\/11\/Alumni-300x100.png 300w, https:\/\/www.bgcmd.org\/wp-content\/uploads\/2022\/11\/Alumni-1024x342.png 1024w, https:\/\/www.bgcmd.org\/wp-content\/uploads\/2022\/11\/Alumni-768x256.png 768w, https:\/\/www.bgcmd.org\/wp-content\/uploads\/2022\/11\/Alumni-1536x512.png 1536w, https:\/\/www.bgcmd.org\/wp-content\/uploads\/2022\/11\/Alumni-18x6.png 18w\" sizes=\"(max-width: 2000px) 100vw, 2000px\" title=\"Encabezado de ex alumnos\" alt=\"\" \t\tclass=\"so-widget-image\"\/>\n\t<\/div>\n\n<\/div><\/div><\/div><\/div><\/div><div id=\"pg-29874-2\"  class=\"panel-grid panel-no-style\" ><div id=\"pgc-29874-2-0\"  class=\"panel-grid-cell panel-grid-cell-empty\" ><\/div><div id=\"pgc-29874-2-1\"  class=\"panel-grid-cell panel-grid-cell-mobile-last\" ><div id=\"panel-29874-2-1-0\" class=\"so-panel widget widget_sow-editor panel-first-child panel-last-child\" data-index=\"3\" ><div\n\t\t\t\n\t\t\tclass=\"so-widget-sow-editor so-widget-sow-editor-base\"\n\t\t\t\n\t\t>\n<div class=\"siteorigin-widget-tinymce textwidget\">\n\t<p style=\"text-align: left;\"><span class=\"text-xl\">Si bien su tiempo como miembro oficial de Boys &amp; Girls Clubs puede estar completo, \u00a1usted ser\u00e1 parte de la familia de Boys &amp; Girls Clubs para siempre! Ya sea que fuera miembro del Club hace 30 a\u00f1os o el a\u00f1o pasado, hay varias formas de mantenerse involucrado y apoyar el trabajo de Boys &amp; Girls Clubs.<\/span><\/p>\n<\/div>\n<\/div><\/div><\/div><div id=\"pgc-29874-2-2\"  class=\"panel-grid-cell panel-grid-cell-empty\" ><\/div><\/div><div id=\"pg-29874-3\"  class=\"panel-grid panel-has-style\" ><div class=\"panel-row-style panel-row-style-for-29874-3\" ><div id=\"pgc-29874-3-0\"  class=\"panel-grid-cell panel-grid-cell-empty\" ><\/div><div id=\"pgc-29874-3-1\"  class=\"panel-grid-cell panel-grid-cell-mobile-last\" ><div id=\"panel-29874-3-1-0\" class=\"so-panel widget widget_siteorigin-panels-builder panel-first-child panel-last-child\" data-index=\"4\" ><div id=\"pl-w6402541dd8fe7\"  class=\"panel-layout\" ><div id=\"pg-w6402541dd8fe7-0\"  class=\"panel-grid panel-has-style\" ><div class=\"panel-row-style panel-row-style-for-w6402541dd8fe7-0\" ><div id=\"pgc-w6402541dd8fe7-0-0\"  class=\"panel-grid-cell\" ><div id=\"panel-w6402541dd8fe7-0-0-0\" class=\"so-panel widget widget_sow-headline panel-first-child\" data-index=\"0\" ><div\n\t\t\t\n\t\t\tclass=\"so-widget-sow-headline so-widget-sow-headline-default-c0e6ad491317\"\n\t\t\t\n\t\t><div class=\"sow-headline-container\">\n\t\t\t\t\t\t\t<h2 class=\"sow-headline\">\n\t\t\t\t\t\tEncuesta de ex alumnos del club\t\t\t\t\t\t<\/h2>\n\t\t\t\t\t\t<\/div>\n<\/div><\/div><div id=\"panel-w6402541dd8fe7-0-0-1\" class=\"so-panel widget widget_sow-editor\" data-index=\"1\" ><div class=\"panel-widget-style panel-widget-style-for-w6402541dd8fe7-0-0-1\" ><div\n\t\t\t\n\t\t\tclass=\"so-widget-sow-editor so-widget-sow-editor-base\"\n\t\t\t\n\t\t>\n<div class=\"siteorigin-widget-tinymce textwidget\">\n\t<p style=\"text-align: center;\">Queremos estar conectados con todos nuestros incre\u00edbles ex alumnos del Club. Complete nuestra encuesta de ex alumnos para compartir su historia y h\u00e1ganos saber lo que ha estado haciendo y para mantenerse al d\u00eda con todas las cosas maravillosas que suceden en Boys &amp; Girls Clubs of Metro Denver.<\/p>\n<\/div>\n<\/div><\/div><\/div><div id=\"panel-w6402541dd8fe7-0-0-2\" class=\"so-panel widget widget_sow-button panel-last-child\" data-index=\"2\" ><div\n\t\t\t\n\t\t\tclass=\"so-widget-sow-button so-widget-sow-button-wire-2d9671ed346e\"\n\t\t\t\n\t\t><div class=\"ow-button-base ow-button-align-center\"\n>\n\t\t\t<a\n\t\t\t\t\thref=\"https:\/\/boysgirlsclubsofmetrodenver.formstack.com\/forms\/alumni_survey\"\n\t\t\t\t\tclass=\"sowb-button ow-icon-placement-left ow-button-hover\" target=\"_blank\" rel=\"noopener noreferrer\" \t>\n\t\t<span>\n\t\t\t\n\t\t\tTomar encuesta\t\t<\/span>\n\t\t\t<\/a>\n\t<\/div>\n<\/div><\/div><\/div><\/div><\/div><\/div><\/div><\/div><div id=\"pgc-29874-3-2\"  class=\"panel-grid-cell panel-grid-cell-empty\" ><\/div><\/div><\/div><div id=\"pg-29874-4\"  class=\"panel-grid panel-has-style\" ><div class=\"dual-border-blue panel-row-style panel-row-style-for-29874-4\" ><div id=\"pgc-29874-4-0\"  class=\"panel-grid-cell\" ><div id=\"panel-29874-4-0-0\" class=\"so-panel widget widget_sow-headline panel-first-child\" data-index=\"5\" ><div\n\t\t\t\n\t\t\tclass=\"so-widget-sow-headline so-widget-sow-headline-default-4c0892379686-29874\"\n\t\t\t\n\t\t><div class=\"sow-headline-container\">\n\t\t\t\t\t\t\t<h2 class=\"sow-headline\">\n\t\t\t\t\t\tCon\u00e9ctate con nosotros\t\t\t\t\t\t<\/h2>\n\t\t\t\t\t\t<\/div>\n<\/div><\/div><div id=\"panel-29874-4-0-1\" class=\"so-panel widget widget_siteorigin-panels-builder panel-last-child\" data-index=\"6\" ><div id=\"pl-w66c778373d76f\"  class=\"panel-layout\" ><div id=\"pg-w66c778373d76f-0\"  class=\"panel-grid panel-no-style\" ><div id=\"pgc-w66c778373d76f-0-0\"  class=\"panel-grid-cell\" ><div id=\"panel-w66c778373d76f-0-0-0\" class=\"so-panel widget widget_sow-editor panel-first-child panel-last-child\" data-index=\"0\" ><div\n\t\t\t\n\t\t\tclass=\"so-widget-sow-editor so-widget-sow-editor-base\"\n\t\t\t\n\t\t>\n<div class=\"siteorigin-widget-tinymce textwidget\">\n\t<h3>S\u00edguenos en las redes sociales<\/h3>\n<p>Con\u00e9ctate con nosotros en las redes sociales. Te animamos a unirte a nuestro especial <a href=\"https:\/\/www.facebook.com\/BGCMDAlumni\/\" target=\"_blank\" rel=\"noopener\">P\u00e1gina de Facebook de antiguos alumnos y amigos<\/a> y s\u00edganos en todos nuestros otros canales de redes sociales:<\/p>\n<ul>\n<li>Facebook: <a href=\"https:\/\/www.facebook.com\/bgcmd\" target=\"_blank\" rel=\"noopener\">https:\/\/www.facebook.com\/bgcmd<\/a><\/li>\n<li>INC\u00d3GNITA: <a href=\"https:\/\/twitter.com\/BGCMetroDenver\" target=\"_blank\" rel=\"noopener\">@bgcmetrodenver<\/a><\/li>\n<li>Instagram: <a href=\"https:\/\/instagram.com\/BGCMetroDenver\" target=\"_blank\" rel=\"noopener\">@bgcmetrodenver<\/a><\/li>\n<li>Youtube: <a href=\"https:\/\/www.youtube.com\/user\/BGCMetroDenver\" target=\"_blank\" rel=\"noopener\">https:\/\/www.youtube.com\/user\/BGCMetroDenver<\/a><\/li>\n<li>LinkedIn: <a href=\"https:\/\/www.linkedin.com\/company\/boys-&amp;-girls-clubs-of-metro-denver\/\" target=\"_blank\" rel=\"noopener\">https:\/\/www.linkedin.com\/company\/boys-&amp;-girls-clubs-of-metro-denver\/<\/a><\/li>\n<\/ul>\n<\/div>\n<\/div><\/div><\/div><div id=\"pgc-w66c778373d76f-0-1\"  class=\"panel-grid-cell\" ><div id=\"panel-w66c778373d76f-0-1-0\" class=\"so-panel widget widget_sow-editor panel-first-child panel-last-child\" data-index=\"1\" ><div\n\t\t\t\n\t\t\tclass=\"so-widget-sow-editor so-widget-sow-editor-base\"\n\t\t\t\n\t\t>\n<div class=\"siteorigin-widget-tinymce textwidget\">\n\t<h3>Comparte esta p\u00e1gina<\/h3>\n<p>\u00a1Ay\u00fadenos a ponernos en contacto con otros Boys &amp; Girls Clubs of Metro Denver Alumni! \u00a1Comparta esta p\u00e1gina con sus amigos y ex miembros del Club! Enlace: <a href=\"https:\/\/www.bgcmd.org\/es\/get-involved\/alumni\/\">https:\/\/www.bgcmd.org\/get-involved\/alumni\/<\/a><\/p>\n<h3>Club Nacional de Antiguos Alumnos y Amigos<\/h3>\n<p>T\u00fa tambi\u00e9n puedes <a href=\"https:\/\/www.bgca.org\/get-involved\/join-alumni-friends\" target=\"_blank\" rel=\"noopener\">\u00fanase al Boys &amp; Girls Clubs of America National Alumni &amp; Friends Club.<\/a><\/p>\n<\/div>\n<\/div><\/div><\/div><\/div><\/div><\/div><\/div><\/div><\/div><\/div>","protected":false},"excerpt":{"rendered":"<p>Alumni &amp; Friends While your time as an official member of Boys &amp; Girls Clubs may be complete, you are part of the Boys &amp; Girls Clubs family forever! Whether you were a Club member 30 years ago or last year, there are several ways to stay involved and support the work of Boys &amp; [&hellip;]<\/p>\n","protected":false},"author":17,"featured_media":0,"parent":29522,"menu_order":90,"comment_status":"closed","ping_status":"closed","template":"","meta":{"inline_featured_image":false,"site-sidebar-layout":"default","site-content-layout":"default","ast-site-content-layout":"default","site-content-style":"default","site-sidebar-style":"default","ast-global-header-display":"","ast-banner-title-visibility":"","ast-main-header-display":"","ast-hfb-above-header-display":"","ast-hfb-below-header-display":"","ast-hfb-mobile-header-display":"","site-post-title":"disabled","ast-breadcrumbs-content":"disabled","ast-featured-img":"","footer-sml-layout":"","ast-disable-related-posts":"","theme-transparent-header-meta":"default","adv-header-id-meta":"","stick-header-meta":"","header-above-stick-meta":"","header-main-stick-meta":"","header-below-stick-meta":"","astra-migrate-meta-layouts":"set","ast-page-background-enabled":"default","ast-page-background-meta":{"desktop":{"background-color":"var(--ast-global-color-4)","background-image":"","background-repeat":"repeat","background-position":"center center","background-size":"auto","background-attachment":"scroll","background-type":"","background-media":"","overlay-type":"","overlay-color":"","overlay-opacity":"","overlay-gradient":""},"tablet":{"background-color":"","background-image":"","background-repeat":"repeat","background-position":"center center","background-size":"auto","background-attachment":"scroll","background-type":"","background-media":"","overlay-type":"","overlay-color":"","overlay-opacity":"","overlay-gradient":""},"mobile":{"background-color":"","background-image":"","background-repeat":"repeat","background-position":"center center","background-size":"auto","background-attachment":"scroll","background-type":"","background-media":"","overlay-type":"","overlay-color":"","overlay-opacity":"","overlay-gradient":""}},"ast-content-background-meta":{"desktop":{"background-color":"var(--ast-global-color-5)","background-image":"","background-repeat":"repeat","background-position":"center center","background-size":"auto","background-attachment":"scroll","background-type":"","background-media":"","overlay-type":"","overlay-color":"","overlay-opacity":"","overlay-gradient":""},"tablet":{"background-color":"var(--ast-global-color-5)","background-image":"","background-repeat":"repeat","background-position":"center center","background-size":"auto","background-attachment":"scroll","background-type":"","background-media":"","overlay-type":"","overlay-color":"","overlay-opacity":"","overlay-gradient":""},"mobile":{"background-color":"var(--ast-global-color-5)","background-image":"","background-repeat":"repeat","background-position":"center center","background-size":"auto","background-attachment":"scroll","background-type":"","background-media":"","overlay-type":"","overlay-color":"","overlay-opacity":"","overlay-gradient":""}},"footnotes":"","_links_to":"","_links_to_target":""},"class_list":["post-29874","page","type-page","status-publish","hentry"],"_links":{"self":[{"href":"https:\/\/www.bgcmd.org\/es\/wp-json\/wp\/v2\/pages\/29874","targetHints":{"allow":["GET"]}}],"collection":[{"href":"https:\/\/www.bgcmd.org\/es\/wp-json\/wp\/v2\/pages"}],"about":[{"href":"https:\/\/www.bgcmd.org\/es\/wp-json\/wp\/v2\/types\/page"}],"author":[{"embeddable":true,"href":"https:\/\/www.bgcmd.org\/es\/wp-json\/wp\/v2\/users\/17"}],"replies":[{"embeddable":true,"href":"https:\/\/www.bgcmd.org\/es\/wp-json\/wp\/v2\/comments?post=29874"}],"version-history":[{"count":26,"href":"https:\/\/www.bgcmd.org\/es\/wp-json\/wp\/v2\/pages\/29874\/revisions"}],"predecessor-version":[{"id":38898,"href":"https:\/\/www.bgcmd.org\/es\/wp-json\/wp\/v2\/pages\/29874\/revisions\/38898"}],"up":[{"embeddable":true,"href":"https:\/\/www.bgcmd.org\/es\/wp-json\/wp\/v2\/pages\/29522"}],"wp:attachment":[{"href":"https:\/\/www.bgcmd.org\/es\/wp-json\/wp\/v2\/media?parent=29874"}],"curies":[{"name":"wp","href":"https:\/\/api.w.org\/{rel}","templated":true}]}}