{"id":29870,"date":"2022-02-24T20:28:50","date_gmt":"2022-02-25T03:28:50","guid":{"rendered":"http:\/\/bgcmd.flywheelstaging.com\/get-involved\/events\/host-a-fundraising-event\/"},"modified":"2024-12-19T09:50:17","modified_gmt":"2024-12-19T16:50:17","slug":"host-a-fundraising-event","status":"publish","type":"page","link":"https:\/\/www.bgcmd.org\/es\/get-involved\/events\/host-a-fundraising-event\/","title":{"rendered":"Organice un evento de recaudaci\u00f3n de fondos"},"content":{"rendered":"<div id=\"pl-29870\"  class=\"panel-layout\" ><div id=\"pg-29870-0\"  class=\"panel-grid panel-has-style\" ><div class=\"siteorigin-panels-stretch panel-row-style panel-row-style-for-29870-0\" data-stretch-type=\"full-width-stretch\" ><div id=\"pgc-29870-0-0\"  class=\"panel-grid-cell\" ><div id=\"panel-29870-0-0-0\" class=\"so-panel widget widget_sow-image panel-first-child panel-last-child\" data-index=\"0\" ><div\n\t\t\t\n\t\t\tclass=\"so-widget-sow-image so-widget-sow-image-default-dbf295114b96-29870\"\n\t\t\t\n\t\t>\n<div class=\"sow-image-container\">\n\t\t<img \n\tsrc=\"https:\/\/www.bgcmd.org\/wp-content\/uploads\/2022\/02\/Grid-For-GetInvolvedSlider-MobileGrid-Final.png\" width=\"576\" height=\"144\" srcset=\"https:\/\/www.bgcmd.org\/wp-content\/uploads\/2022\/02\/Grid-For-GetInvolvedSlider-MobileGrid-Final.png 576w, https:\/\/www.bgcmd.org\/wp-content\/uploads\/2022\/02\/Grid-For-GetInvolvedSlider-MobileGrid-Final-300x75.png 300w, https:\/\/www.bgcmd.org\/wp-content\/uploads\/2022\/02\/Grid-For-GetInvolvedSlider-MobileGrid-Final-18x5.png 18w\" sizes=\"(max-width: 576px) 100vw, 576px\" alt=\"\" \t\tclass=\"so-widget-image\"\/>\n\t<\/div>\n\n<\/div><\/div><\/div><\/div><\/div><div id=\"pg-29870-1\"  class=\"panel-grid panel-has-style\" ><div class=\"landingpage-hero siteorigin-panels-stretch panel-row-style panel-row-style-for-29870-1\" data-stretch-type=\"full-width-stretch\" ><div id=\"pgc-29870-1-0\"  class=\"panel-grid-cell\" ><div class=\"panel-cell-style panel-cell-style-for-29870-1-0\" ><div id=\"panel-29870-1-0-0\" class=\"so-panel widget widget_sow-headline panel-first-child panel-last-child\" data-index=\"1\" ><div\n\t\t\t\n\t\t\tclass=\"so-widget-sow-headline so-widget-sow-headline-default-700840d0284d-29870\"\n\t\t\t\n\t\t><div class=\"sow-headline-container\">\n\t\t\t\t\t\t\t<h1 class=\"sow-headline\">\n\t\t\t\t\t\tOrganice un evento de recaudaci\u00f3n de fondos\t\t\t\t\t\t<\/h1>\n\t\t\t\t\t\t<\/div>\n<\/div><\/div><\/div><\/div><div id=\"pgc-29870-1-1\"  class=\"panel-grid-cell\" ><div id=\"panel-29870-1-1-0\" class=\"so-panel widget widget_sow-image panel-first-child panel-last-child\" data-index=\"2\" ><div\n\t\t\t\n\t\t\tclass=\"so-widget-sow-image so-widget-sow-image-default-dbf295114b96-29870\"\n\t\t\t\n\t\t>\n<div class=\"sow-image-container\">\n\t\t<img \n\tsrc=\"https:\/\/www.bgcmd.org\/wp-content\/uploads\/2024\/07\/Page-Header-Grow-Here-Partners.jpg\" width=\"2000\" height=\"667\" srcset=\"https:\/\/www.bgcmd.org\/wp-content\/uploads\/2024\/07\/Page-Header-Grow-Here-Partners.jpg 2000w, https:\/\/www.bgcmd.org\/wp-content\/uploads\/2024\/07\/Page-Header-Grow-Here-Partners-300x100.jpg 300w, https:\/\/www.bgcmd.org\/wp-content\/uploads\/2024\/07\/Page-Header-Grow-Here-Partners-1024x342.jpg 1024w, https:\/\/www.bgcmd.org\/wp-content\/uploads\/2024\/07\/Page-Header-Grow-Here-Partners-768x256.jpg 768w, https:\/\/www.bgcmd.org\/wp-content\/uploads\/2024\/07\/Page-Header-Grow-Here-Partners-1536x512.jpg 1536w, https:\/\/www.bgcmd.org\/wp-content\/uploads\/2024\/07\/Page-Header-Grow-Here-Partners-18x6.jpg 18w\" sizes=\"(max-width: 2000px) 100vw, 2000px\" title=\"Page Header &#8211; Grow Here &#8211; Partners\" alt=\"\" \t\tclass=\"so-widget-image\"\/>\n\t<\/div>\n\n<\/div><\/div><\/div><\/div><\/div><div id=\"pg-29870-2\"  class=\"panel-grid panel-no-style\" ><div id=\"pgc-29870-2-0\"  class=\"panel-grid-cell\" ><div id=\"panel-29870-2-0-0\" class=\"so-panel widget widget_sow-editor panel-first-child panel-last-child\" data-index=\"3\" ><div\n\t\t\t\n\t\t\tclass=\"so-widget-sow-editor so-widget-sow-editor-base\"\n\t\t\t\n\t\t>\n<div class=\"siteorigin-widget-tinymce textwidget\">\n\t<p style=\"text-align: center;\"><span class=\"text-xl\">Puede organizar un evento de recaudaci\u00f3n de fondos o iniciar una campa\u00f1a de recaudaci\u00f3n de fondos en l\u00ednea para apoyar a Boys &amp; Girls Clubs of Metro Denver<\/span><\/p>\n<\/div>\n<\/div><\/div><\/div><\/div><div id=\"pg-29870-3\"  class=\"panel-grid panel-has-style\" ><div class=\"compact panel-row-style panel-row-style-for-29870-3\" ><div id=\"pgc-29870-3-0\"  class=\"panel-grid-cell\" ><div id=\"panel-29870-3-0-0\" class=\"so-panel widget widget_sow-editor panel-first-child panel-last-child\" data-index=\"4\" ><div class=\"panel-widget-style panel-widget-style-for-29870-3-0-0\" ><div\n\t\t\t\n\t\t\tclass=\"so-widget-sow-editor so-widget-sow-editor-base\"\n\t\t\t\n\t\t>\n<div class=\"siteorigin-widget-tinymce textwidget\">\n\t<h3><span style=\"color: #ffffff;\"><span style=\"color: #84bd00;\">Crear<\/span> una recaudaci\u00f3n de fondos en l\u00ednea<\/span><\/h3>\n<p>\u00a1Es f\u00e1cil ayudar a los ni\u00f1os y crear una recaudaci\u00f3n de fondos en l\u00ednea para su cumplea\u00f1os, su boda, una carrera que est\u00e9 participando o cualquier otra raz\u00f3n!<\/p>\n<ul>\n<li>Paso 1: Cree una p\u00e1gina de recaudaci\u00f3n de fondos en l\u00ednea usando <a href=\"https:\/\/www.facebook.com\/fund\/bgcmd\/\" target=\"_blank\" rel=\"noopener\">Facebook<\/a> o <a href=\"https:\/\/www.coloradogives.org\/bgcmd\/overview\" target=\"_blank\" rel=\"noopener\">ColoradoGives.org<\/a><\/li>\n<li>Paso 2: Corra la voz sobre su campa\u00f1a a su familia y amigos usando: \u00a1cuantas m\u00e1s personas se lo diga, mejor!<\/li>\n<li>Paso 3: \u00a1Gracias a todos por su apoyo!<\/li>\n<\/ul>\n<p>Recauda dinero para Boys &amp; Girls Clubs en Facebook<br \/>\n<a class=\"arrow-link-green\" href=\"https:\/\/www.facebook.com\/fund\/bgcmd\/\" target=\"_blank\" rel=\"noopener\">RECAUDACI\u00d3N DE FONDOS<\/a><\/p>\n<p>Recaude dinero para Boys &amp; Girls Clubs en Colorado Gives<br \/>\n<a class=\"arrow-link-green\" href=\"https:\/\/www.coloradogives.org\/bgcmd\/overview\" target=\"_blank\" rel=\"noopener\">RECAUDACI\u00d3N DE FONDOS<\/a><\/p>\n<\/div>\n<\/div><\/div><\/div><\/div><\/div><\/div><div id=\"pg-29870-4\"  class=\"panel-grid panel-has-style\" ><div class=\"dual-border-blue panel-row-style panel-row-style-for-29870-4\" ><div id=\"pgc-29870-4-0\"  class=\"panel-grid-cell\" ><div id=\"panel-29870-4-0-0\" class=\"so-panel widget widget_sow-editor panel-first-child panel-last-child\" data-index=\"5\" ><div\n\t\t\t\n\t\t\tclass=\"so-widget-sow-editor so-widget-sow-editor-base\"\n\t\t\t\n\t\t>\n<div class=\"siteorigin-widget-tinymce textwidget\">\n\t<h3>Organice un evento de recaudaci\u00f3n de fondos<\/h3>\n<p>Ya sea que se trate de una promoci\u00f3n en la tienda o de una campa\u00f1a de recaudaci\u00f3n de fondos de la empresa, organizar un evento o una promoci\u00f3n en beneficio de Boys &amp; Girls Clubs of Metro Denver puede marcar una gran diferencia en las vidas de miles de ni\u00f1os y adolescentes que conf\u00edan en su Club todos los d\u00edas.<\/p>\n<p>Un Evento o Promoci\u00f3n de Terceros se define como cualquier actividad de recaudaci\u00f3n de fondos realizada por un grupo o individuo no afiliado donde Boys &amp; Girls Clubs of Metro Denver no tiene responsabilidad financiera y poca o ninguna participaci\u00f3n del personal. Los ejemplos incluyen campa\u00f1as de donaci\u00f3n, promociones en la tienda y fiestas de recaudaci\u00f3n de fondos.<\/p>\n<p>Por favor cont\u00e1ctenos en <a href=\"mailto:corporate@bgcmd.org\">corporate@bgcmd.org<\/a> o <a href=\"tel:+13034466791\">303-446-6791<\/a> Para empezar.<\/p>\n<\/div>\n<\/div><\/div><\/div><\/div><\/div><\/div>","protected":false},"excerpt":{"rendered":"<p>Host a Fundraising Event You can host a fundraising event or start an online fundraising campaign to support Boys &amp; Girls Clubs of Metro Denver Create an Online Fundraiser It\u2019s easy to help kids and create an online fundraiser for your birthday, your wedding, a race you are running, or any other reason! Step 1: [&hellip;]<\/p>\n","protected":false},"author":17,"featured_media":0,"parent":29867,"menu_order":50,"comment_status":"closed","ping_status":"closed","template":"","meta":{"inline_featured_image":false,"site-sidebar-layout":"default","site-content-layout":"default","ast-site-content-layout":"default","site-content-style":"default","site-sidebar-style":"default","ast-global-header-display":"","ast-banner-title-visibility":"","ast-main-header-display":"","ast-hfb-above-header-display":"","ast-hfb-below-header-display":"","ast-hfb-mobile-header-display":"","site-post-title":"disabled","ast-breadcrumbs-content":"disabled","ast-featured-img":"","footer-sml-layout":"","ast-disable-related-posts":"","theme-transparent-header-meta":"default","adv-header-id-meta":"","stick-header-meta":"","header-above-stick-meta":"","header-main-stick-meta":"","header-below-stick-meta":"","astra-migrate-meta-layouts":"set","ast-page-background-enabled":"default","ast-page-background-meta":{"desktop":{"background-color":"var(--ast-global-color-4)","background-image":"","background-repeat":"repeat","background-position":"center center","background-size":"auto","background-attachment":"scroll","background-type":"","background-media":"","overlay-type":"","overlay-color":"","overlay-opacity":"","overlay-gradient":""},"tablet":{"background-color":"","background-image":"","background-repeat":"repeat","background-position":"center center","background-size":"auto","background-attachment":"scroll","background-type":"","background-media":"","overlay-type":"","overlay-color":"","overlay-opacity":"","overlay-gradient":""},"mobile":{"background-color":"","background-image":"","background-repeat":"repeat","background-position":"center center","background-size":"auto","background-attachment":"scroll","background-type":"","background-media":"","overlay-type":"","overlay-color":"","overlay-opacity":"","overlay-gradient":""}},"ast-content-background-meta":{"desktop":{"background-color":"var(--ast-global-color-5)","background-image":"","background-repeat":"repeat","background-position":"center center","background-size":"auto","background-attachment":"scroll","background-type":"","background-media":"","overlay-type":"","overlay-color":"","overlay-opacity":"","overlay-gradient":""},"tablet":{"background-color":"var(--ast-global-color-5)","background-image":"","background-repeat":"repeat","background-position":"center center","background-size":"auto","background-attachment":"scroll","background-type":"","background-media":"","overlay-type":"","overlay-color":"","overlay-opacity":"","overlay-gradient":""},"mobile":{"background-color":"var(--ast-global-color-5)","background-image":"","background-repeat":"repeat","background-position":"center center","background-size":"auto","background-attachment":"scroll","background-type":"","background-media":"","overlay-type":"","overlay-color":"","overlay-opacity":"","overlay-gradient":""}},"footnotes":"","_links_to":"","_links_to_target":""},"class_list":["post-29870","page","type-page","status-publish","hentry"],"_links":{"self":[{"href":"https:\/\/www.bgcmd.org\/es\/wp-json\/wp\/v2\/pages\/29870","targetHints":{"allow":["GET"]}}],"collection":[{"href":"https:\/\/www.bgcmd.org\/es\/wp-json\/wp\/v2\/pages"}],"about":[{"href":"https:\/\/www.bgcmd.org\/es\/wp-json\/wp\/v2\/types\/page"}],"author":[{"embeddable":true,"href":"https:\/\/www.bgcmd.org\/es\/wp-json\/wp\/v2\/users\/17"}],"replies":[{"embeddable":true,"href":"https:\/\/www.bgcmd.org\/es\/wp-json\/wp\/v2\/comments?post=29870"}],"version-history":[{"count":10,"href":"https:\/\/www.bgcmd.org\/es\/wp-json\/wp\/v2\/pages\/29870\/revisions"}],"predecessor-version":[{"id":39513,"href":"https:\/\/www.bgcmd.org\/es\/wp-json\/wp\/v2\/pages\/29870\/revisions\/39513"}],"up":[{"embeddable":true,"href":"https:\/\/www.bgcmd.org\/es\/wp-json\/wp\/v2\/pages\/29867"}],"wp:attachment":[{"href":"https:\/\/www.bgcmd.org\/es\/wp-json\/wp\/v2\/media?parent=29870"}],"curies":[{"name":"wp","href":"https:\/\/api.w.org\/{rel}","templated":true}]}}