{"id":29867,"date":"2022-02-24T20:28:50","date_gmt":"2022-02-25T03:28:50","guid":{"rendered":"http:\/\/bgcmd.flywheelstaging.com\/get-involved\/events\/"},"modified":"2024-12-19T09:49:27","modified_gmt":"2024-12-19T16:49:27","slug":"events","status":"publish","type":"page","link":"https:\/\/www.bgcmd.org\/es\/get-involved\/events\/","title":{"rendered":"Eventos"},"content":{"rendered":"<div id=\"pl-29867\"  class=\"panel-layout\" ><div id=\"pg-29867-0\"  class=\"panel-grid panel-has-style\" ><div class=\"siteorigin-panels-stretch panel-row-style panel-row-style-for-29867-0\" data-stretch-type=\"full-width-stretch\" ><div id=\"pgc-29867-0-0\"  class=\"panel-grid-cell\" ><div id=\"panel-29867-0-0-0\" class=\"so-panel widget widget_sow-image panel-first-child panel-last-child\" data-index=\"0\" ><div\n\t\t\t\n\t\t\tclass=\"so-widget-sow-image so-widget-sow-image-default-dbf295114b96-29867\"\n\t\t\t\n\t\t>\n<div class=\"sow-image-container\">\n\t\t<img \n\tsrc=\"https:\/\/www.bgcmd.org\/wp-content\/uploads\/2022\/02\/Grid-For-GetInvolvedSlider-MobileGrid-Final.png\" width=\"576\" height=\"144\" srcset=\"https:\/\/www.bgcmd.org\/wp-content\/uploads\/2022\/02\/Grid-For-GetInvolvedSlider-MobileGrid-Final.png 576w, https:\/\/www.bgcmd.org\/wp-content\/uploads\/2022\/02\/Grid-For-GetInvolvedSlider-MobileGrid-Final-300x75.png 300w, https:\/\/www.bgcmd.org\/wp-content\/uploads\/2022\/02\/Grid-For-GetInvolvedSlider-MobileGrid-Final-18x5.png 18w\" sizes=\"(max-width: 576px) 100vw, 576px\" alt=\"\" \t\tclass=\"so-widget-image\"\/>\n\t<\/div>\n\n<\/div><\/div><\/div><\/div><\/div><div id=\"pg-29867-1\"  class=\"panel-grid panel-has-style\" ><div class=\"landingpage-hero siteorigin-panels-stretch panel-row-style panel-row-style-for-29867-1\" data-stretch-type=\"full-width-stretch\" ><div id=\"pgc-29867-1-0\"  class=\"panel-grid-cell\" ><div class=\"panel-cell-style panel-cell-style-for-29867-1-0\" ><div id=\"panel-29867-1-0-0\" class=\"so-panel widget widget_sow-headline panel-first-child panel-last-child\" data-index=\"1\" ><div\n\t\t\t\n\t\t\tclass=\"so-widget-sow-headline so-widget-sow-headline-default-700840d0284d-29867\"\n\t\t\t\n\t\t><div class=\"sow-headline-container\">\n\t\t\t\t\t\t\t<h1 class=\"sow-headline\">\n\t\t\t\t\t\tEventos exclusivos\t\t\t\t\t\t<\/h1>\n\t\t\t\t\t\t<\/div>\n<\/div><\/div><\/div><\/div><div id=\"pgc-29867-1-1\"  class=\"panel-grid-cell\" ><div id=\"panel-29867-1-1-0\" class=\"so-panel widget widget_sow-image panel-first-child panel-last-child\" data-index=\"2\" ><div\n\t\t\t\n\t\t\tclass=\"so-widget-sow-image so-widget-sow-image-default-dbf295114b96-29867\"\n\t\t\t\n\t\t>\n<div class=\"sow-image-container\">\n\t\t<img \n\tsrc=\"https:\/\/www.bgcmd.org\/wp-content\/uploads\/2023\/02\/Website-Header-Template-short-title-1.png\" width=\"2000\" height=\"667\" srcset=\"https:\/\/www.bgcmd.org\/wp-content\/uploads\/2023\/02\/Website-Header-Template-short-title-1.png 2000w, https:\/\/www.bgcmd.org\/wp-content\/uploads\/2023\/02\/Website-Header-Template-short-title-1-300x100.png 300w, https:\/\/www.bgcmd.org\/wp-content\/uploads\/2023\/02\/Website-Header-Template-short-title-1-1024x342.png 1024w, https:\/\/www.bgcmd.org\/wp-content\/uploads\/2023\/02\/Website-Header-Template-short-title-1-768x256.png 768w, https:\/\/www.bgcmd.org\/wp-content\/uploads\/2023\/02\/Website-Header-Template-short-title-1-1536x512.png 1536w, https:\/\/www.bgcmd.org\/wp-content\/uploads\/2023\/02\/Website-Header-Template-short-title-1-18x6.png 18w\" sizes=\"(max-width: 2000px) 100vw, 2000px\" title=\"Plantilla de encabezado de sitio web (t\u00edtulo corto) (1)\" alt=\"\" \t\tclass=\"so-widget-image\"\/>\n\t<\/div>\n\n<\/div><\/div><\/div><\/div><\/div><div id=\"pg-29867-2\"  class=\"panel-grid panel-no-style\" ><div id=\"pgc-29867-2-0\"  class=\"panel-grid-cell panel-grid-cell-empty\" ><\/div><div id=\"pgc-29867-2-1\"  class=\"panel-grid-cell panel-grid-cell-mobile-last\" ><div id=\"panel-29867-2-1-0\" class=\"so-panel widget widget_sow-editor panel-first-child panel-last-child\" data-index=\"3\" ><div\n\t\t\t\n\t\t\tclass=\"so-widget-sow-editor so-widget-sow-editor-base\"\n\t\t\t\n\t\t>\n<div class=\"siteorigin-widget-tinymce textwidget\">\n\t<p style=\"text-align: left;\"><span class=\"text-xl\">Our high-energy events are a big part of our fundraising efforts and allow us to reach <span class=\"NormalTextRun SCXW1049793 BCX0\">40,000 youth <\/span><span class=\"NormalTextRun SCXW1049793 BCX0\">mediante<\/span><span class=\"NormalTextRun SCXW1049793 BCX0\"> our community programs and events<\/span>\u00a0every year. Join us to celebrate our mission and connect with the greater Boys &amp; Girls Clubs of Metro Denver community!<\/span><\/p>\n<\/div>\n<\/div><\/div><\/div><div id=\"pgc-29867-2-2\"  class=\"panel-grid-cell panel-grid-cell-empty\" ><\/div><\/div><div id=\"pg-29867-3\"  class=\"panel-grid panel-has-style\" ><div class=\"compact panel-row-style panel-row-style-for-29867-3\" ><div id=\"pgc-29867-3-0\"  class=\"panel-grid-cell\" ><div id=\"panel-29867-3-0-0\" class=\"so-panel widget widget_sow-editor panel-first-child panel-last-child\" data-index=\"4\" ><div class=\"panel-widget-style panel-widget-style-for-29867-3-0-0\" ><div\n\t\t\t\n\t\t\tclass=\"so-widget-sow-editor so-widget-sow-editor-base\"\n\t\t\t\n\t\t>\n<div class=\"siteorigin-widget-tinymce textwidget\">\n\t<h2><span style=\"color: #84bd00;\">Anual<\/span> <span style=\"color: #ffffff;\">Gala<\/span><\/h2>\n<p>\u00danase a nosotros para una noche de conexi\u00f3n y celebraci\u00f3n que servir\u00e1 como un recordatorio de que todos pertenecen a Boys &amp; Girls Clubs of Metro Denver y que cuando nos unimos para apoyar a los ni\u00f1os y las comunidades, el futuro no tiene l\u00edmites.<\/p>\n<p><a class=\"arrow-link-green\" href=\"https:\/\/www.bgcmd.org\/es\/get-involved\/events\/gala\/\">Aprende m\u00e1s<\/a><\/p>\n<\/div>\n<\/div><\/div><\/div><\/div><div id=\"pgc-29867-3-1\"  class=\"panel-grid-cell\" ><div id=\"panel-29867-3-1-0\" class=\"so-panel widget widget_sow-image panel-first-child panel-last-child\" data-index=\"5\" ><div\n\t\t\t\n\t\t\tclass=\"so-widget-sow-image so-widget-sow-image-default-8b5b6f678277-29867\"\n\t\t\t\n\t\t>\n<div class=\"sow-image-container\">\n\t\t<img \n\tsrc=\"https:\/\/www.bgcmd.org\/wp-content\/uploads\/2024\/05\/BGCMDGalaHighlights_McLeod9Creative-19.jpg\" width=\"1024\" height=\"683\" srcset=\"https:\/\/www.bgcmd.org\/wp-content\/uploads\/2024\/05\/BGCMDGalaHighlights_McLeod9Creative-19.jpg 1024w, https:\/\/www.bgcmd.org\/wp-content\/uploads\/2024\/05\/BGCMDGalaHighlights_McLeod9Creative-19-300x200.jpg 300w, https:\/\/www.bgcmd.org\/wp-content\/uploads\/2024\/05\/BGCMDGalaHighlights_McLeod9Creative-19-768x512.jpg 768w, https:\/\/www.bgcmd.org\/wp-content\/uploads\/2024\/05\/BGCMDGalaHighlights_McLeod9Creative-19-18x12.jpg 18w, https:\/\/www.bgcmd.org\/wp-content\/uploads\/2024\/05\/BGCMDGalaHighlights_McLeod9Creative-19-272x182.jpg 272w, https:\/\/www.bgcmd.org\/wp-content\/uploads\/2024\/05\/BGCMDGalaHighlights_McLeod9Creative-19-720x480.jpg 720w\" sizes=\"(max-width: 1024px) 100vw, 1024px\" title=\"BGCMDGalaHighlights_McLeod9Creative\u201319\" alt=\"\" \t\tclass=\"so-widget-image\"\/>\n\t<\/div>\n\n<\/div><\/div><\/div><\/div><\/div><div id=\"pg-29867-4\"  class=\"panel-grid panel-has-style\" ><div class=\"compact panel-row-style panel-row-style-for-29867-4\" ><div id=\"pgc-29867-4-0\"  class=\"panel-grid-cell\" ><div id=\"panel-29867-4-0-0\" class=\"so-panel widget widget_sow-editor panel-first-child panel-last-child\" data-index=\"6\" ><div class=\"panel-widget-style panel-widget-style-for-29867-4-0-0\" ><div\n\t\t\t\n\t\t\tclass=\"so-widget-sow-editor so-widget-sow-editor-base\"\n\t\t\t\n\t\t>\n<div class=\"siteorigin-widget-tinymce textwidget\">\n\t<h2><span style=\"color: #ffffff;\"><span style=\"color: #84bd00;\">Anual <\/span><\/span><span style=\"color: #ffffff;\">Torneo de golf<\/span><\/h2>\n<p>\u00danase a Boys &amp; Girls Clubs de Metro Denver para disfrutar de un incre\u00edble d\u00eda de golf en el galardonado campo de golf Sanctuary en Castle Pines. El torneo ofrecer\u00e1 una experiencia de d\u00eda completo, equilibrando elegantemente la exclusividad con la accesibilidad.<\/p>\n<p><a class=\"arrow-link-green\" href=\"https:\/\/www.bgcmd.org\/es\/get-involved\/events\/annual-golf-tournament\/\" rel=\"noopener\">Aprende m\u00e1s<\/a><\/p>\n<\/div>\n<\/div><\/div><\/div><\/div><div id=\"pgc-29867-4-1\"  class=\"panel-grid-cell\" ><div id=\"panel-29867-4-1-0\" class=\"so-panel widget widget_sow-image panel-first-child panel-last-child\" data-index=\"7\" ><div\n\t\t\t\n\t\t\tclass=\"so-widget-sow-image so-widget-sow-image-default-8b5b6f678277-29867\"\n\t\t\t\n\t\t>\n<div class=\"sow-image-container\">\n\t\t<img \n\tsrc=\"https:\/\/www.bgcmd.org\/wp-content\/uploads\/2023\/05\/Golf-Events-Page-Image.png\" width=\"1500\" height=\"800\" srcset=\"https:\/\/www.bgcmd.org\/wp-content\/uploads\/2023\/05\/Golf-Events-Page-Image.png 1500w, https:\/\/www.bgcmd.org\/wp-content\/uploads\/2023\/05\/Golf-Events-Page-Image-300x160.png 300w, https:\/\/www.bgcmd.org\/wp-content\/uploads\/2023\/05\/Golf-Events-Page-Image-1024x546.png 1024w, https:\/\/www.bgcmd.org\/wp-content\/uploads\/2023\/05\/Golf-Events-Page-Image-768x410.png 768w, https:\/\/www.bgcmd.org\/wp-content\/uploads\/2023\/05\/Golf-Events-Page-Image-18x10.png 18w\" sizes=\"(max-width: 1500px) 100vw, 1500px\" title=\"Imagen de la p\u00e1gina de eventos de golf\" alt=\"\" \t\tclass=\"so-widget-image\"\/>\n\t<\/div>\n\n<\/div><\/div><\/div><\/div><\/div><div id=\"pg-29867-5\"  class=\"panel-grid panel-no-style\" ><div id=\"pgc-29867-5-0\"  class=\"panel-grid-cell\" ><div id=\"panel-29867-5-0-0\" class=\"so-panel widget widget_sow-button panel-first-child panel-last-child\" data-index=\"8\" ><div\n\t\t\t\n\t\t\tclass=\"so-widget-sow-button so-widget-sow-button-wire-9f6b80372ceb-29867\"\n\t\t\t\n\t\t><div class=\"ow-button-base ow-button-align-center\"\n>\n\t\t\t<a\n\t\t\t\t\thref=\"https:\/\/www.bgcmd.org\/es\/get-involved\/events\/host-a-fundraising-event\/\"\n\t\t\t\t\tclass=\"sowb-button ow-icon-placement-left ow-button-hover\" \t>\n\t\t<span>\n\t\t\t\n\t\t\tOrganice un evento\t\t<\/span>\n\t\t\t<\/a>\n\t<\/div>\n<\/div><\/div><\/div><\/div><\/div>","protected":false},"excerpt":{"rendered":"<p>Signature Events Our high-energy events are a big part of our fundraising efforts and allow us to reach 40,000 youth through our community programs and events\u00a0every year. Join us to celebrate our mission and connect with the greater Boys &amp; Girls Clubs of Metro Denver community! Annual Gala Join us for a night of connection [&hellip;]<\/p>\n","protected":false},"author":17,"featured_media":0,"parent":29522,"menu_order":20,"comment_status":"closed","ping_status":"closed","template":"","meta":{"inline_featured_image":false,"site-sidebar-layout":"default","site-content-layout":"default","ast-site-content-layout":"default","site-content-style":"default","site-sidebar-style":"default","ast-global-header-display":"","ast-banner-title-visibility":"","ast-main-header-display":"","ast-hfb-above-header-display":"","ast-hfb-below-header-display":"","ast-hfb-mobile-header-display":"","site-post-title":"disabled","ast-breadcrumbs-content":"disabled","ast-featured-img":"","footer-sml-layout":"","ast-disable-related-posts":"","theme-transparent-header-meta":"default","adv-header-id-meta":"","stick-header-meta":"","header-above-stick-meta":"","header-main-stick-meta":"","header-below-stick-meta":"","astra-migrate-meta-layouts":"set","ast-page-background-enabled":"default","ast-page-background-meta":{"desktop":{"background-color":"var(--ast-global-color-4)","background-image":"","background-repeat":"repeat","background-position":"center center","background-size":"auto","background-attachment":"scroll","background-type":"","background-media":"","overlay-type":"","overlay-color":"","overlay-opacity":"","overlay-gradient":""},"tablet":{"background-color":"","background-image":"","background-repeat":"repeat","background-position":"center center","background-size":"auto","background-attachment":"scroll","background-type":"","background-media":"","overlay-type":"","overlay-color":"","overlay-opacity":"","overlay-gradient":""},"mobile":{"background-color":"","background-image":"","background-repeat":"repeat","background-position":"center center","background-size":"auto","background-attachment":"scroll","background-type":"","background-media":"","overlay-type":"","overlay-color":"","overlay-opacity":"","overlay-gradient":""}},"ast-content-background-meta":{"desktop":{"background-color":"var(--ast-global-color-5)","background-image":"","background-repeat":"repeat","background-position":"center center","background-size":"auto","background-attachment":"scroll","background-type":"","background-media":"","overlay-type":"","overlay-color":"","overlay-opacity":"","overlay-gradient":""},"tablet":{"background-color":"var(--ast-global-color-5)","background-image":"","background-repeat":"repeat","background-position":"center center","background-size":"auto","background-attachment":"scroll","background-type":"","background-media":"","overlay-type":"","overlay-color":"","overlay-opacity":"","overlay-gradient":""},"mobile":{"background-color":"var(--ast-global-color-5)","background-image":"","background-repeat":"repeat","background-position":"center center","background-size":"auto","background-attachment":"scroll","background-type":"","background-media":"","overlay-type":"","overlay-color":"","overlay-opacity":"","overlay-gradient":""}},"footnotes":"","_links_to":"","_links_to_target":""},"class_list":["post-29867","page","type-page","status-publish","hentry"],"_links":{"self":[{"href":"https:\/\/www.bgcmd.org\/es\/wp-json\/wp\/v2\/pages\/29867","targetHints":{"allow":["GET"]}}],"collection":[{"href":"https:\/\/www.bgcmd.org\/es\/wp-json\/wp\/v2\/pages"}],"about":[{"href":"https:\/\/www.bgcmd.org\/es\/wp-json\/wp\/v2\/types\/page"}],"author":[{"embeddable":true,"href":"https:\/\/www.bgcmd.org\/es\/wp-json\/wp\/v2\/users\/17"}],"replies":[{"embeddable":true,"href":"https:\/\/www.bgcmd.org\/es\/wp-json\/wp\/v2\/comments?post=29867"}],"version-history":[{"count":34,"href":"https:\/\/www.bgcmd.org\/es\/wp-json\/wp\/v2\/pages\/29867\/revisions"}],"predecessor-version":[{"id":39512,"href":"https:\/\/www.bgcmd.org\/es\/wp-json\/wp\/v2\/pages\/29867\/revisions\/39512"}],"up":[{"embeddable":true,"href":"https:\/\/www.bgcmd.org\/es\/wp-json\/wp\/v2\/pages\/29522"}],"wp:attachment":[{"href":"https:\/\/www.bgcmd.org\/es\/wp-json\/wp\/v2\/media?parent=29867"}],"curies":[{"name":"wp","href":"https:\/\/api.w.org\/{rel}","templated":true}]}}