{"id":29866,"date":"2022-02-24T20:28:49","date_gmt":"2022-02-25T03:28:49","guid":{"rendered":"http:\/\/bgcmd.flywheelstaging.com\/get-involved\/volunteer\/"},"modified":"2026-03-23T12:16:27","modified_gmt":"2026-03-23T18:16:27","slug":"volunteer","status":"publish","type":"page","link":"https:\/\/www.bgcmd.org\/es\/get-involved\/volunteer\/","title":{"rendered":"Voluntario"},"content":{"rendered":"<div id=\"pl-29866\"  class=\"panel-layout\" ><div id=\"pg-29866-0\"  class=\"panel-grid panel-has-style\" ><div class=\"siteorigin-panels-stretch panel-row-style panel-row-style-for-29866-0\" data-stretch-type=\"full-width-stretch\" ><div id=\"pgc-29866-0-0\"  class=\"panel-grid-cell\" ><div id=\"panel-29866-0-0-0\" class=\"so-panel widget widget_sow-image panel-first-child panel-last-child\" data-index=\"0\" ><div\n\t\t\t\n\t\t\tclass=\"so-widget-sow-image so-widget-sow-image-default-dbf295114b96-29866\"\n\t\t\t\n\t\t>\n<div class=\"sow-image-container\">\n\t\t<img \n\tsrc=\"https:\/\/www.bgcmd.org\/wp-content\/uploads\/2022\/02\/Grid-For-GetInvolvedSlider-MobileGrid-Final.png\" width=\"576\" height=\"144\" srcset=\"https:\/\/www.bgcmd.org\/wp-content\/uploads\/2022\/02\/Grid-For-GetInvolvedSlider-MobileGrid-Final.png 576w, https:\/\/www.bgcmd.org\/wp-content\/uploads\/2022\/02\/Grid-For-GetInvolvedSlider-MobileGrid-Final-300x75.png 300w, https:\/\/www.bgcmd.org\/wp-content\/uploads\/2022\/02\/Grid-For-GetInvolvedSlider-MobileGrid-Final-18x5.png 18w\" sizes=\"(max-width: 576px) 100vw, 576px\" alt=\"\" \t\tclass=\"so-widget-image\"\/>\n\t<\/div>\n\n<\/div><\/div><\/div><\/div><\/div><div id=\"pg-29866-1\"  class=\"panel-grid panel-has-style\" ><div class=\"landingpage-hero siteorigin-panels-stretch panel-row-style panel-row-style-for-29866-1\" data-stretch-type=\"full-width-stretch\" ><div id=\"pgc-29866-1-0\"  class=\"panel-grid-cell\" ><div class=\"panel-cell-style panel-cell-style-for-29866-1-0\" ><div id=\"panel-29866-1-0-0\" class=\"so-panel widget widget_sow-headline panel-first-child panel-last-child\" data-index=\"1\" ><div\n\t\t\t\n\t\t\tclass=\"so-widget-sow-headline so-widget-sow-headline-default-700840d0284d-29866\"\n\t\t\t\n\t\t><div class=\"sow-headline-container\">\n\t\t\t\t\t\t\t<h1 class=\"sow-headline\">\n\t\t\t\t\t\tOportunidades de voluntariado y participaci\u00f3n\t\t\t\t\t\t<\/h1>\n\t\t\t\t\t\t<\/div>\n<\/div><\/div><\/div><\/div><div id=\"pgc-29866-1-1\"  class=\"panel-grid-cell\" ><div id=\"panel-29866-1-1-0\" class=\"so-panel widget widget_sow-image panel-first-child panel-last-child\" data-index=\"2\" ><div\n\t\t\t\n\t\t\tclass=\"so-widget-sow-image so-widget-sow-image-default-dbf295114b96-29866\"\n\t\t\t\n\t\t>\n<div class=\"sow-image-container\">\n\t\t<img \n\tsrc=\"https:\/\/www.bgcmd.org\/wp-content\/uploads\/2023\/08\/Community-Partners.jpg\" width=\"2000\" height=\"667\" srcset=\"https:\/\/www.bgcmd.org\/wp-content\/uploads\/2023\/08\/Community-Partners.jpg 2000w, https:\/\/www.bgcmd.org\/wp-content\/uploads\/2023\/08\/Community-Partners-300x100.jpg 300w, https:\/\/www.bgcmd.org\/wp-content\/uploads\/2023\/08\/Community-Partners-1024x342.jpg 1024w, https:\/\/www.bgcmd.org\/wp-content\/uploads\/2023\/08\/Community-Partners-768x256.jpg 768w, https:\/\/www.bgcmd.org\/wp-content\/uploads\/2023\/08\/Community-Partners-1536x512.jpg 1536w, https:\/\/www.bgcmd.org\/wp-content\/uploads\/2023\/08\/Community-Partners-18x6.jpg 18w\" sizes=\"(max-width: 2000px) 100vw, 2000px\" title=\"Socios de la comunidad\" alt=\"Community Partners | Boys &amp; Girls Clubs of Metro Denver\" \t\tclass=\"so-widget-image\"\/>\n\t<\/div>\n\n<\/div><\/div><\/div><\/div><\/div><div id=\"pg-29866-2\"  class=\"panel-grid panel-no-style\" ><div id=\"pgc-29866-2-0\"  class=\"panel-grid-cell panel-grid-cell-empty\" ><\/div><div id=\"pgc-29866-2-1\"  class=\"panel-grid-cell panel-grid-cell-mobile-last\" ><div id=\"panel-29866-2-1-0\" class=\"so-panel widget widget_sow-editor panel-first-child panel-last-child\" data-index=\"3\" ><div\n\t\t\t\n\t\t\tclass=\"so-widget-sow-editor so-widget-sow-editor-base\"\n\t\t\t\n\t\t>\n<div class=\"siteorigin-widget-tinymce textwidget\">\n\t<p style=\"text-align: left;\"><span class=\"text-xl\">\u00bfLe apasiona trabajar con ni\u00f1os y mejorar su comunidad? Juntos, Boys &amp; Girls Clubs of Metro Denver y nuestros voluntarios mejoran las vidas de los j\u00f3venes y sus familias al brindarles un ambiente positivo que cultiva el \u00e9xito acad\u00e9mico, estilos de vida saludables, buen car\u00e1cter y ciudadan\u00eda. Obtenga m\u00e1s informaci\u00f3n sobre nuestras oportunidades de voluntariado y participaci\u00f3n a continuaci\u00f3n.<\/span><\/p>\n<\/div>\n<\/div><\/div><\/div><div id=\"pgc-29866-2-2\"  class=\"panel-grid-cell panel-grid-cell-empty\" ><\/div><\/div><div id=\"pg-29866-3\"  class=\"panel-grid panel-no-style\" ><div id=\"pgc-29866-3-0\"  class=\"panel-grid-cell panel-grid-cell-empty\" ><\/div><div id=\"pgc-29866-3-1\"  class=\"panel-grid-cell\" ><div id=\"panel-29866-3-1-0\" class=\"so-panel widget widget_siteorigin-panels-builder panel-first-child panel-last-child\" data-index=\"4\" ><div id=\"pl-w6764540d27351\"  class=\"panel-layout\" ><div id=\"pg-w6764540d27351-0\"  class=\"panel-grid panel-no-style\" ><div id=\"pgc-w6764540d27351-0-0\"  class=\"panel-grid-cell\" ><div id=\"panel-w6764540d27351-0-0-0\" class=\"so-panel widget widget_sow-editor panel-first-child panel-last-child\" data-index=\"0\" ><div\n\t\t\t\n\t\t\tclass=\"so-widget-sow-editor so-widget-sow-editor-base\"\n\t\t\t\n\t\t>\n<div class=\"siteorigin-widget-tinymce textwidget\">\n\t<h2><span style=\"color: #84bd00;\">Oportunidades de voluntariado grupal<\/span><\/h2>\n<p>\u00a1As\u00f3ciese con Boys &amp; Girls Clubs de Metro Denver y participe en su comunidad! Estamos orgullosos de presentar oportunidades selectas de voluntariado corporativo para apoyar a nuestros clubes durante todo el a\u00f1o.<\/p>\n<p>\u00a1Patrocine un evento y conecte a sus empleados con oportunidades de voluntariado! Desde espect\u00e1culos STEM hasta celebraciones de clubes, tenemos oportunidades de voluntariado para grupos de 5 a 20 personas. Por favor env\u00edenos un correo electr\u00f3nico a <a href=\"mailto:corporate@bgcmd.org\">corporate@bgcmd.org<\/a>\u00a0para obtener m\u00e1s informaci\u00f3n sobre el voluntariado.<\/p>\n<p>Cuando patrocinas un proyecto de voluntariado, haces una diferencia para el<strong> tens of thousands kids and teens<\/strong> impactamos cada a\u00f1o. <a href=\"mailto:corporate@bgcmd.org\">Cont\u00e1ctenos<\/a> para obtener m\u00e1s informaci\u00f3n sobre c\u00f3mo utilizar su tiempo, talentos y recursos para respaldar las operaciones diarias en los clubes de toda la ciudad.<\/p>\n<\/div>\n<\/div><\/div><\/div><div id=\"pgc-w6764540d27351-0-1\"  class=\"panel-grid-cell\" ><div id=\"panel-w6764540d27351-0-1-0\" class=\"so-panel widget widget_sow-editor panel-first-child\" data-index=\"1\" ><div\n\t\t\t\n\t\t\tclass=\"so-widget-sow-editor so-widget-sow-editor-base\"\n\t\t\t\n\t\t>\n<div class=\"siteorigin-widget-tinymce textwidget\">\n\t<p>&nbsp;<\/p>\n<\/div>\n<\/div><\/div><div id=\"panel-w6764540d27351-0-1-1\" class=\"so-panel widget widget_sow-image panel-last-child\" data-index=\"2\" ><div\n\t\t\t\n\t\t\tclass=\"so-widget-sow-image so-widget-sow-image-default-c67d20f9f743\"\n\t\t\t\n\t\t>\n<div class=\"sow-image-container\">\n\t\t<img \n\tsrc=\"https:\/\/www.bgcmd.org\/wp-content\/uploads\/2018\/06\/group-volunteers-blurb.jpg\" width=\"550\" height=\"310\" srcset=\"https:\/\/www.bgcmd.org\/wp-content\/uploads\/2018\/06\/group-volunteers-blurb.jpg 550w, https:\/\/www.bgcmd.org\/wp-content\/uploads\/2018\/06\/group-volunteers-blurb-300x169.jpg 300w, https:\/\/www.bgcmd.org\/wp-content\/uploads\/2018\/06\/group-volunteers-blurb-18x10.jpg 18w\" sizes=\"(max-width: 550px) 100vw, 550px\" alt=\"\" \t\tclass=\"so-widget-image\"\/>\n\t<\/div>\n\n<\/div><\/div><\/div><\/div><\/div><\/div><\/div><\/div><div id=\"pg-29866-4\"  class=\"panel-grid panel-no-style\" ><div id=\"pgc-29866-4-0\"  class=\"panel-grid-cell panel-grid-cell-empty\" ><\/div><div id=\"pgc-29866-4-1\"  class=\"panel-grid-cell\" ><div id=\"panel-29866-4-1-0\" class=\"so-panel widget widget_siteorigin-panels-builder panel-first-child panel-last-child\" data-index=\"5\" ><div id=\"pl-w69c1837b55a0b\"  class=\"panel-layout\" ><div id=\"pg-w69c1837b55a0b-0\"  class=\"panel-grid panel-no-style\" ><div id=\"pgc-w69c1837b55a0b-0-0\"  class=\"panel-grid-cell\" ><div id=\"panel-w69c1837b55a0b-0-0-0\" class=\"so-panel widget widget_sow-editor panel-first-child panel-last-child\" data-index=\"0\" ><div\n\t\t\t\n\t\t\tclass=\"so-widget-sow-editor so-widget-sow-editor-base\"\n\t\t\t\n\t\t>\n<div class=\"siteorigin-widget-tinymce textwidget\">\n\t<h2><span style=\"color: #84bd00;\">Oportunidades de voluntariado individual<\/span><\/h2>\n<\/div>\n<\/div><\/div><\/div><\/div><div id=\"pg-w69c1837b55a0b-1\"  class=\"panel-grid panel-no-style\" ><div id=\"pgc-w69c1837b55a0b-1-0\"  class=\"panel-grid-cell\" ><div id=\"panel-w69c1837b55a0b-1-0-0\" class=\"so-panel widget widget_sow-editor panel-first-child\" data-index=\"1\" ><div\n\t\t\t\n\t\t\tclass=\"so-widget-sow-editor so-widget-sow-editor-base\"\n\t\t\t\n\t\t>\n<div class=\"siteorigin-widget-tinymce textwidget\">\n\t<p>Los voluntarios individuales echan una mano para ayudar a facilitar programas y actividades que enriquecen las vidas de los miembros de nuestro Club. A continuaci\u00f3n se muestra un resumen de los pasos que exigimos que las personas completen antes de ofrecerse como voluntarios en nuestros clubes.<\/p>\n<h6><strong>C\u00f3mo convertirse en un voluntario individual<\/strong><\/h6>\n<ol>\n<li>Complete una solicitud durante uno de nuestros per\u00edodos de solicitud trimestrales. Cuando aceptemos voluntarios, las posiciones aparecer\u00e1n en nuestra <a href=\"https:\/\/secure4.saashr.com\/ta\/6167153.careers?CareersSearch\">P\u00e1gina de carreras<\/a>. Por favor env\u00ede su solicitud all\u00ed.<\/li>\n<li>Tener una conversaci\u00f3n con el director del club para determinar si es adecuado.<\/li>\n<li>Completar una verificaci\u00f3n de antecedentes<\/li>\n<li>Complete las capacitaciones de FEMA y de reportero obligatorio<\/li>\n<li>Lista de verificaci\u00f3n completa para la incorporaci\u00f3n de voluntarios<\/li>\n<li>Asiste a una sesi\u00f3n de orientaci\u00f3n virtual<\/li>\n<\/ol>\n<p>Para postularse para un puesto de voluntario durante uno de nuestros per\u00edodos de solicitud, explore nuestros puestos abiertos a continuaci\u00f3n.<\/p>\n<p data-pm-slice=\"1 1 []\"><em>No permitimos que los voluntarios completen horas de servicio comunitario ordenadas por el tribunal en Boys &amp; Girls Clubs.<\/em><\/p>\n<\/div>\n<\/div><\/div><div id=\"panel-w69c1837b55a0b-1-0-1\" class=\"so-panel widget widget_sow-button panel-last-child\" data-index=\"2\" ><div\n\t\t\t\n\t\t\tclass=\"so-widget-sow-button so-widget-sow-button-flat-cd5bc76e79e2\"\n\t\t\t\n\t\t><div class=\"ow-button-base ow-button-align-left\"\n>\n\t\t\t<a\n\t\t\t\t\thref=\"https:\/\/secure4.saashr.com\/ta\/6167153.careers?CareersSearch\"\n\t\t\t\t\tclass=\"sowb-button ow-icon-placement-left ow-button-hover\" \t>\n\t\t<span>\n\t\t\t\n\t\t\tSolicite oportunidades de voluntariado\t\t<\/span>\n\t\t\t<\/a>\n\t<\/div>\n<\/div><\/div><\/div><div id=\"pgc-w69c1837b55a0b-1-1\"  class=\"panel-grid-cell\" ><div class=\"panel-cell-style panel-cell-style-for-w69c1837b55a0b-1-1\" ><div id=\"panel-w69c1837b55a0b-1-1-0\" class=\"so-panel widget widget_siteorigin-panels-builder panel-first-child panel-last-child\" data-index=\"3\" ><div id=\"pl-w69c1837b55a1c\"  class=\"panel-layout\" ><div id=\"pg-w69c1837b55a1c-0\"  class=\"panel-grid panel-no-style\" ><div id=\"pgc-w69c1837b55a1c-0-0\"  class=\"panel-grid-cell\" ><div id=\"panel-w69c1837b55a1c-0-0-0\" class=\"so-panel widget widget_sow-editor panel-first-child panel-last-child\" data-index=\"0\" ><div\n\t\t\t\n\t\t\tclass=\"so-widget-sow-editor so-widget-sow-editor-base\"\n\t\t\t\n\t\t>\n<div class=\"siteorigin-widget-tinymce textwidget\">\n\t<h6><span style=\"color: #ffffff;\"><strong>Ventanas de solicitud de voluntariado <\/strong><\/span><\/h6>\n<\/div>\n<\/div><\/div><\/div><\/div><div id=\"pg-w69c1837b55a1c-1\"  class=\"panel-grid panel-no-style\" ><div id=\"pgc-w69c1837b55a1c-1-0\"  class=\"panel-grid-cell\" ><div id=\"panel-w69c1837b55a1c-1-0-0\" class=\"so-panel widget widget_sow-editor panel-first-child panel-last-child\" data-index=\"1\" ><div\n\t\t\t\n\t\t\tclass=\"so-widget-sow-editor so-widget-sow-editor-base\"\n\t\t\t\n\t\t>\n<div class=\"siteorigin-widget-tinymce textwidget\">\n\t<h6><span style=\"color: #ffffff;\"><strong><br \/>\n<\/strong><strong>\u2022 May 1-15, 2026<br \/>\n<\/strong><strong>\u2022 August 3-14, 2026<br \/>\n<\/strong><strong>\u2022 November 30-December 11, 2026<\/strong><\/span><\/h6>\n<\/div>\n<\/div><\/div><\/div><\/div><\/div><\/div><\/div><\/div><\/div><div id=\"pg-w69c1837b55a0b-2\"  class=\"panel-grid panel-no-style\" ><div id=\"pgc-w69c1837b55a0b-2-0\"  class=\"panel-grid-cell\" ><div id=\"panel-w69c1837b55a0b-2-0-0\" class=\"so-panel widget widget_sow-editor panel-first-child\" data-index=\"4\" ><div\n\t\t\t\n\t\t\tclass=\"so-widget-sow-editor so-widget-sow-editor-base\"\n\t\t\t\n\t\t>\n<div class=\"siteorigin-widget-tinymce textwidget\">\n\t<p>Si el tiempo est\u00e1 fuera de uno de nuestros per\u00edodos de solicitud, complete y env\u00ede el formulario a continuaci\u00f3n para informarnos que est\u00e1 interesado. \u00a1Esperamos con inter\u00e9s trabajar con usted!<\/p>\n<\/div>\n<\/div><\/div><div id=\"panel-w69c1837b55a0b-2-0-1\" class=\"so-panel widget widget_sow-button panel-last-child\" data-index=\"5\" ><div class=\"panel-widget-style panel-widget-style-for-w69c1837b55a0b-2-0-1\" ><div\n\t\t\t\n\t\t\tclass=\"so-widget-sow-button so-widget-sow-button-flat-cd5bc76e79e2\"\n\t\t\t\n\t\t><div class=\"ow-button-base ow-button-align-left\"\n>\n\t\t\t<a\n\t\t\t\t\thref=\"https:\/\/boysgirlsclubsofmetrodenver.formstack.com\/forms\/jefferson_county_bgc_volunteer_interest_form_copy\"\n\t\t\t\t\tclass=\"sowb-button ow-icon-placement-left ow-button-hover\" \t>\n\t\t<span>\n\t\t\t\n\t\t\tFormulario de inter\u00e9s voluntario\t\t<\/span>\n\t\t\t<\/a>\n\t<\/div>\n<\/div><\/div><\/div><\/div><\/div><\/div><\/div><\/div><\/div><\/div>","protected":false},"excerpt":{"rendered":"<p>Volunteer &amp; Engagement Opportunities Are you a passionate about working with kids and making your community better? Together, Boys &amp; Girls Clubs of Metro Denver and our volunteers enhance the lives of young people and their families by providing a positive environment that cultivates academic success, healthy lifestyles, good character, and citizenship. Learn more about [&hellip;]<\/p>\n","protected":false},"author":17,"featured_media":0,"parent":29522,"menu_order":10,"comment_status":"closed","ping_status":"closed","template":"","meta":{"inline_featured_image":false,"site-sidebar-layout":"default","site-content-layout":"default","ast-site-content-layout":"default","site-content-style":"default","site-sidebar-style":"default","ast-global-header-display":"","ast-banner-title-visibility":"","ast-main-header-display":"","ast-hfb-above-header-display":"","ast-hfb-below-header-display":"","ast-hfb-mobile-header-display":"","site-post-title":"disabled","ast-breadcrumbs-content":"disabled","ast-featured-img":"","footer-sml-layout":"","ast-disable-related-posts":"","theme-transparent-header-meta":"default","adv-header-id-meta":"","stick-header-meta":"","header-above-stick-meta":"","header-main-stick-meta":"","header-below-stick-meta":"","astra-migrate-meta-layouts":"set","ast-page-background-enabled":"default","ast-page-background-meta":{"desktop":{"background-color":"var(--ast-global-color-4)","background-image":"","background-repeat":"repeat","background-position":"center center","background-size":"auto","background-attachment":"scroll","background-type":"","background-media":"","overlay-type":"","overlay-color":"","overlay-opacity":"","overlay-gradient":""},"tablet":{"background-color":"","background-image":"","background-repeat":"repeat","background-position":"center center","background-size":"auto","background-attachment":"scroll","background-type":"","background-media":"","overlay-type":"","overlay-color":"","overlay-opacity":"","overlay-gradient":""},"mobile":{"background-color":"","background-image":"","background-repeat":"repeat","background-position":"center center","background-size":"auto","background-attachment":"scroll","background-type":"","background-media":"","overlay-type":"","overlay-color":"","overlay-opacity":"","overlay-gradient":""}},"ast-content-background-meta":{"desktop":{"background-color":"var(--ast-global-color-5)","background-image":"","background-repeat":"repeat","background-position":"center center","background-size":"auto","background-attachment":"scroll","background-type":"","background-media":"","overlay-type":"","overlay-color":"","overlay-opacity":"","overlay-gradient":""},"tablet":{"background-color":"var(--ast-global-color-5)","background-image":"","background-repeat":"repeat","background-position":"center center","background-size":"auto","background-attachment":"scroll","background-type":"","background-media":"","overlay-type":"","overlay-color":"","overlay-opacity":"","overlay-gradient":""},"mobile":{"background-color":"var(--ast-global-color-5)","background-image":"","background-repeat":"repeat","background-position":"center center","background-size":"auto","background-attachment":"scroll","background-type":"","background-media":"","overlay-type":"","overlay-color":"","overlay-opacity":"","overlay-gradient":""}},"footnotes":"","_links_to":"","_links_to_target":""},"class_list":["post-29866","page","type-page","status-publish","hentry"],"_links":{"self":[{"href":"https:\/\/www.bgcmd.org\/es\/wp-json\/wp\/v2\/pages\/29866","targetHints":{"allow":["GET"]}}],"collection":[{"href":"https:\/\/www.bgcmd.org\/es\/wp-json\/wp\/v2\/pages"}],"about":[{"href":"https:\/\/www.bgcmd.org\/es\/wp-json\/wp\/v2\/types\/page"}],"author":[{"embeddable":true,"href":"https:\/\/www.bgcmd.org\/es\/wp-json\/wp\/v2\/users\/17"}],"replies":[{"embeddable":true,"href":"https:\/\/www.bgcmd.org\/es\/wp-json\/wp\/v2\/comments?post=29866"}],"version-history":[{"count":36,"href":"https:\/\/www.bgcmd.org\/es\/wp-json\/wp\/v2\/pages\/29866\/revisions"}],"predecessor-version":[{"id":41366,"href":"https:\/\/www.bgcmd.org\/es\/wp-json\/wp\/v2\/pages\/29866\/revisions\/41366"}],"up":[{"embeddable":true,"href":"https:\/\/www.bgcmd.org\/es\/wp-json\/wp\/v2\/pages\/29522"}],"wp:attachment":[{"href":"https:\/\/www.bgcmd.org\/es\/wp-json\/wp\/v2\/media?parent=29866"}],"curies":[{"name":"wp","href":"https:\/\/api.w.org\/{rel}","templated":true}]}}