{"id":29863,"date":"2022-02-24T20:09:21","date_gmt":"2022-02-25T03:09:21","guid":{"rendered":"http:\/\/bgcmd.flywheelstaging.com\/programs\/stem\/"},"modified":"2023-11-19T11:30:41","modified_gmt":"2023-11-19T18:30:41","slug":"stem","status":"publish","type":"page","link":"https:\/\/www.bgcmd.org\/es\/programs\/stem\/","title":{"rendered":"MADRE"},"content":{"rendered":"<div id=\"pl-29863\"  class=\"panel-layout\" ><div id=\"pg-29863-0\"  class=\"panel-grid panel-has-style\" ><div class=\"siteorigin-panels-stretch panel-row-style panel-row-style-for-29863-0\" data-stretch-type=\"full-stretched\" ><div id=\"pgc-29863-0-0\"  class=\"panel-grid-cell\" ><div id=\"panel-29863-0-0-0\" class=\"so-panel widget widget_sow-image panel-first-child panel-last-child\" data-index=\"0\" ><div\n\t\t\t\n\t\t\tclass=\"so-widget-sow-image so-widget-sow-image-default-dbf295114b96-29863\"\n\t\t\t\n\t\t>\n<div class=\"sow-image-container\">\n\t\t<img \n\tsrc=\"https:\/\/www.bgcmd.org\/wp-content\/uploads\/2022\/02\/Grid-For-InteriorSlider-MobileGrid-Final-1.png\" width=\"576\" height=\"144\" srcset=\"https:\/\/www.bgcmd.org\/wp-content\/uploads\/2022\/02\/Grid-For-InteriorSlider-MobileGrid-Final-1.png 576w, https:\/\/www.bgcmd.org\/wp-content\/uploads\/2022\/02\/Grid-For-InteriorSlider-MobileGrid-Final-1-300x75.png 300w, https:\/\/www.bgcmd.org\/wp-content\/uploads\/2022\/02\/Grid-For-InteriorSlider-MobileGrid-Final-1-18x5.png 18w\" sizes=\"(max-width: 576px) 100vw, 576px\" title=\"Grid-For-InteriorSlider-MobileGrid-Final (1)\" alt=\"\" \t\tclass=\"so-widget-image\"\/>\n\t<\/div>\n\n<\/div><\/div><\/div><\/div><\/div><div id=\"pg-29863-1\"  class=\"panel-grid panel-has-style\" ><div class=\"landingpage-hero siteorigin-panels-stretch panel-row-style panel-row-style-for-29863-1\" data-stretch-type=\"full-stretched\" ><div id=\"pgc-29863-1-0\"  class=\"panel-grid-cell\" ><div class=\"panel-cell-style panel-cell-style-for-29863-1-0\" ><div id=\"panel-29863-1-0-0\" class=\"so-panel widget widget_sow-headline panel-first-child panel-last-child\" data-index=\"1\" ><div\n\t\t\t\n\t\t\tclass=\"so-widget-sow-headline so-widget-sow-headline-default-700840d0284d-29863\"\n\t\t\t\n\t\t><div class=\"sow-headline-container\">\n\t\t\t\t\t\t\t<h1 class=\"sow-headline\">\n\t\t\t\t\t\tPROGRAMAS STEM\t\t\t\t\t\t<\/h1>\n\t\t\t\t\t\t<\/div>\n<\/div><\/div><\/div><\/div><div id=\"pgc-29863-1-1\"  class=\"panel-grid-cell\" ><div id=\"panel-29863-1-1-0\" class=\"so-panel widget widget_sow-image panel-first-child panel-last-child\" data-index=\"2\" ><div\n\t\t\t\n\t\t\tclass=\"so-widget-sow-image so-widget-sow-image-default-dbf295114b96-29863\"\n\t\t\t\n\t\t>\n<div class=\"sow-image-container\">\n\t\t<img \n\tsrc=\"https:\/\/www.bgcmd.org\/wp-content\/uploads\/2022\/11\/Alumni.png\" width=\"2000\" height=\"667\" srcset=\"https:\/\/www.bgcmd.org\/wp-content\/uploads\/2022\/11\/Alumni.png 2000w, https:\/\/www.bgcmd.org\/wp-content\/uploads\/2022\/11\/Alumni-300x100.png 300w, https:\/\/www.bgcmd.org\/wp-content\/uploads\/2022\/11\/Alumni-1024x342.png 1024w, https:\/\/www.bgcmd.org\/wp-content\/uploads\/2022\/11\/Alumni-768x256.png 768w, https:\/\/www.bgcmd.org\/wp-content\/uploads\/2022\/11\/Alumni-1536x512.png 1536w, https:\/\/www.bgcmd.org\/wp-content\/uploads\/2022\/11\/Alumni-18x6.png 18w\" sizes=\"(max-width: 2000px) 100vw, 2000px\" title=\"Encabezado de ex alumnos\" alt=\"\" \t\tclass=\"so-widget-image\"\/>\n\t<\/div>\n\n<\/div><\/div><\/div><\/div><\/div><div id=\"pg-29863-2\"  class=\"panel-grid panel-no-style\" ><div id=\"pgc-29863-2-0\"  class=\"panel-grid-cell\" ><div id=\"panel-29863-2-0-0\" class=\"so-panel widget widget_sow-editor panel-first-child panel-last-child\" data-index=\"3\" ><div\n\t\t\t\n\t\t\tclass=\"so-widget-sow-editor so-widget-sow-editor-base\"\n\t\t\t\n\t\t>\n<div class=\"siteorigin-widget-tinymce textwidget\">\n\t<p style=\"text-align: center;\">Se alienta a todos los ni\u00f1os a pensar de manera creativa y cr\u00edtica a trav\u00e9s de la participaci\u00f3n pr\u00e1ctica en actividades STEM (ciencias, tecnolog\u00eda, ingenier\u00eda y matem\u00e1ticas) apropiadas para su edad. Ofrecemos una variedad de programas que inspiran a los ni\u00f1os a amar el aprendizaje, desarrollan habilidades para resolver problemas, fomentan el trabajo en equipo y la innovaci\u00f3n, y fortalecen las habilidades t\u00e9cnicas.<\/p>\n<\/div>\n<\/div><\/div><\/div><\/div><div id=\"pg-29863-3\"  class=\"panel-grid panel-has-style\" ><div class=\"dual-border-blue panel-row-style panel-row-style-for-29863-3\" ><div id=\"pgc-29863-3-0\"  class=\"panel-grid-cell\" ><div id=\"panel-29863-3-0-0\" class=\"so-panel widget widget_siteorigin-panels-builder panel-first-child panel-last-child\" data-index=\"4\" ><div id=\"pl-w62196e93b58df\"  class=\"panel-layout\" ><div id=\"pg-w62196e93b58df-0\"  class=\"panel-grid panel-no-style\" ><div id=\"pgc-w62196e93b58df-0-0\"  class=\"panel-grid-cell\" ><div id=\"panel-w62196e93b58df-0-0-0\" class=\"so-panel widget widget_sow-editor panel-first-child panel-last-child\" data-index=\"0\" ><div\n\t\t\t\n\t\t\tclass=\"so-widget-sow-editor so-widget-sow-editor-base\"\n\t\t\t\n\t\t>\n<div class=\"siteorigin-widget-tinymce textwidget\">\n\t<h3>PROGRAMA TECHSPERTS<\/h3>\n<p>El objetivo del programa TechSperts es aumentar las habilidades t\u00e9cnicas y las oportunidades de liderazgo para los j\u00f3venes en los laboratorios de tecnolog\u00eda. Los miembros deben completar los requisitos en 15 \u00e1reas de programaci\u00f3n tecnol\u00f3gica, que incluyen Microsoft Office, programaci\u00f3n inform\u00e1tica, hardware\/redes, mecanograf\u00eda, presentaci\u00f3n, exploraci\u00f3n de carreras y m\u00e1s, para avanzar a cada nivel de competencia TechSpert (de TechSpert a I a II a III a TechMaster al Dr. Tech)<\/p>\n<h3>NETMARTZ<\/h3>\n<p>Este programa es un recurso de seguridad educativo e interactivo del Centro Nacional para Ni\u00f1os Desaparecidos y Explotados y Boys &amp; Girls Clubs of America para ni\u00f1os de 5 a 17 a\u00f1os, padres, tutores, educadores y agentes del orden p\u00fablico. El programa utiliza actividades tridimensionales apropiadas para la edad para ense\u00f1ar a los ni\u00f1os c\u00f3mo mantenerse m\u00e1s seguros en Internet. A trav\u00e9s de estos m\u00f3dulos interactivos, nuestro personal de tecnolog\u00eda ayuda a los miembros del Club a aprender c\u00f3mo comunicarse en l\u00ednea de manera segura, jugar juegos, realizar investigaciones y mejorar la conciencia general para prevenir la victimizaci\u00f3n y aumentar la confianza en s\u00ed mismos cada vez que se conectan. Visita <a href=\"http:\/\/www.netsmartz.org\/\" target=\"_blank\" rel=\"noopener\">netsmartz.org<\/a> para saber m\u00e1s sobre este programa. Los adolescentes pueden visitar <a href=\"http:\/\/www.nsteens.org\/\" target=\"_blank\" rel=\"noopener\">NSTeens.org<\/a> y los ni\u00f1os de 5 a\u00f1os en adelante pueden visitar <a href=\"http:\/\/www.netsmartzkids.org\/\" target=\"_blank\" rel=\"noopener\">NetSmartzKids.org<\/a> para comenzar a aprender a usar Internet de manera segura.<\/p>\n<h3>BATALLA DE LOS BOTS<\/h3>\n<p>Este programa de rob\u00f3tica les brinda a los miembros del Club la oportunidad de desarrollar sus habilidades de ingenier\u00eda y programaci\u00f3n mientras aprenden a trabajar de manera efectiva y crear estrategias como parte de un equipo. Cada grupo construye un robot con kits de Lego NXT y compite en cuatro \u00e1reas de evaluaci\u00f3n: creaci\u00f3n art\u00edstica, presentaci\u00f3n, carrera de obst\u00e1culos y, finalmente, \u00a1una dram\u00e1tica batalla de bots!<\/p>\n<h3>NI\u00d1AS EN TECNOLOG\u00cdA<\/h3>\n<p>Se reserva tiempo cada semana para la programaci\u00f3n solo para ni\u00f1as en los laboratorios de tecnolog\u00eda. Los proyectos var\u00edan seg\u00fan las necesidades e intereses de las ni\u00f1as involucradas.<\/p>\n<\/div>\n<\/div><\/div><\/div><div id=\"pgc-w62196e93b58df-0-1\"  class=\"panel-grid-cell\" ><div id=\"panel-w62196e93b58df-0-1-0\" class=\"so-panel widget widget_sow-editor panel-first-child panel-last-child\" data-index=\"1\" ><div\n\t\t\t\n\t\t\tclass=\"so-widget-sow-editor so-widget-sow-editor-base\"\n\t\t\t\n\t\t>\n<div class=\"siteorigin-widget-tinymce textwidget\">\n\t<h3>FESTIVAL DE ARTES DIGITALES<\/h3>\n<p>El National Club Tech Digital Arts Festival, con el apoyo de Microsoft y Best Buy Children&#039;s Foundation, celebra las habilidades tecnol\u00f3gicas y la creatividad de los miembros de Boys &amp; Girls Clubs en todo el pa\u00eds y en las bases militares estadounidenses en todo el mundo. En preparaci\u00f3n para festivales locales, regionales y nacionales, los miembros de Boys &amp; Girls Clubs of Metro Denver participan en las siguientes actividades durante todo el a\u00f1o para desarrollar sus habilidades art\u00edsticas y tecnol\u00f3gicas:<\/p>\n<ul>\n<li><strong>Dise\u00f1o gr\u00e1fico<\/strong>: A trav\u00e9s de cursos digitales interactivos, actividades grupales e individuales, los miembros aprenden conceptos art\u00edsticos y habilidades tecnol\u00f3gicas para crear animaciones y materiales impresos de calidad profesional.<\/li>\n<li><strong>Hacer peliculas<\/strong>: El personal del club trabaja con los miembros a trav\u00e9s de los procesos pr\u00e1cticos de escritura de guiones, filmaci\u00f3n y edici\u00f3n de pel\u00edculas digitales.<\/li>\n<li><strong>hacer musica<\/strong>: Los miembros exploran una variedad de aplicaciones de software de m\u00fasica digital y teor\u00eda musical b\u00e1sica, aprenden a escribir partituras, mezclan bucles musicales, adem\u00e1s de componer y grabar canciones originales.<\/li>\n<li><strong>Ilustraci\u00f3n de la foto<\/strong>: Los miembros toman fotograf\u00edas digitales y aprenden sobre la composici\u00f3n de fotograf\u00edas mientras exploran los efectos de la distancia y el \u00e1ngulo. Luego, los miembros aprenden sobre la manipulaci\u00f3n de fotograf\u00edas digitales, desde tareas b\u00e1sicas de edici\u00f3n como recortar y ajustar el color y la luz, hasta proyectos avanzados que utilizan filtros de imagen y capas.<\/li>\n<\/ul>\n<h3>EVENTOS Y SALIDAS ESPECIALES<\/h3>\n<p>Hay una serie de eventos especiales durante todo el a\u00f1o, que incluyen TechZilla Monster Extravaganza (una competencia de tecnolog\u00eda), Battle of the Bots (una competencia de equipos de rob\u00f3tica), excursiones orientadas a la carrera y m\u00e1s.<\/p>\n<\/div>\n<\/div><\/div><\/div><\/div><\/div><\/div><\/div><\/div><\/div><\/div>","protected":false},"excerpt":{"rendered":"<p>STEM PROGRAMS All kids are encouraged to think creatively and critically through hands-on participation in age-appropriate STEM (science, technology, engineering, and math) activities. We offer a variety of programs that inspire kids to love learning, build problem-solving skills, encourage teamwork and innovation, and strengthen technical skills. TECHSPERTS PROGRAM The goal of the TechSperts program is [&hellip;]<\/p>\n","protected":false},"author":17,"featured_media":0,"parent":29814,"menu_order":70,"comment_status":"closed","ping_status":"closed","template":"","meta":{"inline_featured_image":false,"site-sidebar-layout":"default","site-content-layout":"default","ast-site-content-layout":"default","site-content-style":"default","site-sidebar-style":"default","ast-global-header-display":"","ast-banner-title-visibility":"","ast-main-header-display":"","ast-hfb-above-header-display":"","ast-hfb-below-header-display":"","ast-hfb-mobile-header-display":"","site-post-title":"disabled","ast-breadcrumbs-content":"disabled","ast-featured-img":"","footer-sml-layout":"","ast-disable-related-posts":"","theme-transparent-header-meta":"default","adv-header-id-meta":"","stick-header-meta":"","header-above-stick-meta":"","header-main-stick-meta":"","header-below-stick-meta":"","astra-migrate-meta-layouts":"set","ast-page-background-enabled":"default","ast-page-background-meta":{"desktop":{"background-color":"var(--ast-global-color-4)","background-image":"","background-repeat":"repeat","background-position":"center center","background-size":"auto","background-attachment":"scroll","background-type":"","background-media":"","overlay-type":"","overlay-color":"","overlay-opacity":"","overlay-gradient":""},"tablet":{"background-color":"","background-image":"","background-repeat":"repeat","background-position":"center center","background-size":"auto","background-attachment":"scroll","background-type":"","background-media":"","overlay-type":"","overlay-color":"","overlay-opacity":"","overlay-gradient":""},"mobile":{"background-color":"","background-image":"","background-repeat":"repeat","background-position":"center center","background-size":"auto","background-attachment":"scroll","background-type":"","background-media":"","overlay-type":"","overlay-color":"","overlay-opacity":"","overlay-gradient":""}},"ast-content-background-meta":{"desktop":{"background-color":"var(--ast-global-color-5)","background-image":"","background-repeat":"repeat","background-position":"center center","background-size":"auto","background-attachment":"scroll","background-type":"","background-media":"","overlay-type":"","overlay-color":"","overlay-opacity":"","overlay-gradient":""},"tablet":{"background-color":"var(--ast-global-color-5)","background-image":"","background-repeat":"repeat","background-position":"center center","background-size":"auto","background-attachment":"scroll","background-type":"","background-media":"","overlay-type":"","overlay-color":"","overlay-opacity":"","overlay-gradient":""},"mobile":{"background-color":"var(--ast-global-color-5)","background-image":"","background-repeat":"repeat","background-position":"center center","background-size":"auto","background-attachment":"scroll","background-type":"","background-media":"","overlay-type":"","overlay-color":"","overlay-opacity":"","overlay-gradient":""}},"footnotes":"","_links_to":"","_links_to_target":""},"class_list":["post-29863","page","type-page","status-publish","hentry"],"_links":{"self":[{"href":"https:\/\/www.bgcmd.org\/es\/wp-json\/wp\/v2\/pages\/29863","targetHints":{"allow":["GET"]}}],"collection":[{"href":"https:\/\/www.bgcmd.org\/es\/wp-json\/wp\/v2\/pages"}],"about":[{"href":"https:\/\/www.bgcmd.org\/es\/wp-json\/wp\/v2\/types\/page"}],"author":[{"embeddable":true,"href":"https:\/\/www.bgcmd.org\/es\/wp-json\/wp\/v2\/users\/17"}],"replies":[{"embeddable":true,"href":"https:\/\/www.bgcmd.org\/es\/wp-json\/wp\/v2\/comments?post=29863"}],"version-history":[{"count":7,"href":"https:\/\/www.bgcmd.org\/es\/wp-json\/wp\/v2\/pages\/29863\/revisions"}],"predecessor-version":[{"id":36681,"href":"https:\/\/www.bgcmd.org\/es\/wp-json\/wp\/v2\/pages\/29863\/revisions\/36681"}],"up":[{"embeddable":true,"href":"https:\/\/www.bgcmd.org\/es\/wp-json\/wp\/v2\/pages\/29814"}],"wp:attachment":[{"href":"https:\/\/www.bgcmd.org\/es\/wp-json\/wp\/v2\/media?parent=29863"}],"curies":[{"name":"wp","href":"https:\/\/api.w.org\/{rel}","templated":true}]}}