{"id":29862,"date":"2022-02-24T20:09:21","date_gmt":"2022-02-25T03:09:21","guid":{"rendered":"http:\/\/bgcmd.flywheelstaging.com\/programs\/pathways-to-success\/"},"modified":"2022-02-25T16:34:48","modified_gmt":"2022-02-25T23:34:48","slug":"pathways-to-success","status":"publish","type":"page","link":"https:\/\/www.bgcmd.org\/es\/programs\/pathways-to-success\/","title":{"rendered":"Caminos al \u00e9xito"},"content":{"rendered":"<div id=\"pl-29862\"  class=\"panel-layout\" ><div id=\"pg-29862-0\"  class=\"panel-grid panel-has-style\" ><div class=\"siteorigin-panels-stretch panel-row-style panel-row-style-for-29862-0\" data-stretch-type=\"full-stretched\" ><div id=\"pgc-29862-0-0\"  class=\"panel-grid-cell\" ><div id=\"panel-29862-0-0-0\" class=\"so-panel widget widget_sow-image panel-first-child panel-last-child\" data-index=\"0\" ><div\n\t\t\t\n\t\t\tclass=\"so-widget-sow-image so-widget-sow-image-default-dbf295114b96-29862\"\n\t\t\t\n\t\t>\n<div class=\"sow-image-container\">\n\t\t<img \n\tsrc=\"https:\/\/www.bgcmd.org\/wp-content\/uploads\/2022\/02\/Grid-For-InteriorSlider-MobileGrid-Final-1.png\" width=\"576\" height=\"144\" srcset=\"https:\/\/www.bgcmd.org\/wp-content\/uploads\/2022\/02\/Grid-For-InteriorSlider-MobileGrid-Final-1.png 576w, https:\/\/www.bgcmd.org\/wp-content\/uploads\/2022\/02\/Grid-For-InteriorSlider-MobileGrid-Final-1-300x75.png 300w, https:\/\/www.bgcmd.org\/wp-content\/uploads\/2022\/02\/Grid-For-InteriorSlider-MobileGrid-Final-1-18x5.png 18w\" sizes=\"(max-width: 576px) 100vw, 576px\" title=\"Grid-For-InteriorSlider-MobileGrid-Final (1)\" alt=\"\" \t\tclass=\"so-widget-image\"\/>\n\t<\/div>\n\n<\/div><\/div><\/div><\/div><\/div><div id=\"pg-29862-1\"  class=\"panel-grid panel-has-style\" ><div class=\"landingpage-hero siteorigin-panels-stretch panel-row-style panel-row-style-for-29862-1\" data-stretch-type=\"full-stretched\" ><div id=\"pgc-29862-1-0\"  class=\"panel-grid-cell\" ><div class=\"panel-cell-style panel-cell-style-for-29862-1-0\" ><div id=\"panel-29862-1-0-0\" class=\"so-panel widget widget_sow-headline panel-first-child panel-last-child\" data-index=\"1\" ><div\n\t\t\t\n\t\t\tclass=\"so-widget-sow-headline so-widget-sow-headline-default-700840d0284d-29862\"\n\t\t\t\n\t\t><div class=\"sow-headline-container\">\n\t\t\t\t\t\t\t<h1 class=\"sow-headline\">\n\t\t\t\t\t\tCaminos al \u00e9xito\t\t\t\t\t\t<\/h1>\n\t\t\t\t\t\t<\/div>\n<\/div><\/div><\/div><\/div><div id=\"pgc-29862-1-1\"  class=\"panel-grid-cell\" ><div id=\"panel-29862-1-1-0\" class=\"so-panel widget widget_sow-image panel-first-child panel-last-child\" data-index=\"2\" ><div\n\t\t\t\n\t\t\tclass=\"so-widget-sow-image so-widget-sow-image-default-dbf295114b96-29862\"\n\t\t\t\n\t\t>\n<div class=\"sow-image-container\">\n\t\t<img \n\tsrc=\"https:\/\/www.bgcmd.org\/wp-content\/uploads\/2022\/02\/wide-1.png\" width=\"1117\" height=\"374\" srcset=\"https:\/\/www.bgcmd.org\/wp-content\/uploads\/2022\/02\/wide-1.png 1117w, https:\/\/www.bgcmd.org\/wp-content\/uploads\/2022\/02\/wide-1-300x100.png 300w, https:\/\/www.bgcmd.org\/wp-content\/uploads\/2022\/02\/wide-1-1024x343.png 1024w, https:\/\/www.bgcmd.org\/wp-content\/uploads\/2022\/02\/wide-1-768x257.png 768w, https:\/\/www.bgcmd.org\/wp-content\/uploads\/2022\/02\/wide-1-18x6.png 18w\" sizes=\"(max-width: 1117px) 100vw, 1117px\" title=\"ancho (1)\" alt=\"\" \t\tclass=\"so-widget-image\"\/>\n\t<\/div>\n\n<\/div><\/div><\/div><\/div><\/div><div id=\"pg-29862-2\"  class=\"panel-grid panel-has-style\" ><div class=\"dual-border-blue panel-row-style panel-row-style-for-29862-2\" ><div id=\"pgc-29862-2-0\"  class=\"panel-grid-cell\" ><div id=\"panel-29862-2-0-0\" class=\"so-panel widget widget_siteorigin-panels-builder panel-first-child panel-last-child\" data-index=\"3\" ><div id=\"pl-w621967822430e\"  class=\"panel-layout\" ><div id=\"pg-w621967822430e-0\"  class=\"panel-grid panel-no-style\" ><div id=\"pgc-w621967822430e-0-0\"  class=\"panel-grid-cell\" ><div id=\"panel-w621967822430e-0-0-0\" class=\"so-panel widget widget_sow-editor panel-first-child panel-last-child\" data-index=\"0\" ><div\n\t\t\t\n\t\t\tclass=\"so-widget-sow-editor so-widget-sow-editor-base\"\n\t\t\t\n\t\t>\n<div class=\"siteorigin-widget-tinymce textwidget\">\n\t<p>Pathways to Success prepara a los miembros de nuestro Club para el \u00e9xito en la universidad y la carrera a trav\u00e9s de la exploraci\u00f3n y preparaci\u00f3n pr\u00e1ctica. El programa, que se ofrece en sesiones de ocho semanas (en oto\u00f1o, primavera y verano), durante unas tres horas por semana, se divide en tres secciones principales:<\/p>\n<ul>\n<li>Preparaci\u00f3n y acceso a la universidad<\/li>\n<li>Exploraci\u00f3n de carrera<\/li>\n<li>Educaci\u00f3n financiera<\/li>\n<\/ul>\n<p>Para preparar a los j\u00f3venes para la educaci\u00f3n postsecundaria, ofrecemos al menos diez visitas a universidades por a\u00f1o, brindamos asistencia con las solicitudes de ayuda financiera y universitaria, y ayudamos a los miembros del Club a crear un portafolio. La creaci\u00f3n de un portafolio representa una valiosa oportunidad para documentar el aprendizaje y demostrar la autoconciencia. Es un lugar donde los j\u00f3venes recopilan informaci\u00f3n que ser\u00e1 \u00fatil tanto para la universidad como para las solicitudes de empleo, incluidos: registros acad\u00e9micos, experiencia laboral y voluntaria, un curr\u00edculum, solicitudes para la universidad, muestras de trabajo, cartas de recomendaci\u00f3n y otra informaci\u00f3n u honores pertinentes.<\/p>\n<p>La teor\u00eda detr\u00e1s del programa Pathways es que la provisi\u00f3n de una experiencia profesional pr\u00e1ctica en el &quot;mundo real&quot;, negociada a trav\u00e9s de una asociaci\u00f3n con corporaciones locales, es la forma m\u00e1s efectiva de ayudar a los j\u00f3venes a prepararse para la universidad y la carrera. Cada a\u00f1o, brindaremos un m\u00ednimo de cinco experiencias profesionales, que brindan una ventana al mundo laboral y pueden incluir visitas al Club de profesionales en varios campos u oportunidades de observaci\u00f3n laboral, entre otros. Si bien las experiencias profesionales se eligen teniendo en cuenta los intereses de los miembros del Club, creemos que brindar una experiencia \u00fanica en cualquier campo agregar\u00e1 valor al desarrollo de habilidades cr\u00edticas de preparaci\u00f3n para la fuerza laboral (colaboraci\u00f3n, investigaci\u00f3n, pensamiento cr\u00edtico, l\u00f3gica, etc.), independientemente de si esa industria encaja exactamente con la pasi\u00f3n \u00fanica de cada ni\u00f1o.<\/p>\n<p>Por \u00faltimo, se ense\u00f1an habilidades fundamentales de alfabetizaci\u00f3n financiera a trav\u00e9s de varios planes de estudio, como Money Matters, proporcionado a trav\u00e9s de una asociaci\u00f3n nacional con Boys &amp; Girls Clubs of America.<\/p>\n<h3>ASOCIACIONES COMUNITARIAS<\/h3>\n<p>Boys &amp; Girls Clubs of Metro Denver se ha asociado con organizaciones locales, incluido el desarrollo de la fuerza laboral, la industria, el desarrollo econ\u00f3mico y la educaci\u00f3n superior. Boys &amp; Girls Clubs of Metro Denver ha desarrollado un plan de cinco a\u00f1os que ser\u00e1 la piedra angular para el desarrollo de caminos acad\u00e9micos y profesionales.<\/p>\n<p>Las asociaciones comunitarias brindan a los miembros de Boy &amp; Girls Clubs of Metro Denver la oportunidad \u00fanica de explorar futuras carreras a trav\u00e9s de oportunidades de experiencia en el campo, tales como: observaci\u00f3n de trabajos, tutor\u00eda, pasant\u00edas y oportunidades laborales dentro de la comunidad local.<\/p>\n<\/div>\n<\/div><\/div><\/div><\/div><\/div><\/div><\/div><\/div><\/div><div id=\"pg-29862-3\"  class=\"panel-grid panel-no-style\" ><div id=\"pgc-29862-3-0\"  class=\"panel-grid-cell\" ><div id=\"panel-29862-3-0-0\" class=\"so-panel widget widget_sow-editor panel-first-child\" data-index=\"4\" ><div\n\t\t\t\n\t\t\tclass=\"so-widget-sow-editor so-widget-sow-editor-base\"\n\t\t\t\n\t\t>\n<div class=\"siteorigin-widget-tinymce textwidget\">\n\t<p style=\"text-align: center;\"><em>Para obtener m\u00e1s informaci\u00f3n sobre c\u00f3mo usted o su empresa pueden participar en el programa Pathways to Success, comun\u00edquese con Tonja al <a href=\"mailto:TonjaM@bgcmd.org\">TonjaM@bgcmd.org<\/a>.<\/em><\/p>\n<\/div>\n<\/div><\/div><div id=\"panel-29862-3-0-1\" class=\"so-panel widget widget_sow-editor panel-last-child\" data-index=\"5\" ><div\n\t\t\t\n\t\t\tclass=\"so-widget-sow-editor so-widget-sow-editor-base\"\n\t\t\t\n\t\t>\n<div class=\"siteorigin-widget-tinymce textwidget\">\n\t<p style=\"text-align: center;\">Programa Pathways to Success respaldado por:<\/p>\n<p><img loading=\"lazy\" decoding=\"async\" class=\"aligncenter size-full wp-image-30177\" src=\"https:\/\/www.bgcmd.org\/wp-content\/uploads\/2022\/02\/sponsor_usbank.gif\" alt=\"\" width=\"187\" height=\"47\" \/><\/p>\n<\/div>\n<\/div><\/div><\/div><\/div><\/div>","protected":false},"excerpt":{"rendered":"<p>Pathways to Success Pathways to Success prepares our Club members for success in college and career through hands-on exploration and preparation. The program \u2013 offered in eight week sessions (in the fall, spring, and summer), for about three hours per week \u2013 is divided into three main sections: College preparation and access Career exploration Financial [&hellip;]<\/p>\n","protected":false},"author":17,"featured_media":0,"parent":29814,"menu_order":60,"comment_status":"closed","ping_status":"closed","template":"","meta":{"inline_featured_image":false,"site-sidebar-layout":"default","site-content-layout":"default","ast-site-content-layout":"default","site-content-style":"default","site-sidebar-style":"default","ast-global-header-display":"","ast-banner-title-visibility":"","ast-main-header-display":"","ast-hfb-above-header-display":"","ast-hfb-below-header-display":"","ast-hfb-mobile-header-display":"","site-post-title":"disabled","ast-breadcrumbs-content":"disabled","ast-featured-img":"","footer-sml-layout":"","ast-disable-related-posts":"","theme-transparent-header-meta":"","adv-header-id-meta":"","stick-header-meta":"","header-above-stick-meta":"","header-main-stick-meta":"","header-below-stick-meta":"","astra-migrate-meta-layouts":"default","ast-page-background-enabled":"default","ast-page-background-meta":{"desktop":{"background-color":"var(--ast-global-color-4)","background-image":"","background-repeat":"repeat","background-position":"center center","background-size":"auto","background-attachment":"scroll","background-type":"","background-media":"","overlay-type":"","overlay-color":"","overlay-opacity":"","overlay-gradient":""},"tablet":{"background-color":"","background-image":"","background-repeat":"repeat","background-position":"center center","background-size":"auto","background-attachment":"scroll","background-type":"","background-media":"","overlay-type":"","overlay-color":"","overlay-opacity":"","overlay-gradient":""},"mobile":{"background-color":"","background-image":"","background-repeat":"repeat","background-position":"center center","background-size":"auto","background-attachment":"scroll","background-type":"","background-media":"","overlay-type":"","overlay-color":"","overlay-opacity":"","overlay-gradient":""}},"ast-content-background-meta":{"desktop":{"background-color":"var(--ast-global-color-5)","background-image":"","background-repeat":"repeat","background-position":"center center","background-size":"auto","background-attachment":"scroll","background-type":"","background-media":"","overlay-type":"","overlay-color":"","overlay-opacity":"","overlay-gradient":""},"tablet":{"background-color":"var(--ast-global-color-5)","background-image":"","background-repeat":"repeat","background-position":"center center","background-size":"auto","background-attachment":"scroll","background-type":"","background-media":"","overlay-type":"","overlay-color":"","overlay-opacity":"","overlay-gradient":""},"mobile":{"background-color":"var(--ast-global-color-5)","background-image":"","background-repeat":"repeat","background-position":"center center","background-size":"auto","background-attachment":"scroll","background-type":"","background-media":"","overlay-type":"","overlay-color":"","overlay-opacity":"","overlay-gradient":""}},"footnotes":"","_links_to":"","_links_to_target":""},"class_list":["post-29862","page","type-page","status-publish","hentry"],"_links":{"self":[{"href":"https:\/\/www.bgcmd.org\/es\/wp-json\/wp\/v2\/pages\/29862","targetHints":{"allow":["GET"]}}],"collection":[{"href":"https:\/\/www.bgcmd.org\/es\/wp-json\/wp\/v2\/pages"}],"about":[{"href":"https:\/\/www.bgcmd.org\/es\/wp-json\/wp\/v2\/types\/page"}],"author":[{"embeddable":true,"href":"https:\/\/www.bgcmd.org\/es\/wp-json\/wp\/v2\/users\/17"}],"replies":[{"embeddable":true,"href":"https:\/\/www.bgcmd.org\/es\/wp-json\/wp\/v2\/comments?post=29862"}],"version-history":[{"count":4,"href":"https:\/\/www.bgcmd.org\/es\/wp-json\/wp\/v2\/pages\/29862\/revisions"}],"predecessor-version":[{"id":30180,"href":"https:\/\/www.bgcmd.org\/es\/wp-json\/wp\/v2\/pages\/29862\/revisions\/30180"}],"up":[{"embeddable":true,"href":"https:\/\/www.bgcmd.org\/es\/wp-json\/wp\/v2\/pages\/29814"}],"wp:attachment":[{"href":"https:\/\/www.bgcmd.org\/es\/wp-json\/wp\/v2\/media?parent=29862"}],"curies":[{"name":"wp","href":"https:\/\/api.w.org\/{rel}","templated":true}]}}