{"id":29858,"date":"2022-02-24T20:09:20","date_gmt":"2022-02-25T03:09:20","guid":{"rendered":"http:\/\/bgcmd.flywheelstaging.com\/programs\/character-and-leadership\/"},"modified":"2024-12-19T10:09:02","modified_gmt":"2024-12-19T17:09:02","slug":"character-leadership","status":"publish","type":"page","link":"https:\/\/www.bgcmd.org\/es\/programs\/character-leadership\/","title":{"rendered":"Car\u00e1cter y Liderazgo"},"content":{"rendered":"<div id=\"pl-29858\"  class=\"panel-layout\" ><div id=\"pg-29858-0\"  class=\"panel-grid panel-has-style\" ><div class=\"siteorigin-panels-stretch panel-row-style panel-row-style-for-29858-0\" data-stretch-type=\"full-width-stretch\" ><div id=\"pgc-29858-0-0\"  class=\"panel-grid-cell\" ><div id=\"panel-29858-0-0-0\" class=\"so-panel widget widget_sow-image panel-first-child panel-last-child\" data-index=\"0\" ><div\n\t\t\t\n\t\t\tclass=\"so-widget-sow-image so-widget-sow-image-default-dbf295114b96-29858\"\n\t\t\t\n\t\t>\n<div class=\"sow-image-container\">\n\t\t<img \n\tsrc=\"https:\/\/www.bgcmd.org\/wp-content\/uploads\/2022\/02\/Grid-For-InteriorSlider-MobileGrid-Final-1.png\" width=\"576\" height=\"144\" srcset=\"https:\/\/www.bgcmd.org\/wp-content\/uploads\/2022\/02\/Grid-For-InteriorSlider-MobileGrid-Final-1.png 576w, https:\/\/www.bgcmd.org\/wp-content\/uploads\/2022\/02\/Grid-For-InteriorSlider-MobileGrid-Final-1-300x75.png 300w, https:\/\/www.bgcmd.org\/wp-content\/uploads\/2022\/02\/Grid-For-InteriorSlider-MobileGrid-Final-1-18x5.png 18w\" sizes=\"(max-width: 576px) 100vw, 576px\" title=\"Grid-For-InteriorSlider-MobileGrid-Final (1)\" alt=\"\" \t\tclass=\"so-widget-image\"\/>\n\t<\/div>\n\n<\/div><\/div><\/div><\/div><\/div><div id=\"pg-29858-1\"  class=\"panel-grid panel-has-style\" ><div class=\"landingpage-hero siteorigin-panels-stretch panel-row-style panel-row-style-for-29858-1\" data-stretch-type=\"full-width-stretch\" ><div id=\"pgc-29858-1-0\"  class=\"panel-grid-cell\" ><div class=\"panel-cell-style panel-cell-style-for-29858-1-0\" ><div id=\"panel-29858-1-0-0\" class=\"so-panel widget widget_sow-headline panel-first-child panel-last-child\" data-index=\"1\" ><div\n\t\t\t\n\t\t\tclass=\"so-widget-sow-headline so-widget-sow-headline-default-700840d0284d-29858\"\n\t\t\t\n\t\t><div class=\"sow-headline-container\">\n\t\t\t\t\t\t\t<h1 class=\"sow-headline\">\n\t\t\t\t\t\tCar\u00e1cter y Liderazgo\t\t\t\t\t\t<\/h1>\n\t\t\t\t\t\t<\/div>\n<\/div><\/div><\/div><\/div><div id=\"pgc-29858-1-1\"  class=\"panel-grid-cell\" ><div id=\"panel-29858-1-1-0\" class=\"so-panel widget widget_sow-image panel-first-child panel-last-child\" data-index=\"2\" ><div\n\t\t\t\n\t\t\tclass=\"so-widget-sow-image so-widget-sow-image-default-dbf295114b96-29858\"\n\t\t\t\n\t\t>\n<div class=\"sow-image-container\">\n\t\t<img \n\tsrc=\"https:\/\/www.bgcmd.org\/wp-content\/uploads\/2022\/11\/Website-Header-Template-short-title-3.png\" width=\"2000\" height=\"667\" srcset=\"https:\/\/www.bgcmd.org\/wp-content\/uploads\/2022\/11\/Website-Header-Template-short-title-3.png 2000w, https:\/\/www.bgcmd.org\/wp-content\/uploads\/2022\/11\/Website-Header-Template-short-title-3-300x100.png 300w, https:\/\/www.bgcmd.org\/wp-content\/uploads\/2022\/11\/Website-Header-Template-short-title-3-1024x342.png 1024w, https:\/\/www.bgcmd.org\/wp-content\/uploads\/2022\/11\/Website-Header-Template-short-title-3-768x256.png 768w, https:\/\/www.bgcmd.org\/wp-content\/uploads\/2022\/11\/Website-Header-Template-short-title-3-1536x512.png 1536w, https:\/\/www.bgcmd.org\/wp-content\/uploads\/2022\/11\/Website-Header-Template-short-title-3-18x6.png 18w\" sizes=\"(max-width: 2000px) 100vw, 2000px\" title=\"Cabecera de gala\" alt=\"\" \t\tclass=\"so-widget-image\"\/>\n\t<\/div>\n\n<\/div><\/div><\/div><\/div><\/div><div id=\"pg-29858-2\"  class=\"panel-grid panel-no-style\" ><div id=\"pgc-29858-2-0\"  class=\"panel-grid-cell panel-grid-cell-empty\" ><\/div><div id=\"pgc-29858-2-1\"  class=\"panel-grid-cell panel-grid-cell-mobile-last\" ><div id=\"panel-29858-2-1-0\" class=\"so-panel widget widget_sow-editor panel-first-child panel-last-child\" data-index=\"3\" ><div\n\t\t\t\n\t\t\tclass=\"so-widget-sow-editor so-widget-sow-editor-base\"\n\t\t\t\n\t\t>\n<div class=\"siteorigin-widget-tinymce textwidget\">\n\t<p style=\"text-align: left;\"><span class=\"TextRun SCXW6888038 BCX0\" lang=\"EN-US\" xml:lang=\"EN-US\" data-contrast=\"none\"><span class=\"NormalTextRun SCXW6888038 BCX0\">We nurture the spark of leadership in every Club member, cultivating their unique voices and empowering them to create positive change. Through hands-on leadership experiences, service opportunities, and mentorship, Club members develop the confidence and skills to grow their own futures and the future of their communities.<\/span><\/span><span class=\"EOP SCXW6888038 BCX0\" data-ccp-props=\"{&quot;335559738&quot;:240}\">\u00a0<\/span><\/p>\n<\/div>\n<\/div><\/div><\/div><div id=\"pgc-29858-2-2\"  class=\"panel-grid-cell panel-grid-cell-empty\" ><\/div><\/div><div id=\"pg-29858-3\"  class=\"panel-grid panel-has-style\" ><div class=\"dual-border-blue panel-row-style panel-row-style-for-29858-3\" ><div id=\"pgc-29858-3-0\"  class=\"panel-grid-cell\" ><div id=\"panel-29858-3-0-0\" class=\"so-panel widget widget_siteorigin-panels-builder panel-first-child\" data-index=\"4\" ><div id=\"pl-w6764532e5e30c\"  class=\"panel-layout\" ><div id=\"pg-w6764532e5e30c-0\"  class=\"panel-grid panel-no-style\" ><div id=\"pgc-w6764532e5e30c-0-0\"  class=\"panel-grid-cell\" ><div id=\"panel-w6764532e5e30c-0-0-0\" class=\"so-panel widget widget_sow-image panel-first-child panel-last-child\" data-index=\"0\" ><div\n\t\t\t\n\t\t\tclass=\"so-widget-sow-image so-widget-sow-image-default-c67d20f9f743\"\n\t\t\t\n\t\t>\n<div class=\"sow-image-container\">\n\t\t<img \n\tsrc=\"https:\/\/www.bgcmd.org\/wp-content\/uploads\/2018\/08\/Youth-of-the-Year.jpg\" width=\"510\" height=\"350\" srcset=\"https:\/\/www.bgcmd.org\/wp-content\/uploads\/2018\/08\/Youth-of-the-Year.jpg 510w, https:\/\/www.bgcmd.org\/wp-content\/uploads\/2018\/08\/Youth-of-the-Year-300x206.jpg 300w, https:\/\/www.bgcmd.org\/wp-content\/uploads\/2018\/08\/Youth-of-the-Year-18x12.jpg 18w\" sizes=\"(max-width: 510px) 100vw, 510px\" alt=\"\" \t\tclass=\"so-widget-image\"\/>\n\t<\/div>\n\n<\/div><\/div><\/div><div id=\"pgc-w6764532e5e30c-0-1\"  class=\"panel-grid-cell\" ><div id=\"panel-w6764532e5e30c-0-1-0\" class=\"so-panel widget widget_sow-editor panel-first-child panel-last-child\" data-index=\"1\" ><div\n\t\t\t\n\t\t\tclass=\"so-widget-sow-editor so-widget-sow-editor-base\"\n\t\t\t\n\t\t>\n<div class=\"siteorigin-widget-tinymce textwidget\">\n\t<h3>YOUTH OF THE YEAR (Ages 10-18)<\/h3>\n<p><span class=\"TextRun SCXW140860800 BCX0\" lang=\"EN-US\" xml:lang=\"EN-US\" data-contrast=\"none\"><span class=\"NormalTextRun SCXW140860800 BCX0\">Club members develop leadership and communication skills through Boys &amp; Girls Clubs of America's premier character, scholarship, and recognition program. Members complete an extensive application and rigorous interview process to advocate for issues important to them. Club winners can advance through city, state, regional, and national competitions.\u202f<\/span><\/span><span class=\"EOP SCXW140860800 BCX0\" data-ccp-props=\"{&quot;335559738&quot;:240}\">\u00a0<\/span><\/p>\n<p><span data-contrast=\"none\">Cada a\u00f1o en nuestro <\/span><a href=\"https:\/\/www.bgcmd.org\/es\/get-involved\/events\/gala\/\"><span data-contrast=\"none\">gala anual,<\/span><\/a><span data-contrast=\"auto\"> nos reunimos como comunidad para celebrar a nuestros participantes de la Juventud del A\u00f1o y recaudar apoyo para los programas de Boys &amp; Girls Clubs of Metro Denver y los miles de ni\u00f1os a los que servimos cada a\u00f1o.<\/span><span data-ccp-props=\"{&quot;201341983&quot;:0,&quot;335559739&quot;:160,&quot;335559740&quot;:259}\">\u00a0<\/span><\/p>\n<\/div>\n<\/div><\/div><\/div><\/div><div id=\"pg-w6764532e5e30c-1\"  class=\"panel-grid panel-no-style\" ><div id=\"pgc-w6764532e5e30c-1-0\"  class=\"panel-grid-cell\" ><div id=\"panel-w6764532e5e30c-1-0-0\" class=\"so-panel widget widget_sow-image panel-first-child panel-last-child\" data-index=\"2\" ><div\n\t\t\t\n\t\t\tclass=\"so-widget-sow-image so-widget-sow-image-default-c67d20f9f743\"\n\t\t\t\n\t\t>\n<div class=\"sow-image-container\">\n\t\t<img \n\tsrc=\"https:\/\/www.bgcmd.org\/wp-content\/uploads\/2018\/08\/Keystone.jpg\" width=\"510\" height=\"350\" srcset=\"https:\/\/www.bgcmd.org\/wp-content\/uploads\/2018\/08\/Keystone.jpg 510w, https:\/\/www.bgcmd.org\/wp-content\/uploads\/2018\/08\/Keystone-300x206.jpg 300w, https:\/\/www.bgcmd.org\/wp-content\/uploads\/2018\/08\/Keystone-18x12.jpg 18w\" sizes=\"(max-width: 510px) 100vw, 510px\" alt=\"\" \t\tclass=\"so-widget-image\"\/>\n\t<\/div>\n\n<\/div><\/div><\/div><div id=\"pgc-w6764532e5e30c-1-1\"  class=\"panel-grid-cell\" ><div id=\"panel-w6764532e5e30c-1-1-0\" class=\"so-panel widget widget_sow-editor panel-first-child panel-last-child\" data-index=\"3\" ><div\n\t\t\t\n\t\t\tclass=\"so-widget-sow-editor so-widget-sow-editor-base\"\n\t\t\t\n\t\t>\n<div class=\"siteorigin-widget-tinymce textwidget\">\n\t<h3>CLUBES CLAVE <span class=\"TextRun MacChromeBold SCXW92917587 BCX0\" lang=\"EN-US\" xml:lang=\"EN-US\" data-contrast=\"none\"><span class=\"NormalTextRun SCXW92917587 BCX0\"> (Ages 14-18)<\/span><\/span><\/h3>\n<p><span class=\"TextRun SCXW143625119 BCX0\" lang=\"EN-US\" xml:lang=\"EN-US\" data-contrast=\"none\"><span class=\"NormalTextRun SCXW143625119 BCX0\">Teens build confidence, learn how to advocate for themselves and their peers, fundraise, and lead service-learning projects.\u00a0<\/span><\/span><\/p>\n<\/div>\n<\/div><\/div><\/div><\/div><div id=\"pg-w6764532e5e30c-2\"  class=\"panel-grid panel-no-style\" ><div id=\"pgc-w6764532e5e30c-2-0\"  class=\"panel-grid-cell\" ><div id=\"panel-w6764532e5e30c-2-0-0\" class=\"so-panel widget widget_sow-image panel-first-child panel-last-child\" data-index=\"4\" ><div\n\t\t\t\n\t\t\tclass=\"so-widget-sow-image so-widget-sow-image-default-c67d20f9f743\"\n\t\t\t\n\t\t>\n<div class=\"sow-image-container\">\n\t\t<img \n\tsrc=\"https:\/\/www.bgcmd.org\/wp-content\/uploads\/2018\/08\/torch-club.jpg\" width=\"510\" height=\"350\" srcset=\"https:\/\/www.bgcmd.org\/wp-content\/uploads\/2018\/08\/torch-club.jpg 510w, https:\/\/www.bgcmd.org\/wp-content\/uploads\/2018\/08\/torch-club-300x206.jpg 300w, https:\/\/www.bgcmd.org\/wp-content\/uploads\/2018\/08\/torch-club-18x12.jpg 18w\" sizes=\"(max-width: 510px) 100vw, 510px\" alt=\"\" \t\tclass=\"so-widget-image\"\/>\n\t<\/div>\n\n<\/div><\/div><\/div><div id=\"pgc-w6764532e5e30c-2-1\"  class=\"panel-grid-cell\" ><div id=\"panel-w6764532e5e30c-2-1-0\" class=\"so-panel widget widget_sow-editor panel-first-child panel-last-child\" data-index=\"5\" ><div\n\t\t\t\n\t\t\tclass=\"so-widget-sow-editor so-widget-sow-editor-base\"\n\t\t\t\n\t\t>\n<div class=\"siteorigin-widget-tinymce textwidget\">\n\t<h3>CLUBES ANTORCHA <span class=\"TextRun MacChromeBold SCXW154023990 BCX0\" lang=\"EN-US\" xml:lang=\"EN-US\" data-contrast=\"none\"><span class=\"NormalTextRun SCXW154023990 BCX0\">(Ages 11-13)<\/span><\/span><\/h3>\n<p><span class=\"TextRun SCXW224032703 BCX0\" lang=\"EN-US\" xml:lang=\"EN-US\" data-contrast=\"none\"><span class=\"NormalTextRun SCXW224032703 BCX0\">Young leaders grow through small-group experiences that build character, encourage service, and develop essential leadership skills during pivotal early adolescent years.<\/span><\/span><span class=\"EOP SCXW224032703 BCX0\" data-ccp-props=\"{&quot;335559738&quot;:240}\">\u00a0<\/span><\/p>\n<\/div>\n<\/div><\/div><\/div><\/div><div id=\"pg-w6764532e5e30c-3\"  class=\"panel-grid panel-no-style\" ><div id=\"pgc-w6764532e5e30c-3-0\"  class=\"panel-grid-cell\" ><div id=\"panel-w6764532e5e30c-3-0-0\" class=\"so-panel widget widget_sow-image panel-first-child panel-last-child\" data-index=\"6\" ><div\n\t\t\t\n\t\t\tclass=\"so-widget-sow-image so-widget-sow-image-default-c67d20f9f743\"\n\t\t\t\n\t\t>\n<div class=\"sow-image-container\">\n\t\t<img \n\tsrc=\"https:\/\/www.bgcmd.org\/wp-content\/uploads\/2022\/07\/1628007972021.jpeg\" width=\"200\" height=\"200\" srcset=\"https:\/\/www.bgcmd.org\/wp-content\/uploads\/2022\/07\/1628007972021.jpeg 200w, https:\/\/www.bgcmd.org\/wp-content\/uploads\/2022\/07\/1628007972021-150x150.jpeg 150w, https:\/\/www.bgcmd.org\/wp-content\/uploads\/2022\/07\/1628007972021-12x12.jpeg 12w\" sizes=\"(max-width: 200px) 100vw, 200px\" alt=\"\" \t\tclass=\"so-widget-image\"\/>\n\t<\/div>\n\n<\/div><\/div><\/div><div id=\"pgc-w6764532e5e30c-3-1\"  class=\"panel-grid-cell\" ><div id=\"panel-w6764532e5e30c-3-1-0\" class=\"so-panel widget widget_sow-editor panel-first-child panel-last-child\" data-index=\"7\" ><div\n\t\t\t\n\t\t\tclass=\"so-widget-sow-editor so-widget-sow-editor-base\"\n\t\t\t\n\t\t>\n<div class=\"siteorigin-widget-tinymce textwidget\">\n\t<h3>AUMENTO<\/h3>\n<p><span data-contrast=\"none\">Boys &amp; Girls Clubs of Metro Denver se asocia con los Denver Broncos y la organizaci\u00f3n de liderazgo deportivo RISE para brindarles a los miembros adolescentes del Club las herramientas que necesitan para impulsar el cambio. En las sesiones del programa, los adolescentes comparten sus experiencias y aprenden c\u00f3mo convertirse en l\u00edderes en diversidad e inclusi\u00f3n.<\/span><span data-ccp-props=\"{&quot;201341983&quot;:0,&quot;335559739&quot;:160,&quot;335559740&quot;:259}\">\u00a0<\/span><\/p>\n<p><a href=\"https:\/\/www.bgcmd.org\/es\/about\/news\/rise-program-2022-broncos\/\"><span data-contrast=\"none\">Obtenga m\u00e1s informaci\u00f3n sobre RISE.<\/span><\/a><span data-ccp-props=\"{&quot;201341983&quot;:0,&quot;335559739&quot;:160,&quot;335559740&quot;:259}\">\u00a0<\/span><\/p>\n<\/div>\n<\/div><\/div><\/div><\/div><\/div><\/div><div id=\"panel-29858-3-0-1\" class=\"so-panel widget widget_sow-editor panel-last-child\" data-index=\"5\" ><div\n\t\t\t\n\t\t\tclass=\"so-widget-sow-editor so-widget-sow-editor-base\"\n\t\t\t\n\t\t>\n<div class=\"siteorigin-widget-tinymce textwidget\">\n\t<p><span class=\"TextRun SCXW251424413 BCX0\" lang=\"EN-US\" xml:lang=\"EN-US\" data-contrast=\"none\"><span class=\"NormalTextRun SCXW251424413 BCX0\">Through these interconnected programs, Club members grow from passionate dreamers into confident leaders, equipped with the tools, experiences, and support network<\/span><span class=\"NormalTextRun SCXW251424413 BCX0\">s<\/span><span class=\"NormalTextRun SCXW251424413 BCX0\"> to create lasting positive impact.\u00a0<\/span><\/span><span class=\"EOP SCXW251424413 BCX0\" data-ccp-props=\"{&quot;335559738&quot;:240}\">\u00a0<\/span><\/p>\n<p><a class=\"Hyperlink SCXW86024106 BCX0\" href=\"http:\/\/www.bgcmd.org\/es\/clubs\/\" target=\"_blank\" rel=\"noreferrer noopener\"><span class=\"TextRun Underlined SCXW86024106 BCX0\" lang=\"EN-US\" xml:lang=\"EN-US\" data-contrast=\"none\"><span class=\"NormalTextRun SCXW86024106 BCX0\" data-ccp-charstyle=\"Hyperlink\">\u00a1Convi\u00e9rtete en un l\u00edder en el Club!<\/span><\/span><\/a><span class=\"TextRun SCXW86024106 BCX0\" lang=\"EN-US\" xml:lang=\"EN-US\" data-contrast=\"auto\"> <span class=\"NormalTextRun SCXW86024106 BCX0\">\u00danase hoy para aprovechar estas oportunidades de car\u00e1cter y liderazgo.<\/span><\/span><span class=\"EOP SCXW86024106 BCX0\" data-ccp-props=\"{&quot;201341983&quot;:0,&quot;335559739&quot;:160,&quot;335559740&quot;:259}\">\u00a0<\/span><\/p>\n<\/div>\n<\/div><\/div><\/div><\/div><\/div><\/div>","protected":false},"excerpt":{"rendered":"<p>Character &amp; Leadership We nurture the spark of leadership in every Club member, cultivating their unique voices and empowering them to create positive change. Through hands-on leadership experiences, service opportunities, and mentorship, Club members develop the confidence and skills to grow their own futures and the future of their communities.\u00a0 YOUTH OF THE YEAR (Ages [&hellip;]<\/p>\n","protected":false},"author":17,"featured_media":0,"parent":29814,"menu_order":20,"comment_status":"closed","ping_status":"closed","template":"","meta":{"inline_featured_image":false,"site-sidebar-layout":"default","site-content-layout":"default","ast-site-content-layout":"default","site-content-style":"default","site-sidebar-style":"default","ast-global-header-display":"","ast-banner-title-visibility":"","ast-main-header-display":"","ast-hfb-above-header-display":"","ast-hfb-below-header-display":"","ast-hfb-mobile-header-display":"","site-post-title":"disabled","ast-breadcrumbs-content":"disabled","ast-featured-img":"","footer-sml-layout":"","ast-disable-related-posts":"","theme-transparent-header-meta":"default","adv-header-id-meta":"","stick-header-meta":"","header-above-stick-meta":"","header-main-stick-meta":"","header-below-stick-meta":"","astra-migrate-meta-layouts":"set","ast-page-background-enabled":"default","ast-page-background-meta":{"desktop":{"background-color":"var(--ast-global-color-4)","background-image":"","background-repeat":"repeat","background-position":"center center","background-size":"auto","background-attachment":"scroll","background-type":"","background-media":"","overlay-type":"","overlay-color":"","overlay-opacity":"","overlay-gradient":""},"tablet":{"background-color":"","background-image":"","background-repeat":"repeat","background-position":"center center","background-size":"auto","background-attachment":"scroll","background-type":"","background-media":"","overlay-type":"","overlay-color":"","overlay-opacity":"","overlay-gradient":""},"mobile":{"background-color":"","background-image":"","background-repeat":"repeat","background-position":"center center","background-size":"auto","background-attachment":"scroll","background-type":"","background-media":"","overlay-type":"","overlay-color":"","overlay-opacity":"","overlay-gradient":""}},"ast-content-background-meta":{"desktop":{"background-color":"var(--ast-global-color-5)","background-image":"","background-repeat":"repeat","background-position":"center center","background-size":"auto","background-attachment":"scroll","background-type":"","background-media":"","overlay-type":"","overlay-color":"","overlay-opacity":"","overlay-gradient":""},"tablet":{"background-color":"var(--ast-global-color-5)","background-image":"","background-repeat":"repeat","background-position":"center center","background-size":"auto","background-attachment":"scroll","background-type":"","background-media":"","overlay-type":"","overlay-color":"","overlay-opacity":"","overlay-gradient":""},"mobile":{"background-color":"var(--ast-global-color-5)","background-image":"","background-repeat":"repeat","background-position":"center center","background-size":"auto","background-attachment":"scroll","background-type":"","background-media":"","overlay-type":"","overlay-color":"","overlay-opacity":"","overlay-gradient":""}},"footnotes":"","_links_to":"","_links_to_target":""},"class_list":["post-29858","page","type-page","status-publish","hentry"],"_links":{"self":[{"href":"https:\/\/www.bgcmd.org\/es\/wp-json\/wp\/v2\/pages\/29858","targetHints":{"allow":["GET"]}}],"collection":[{"href":"https:\/\/www.bgcmd.org\/es\/wp-json\/wp\/v2\/pages"}],"about":[{"href":"https:\/\/www.bgcmd.org\/es\/wp-json\/wp\/v2\/types\/page"}],"author":[{"embeddable":true,"href":"https:\/\/www.bgcmd.org\/es\/wp-json\/wp\/v2\/users\/17"}],"replies":[{"embeddable":true,"href":"https:\/\/www.bgcmd.org\/es\/wp-json\/wp\/v2\/comments?post=29858"}],"version-history":[{"count":25,"href":"https:\/\/www.bgcmd.org\/es\/wp-json\/wp\/v2\/pages\/29858\/revisions"}],"predecessor-version":[{"id":39516,"href":"https:\/\/www.bgcmd.org\/es\/wp-json\/wp\/v2\/pages\/29858\/revisions\/39516"}],"up":[{"embeddable":true,"href":"https:\/\/www.bgcmd.org\/es\/wp-json\/wp\/v2\/pages\/29814"}],"wp:attachment":[{"href":"https:\/\/www.bgcmd.org\/es\/wp-json\/wp\/v2\/media?parent=29858"}],"curies":[{"name":"wp","href":"https:\/\/api.w.org\/{rel}","templated":true}]}}