{"id":29857,"date":"2022-02-24T20:09:20","date_gmt":"2022-02-25T03:09:20","guid":{"rendered":"http:\/\/bgcmd.flywheelstaging.com\/programs\/academics-and-careers\/"},"modified":"2024-12-19T10:11:03","modified_gmt":"2024-12-19T17:11:03","slug":"academics-careers","status":"publish","type":"page","link":"https:\/\/www.bgcmd.org\/es\/programs\/academics-careers\/","title":{"rendered":"Acad\u00e9micos y carreras"},"content":{"rendered":"<div id=\"pl-29857\"  class=\"panel-layout\" ><div id=\"pg-29857-0\"  class=\"panel-grid panel-has-style\" ><div class=\"siteorigin-panels-stretch panel-row-style panel-row-style-for-29857-0\" data-stretch-type=\"full-width-stretch\" ><div id=\"pgc-29857-0-0\"  class=\"panel-grid-cell\" ><div id=\"panel-29857-0-0-0\" class=\"so-panel widget widget_sow-image panel-first-child panel-last-child\" data-index=\"0\" ><div\n\t\t\t\n\t\t\tclass=\"so-widget-sow-image so-widget-sow-image-default-dbf295114b96-29857\"\n\t\t\t\n\t\t>\n<div class=\"sow-image-container\">\n\t\t<img \n\tsrc=\"https:\/\/www.bgcmd.org\/wp-content\/uploads\/2022\/02\/Grid-For-InteriorSlider-MobileGrid-Final-1.png\" width=\"576\" height=\"144\" srcset=\"https:\/\/www.bgcmd.org\/wp-content\/uploads\/2022\/02\/Grid-For-InteriorSlider-MobileGrid-Final-1.png 576w, https:\/\/www.bgcmd.org\/wp-content\/uploads\/2022\/02\/Grid-For-InteriorSlider-MobileGrid-Final-1-300x75.png 300w, https:\/\/www.bgcmd.org\/wp-content\/uploads\/2022\/02\/Grid-For-InteriorSlider-MobileGrid-Final-1-18x5.png 18w\" sizes=\"(max-width: 576px) 100vw, 576px\" title=\"Grid-For-InteriorSlider-MobileGrid-Final (1)\" alt=\"\" \t\tclass=\"so-widget-image\"\/>\n\t<\/div>\n\n<\/div><\/div><\/div><\/div><\/div><div id=\"pg-29857-1\"  class=\"panel-grid panel-has-style\" ><div class=\"landingpage-hero siteorigin-panels-stretch panel-row-style panel-row-style-for-29857-1\" data-stretch-type=\"full-width-stretch\" ><div id=\"pgc-29857-1-0\"  class=\"panel-grid-cell\" ><div class=\"panel-cell-style panel-cell-style-for-29857-1-0\" ><div id=\"panel-29857-1-0-0\" class=\"so-panel widget widget_sow-headline panel-first-child panel-last-child\" data-index=\"1\" ><div\n\t\t\t\n\t\t\tclass=\"so-widget-sow-headline so-widget-sow-headline-default-700840d0284d-29857\"\n\t\t\t\n\t\t><div class=\"sow-headline-container\">\n\t\t\t\t\t\t\t<h1 class=\"sow-headline\">\n\t\t\t\t\t\tAcad\u00e9micos y carreras\t\t\t\t\t\t<\/h1>\n\t\t\t\t\t\t<\/div>\n<\/div><\/div><\/div><\/div><div id=\"pgc-29857-1-1\"  class=\"panel-grid-cell\" ><div id=\"panel-29857-1-1-0\" class=\"so-panel widget widget_sow-image panel-first-child panel-last-child\" data-index=\"2\" ><div\n\t\t\t\n\t\t\tclass=\"so-widget-sow-image so-widget-sow-image-default-dbf295114b96-29857\"\n\t\t\t\n\t\t>\n<div class=\"sow-image-container\">\n\t\t<img \n\tsrc=\"https:\/\/www.bgcmd.org\/wp-content\/uploads\/2022\/11\/Get-Involved.png\" width=\"2000\" height=\"667\" srcset=\"https:\/\/www.bgcmd.org\/wp-content\/uploads\/2022\/11\/Get-Involved.png 2000w, https:\/\/www.bgcmd.org\/wp-content\/uploads\/2022\/11\/Get-Involved-300x100.png 300w, https:\/\/www.bgcmd.org\/wp-content\/uploads\/2022\/11\/Get-Involved-1024x342.png 1024w, https:\/\/www.bgcmd.org\/wp-content\/uploads\/2022\/11\/Get-Involved-768x256.png 768w, https:\/\/www.bgcmd.org\/wp-content\/uploads\/2022\/11\/Get-Involved-1536x512.png 1536w, https:\/\/www.bgcmd.org\/wp-content\/uploads\/2022\/11\/Get-Involved-18x6.png 18w\" sizes=\"(max-width: 2000px) 100vw, 2000px\" title=\"Encabezado Invol\u00facrese\" alt=\"\" \t\tclass=\"so-widget-image\"\/>\n\t<\/div>\n\n<\/div><\/div><\/div><\/div><\/div><div id=\"pg-29857-2\"  class=\"panel-grid panel-no-style\" ><div id=\"pgc-29857-2-0\"  class=\"panel-grid-cell panel-grid-cell-empty\" ><\/div><div id=\"pgc-29857-2-1\"  class=\"panel-grid-cell panel-grid-cell-mobile-last\" ><div id=\"panel-29857-2-1-0\" class=\"so-panel widget widget_sow-editor panel-first-child panel-last-child\" data-index=\"3\" ><div\n\t\t\t\n\t\t\tclass=\"so-widget-sow-editor so-widget-sow-editor-base\"\n\t\t\t\n\t\t>\n<div class=\"siteorigin-widget-tinymce textwidget\">\n\t<p style=\"text-align: left;\"><span class=\"TextRun SCXW191084748 BCX0\" lang=\"EN-US\" xml:lang=\"EN-US\" data-contrast=\"none\"><span class=\"NormalTextRun SCXW191084748 BCX0\">We cultivate a love of learning through innovative, targeted academic programming that makes education accessible and fun! Building off skills learned during the school day, <\/span><span class=\"NormalTextRun SCXW191084748 BCX0\">nuestro <\/span><span class=\"NormalTextRun SCXW191084748 BCX0\">STEM and literacy programs equip Club members with <\/span><span class=\"NormalTextRun SCXW191084748 BCX0\">el <\/span><span class=\"NormalTextRun SCXW191084748 BCX0\">foundational skills<\/span><span class=\"NormalTextRun SCXW191084748 BCX0\"> needed<\/span><span class=\"NormalTextRun SCXW191084748 BCX0\"> to succeed in life.<\/span><\/span><span class=\"EOP SCXW191084748 BCX0\" data-ccp-props=\"{&quot;335559738&quot;:240}\">\u00a0<\/span><\/p>\n<p style=\"text-align: left;\"><a href=\"http:\/\/www.bgcmd.org\/es\/clubs\/\">\u00a1\u00danase al Club y aproveche el enriquecimiento acad\u00e9mico hoy!<\/a><\/p>\n<\/div>\n<\/div><\/div><\/div><div id=\"pgc-29857-2-2\"  class=\"panel-grid-cell panel-grid-cell-empty\" ><\/div><\/div><div id=\"pg-29857-3\"  class=\"panel-grid panel-has-style\" ><div class=\"dual-border-blue panel-row-style panel-row-style-for-29857-3\" ><div id=\"pgc-29857-3-0\"  class=\"panel-grid-cell\" ><div id=\"panel-29857-3-0-0\" class=\"so-panel widget widget_sow-headline panel-first-child\" data-index=\"4\" ><div\n\t\t\t\n\t\t\tclass=\"so-widget-sow-headline so-widget-sow-headline-default-f1ee1e7af6a2-29857\"\n\t\t\t\n\t\t><div class=\"sow-headline-container\">\n\t\t\t\t\t\t\t<h2 class=\"sow-headline\">\n\t\t\t\t\t\tPuntos destacados del programa\t\t\t\t\t\t<\/h2>\n\t\t\t\t\t\t<\/div>\n<\/div><\/div><div id=\"panel-29857-3-0-1\" class=\"so-panel widget widget_siteorigin-panels-builder panel-last-child\" data-index=\"5\" ><div id=\"pl-w676453a7d43b3\"  class=\"panel-layout\" ><div id=\"pg-w676453a7d43b3-0\"  class=\"panel-grid panel-no-style\" ><div id=\"pgc-w676453a7d43b3-0-0\"  class=\"panel-grid-cell\" ><div id=\"panel-w676453a7d43b3-0-0-0\" class=\"so-panel widget widget_sow-editor panel-first-child panel-last-child\" data-index=\"0\" ><div\n\t\t\t\n\t\t\tclass=\"so-widget-sow-editor so-widget-sow-editor-base\"\n\t\t\t\n\t\t>\n<div class=\"siteorigin-widget-tinymce textwidget\">\n\t<h3>LITERATURA<\/h3>\n<p><span class=\"TextRun SCXW199102386 BCX0\" lang=\"EN-US\" xml:lang=\"EN-US\" data-contrast=\"auto\"><span class=\"NormalTextRun SCXW199102386 BCX0\">Los programas de alfabetizaci\u00f3n Accelerated Reader (AR) y <\/span><span class=\"NormalTextRun SpellingErrorV2Themed SCXW199102386 BCX0\">Mi en<\/span><span class=\"NormalTextRun SCXW199102386 BCX0\"> anime a los ni\u00f1os a leer regularmente, ampliamente y durante todo el a\u00f1o. Los ni\u00f1os siguen su progreso y son recompensados por su participaci\u00f3n. Estos programas les permiten leer a su nivel de lectura y progresar regularmente hacia sus metas de alfabetizaci\u00f3n.<\/span><\/span><span class=\"EOP SCXW199102386 BCX0\" data-ccp-props=\"{&quot;201341983&quot;:0,&quot;335559739&quot;:160,&quot;335559740&quot;:259}\">\u00a0<\/span><\/p>\n<h3>VAPOR<\/h3>\n<p><span data-contrast=\"none\">Los ni\u00f1os obtienen experiencias pr\u00e1cticas diarias con la ciencia, la tecnolog\u00eda, la ingenier\u00eda, las artes y las matem\u00e1ticas en los Club Technology Centers. La programaci\u00f3n STEAM promueve la preparaci\u00f3n laboral, conecta a los ni\u00f1os con la tecnolog\u00eda y apoya el rendimiento acad\u00e9mico. Desde la rob\u00f3tica hasta la codificaci\u00f3n y las artes digitales, los ni\u00f1os del club saben c\u00f3mo usar las herramientas que exige el futuro.\u00a0<\/span><span data-ccp-props=\"{&quot;201341983&quot;:0,&quot;335559739&quot;:160,&quot;335559740&quot;:259}\">\u00a0<\/span><\/p>\n<p><a href=\"https:\/\/www.bgcmd.org\/es\/programs\/stem\/\"><span data-contrast=\"none\">Aprende m\u00e1s<\/span><\/a><span data-ccp-props=\"{&quot;201341983&quot;:0,&quot;335559739&quot;:160,&quot;335559740&quot;:259}\">\u00a0<\/span><\/p>\n<\/div>\n<\/div><\/div><\/div><div id=\"pgc-w676453a7d43b3-0-1\"  class=\"panel-grid-cell\" ><div id=\"panel-w676453a7d43b3-0-1-0\" class=\"so-panel widget widget_sow-editor panel-first-child panel-last-child\" data-index=\"1\" ><div\n\t\t\t\n\t\t\tclass=\"so-widget-sow-editor so-widget-sow-editor-base\"\n\t\t\t\n\t\t>\n<div class=\"siteorigin-widget-tinymce textwidget\">\n\t<h3>LETRAS<\/h3>\n<p><span data-contrast=\"none\">El Club es un lugar creativo donde los ni\u00f1os pueden expresarse. A trav\u00e9s de programas culturales y de artes visuales, los j\u00f3venes artistas prueban diferentes medios (desde la pintura hasta el grabado y la fotograf\u00eda), desarrollan una apreciaci\u00f3n multicultural y participan en producciones de artes esc\u00e9nicas.<\/span><span data-ccp-props=\"{&quot;201341983&quot;:0,&quot;335559739&quot;:160,&quot;335559740&quot;:259}\">\u00a0<\/span><\/p>\n<p aria-level=\"3\"><a href=\"https:\/\/www.bgcmd.org\/es\/programs\/cultural-arts\/\"><span data-contrast=\"none\">Aprende m\u00e1s<\/span><\/a><span data-ccp-props=\"{&quot;201341983&quot;:0,&quot;335559738&quot;:40,&quot;335559739&quot;:0,&quot;335559740&quot;:259}\">\u00a0<\/span><\/p>\n<h3>HORA DE ENERG\u00cdA<\/h3>\n<p><span data-contrast=\"none\">Todos los d\u00edas despu\u00e9s de la escuela, nuestros especialistas en educaci\u00f3n y el personal del club brindan apoyo con la tarea a los miembros. Los ni\u00f1os del club tienen un espacio dedicado para terminar su tarea, construyendo responsabilidad y rendici\u00f3n de cuentas.<\/span><span data-ccp-props=\"{&quot;201341983&quot;:1,&quot;335559739&quot;:160,&quot;335559740&quot;:300}\">\u00a0<\/span><\/p>\n<p><span data-contrast=\"auto\">En su Club, los ni\u00f1os tambi\u00e9n exploran caminos profesionales, participan en programas de liderazgo y desarrollan h\u00e1bitos saludables.<\/span><span data-ccp-props=\"{&quot;134233117&quot;:false,&quot;134233118&quot;:false,&quot;201341983&quot;:0,&quot;335551550&quot;:1,&quot;335551620&quot;:1,&quot;335559685&quot;:0,&quot;335559737&quot;:0,&quot;335559738&quot;:0,&quot;335559739&quot;:160,&quot;335559740&quot;:259}\">\u00a0<\/span><\/p>\n<\/div>\n<\/div><\/div><\/div><\/div><\/div><\/div><\/div><\/div><\/div><\/div>","protected":false},"excerpt":{"rendered":"<p>Academics &amp; Careers We cultivate a love of learning through innovative, targeted academic programming that makes education accessible and fun! Building off skills learned during the school day, our STEM and literacy programs equip Club members with the foundational skills needed to succeed in life.\u00a0 Join the Club and take advantage of academic enrichment today! [&hellip;]<\/p>\n","protected":false},"author":17,"featured_media":0,"parent":29814,"menu_order":10,"comment_status":"closed","ping_status":"closed","template":"","meta":{"inline_featured_image":false,"site-sidebar-layout":"default","site-content-layout":"default","ast-site-content-layout":"default","site-content-style":"default","site-sidebar-style":"default","ast-global-header-display":"","ast-banner-title-visibility":"","ast-main-header-display":"","ast-hfb-above-header-display":"","ast-hfb-below-header-display":"","ast-hfb-mobile-header-display":"","site-post-title":"disabled","ast-breadcrumbs-content":"disabled","ast-featured-img":"","footer-sml-layout":"","ast-disable-related-posts":"","theme-transparent-header-meta":"default","adv-header-id-meta":"","stick-header-meta":"","header-above-stick-meta":"","header-main-stick-meta":"","header-below-stick-meta":"","astra-migrate-meta-layouts":"set","ast-page-background-enabled":"default","ast-page-background-meta":{"desktop":{"background-color":"var(--ast-global-color-4)","background-image":"","background-repeat":"repeat","background-position":"center center","background-size":"auto","background-attachment":"scroll","background-type":"","background-media":"","overlay-type":"","overlay-color":"","overlay-opacity":"","overlay-gradient":""},"tablet":{"background-color":"","background-image":"","background-repeat":"repeat","background-position":"center center","background-size":"auto","background-attachment":"scroll","background-type":"","background-media":"","overlay-type":"","overlay-color":"","overlay-opacity":"","overlay-gradient":""},"mobile":{"background-color":"","background-image":"","background-repeat":"repeat","background-position":"center center","background-size":"auto","background-attachment":"scroll","background-type":"","background-media":"","overlay-type":"","overlay-color":"","overlay-opacity":"","overlay-gradient":""}},"ast-content-background-meta":{"desktop":{"background-color":"var(--ast-global-color-5)","background-image":"","background-repeat":"repeat","background-position":"center center","background-size":"auto","background-attachment":"scroll","background-type":"","background-media":"","overlay-type":"","overlay-color":"","overlay-opacity":"","overlay-gradient":""},"tablet":{"background-color":"var(--ast-global-color-5)","background-image":"","background-repeat":"repeat","background-position":"center center","background-size":"auto","background-attachment":"scroll","background-type":"","background-media":"","overlay-type":"","overlay-color":"","overlay-opacity":"","overlay-gradient":""},"mobile":{"background-color":"var(--ast-global-color-5)","background-image":"","background-repeat":"repeat","background-position":"center center","background-size":"auto","background-attachment":"scroll","background-type":"","background-media":"","overlay-type":"","overlay-color":"","overlay-opacity":"","overlay-gradient":""}},"footnotes":"","_links_to":"","_links_to_target":""},"class_list":["post-29857","page","type-page","status-publish","hentry"],"_links":{"self":[{"href":"https:\/\/www.bgcmd.org\/es\/wp-json\/wp\/v2\/pages\/29857","targetHints":{"allow":["GET"]}}],"collection":[{"href":"https:\/\/www.bgcmd.org\/es\/wp-json\/wp\/v2\/pages"}],"about":[{"href":"https:\/\/www.bgcmd.org\/es\/wp-json\/wp\/v2\/types\/page"}],"author":[{"embeddable":true,"href":"https:\/\/www.bgcmd.org\/es\/wp-json\/wp\/v2\/users\/17"}],"replies":[{"embeddable":true,"href":"https:\/\/www.bgcmd.org\/es\/wp-json\/wp\/v2\/comments?post=29857"}],"version-history":[{"count":20,"href":"https:\/\/www.bgcmd.org\/es\/wp-json\/wp\/v2\/pages\/29857\/revisions"}],"predecessor-version":[{"id":39517,"href":"https:\/\/www.bgcmd.org\/es\/wp-json\/wp\/v2\/pages\/29857\/revisions\/39517"}],"up":[{"embeddable":true,"href":"https:\/\/www.bgcmd.org\/es\/wp-json\/wp\/v2\/pages\/29814"}],"wp:attachment":[{"href":"https:\/\/www.bgcmd.org\/es\/wp-json\/wp\/v2\/media?parent=29857"}],"curies":[{"name":"wp","href":"https:\/\/api.w.org\/{rel}","templated":true}]}}