{"id":29643,"date":"2022-02-24T11:11:06","date_gmt":"2022-02-24T18:11:06","guid":{"rendered":"http:\/\/bgcmd.flywheelstaging.com\/donate\/shop-to-support\/"},"modified":"2022-07-19T14:37:17","modified_gmt":"2022-07-19T20:37:17","slug":"shop-to-support","status":"publish","type":"page","link":"https:\/\/www.bgcmd.org\/es\/donate\/shop-to-support\/","title":{"rendered":"Comprar para apoyar"},"content":{"rendered":"<div id=\"pl-29643\"  class=\"panel-layout\" ><div id=\"pg-29643-0\"  class=\"panel-grid panel-has-style\" ><div class=\"siteorigin-panels-stretch panel-row-style panel-row-style-for-29643-0\" data-stretch-type=\"full-stretched\" ><div id=\"pgc-29643-0-0\"  class=\"panel-grid-cell\" ><div id=\"panel-29643-0-0-0\" class=\"so-panel widget widget_sow-image panel-first-child panel-last-child\" data-index=\"0\" ><div\n\t\t\t\n\t\t\tclass=\"so-widget-sow-image so-widget-sow-image-default-dbf295114b96-29643\"\n\t\t\t\n\t\t>\n<div class=\"sow-image-container\">\n\t\t<img \n\tsrc=\"https:\/\/www.bgcmd.org\/wp-content\/uploads\/2022\/03\/Grid-For-DonateSlider-MobileGrid-Final-Edit.jpg\" width=\"576\" height=\"144\" srcset=\"https:\/\/www.bgcmd.org\/wp-content\/uploads\/2022\/03\/Grid-For-DonateSlider-MobileGrid-Final-Edit.jpg 576w, https:\/\/www.bgcmd.org\/wp-content\/uploads\/2022\/03\/Grid-For-DonateSlider-MobileGrid-Final-Edit-300x75.jpg 300w, https:\/\/www.bgcmd.org\/wp-content\/uploads\/2022\/03\/Grid-For-DonateSlider-MobileGrid-Final-Edit-18x5.jpg 18w\" sizes=\"(max-width: 576px) 100vw, 576px\" alt=\"\" \t\tclass=\"so-widget-image\"\/>\n\t<\/div>\n\n<\/div><\/div><\/div><\/div><\/div><div id=\"pg-29643-1\"  class=\"panel-grid panel-has-style\" ><div class=\"landingpage-hero siteorigin-panels-stretch panel-row-style panel-row-style-for-29643-1\" data-stretch-type=\"full-stretched\" ><div id=\"pgc-29643-1-0\"  class=\"panel-grid-cell\" ><div class=\"panel-cell-style panel-cell-style-for-29643-1-0\" ><div id=\"panel-29643-1-0-0\" class=\"so-panel widget widget_sow-headline panel-first-child panel-last-child\" data-index=\"1\" ><div\n\t\t\t\n\t\t\tclass=\"so-widget-sow-headline so-widget-sow-headline-default-700840d0284d-29643\"\n\t\t\t\n\t\t><div class=\"sow-headline-container\">\n\t\t\t\t\t\t\t<h1 class=\"sow-headline\">\n\t\t\t\t\t\t\u00a1Come, bebe, juega, compra!\t\t\t\t\t\t<\/h1>\n\t\t\t\t\t\t<\/div>\n<\/div><\/div><\/div><\/div><div id=\"pgc-29643-1-1\"  class=\"panel-grid-cell\" ><div id=\"panel-29643-1-1-0\" class=\"so-panel widget widget_sow-image panel-first-child panel-last-child\" data-index=\"2\" ><div\n\t\t\t\n\t\t\tclass=\"so-widget-sow-image so-widget-sow-image-default-dbf295114b96-29643\"\n\t\t\t\n\t\t>\n<div class=\"sow-image-container\">\n\t\t<img \n\tsrc=\"https:\/\/www.bgcmd.org\/wp-content\/uploads\/2022\/02\/Grid-For-DonateSlider-ShorterTitleSlider-Final.png\" width=\"1117\" height=\"372\" srcset=\"https:\/\/www.bgcmd.org\/wp-content\/uploads\/2022\/02\/Grid-For-DonateSlider-ShorterTitleSlider-Final.png 1117w, https:\/\/www.bgcmd.org\/wp-content\/uploads\/2022\/02\/Grid-For-DonateSlider-ShorterTitleSlider-Final-300x100.png 300w, https:\/\/www.bgcmd.org\/wp-content\/uploads\/2022\/02\/Grid-For-DonateSlider-ShorterTitleSlider-Final-1024x341.png 1024w, https:\/\/www.bgcmd.org\/wp-content\/uploads\/2022\/02\/Grid-For-DonateSlider-ShorterTitleSlider-Final-768x256.png 768w, https:\/\/www.bgcmd.org\/wp-content\/uploads\/2022\/02\/Grid-For-DonateSlider-ShorterTitleSlider-Final-18x6.png 18w\" sizes=\"(max-width: 1117px) 100vw, 1117px\" alt=\"\" \t\tclass=\"so-widget-image\"\/>\n\t<\/div>\n\n<\/div><\/div><\/div><\/div><\/div><div id=\"pg-29643-2\"  class=\"panel-grid panel-no-style\" ><div id=\"pgc-29643-2-0\"  class=\"panel-grid-cell\" ><div id=\"panel-29643-2-0-0\" class=\"so-panel widget widget_sow-editor panel-first-child panel-last-child\" data-index=\"3\" ><div\n\t\t\t\n\t\t\tclass=\"so-widget-sow-editor so-widget-sow-editor-base\"\n\t\t\t\n\t\t>\n<div class=\"siteorigin-widget-tinymce textwidget\">\n\t<p style=\"text-align: center;\"><span class=\"text-xl\">Hay varias maneras f\u00e1ciles en las que puede ayudar a Boys &amp; Girls Clubs of Metro Denver. Cuando compra y apoya a nuestros socios, est\u00e1 apoyando a miles de ni\u00f1os en nuestra comunidad. Consulte esta p\u00e1gina regularmente para conocer las oportunidades de retribuir.<\/span><span class=\"EOP SCXW11959882 BCX0\" data-ccp-props=\"{&quot;201341983&quot;:0,&quot;335559739&quot;:160,&quot;335559740&quot;:259}\">\u00a0<\/span><\/p>\n<\/div>\n<\/div><\/div><\/div><\/div><div id=\"pg-29643-3\"  class=\"panel-grid panel-has-style\" ><div class=\"dual-border-blue panel-row-style panel-row-style-for-29643-3\" ><div id=\"pgc-29643-3-0\"  class=\"panel-grid-cell\" ><div id=\"panel-29643-3-0-0\" class=\"so-panel widget widget_sow-editor panel-first-child\" data-index=\"4\" ><div\n\t\t\t\n\t\t\tclass=\"so-widget-sow-editor so-widget-sow-editor-base\"\n\t\t\t\n\t\t>\n<div class=\"siteorigin-widget-tinymce textwidget\">\n\t<h3>REY SOOPERS<\/h3>\n<p><span data-contrast=\"none\">Comestibles para ti. Boys &amp; Girls Clubs para ellos.<\/span><span data-ccp-props=\"{&quot;201341983&quot;:0,&quot;335559739&quot;:160,&quot;335559740&quot;:259}\">\u00a0<\/span><\/p>\n<p><span data-contrast=\"none\">Registre su SooperCard en l\u00ednea y elija Boys &amp; Girls Clubs of Metro Denver como su opci\u00f3n de recompensas comunitarias. Cada vez que compre, obtendremos cr\u00e9dito por sus compras, \u00a1no le costar\u00e1 ni un centavo m\u00e1s! Cada trimestre, BGCMD recibir\u00e1 una donaci\u00f3n basada en cu\u00e1ntas personas como usted elijan para ayudar a nuestros ni\u00f1os del Club.\u00a0<\/span><span data-ccp-props=\"{&quot;201341983&quot;:0,&quot;335559739&quot;:160,&quot;335559740&quot;:259}\">\u00a0<\/span><\/p>\n<p><a href=\"https:\/\/www.bgcmd.org\/wp-content\/uploads\/2022\/07\/king-soopers-pdf.pdf\"><span data-contrast=\"auto\">Aqu\u00ed le mostramos c\u00f3mo registrarse.<\/span><\/a><\/p>\n<\/div>\n<\/div><\/div><div id=\"panel-29643-3-0-1\" class=\"so-panel widget widget_sow-editor panel-last-child\" data-index=\"5\" ><div\n\t\t\t\n\t\t\tclass=\"so-widget-sow-editor so-widget-sow-editor-base\"\n\t\t\t\n\t\t>\n<div class=\"siteorigin-widget-tinymce textwidget\">\n\t<h3>SONRISA AMAZONAS<\/h3>\n<p>T\u00fa compras. Amazon da.<\/p>\n<p>Amazon donar\u00e1 0.5% del precio de sus compras elegibles a Boys &amp; Girls Clubs of Metro Denver cada vez que compre en AmazonSmile. AmazonSmile es el mismo Amazon que conoces. Mismos productos, mismos precios, mismo servicio. Simplemente visite <a href=\"https:\/\/smile.amazon.com\/ch\/84-0510404\" target=\"_blank\" rel=\"noopener\">www.sonrisa.amazon.com<\/a> y seleccione Boys &amp; Girls Clubs of Metro Denver como su organizaci\u00f3n ben\u00e9fica preferida.<\/p>\n<\/div>\n<\/div><\/div><\/div><div id=\"pgc-29643-3-1\"  class=\"panel-grid-cell\" ><div id=\"panel-29643-3-1-0\" class=\"so-panel widget widget_sow-image panel-first-child\" data-index=\"6\" ><div\n\t\t\t\n\t\t\tclass=\"so-widget-sow-image so-widget-sow-image-default-8b5b6f678277-29643\"\n\t\t\t\n\t\t>\n<div class=\"sow-image-container\">\n\t\t<img \n\tsrc=\"https:\/\/www.bgcmd.org\/wp-content\/uploads\/2016\/10\/King-Soopers-Logo.jpg\" width=\"1754\" height=\"1067\" srcset=\"https:\/\/www.bgcmd.org\/wp-content\/uploads\/2016\/10\/King-Soopers-Logo.jpg 1754w, https:\/\/www.bgcmd.org\/wp-content\/uploads\/2016\/10\/King-Soopers-Logo-300x182.jpg 300w, https:\/\/www.bgcmd.org\/wp-content\/uploads\/2016\/10\/King-Soopers-Logo-1024x623.jpg 1024w, https:\/\/www.bgcmd.org\/wp-content\/uploads\/2016\/10\/King-Soopers-Logo-768x467.jpg 768w, https:\/\/www.bgcmd.org\/wp-content\/uploads\/2016\/10\/King-Soopers-Logo-1536x934.jpg 1536w, https:\/\/www.bgcmd.org\/wp-content\/uploads\/2016\/10\/King-Soopers-Logo-18x12.jpg 18w\" sizes=\"(max-width: 1754px) 100vw, 1754px\" title=\"logo-king-soopers\" alt=\"\" \t\tclass=\"so-widget-image\"\/>\n\t<\/div>\n\n<\/div><\/div><div id=\"panel-29643-3-1-1\" class=\"so-panel widget widget_sow-image panel-last-child\" data-index=\"7\" ><div\n\t\t\t\n\t\t\tclass=\"so-widget-sow-image so-widget-sow-image-default-8b5b6f678277-29643\"\n\t\t\t\n\t\t>\n<div class=\"sow-image-container\">\n\t\t<img \n\tsrc=\"https:\/\/www.bgcmd.org\/wp-content\/uploads\/2018\/07\/Amazon-Smile.jpg\" width=\"510\" height=\"350\" srcset=\"https:\/\/www.bgcmd.org\/wp-content\/uploads\/2018\/07\/Amazon-Smile.jpg 510w, https:\/\/www.bgcmd.org\/wp-content\/uploads\/2018\/07\/Amazon-Smile-300x206.jpg 300w, https:\/\/www.bgcmd.org\/wp-content\/uploads\/2018\/07\/Amazon-Smile-18x12.jpg 18w\" sizes=\"(max-width: 510px) 100vw, 510px\" alt=\"\" \t\tclass=\"so-widget-image\"\/>\n\t<\/div>\n\n<\/div><\/div><\/div><\/div><\/div><div id=\"pg-29643-4\"  class=\"panel-grid panel-has-style\" ><div class=\"panel-row-style panel-row-style-for-29643-4\" ><div id=\"pgc-29643-4-0\"  class=\"panel-grid-cell panel-grid-cell-empty\" ><\/div><div id=\"pgc-29643-4-1\"  class=\"panel-grid-cell panel-grid-cell-mobile-last\" ><div id=\"panel-29643-4-1-0\" class=\"so-panel widget widget_siteorigin-panels-builder panel-first-child\" data-index=\"8\" ><div id=\"pl-w62193de4ccd22\"  class=\"panel-layout\" ><div id=\"pg-w62193de4ccd22-0\"  class=\"panel-grid panel-has-style\" ><div class=\"panel-row-style panel-row-style-for-w62193de4ccd22-0\" ><div id=\"pgc-w62193de4ccd22-0-0\"  class=\"panel-grid-cell\" ><div id=\"panel-w62193de4ccd22-0-0-0\" class=\"so-panel widget widget_sow-headline panel-first-child\" data-index=\"0\" ><div\n\t\t\t\n\t\t\tclass=\"so-widget-sow-headline so-widget-sow-headline-default-c0e6ad491317\"\n\t\t\t\n\t\t><div class=\"sow-headline-container\">\n\t\t\t\t\t\t\t<h2 class=\"sow-headline\">\n\t\t\t\t\t\tCrear una recaudaci\u00f3n de fondos\t\t\t\t\t\t<\/h2>\n\t\t\t\t\t\t<\/div>\n<\/div><\/div><div id=\"panel-w62193de4ccd22-0-0-1\" class=\"so-panel widget widget_sow-editor\" data-index=\"1\" ><div class=\"panel-widget-style panel-widget-style-for-w62193de4ccd22-0-0-1\" ><div\n\t\t\t\n\t\t\tclass=\"so-widget-sow-editor so-widget-sow-editor-base\"\n\t\t\t\n\t\t>\n<div class=\"siteorigin-widget-tinymce textwidget\">\n\t<p style=\"text-align: center;\">Con Colorado Gives, cree una p\u00e1gina de recaudaci\u00f3n de fondos para BGCMD.<\/p>\n<\/div>\n<\/div><\/div><\/div><div id=\"panel-w62193de4ccd22-0-0-2\" class=\"so-panel widget widget_sow-button panel-last-child\" data-index=\"2\" ><div\n\t\t\t\n\t\t\tclass=\"so-widget-sow-button so-widget-sow-button-wire-2d9671ed346e\"\n\t\t\t\n\t\t><div class=\"ow-button-base ow-button-align-center\"\n>\n\t\t\t<a\n\t\t\t\t\thref=\"https:\/\/www.coloradogives.org\/bgcmd\/overview\"\n\t\t\t\t\tclass=\"sowb-button ow-icon-placement-left ow-button-hover\" target=\"_blank\" rel=\"noopener noreferrer\" \t>\n\t\t<span>\n\t\t\t\n\t\t\trecaudar fondos\t\t<\/span>\n\t\t\t<\/a>\n\t<\/div>\n<\/div><\/div><\/div><\/div><\/div><\/div><\/div><div id=\"panel-29643-4-1-1\" class=\"so-panel widget widget_sow-editor panel-last-child\" data-index=\"9\" ><div\n\t\t\t\n\t\t\tclass=\"so-widget-sow-editor so-widget-sow-editor-base\"\n\t\t\t\n\t\t>\n<div class=\"siteorigin-widget-tinymce textwidget\">\n\t<h3>\u00bfQUIERES CONVERTIRTE EN UN SOCIO DE MARKETING DE LA CAUSA O SER ANFITRI\u00d3N DE UN EVENTO DE RECAUDACI\u00d3N DE FONDOS?<\/h3>\n<p>Ya sea que se trate de una promoci\u00f3n en la tienda o de una campa\u00f1a de recaudaci\u00f3n de fondos de la empresa, organizar un evento o una promoci\u00f3n en beneficio de Boys &amp; Girls Clubs of Metro Denver puede marcar una gran diferencia en las vidas de miles de ni\u00f1os y adolescentes que conf\u00edan en su Club todos los d\u00edas.<\/p>\n<p><a class=\"arrow-link-blue\" href=\"https:\/\/www.bgcmd.org\/es\/get-involved\/events\/host-a-fundraising-event\/\">Aprende m\u00e1s<\/a><\/p>\n<\/div>\n<\/div><\/div><\/div><div id=\"pgc-29643-4-2\"  class=\"panel-grid-cell panel-grid-cell-empty\" ><\/div><\/div><\/div><\/div>","protected":false},"excerpt":{"rendered":"<p>Eat, Drink, Play, Shop! There are several easy ways that you can help Boys &amp; Girls Clubs of Metro Denver. When you shop and support our partners, you are supporting thousands of kids in our community. Check this page regularly for opportunities to give back.\u00a0 KING SOOPERS Groceries for you. Boys &amp; Girls Clubs for [&hellip;]<\/p>\n","protected":false},"author":16,"featured_media":0,"parent":29526,"menu_order":60,"comment_status":"closed","ping_status":"closed","template":"","meta":{"inline_featured_image":false,"site-sidebar-layout":"default","site-content-layout":"default","ast-site-content-layout":"default","site-content-style":"default","site-sidebar-style":"default","ast-global-header-display":"","ast-banner-title-visibility":"","ast-main-header-display":"","ast-hfb-above-header-display":"","ast-hfb-below-header-display":"","ast-hfb-mobile-header-display":"","site-post-title":"disabled","ast-breadcrumbs-content":"disabled","ast-featured-img":"","footer-sml-layout":"","ast-disable-related-posts":"","theme-transparent-header-meta":"default","adv-header-id-meta":"","stick-header-meta":"","header-above-stick-meta":"","header-main-stick-meta":"","header-below-stick-meta":"","astra-migrate-meta-layouts":"default","ast-page-background-enabled":"default","ast-page-background-meta":{"desktop":{"background-color":"var(--ast-global-color-4)","background-image":"","background-repeat":"repeat","background-position":"center center","background-size":"auto","background-attachment":"scroll","background-type":"","background-media":"","overlay-type":"","overlay-color":"","overlay-opacity":"","overlay-gradient":""},"tablet":{"background-color":"","background-image":"","background-repeat":"repeat","background-position":"center center","background-size":"auto","background-attachment":"scroll","background-type":"","background-media":"","overlay-type":"","overlay-color":"","overlay-opacity":"","overlay-gradient":""},"mobile":{"background-color":"","background-image":"","background-repeat":"repeat","background-position":"center center","background-size":"auto","background-attachment":"scroll","background-type":"","background-media":"","overlay-type":"","overlay-color":"","overlay-opacity":"","overlay-gradient":""}},"ast-content-background-meta":{"desktop":{"background-color":"var(--ast-global-color-5)","background-image":"","background-repeat":"repeat","background-position":"center center","background-size":"auto","background-attachment":"scroll","background-type":"","background-media":"","overlay-type":"","overlay-color":"","overlay-opacity":"","overlay-gradient":""},"tablet":{"background-color":"var(--ast-global-color-5)","background-image":"","background-repeat":"repeat","background-position":"center center","background-size":"auto","background-attachment":"scroll","background-type":"","background-media":"","overlay-type":"","overlay-color":"","overlay-opacity":"","overlay-gradient":""},"mobile":{"background-color":"var(--ast-global-color-5)","background-image":"","background-repeat":"repeat","background-position":"center center","background-size":"auto","background-attachment":"scroll","background-type":"","background-media":"","overlay-type":"","overlay-color":"","overlay-opacity":"","overlay-gradient":""}},"footnotes":"","_links_to":"","_links_to_target":""},"class_list":["post-29643","page","type-page","status-publish","hentry"],"_links":{"self":[{"href":"https:\/\/www.bgcmd.org\/es\/wp-json\/wp\/v2\/pages\/29643","targetHints":{"allow":["GET"]}}],"collection":[{"href":"https:\/\/www.bgcmd.org\/es\/wp-json\/wp\/v2\/pages"}],"about":[{"href":"https:\/\/www.bgcmd.org\/es\/wp-json\/wp\/v2\/types\/page"}],"author":[{"embeddable":true,"href":"https:\/\/www.bgcmd.org\/es\/wp-json\/wp\/v2\/users\/16"}],"replies":[{"embeddable":true,"href":"https:\/\/www.bgcmd.org\/es\/wp-json\/wp\/v2\/comments?post=29643"}],"version-history":[{"count":13,"href":"https:\/\/www.bgcmd.org\/es\/wp-json\/wp\/v2\/pages\/29643\/revisions"}],"predecessor-version":[{"id":31608,"href":"https:\/\/www.bgcmd.org\/es\/wp-json\/wp\/v2\/pages\/29643\/revisions\/31608"}],"up":[{"embeddable":true,"href":"https:\/\/www.bgcmd.org\/es\/wp-json\/wp\/v2\/pages\/29526"}],"wp:attachment":[{"href":"https:\/\/www.bgcmd.org\/es\/wp-json\/wp\/v2\/media?parent=29643"}],"curies":[{"name":"wp","href":"https:\/\/api.w.org\/{rel}","templated":true}]}}