{"id":29640,"date":"2022-02-24T11:11:06","date_gmt":"2022-02-24T18:11:06","guid":{"rendered":"http:\/\/bgcmd.flywheelstaging.com\/donate\/vehicle-donations\/"},"modified":"2022-08-31T12:18:57","modified_gmt":"2022-08-31T18:18:57","slug":"vehicle-donations","status":"publish","type":"page","link":"https:\/\/www.bgcmd.org\/es\/donate\/vehicle-donations\/","title":{"rendered":"Donaciones de veh\u00edculos"},"content":{"rendered":"<div id=\"pl-29640\"  class=\"panel-layout\" ><div id=\"pg-29640-0\"  class=\"panel-grid panel-has-style\" ><div class=\"siteorigin-panels-stretch panel-row-style panel-row-style-for-29640-0\" data-stretch-type=\"full-stretched\" ><div id=\"pgc-29640-0-0\"  class=\"panel-grid-cell\" ><div id=\"panel-29640-0-0-0\" class=\"so-panel widget widget_sow-image panel-first-child panel-last-child\" data-index=\"0\" ><div\n\t\t\t\n\t\t\tclass=\"so-widget-sow-image so-widget-sow-image-default-dbf295114b96-29640\"\n\t\t\t\n\t\t>\n<div class=\"sow-image-container\">\n\t\t<img \n\tsrc=\"https:\/\/www.bgcmd.org\/wp-content\/uploads\/2022\/03\/Grid-For-DonateSlider-MobileGrid-Final-Edit.jpg\" width=\"576\" height=\"144\" srcset=\"https:\/\/www.bgcmd.org\/wp-content\/uploads\/2022\/03\/Grid-For-DonateSlider-MobileGrid-Final-Edit.jpg 576w, https:\/\/www.bgcmd.org\/wp-content\/uploads\/2022\/03\/Grid-For-DonateSlider-MobileGrid-Final-Edit-300x75.jpg 300w, https:\/\/www.bgcmd.org\/wp-content\/uploads\/2022\/03\/Grid-For-DonateSlider-MobileGrid-Final-Edit-18x5.jpg 18w\" sizes=\"(max-width: 576px) 100vw, 576px\" alt=\"\" \t\tclass=\"so-widget-image\"\/>\n\t<\/div>\n\n<\/div><\/div><\/div><\/div><\/div><div id=\"pg-29640-1\"  class=\"panel-grid panel-has-style\" ><div class=\"landingpage-hero siteorigin-panels-stretch panel-row-style panel-row-style-for-29640-1\" data-stretch-type=\"full-stretched\" ><div id=\"pgc-29640-1-0\"  class=\"panel-grid-cell\" ><div class=\"panel-cell-style panel-cell-style-for-29640-1-0\" ><div id=\"panel-29640-1-0-0\" class=\"so-panel widget widget_sow-headline panel-first-child panel-last-child\" data-index=\"1\" ><div\n\t\t\t\n\t\t\tclass=\"so-widget-sow-headline so-widget-sow-headline-default-700840d0284d-29640\"\n\t\t\t\n\t\t><div class=\"sow-headline-container\">\n\t\t\t\t\t\t\t<h1 class=\"sow-headline\">\n\t\t\t\t\t\tDonaciones de veh\u00edculos\t\t\t\t\t\t<\/h1>\n\t\t\t\t\t\t<\/div>\n<\/div><\/div><\/div><\/div><div id=\"pgc-29640-1-1\"  class=\"panel-grid-cell\" ><div id=\"panel-29640-1-1-0\" class=\"so-panel widget widget_sow-image panel-first-child panel-last-child\" data-index=\"2\" ><div\n\t\t\t\n\t\t\tclass=\"so-widget-sow-image so-widget-sow-image-default-dbf295114b96-29640\"\n\t\t\t\n\t\t>\n<div class=\"sow-image-container\">\n\t\t<img \n\tsrc=\"https:\/\/www.bgcmd.org\/wp-content\/uploads\/2022\/02\/Grid-For-DonateSlider-ShorterTitleSlider-Final.png\" width=\"1117\" height=\"372\" srcset=\"https:\/\/www.bgcmd.org\/wp-content\/uploads\/2022\/02\/Grid-For-DonateSlider-ShorterTitleSlider-Final.png 1117w, https:\/\/www.bgcmd.org\/wp-content\/uploads\/2022\/02\/Grid-For-DonateSlider-ShorterTitleSlider-Final-300x100.png 300w, https:\/\/www.bgcmd.org\/wp-content\/uploads\/2022\/02\/Grid-For-DonateSlider-ShorterTitleSlider-Final-1024x341.png 1024w, https:\/\/www.bgcmd.org\/wp-content\/uploads\/2022\/02\/Grid-For-DonateSlider-ShorterTitleSlider-Final-768x256.png 768w, https:\/\/www.bgcmd.org\/wp-content\/uploads\/2022\/02\/Grid-For-DonateSlider-ShorterTitleSlider-Final-18x6.png 18w\" sizes=\"(max-width: 1117px) 100vw, 1117px\" alt=\"\" \t\tclass=\"so-widget-image\"\/>\n\t<\/div>\n\n<\/div><\/div><\/div><\/div><\/div><div id=\"pg-29640-2\"  class=\"panel-grid panel-no-style\" ><div id=\"pgc-29640-2-0\"  class=\"panel-grid-cell\" ><div id=\"panel-29640-2-0-0\" class=\"so-panel widget widget_sow-editor panel-first-child panel-last-child\" data-index=\"3\" ><div\n\t\t\t\n\t\t\tclass=\"so-widget-sow-editor so-widget-sow-editor-base\"\n\t\t\t\n\t\t>\n<div class=\"siteorigin-widget-tinymce textwidget\">\n\t<h2 style=\"text-align: center;\">Donaci\u00f3n de veh\u00edculos de Denver<\/h2>\n<p style=\"text-align: center;\"><span class=\"text-xl\">\u00a1Dona tu veh\u00edculo a Boys &amp; Girls Clubs of Metro Denver y apoya la programaci\u00f3n integral para ni\u00f1os de toda la ciudad! Trabajamos con Vehicles for Charity para tramitar la donaci\u00f3n y pon\u00e9rtelo lo m\u00e1s f\u00e1cil posible.  <\/span><\/p>\n<\/div>\n<\/div><\/div><\/div><\/div><div id=\"pg-29640-3\"  class=\"panel-grid panel-has-style\" ><div class=\"dual-border-blue panel-row-style panel-row-style-for-29640-3\" ><div id=\"pgc-29640-3-0\"  class=\"panel-grid-cell\" ><div id=\"panel-29640-3-0-0\" class=\"so-panel widget widget_sow-editor panel-first-child panel-last-child\" data-index=\"4\" ><div\n\t\t\t\n\t\t\tclass=\"so-widget-sow-editor so-widget-sow-editor-base\"\n\t\t\t\n\t\t>\n<div class=\"siteorigin-widget-tinymce textwidget\">\n\t<p><span data-contrast=\"auto\">Si est\u00e1 interesado en donar un autom\u00f3vil, cami\u00f3n, motocicleta, bote o casa rodante, llame a nuestros amigos de Vehicles of Charity y d\u00edgales que tiene un veh\u00edculo que desea donar a Boys &amp; Girls Clubs of Metro Denver. <\/span><span data-ccp-props=\"{&quot;201341983&quot;:0,&quot;335551550&quot;:2,&quot;335551620&quot;:2,&quot;335559739&quot;:160,&quot;335559740&quot;:259}\">\u00a0<\/span><\/p>\n<p><span data-contrast=\"auto\">Ellos se encargar\u00e1n del resto, incluso recoger su autom\u00f3vil, transferir el t\u00edtulo, subastar el veh\u00edculo y transferirnos las ganancias para apoyar a los miles de ni\u00f1os y adolescentes a los que servimos cada a\u00f1o.<\/span><span data-ccp-props=\"{&quot;201341983&quot;:0,&quot;335551550&quot;:2,&quot;335551620&quot;:2,&quot;335559739&quot;:160,&quot;335559740&quot;:259}\">\u00a0<\/span><\/p>\n<\/div>\n<\/div><\/div><\/div><div id=\"pgc-29640-3-1\"  class=\"panel-grid-cell\" ><div id=\"panel-29640-3-1-0\" class=\"so-panel widget widget_sow-image panel-first-child panel-last-child\" data-index=\"5\" ><div\n\t\t\t\n\t\t\tclass=\"so-widget-sow-image so-widget-sow-image-default-8b5b6f678277-29640\"\n\t\t\t\n\t\t>\n<div class=\"sow-image-container\">\n\t\t<img \n\tsrc=\"https:\/\/www.bgcmd.org\/wp-content\/uploads\/2019\/05\/600_6371-scaled-e1645826691754.jpg\" width=\"1200\" height=\"801\" sizes=\"(max-width: 1200px) 100vw, 1200px\" title=\"600_6371\" alt=\"\" \t\tclass=\"so-widget-image\"\/>\n\t<\/div>\n\n<\/div><\/div><\/div><\/div><\/div><div id=\"pg-29640-4\"  class=\"panel-grid panel-has-style\" ><div class=\"panel-row-style panel-row-style-for-29640-4\" ><div id=\"pgc-29640-4-0\"  class=\"panel-grid-cell panel-grid-cell-empty\" ><\/div><div id=\"pgc-29640-4-1\"  class=\"panel-grid-cell panel-grid-cell-mobile-last\" ><div id=\"panel-29640-4-1-0\" class=\"so-panel widget widget_siteorigin-panels-builder panel-first-child\" data-index=\"6\" ><div id=\"pl-w630fa61192509\"  class=\"panel-layout\" ><div id=\"pg-w630fa61192509-0\"  class=\"panel-grid panel-has-style\" ><div class=\"panel-row-style panel-row-style-for-w630fa61192509-0\" ><div id=\"pgc-w630fa61192509-0-0\"  class=\"panel-grid-cell\" ><div id=\"panel-w630fa61192509-0-0-0\" class=\"so-panel widget widget_sow-headline panel-first-child\" data-index=\"0\" ><div\n\t\t\t\n\t\t\tclass=\"so-widget-sow-headline so-widget-sow-headline-default-6efbf5f3f994\"\n\t\t\t\n\t\t><div class=\"sow-headline-container\">\n\t\t\t\t\t\t\t<h3 class=\"sow-headline\">\n\t\t\t\t\t\tVeh\u00edculos para la Caridad\t\t\t\t\t\t<\/h3>\n\t\t\t\t\t\t<\/div>\n<\/div><\/div><div id=\"panel-w630fa61192509-0-0-1\" class=\"so-panel widget widget_sow-editor\" data-index=\"1\" ><div class=\"panel-widget-style panel-widget-style-for-w630fa61192509-0-0-1\" ><div\n\t\t\t\n\t\t\tclass=\"so-widget-sow-editor so-widget-sow-editor-base\"\n\t\t\t\n\t\t>\n<div class=\"siteorigin-widget-tinymce textwidget\">\n\t<p style=\"text-align: center;\">Puede comunicarse con Vehicles for Charity al 1-866-628-2277 o al 303-308-2400 o completar un formulario de donaci\u00f3n autom\u00e1tica.<\/p>\n<\/div>\n<\/div><\/div><\/div><div id=\"panel-w630fa61192509-0-0-2\" class=\"so-panel widget widget_sow-button panel-last-child\" data-index=\"2\" ><div\n\t\t\t\n\t\t\tclass=\"so-widget-sow-button so-widget-sow-button-wire-2d9671ed346e\"\n\t\t\t\n\t\t><div class=\"ow-button-base ow-button-align-center\"\n>\n\t\t\t<a\n\t\t\t\t\thref=\"http:\/\/www.vehiclesforcharity.org\/charities\/\"\n\t\t\t\t\tclass=\"sowb-button ow-icon-placement-left ow-button-hover\" target=\"_blank\" rel=\"noopener noreferrer\" \t>\n\t\t<span>\n\t\t\t\n\t\t\tFormulario de donaci\u00f3n autom\u00e1tica\t\t<\/span>\n\t\t\t<\/a>\n\t<\/div>\n<\/div><\/div><\/div><\/div><\/div><\/div><\/div><div id=\"panel-29640-4-1-1\" class=\"so-panel widget widget_sow-editor panel-last-child\" data-index=\"7\" ><div\n\t\t\t\n\t\t\tclass=\"so-widget-sow-editor so-widget-sow-editor-base\"\n\t\t\t\n\t\t>\n<div class=\"siteorigin-widget-tinymce textwidget\">\n\t<h4 style=\"text-align: center;\"><span class=\"TextRun SCXW154227516 BCX0\" lang=\"EN-US\" xml:lang=\"EN-US\" data-contrast=\"auto\"><span class=\"NormalTextRun SCXW154227516 BCX0\">\u00a1Gracias por su apoyo a Boys &amp; Girls Clubs of Metro Denver!<\/span><\/span><span class=\"EOP SCXW154227516 BCX0\" data-ccp-props=\"{&quot;201341983&quot;:0,&quot;335551550&quot;:1,&quot;335551620&quot;:1,&quot;335559739&quot;:160,&quot;335559740&quot;:259}\">\u00a0<\/span><\/h4>\n<\/div>\n<\/div><\/div><\/div><div id=\"pgc-29640-4-2\"  class=\"panel-grid-cell panel-grid-cell-empty\" ><\/div><\/div><\/div><\/div>","protected":false},"excerpt":{"rendered":"<p>Vehicle Donations Denver Vehicle Donation Donate your vehicle to Boys &#038; Girls Clubs of Metro Denver and support comprehensive programming for kids across the city! We work with Vehicles for Charity to process the donation and make it as easy as possible for you. If you are interested in donating a car, truck, motorcycle, boat, [&hellip;]<\/p>\n","protected":false},"author":16,"featured_media":0,"parent":29526,"menu_order":30,"comment_status":"closed","ping_status":"closed","template":"","meta":{"inline_featured_image":false,"site-sidebar-layout":"default","site-content-layout":"default","ast-site-content-layout":"default","site-content-style":"default","site-sidebar-style":"default","ast-global-header-display":"","ast-banner-title-visibility":"","ast-main-header-display":"","ast-hfb-above-header-display":"","ast-hfb-below-header-display":"","ast-hfb-mobile-header-display":"","site-post-title":"disabled","ast-breadcrumbs-content":"disabled","ast-featured-img":"","footer-sml-layout":"","ast-disable-related-posts":"","theme-transparent-header-meta":"default","adv-header-id-meta":"","stick-header-meta":"","header-above-stick-meta":"","header-main-stick-meta":"","header-below-stick-meta":"","astra-migrate-meta-layouts":"default","ast-page-background-enabled":"default","ast-page-background-meta":{"desktop":{"background-color":"var(--ast-global-color-4)","background-image":"","background-repeat":"repeat","background-position":"center center","background-size":"auto","background-attachment":"scroll","background-type":"","background-media":"","overlay-type":"","overlay-color":"","overlay-opacity":"","overlay-gradient":""},"tablet":{"background-color":"","background-image":"","background-repeat":"repeat","background-position":"center center","background-size":"auto","background-attachment":"scroll","background-type":"","background-media":"","overlay-type":"","overlay-color":"","overlay-opacity":"","overlay-gradient":""},"mobile":{"background-color":"","background-image":"","background-repeat":"repeat","background-position":"center center","background-size":"auto","background-attachment":"scroll","background-type":"","background-media":"","overlay-type":"","overlay-color":"","overlay-opacity":"","overlay-gradient":""}},"ast-content-background-meta":{"desktop":{"background-color":"var(--ast-global-color-5)","background-image":"","background-repeat":"repeat","background-position":"center center","background-size":"auto","background-attachment":"scroll","background-type":"","background-media":"","overlay-type":"","overlay-color":"","overlay-opacity":"","overlay-gradient":""},"tablet":{"background-color":"var(--ast-global-color-5)","background-image":"","background-repeat":"repeat","background-position":"center center","background-size":"auto","background-attachment":"scroll","background-type":"","background-media":"","overlay-type":"","overlay-color":"","overlay-opacity":"","overlay-gradient":""},"mobile":{"background-color":"var(--ast-global-color-5)","background-image":"","background-repeat":"repeat","background-position":"center center","background-size":"auto","background-attachment":"scroll","background-type":"","background-media":"","overlay-type":"","overlay-color":"","overlay-opacity":"","overlay-gradient":""}},"footnotes":"","_links_to":"","_links_to_target":""},"class_list":["post-29640","page","type-page","status-publish","hentry"],"_links":{"self":[{"href":"https:\/\/www.bgcmd.org\/es\/wp-json\/wp\/v2\/pages\/29640","targetHints":{"allow":["GET"]}}],"collection":[{"href":"https:\/\/www.bgcmd.org\/es\/wp-json\/wp\/v2\/pages"}],"about":[{"href":"https:\/\/www.bgcmd.org\/es\/wp-json\/wp\/v2\/types\/page"}],"author":[{"embeddable":true,"href":"https:\/\/www.bgcmd.org\/es\/wp-json\/wp\/v2\/users\/16"}],"replies":[{"embeddable":true,"href":"https:\/\/www.bgcmd.org\/es\/wp-json\/wp\/v2\/comments?post=29640"}],"version-history":[{"count":16,"href":"https:\/\/www.bgcmd.org\/es\/wp-json\/wp\/v2\/pages\/29640\/revisions"}],"predecessor-version":[{"id":32103,"href":"https:\/\/www.bgcmd.org\/es\/wp-json\/wp\/v2\/pages\/29640\/revisions\/32103"}],"up":[{"embeddable":true,"href":"https:\/\/www.bgcmd.org\/es\/wp-json\/wp\/v2\/pages\/29526"}],"wp:attachment":[{"href":"https:\/\/www.bgcmd.org\/es\/wp-json\/wp\/v2\/media?parent=29640"}],"curies":[{"name":"wp","href":"https:\/\/api.w.org\/{rel}","templated":true}]}}