{"id":29601,"date":"2022-02-24T10:35:21","date_gmt":"2022-02-24T17:35:21","guid":{"rendered":"http:\/\/bgcmd.flywheelstaging.com\/?page_id=29601"},"modified":"2026-03-19T14:02:30","modified_gmt":"2026-03-19T20:02:30","slug":"transparency-accountability","status":"publish","type":"page","link":"https:\/\/www.bgcmd.org\/es\/about\/transparency-accountability\/","title":{"rendered":"Transparencia y responsabilidad"},"content":{"rendered":"<div id=\"pl-29601\"  class=\"panel-layout\" ><div id=\"pg-29601-0\"  class=\"panel-grid panel-has-style\" ><div class=\"siteorigin-panels-stretch panel-row-style panel-row-style-for-29601-0\" data-stretch-type=\"full-width-stretch\" ><div id=\"pgc-29601-0-0\"  class=\"panel-grid-cell\" ><div id=\"panel-29601-0-0-0\" class=\"so-panel widget widget_sow-image panel-first-child panel-last-child\" data-index=\"0\" ><div\n\t\t\t\n\t\t\tclass=\"so-widget-sow-image so-widget-sow-image-default-dbf295114b96-29601\"\n\t\t\t\n\t\t>\n<div class=\"sow-image-container\">\n\t\t<img \n\tsrc=\"https:\/\/www.bgcmd.org\/wp-content\/uploads\/2022\/03\/Grid-For-AboutSlider-MobileGrid-Final-Edit.jpg\" width=\"576\" height=\"144\" srcset=\"https:\/\/www.bgcmd.org\/wp-content\/uploads\/2022\/03\/Grid-For-AboutSlider-MobileGrid-Final-Edit.jpg 576w, https:\/\/www.bgcmd.org\/wp-content\/uploads\/2022\/03\/Grid-For-AboutSlider-MobileGrid-Final-Edit-300x75.jpg 300w, https:\/\/www.bgcmd.org\/wp-content\/uploads\/2022\/03\/Grid-For-AboutSlider-MobileGrid-Final-Edit-18x5.jpg 18w\" sizes=\"(max-width: 576px) 100vw, 576px\" alt=\"\" \t\tclass=\"so-widget-image\"\/>\n\t<\/div>\n\n<\/div><\/div><\/div><\/div><\/div><div id=\"pg-29601-1\"  class=\"panel-grid panel-has-style\" ><div class=\"landingpage-hero siteorigin-panels-stretch panel-row-style panel-row-style-for-29601-1\" data-stretch-type=\"full-width-stretch\" ><div id=\"pgc-29601-1-0\"  class=\"panel-grid-cell\" ><div class=\"panel-cell-style panel-cell-style-for-29601-1-0\" ><div id=\"panel-29601-1-0-0\" class=\"so-panel widget widget_sow-headline panel-first-child panel-last-child\" data-index=\"1\" ><div\n\t\t\t\n\t\t\tclass=\"so-widget-sow-headline so-widget-sow-headline-default-9e19704bf363-29601\"\n\t\t\t\n\t\t><div class=\"sow-headline-container\">\n\t\t\t\t\t\t\t<h1 class=\"sow-headline\">\n\t\t\t\t\t\tTransparencia y responsabilidad\t\t\t\t\t\t<\/h1>\n\t\t\t\t\t\t<\/div>\n<\/div><\/div><\/div><\/div><div id=\"pgc-29601-1-1\"  class=\"panel-grid-cell\" ><div id=\"panel-29601-1-1-0\" class=\"so-panel widget widget_sow-image panel-first-child panel-last-child\" data-index=\"2\" ><div\n\t\t\t\n\t\t\tclass=\"so-widget-sow-image so-widget-sow-image-default-dbf295114b96-29601\"\n\t\t\t\n\t\t>\n<div class=\"sow-image-container\">\n\t\t<img \n\tsrc=\"https:\/\/www.bgcmd.org\/wp-content\/uploads\/2022\/03\/Grid-For-AboutSlider-LongerTitleSlider-Final-Edit.jpg\" width=\"930\" height=\"372\" srcset=\"https:\/\/www.bgcmd.org\/wp-content\/uploads\/2022\/03\/Grid-For-AboutSlider-LongerTitleSlider-Final-Edit.jpg 930w, https:\/\/www.bgcmd.org\/wp-content\/uploads\/2022\/03\/Grid-For-AboutSlider-LongerTitleSlider-Final-Edit-300x120.jpg 300w, https:\/\/www.bgcmd.org\/wp-content\/uploads\/2022\/03\/Grid-For-AboutSlider-LongerTitleSlider-Final-Edit-768x307.jpg 768w, https:\/\/www.bgcmd.org\/wp-content\/uploads\/2022\/03\/Grid-For-AboutSlider-LongerTitleSlider-Final-Edit-18x7.jpg 18w\" sizes=\"(max-width: 930px) 100vw, 930px\" alt=\"\" \t\tclass=\"so-widget-image\"\/>\n\t<\/div>\n\n<\/div><\/div><\/div><\/div><\/div><div id=\"pg-29601-2\"  class=\"panel-grid panel-has-style\" ><div class=\"dual-border-blue panel-row-style panel-row-style-for-29601-2\" ><div id=\"pgc-29601-2-0\"  class=\"panel-grid-cell\" ><div id=\"panel-29601-2-0-0\" class=\"so-panel widget widget_siteorigin-panels-builder panel-first-child panel-last-child\" data-index=\"3\" ><div id=\"pl-w69bc5656cdd7f\"  class=\"panel-layout\" ><div id=\"pg-w69bc5656cdd7f-0\"  class=\"panel-grid panel-no-style\" ><div id=\"pgc-w69bc5656cdd7f-0-0\"  class=\"panel-grid-cell\" ><div id=\"panel-w69bc5656cdd7f-0-0-0\" class=\"so-panel widget widget_sow-editor panel-first-child\" data-index=\"0\" ><div\n\t\t\t\n\t\t\tclass=\"so-widget-sow-editor so-widget-sow-editor-base\"\n\t\t\t\n\t\t>\n<div class=\"siteorigin-widget-tinymce textwidget\">\n\t<h3>INFORMACI\u00d3N ORGANIZATIVA<\/h3>\n<ul>\n<li><a href=\"https:\/\/www.bgcmd.org\/es\/about\/board\/\">Junta Directiva<\/a><\/li>\n<li><a href=\"https:\/\/www.bgcmd.org\/es\/about\/staff\/\">Personal ejecutivo<\/a><\/li>\n<li><a href=\"https:\/\/www.bgcmd.org\/wp-content\/uploads\/2026\/01\/BGCMD-FS-Single-Audit-2025-secured.pdf\">Estados financieros auditados m\u00e1s recientes\u00a0<\/a>(PDF)<\/li>\n<li><a href=\"https:\/\/www.bgcmd.org\/wp-content\/uploads\/2026\/03\/BGCMD_US_2024_PublicInspectionTaxDocuments-Signed.pdf\">Formulario 990<\/a>\u00a0(PDF)<\/li>\n<li><a href=\"https:\/\/www.bgcmd.org\/es\/privacy-policy\/\">Pol\u00edtica de privacidad del donante<\/a><\/li>\n<\/ul>\n<\/div>\n<\/div><\/div><div id=\"panel-w69bc5656cdd7f-0-0-1\" class=\"so-panel widget widget_sow-button\" data-index=\"1\" ><div\n\t\t\t\n\t\t\tclass=\"so-widget-sow-button so-widget-sow-button-wire-bab982c2c189\"\n\t\t\t\n\t\t><div class=\"ow-button-base ow-button-align-left\"\n>\n\t\t\t<a\n\t\t\t\t\thref=\"https:\/\/www.bgcmd.org\/wp-content\/uploads\/2025\/02\/FINAL_FY24-Annual-Report-1.pdf\"\n\t\t\t\t\tclass=\"sowb-button ow-icon-placement-left ow-button-hover\" target=\"_blank\" rel=\"noopener noreferrer\" download=\"\" \t>\n\t\t<span>\n\t\t\t\n\t\t\tDownload the Fiscal Year 2024 Annual Report\t\t<\/span>\n\t\t\t<\/a>\n\t<\/div>\n<\/div><\/div><div id=\"panel-w69bc5656cdd7f-0-0-2\" class=\"so-panel widget widget_sow-editor\" data-index=\"2\" ><div\n\t\t\t\n\t\t\tclass=\"so-widget-sow-editor so-widget-sow-editor-base\"\n\t\t\t\n\t\t>\n<div class=\"siteorigin-widget-tinymce textwidget\">\n\t<h3>TRANSPARENCIA Y RENDICI\u00d3N DE CUENTAS<\/h3>\n<ul>\n<li><a href=\"https:\/\/www.bgcmd.org\/wp-content\/uploads\/2014\/06\/BGCMDConflictofInterestPolicy1.pdf\">Pol\u00edtica de conflicto de intereses<\/a>\u00a0(.pdf)<\/li>\n<li><a href=\"https:\/\/www.bgcmd.org\/wp-content\/uploads\/2014\/06\/BGCMDWhistleblowerPolicy1.pdf\">Pol\u00edtica de denunciantes<\/a>\u00a0(.pdf)<\/li>\n<li><a href=\"https:\/\/www.bgcmd.org\/wp-content\/uploads\/2014\/06\/BGCMDRecordRetentionDestructionPolicy1.pdf\">Pol\u00edtica de retenci\u00f3n y destrucci\u00f3n de registros<\/a>\u00a0(.pdf)<\/li>\n<li><a href=\"https:\/\/www.bgcmd.org\/es\/programs\/safety\/\">Seguridad en Boys &amp; Girls Clubs of Metro Denver<\/a><\/li>\n<\/ul>\n<h3>EFICACIA Y RESULTADOS<\/h3>\n<p>Nuestros objetivos y nuestra estrategia para lograr nuestros objetivos<\/p>\n<ul>\n<li><span data-contrast=\"none\">Capacidad para lograr nuestras metas: nuestra junta directiva, el personal clave y los comit\u00e9s de programas revisan regularmente nuestro progreso hacia nuestras metas, eval\u00faan nuestra capacidad para lograr estas metas con los recursos existentes y en las condiciones actuales, y hacen ajustes de manera cuidadosa y estrat\u00e9gica para garantizar que estamos invirtiendo. recursos adecuados en todos nuestros componentes administrativos, program\u00e1ticos y operativos.<\/span><span data-ccp-props=\"{&quot;201341983&quot;:0,&quot;335559739&quot;:160,&quot;335559740&quot;:259}\">\u00a0<\/span><\/li>\n<li data-pm-slice=\"1 1 []\"><a href=\"https:\/\/www.bgcmd.org\/wp-content\/uploads\/2026\/02\/Boys-Girls-Clubs-of-Metro-Denver_Cohort-10_Eval-Summary-2025-1.pdf\">21st Century Learning Center 2024-2025 Program Summary<\/a> - Cohorte X (PDF)<\/li>\n<li data-pm-slice=\"1 1 []\"><a href=\"https:\/\/www.bgcmd.org\/wp-content\/uploads\/2026\/02\/Boys-and-Girls-Clubs-of-Metro-Denver-Eval-Summary_Cohort-9-1.pdf\">21st Century Learning Center 2024-2025 Program Summary<\/a> - Cohorte IX (PDF)<\/li>\n<li><a href=\"https:\/\/www.bgcmd.org\/wp-content\/uploads\/2024\/09\/BGCMD-Cohort-X_21st-CCLC-Evaluation-Summary.pdf\">Resumen del programa del a\u00f1o 2023-24 de los Centros de aprendizaje del siglo XXI<\/a> - Cohorte X (PDF)<\/li>\n<li><a href=\"https:\/\/www.bgcmd.org\/wp-content\/uploads\/2024\/09\/BGCMD-Cole_21st-CCLC-Evaluation-Summary.pdf\">Resumen del programa del a\u00f1o 2023-24 de los Centros de aprendizaje del siglo XXI<\/a> - Cohorte IX (PDF)<\/li>\n<li><a href=\"https:\/\/www.bgcmd.org\/wp-content\/uploads\/2023\/10\/21st-Century_Cohort-IX-Evaluation-Summary_2022-2023_FINAL.pdf\" target=\"_blank\" rel=\"noopener\">Resumen del a\u00f1o del programa 2022-23 de los Centros de aprendizaje del siglo XXI<\/a> - Cohorte IX (PDF)<\/li>\n<li><a href=\"https:\/\/www.bgcmd.org\/wp-content\/uploads\/2023\/10\/21st-Century_ESSER-II-Evaluation-Summary_2022-2023.pdf\" target=\"_blank\" rel=\"noopener\">Resumen del a\u00f1o del programa 2022-23 de los Centros de aprendizaje del siglo XXI<\/a> -ESSER II (PDF)<\/li>\n<li><a href=\"https:\/\/www.bgcmd.org\/wp-content\/uploads\/2023\/03\/21st-Century-Report-Cohort-8.pdf\"><span data-contrast=\"none\">Resumen del a\u00f1o del programa 2021-22 de 21st Century Learning Centers<\/span><\/a><span data-contrast=\"none\"> - Cohorte VIII (PDF)<\/span><span data-ccp-props=\"{&quot;201341983&quot;:0,&quot;335559739&quot;:160,&quot;335559740&quot;:259}\">\u00a0<\/span><\/li>\n<li><a href=\"https:\/\/www.bgcmd.org\/wp-content\/uploads\/2023\/03\/21st-Century-Report-Cohort-9.pdf\"><span data-contrast=\"none\">Resumen del a\u00f1o del programa 2021-22 de 21st Century Learning Centers<\/span><\/a><span data-contrast=\"none\"> - Cohorte IX (PDF)<\/span><span data-ccp-props=\"{&quot;201341983&quot;:0,&quot;335559739&quot;:160,&quot;335559740&quot;:259}\">\u00a0<\/span><\/li>\n<li><a href=\"https:\/\/www.bgcmd.org\/wp-content\/uploads\/2023\/03\/21st-Century-Report-Cohort-E2.pdf\"><span data-contrast=\"none\">Resumen del a\u00f1o del programa 2021-22 de 21st Century Learning Centers <\/span><\/a><span data-contrast=\"none\">- Cohorte E2<\/span><span data-contrast=\"none\">\u00a0(PDF)<\/span><span data-ccp-props=\"{&quot;201341983&quot;:0,&quot;335559739&quot;:160,&quot;335559740&quot;:259}\">\u00a0<\/span><\/li>\n<li><a href=\"https:\/\/www.bgcmd.org\/wp-content\/uploads\/2021\/10\/2021-Cohort-8-21st-CCLC-Report-for-Web.pdf\"><span data-contrast=\"none\">Resumen del a\u00f1o del programa 2020-21 de 21st Century Learning Centers<\/span><\/a><span data-contrast=\"none\"> (PDF)<\/span><span data-ccp-props=\"{&quot;201341983&quot;:0,&quot;335559739&quot;:160,&quot;335559740&quot;:259}\">\u00a0<\/span><\/li>\n<li><a href=\"https:\/\/www.bgcmd.org\/wp-content\/uploads\/2020\/10\/2020-21st-Century-Report.pdf\"><span data-contrast=\"none\">Resumen del a\u00f1o del programa 21st Century Learning Centers 2019-20<\/span><\/a><span data-contrast=\"none\"> (PDF)<\/span><span data-ccp-props=\"{&quot;201341983&quot;:0,&quot;335559739&quot;:160,&quot;335559740&quot;:259}\">\u00a0<\/span><\/li>\n<li><a href=\"https:\/\/www.bgcmd.org\/wp-content\/uploads\/2019\/08\/V2_Draft_CDE_online-report-002.pdf\"><span data-contrast=\"none\">Resumen del a\u00f1o del programa 2018-19 de 21st Century Learning Centers<\/span><\/a><span data-contrast=\"none\"> (PDF)<\/span><span data-ccp-props=\"{&quot;201341983&quot;:0,&quot;335559739&quot;:160,&quot;335559740&quot;:259}\">\u00a0<\/span><\/li>\n<\/ul>\n<h2>Navegador de caridad<\/h2>\n<p><span class=\"TextRun SCXW241751552 BCX0\" lang=\"EN-US\" xml:lang=\"EN-US\" data-contrast=\"none\"><span class=\"NormalTextRun SCXW241751552 BCX0\">Boys &amp; Girls Clubs of Metro Denver ha sido reconocido por Charity Navigator, el principal evaluador independiente de organizaciones ben\u00e9ficas de Estados Unidos, por su excepcional salud financiera y su compromiso de operar con el m\u00e1s alto grado de integridad para ganarse la confianza del p\u00fablico. <\/span><\/span><a class=\"Hyperlink SCXW241751552 BCX0\" href=\"http:\/\/www.charitynavigator.org\/index.cfm?bay=search.summary&amp;orgid=10110\" target=\"_blank\" rel=\"noreferrer noopener\"><span class=\"TextRun Underlined SCXW241751552 BCX0\" lang=\"EN-US\" xml:lang=\"EN-US\" data-contrast=\"none\"><span class=\"NormalTextRun SCXW241751552 BCX0\" data-ccp-charstyle=\"Hyperlink\">Visite nuestra p\u00e1gina en Charity Navigator para obtener m\u00e1s informaci\u00f3n.<\/span><\/span><\/a><span class=\"TextRun SCXW241751552 BCX0\" lang=\"EN-US\" xml:lang=\"EN-US\" data-contrast=\"none\"><span class=\"NormalTextRun SCXW241751552 BCX0\">. Charity Navigator basa sus calificaciones en una serie de factores, uno de los cuales es el grado de responsabilidad y transparencia de una organizaci\u00f3n. Boys &amp; Girls Clubs of Metro Denver ha creado esta p\u00e1gina web como una fuente de informaci\u00f3n conveniente y completa que Charity Navigator ha identificado como fundamental para ayudar a los donantes a tomar decisiones de donaci\u00f3n informadas.<\/span><\/span><span class=\"EOP SCXW241751552 BCX0\" data-ccp-props=\"{&quot;201341983&quot;:0,&quot;335559739&quot;:160,&quot;335559740&quot;:259}\">\u00a0<\/span><\/p>\n<\/div>\n<\/div><\/div><div id=\"panel-w69bc5656cdd7f-0-0-3\" class=\"so-panel widget widget_sow-editor panel-last-child\" data-index=\"3\" ><div\n\t\t\t\n\t\t\tclass=\"so-widget-sow-editor so-widget-sow-editor-base\"\n\t\t\t\n\t\t>\n<div class=\"siteorigin-widget-tinymce textwidget\">\n\t<h3>INFORMACI\u00d3N DEL A\u00d1O ANTERIOR<\/h3>\n<ul>\n<li data-ogsc=\"rgb(83, 86, 90)\">\n<div role=\"presentation\"><a title=\"Original URL:https:\/\/www.bgcmd.org\/wp-content\/uploads\/2024\/02\/BGCMD-CY2022-FY23-990-Public-Disclosure.pdfClick to follow link.\" href=\"https:\/\/www.bgcmd.org\/wp-content\/uploads\/2025\/04\/BGCMD_US_2023_Tax-Return.pdf\" data-outlook-id=\"f7567320-9288-4f82-af37-0868801793ed\" data-ogsc=\"rgb(0, 129, 198)\">Fiscal Year 2024<\/a>\u00a0<a title=\"Original URL:https:\/\/www.bgcmd.org\/wp-content\/uploads\/2024\/02\/BGCMD-CY2022-FY23-990-Public-Disclosure.pdfClick to follow link.\" href=\"https:\/\/www.bgcmd.org\/wp-content\/uploads\/2025\/04\/BGCMD_US_2023_Tax-Return.pdf\" data-outlook-id=\"3a264e67-6fd0-4ab8-b57d-028142a88db6\" data-ogsc=\"rgb(0, 129, 198)\">Formulario 990<\/a><\/div>\n<\/li>\n<li><a href=\"https:\/\/www.bgcmd.org\/wp-content\/uploads\/2024\/02\/BGCMD-CY2022-FY23-990-Public-Disclosure.pdf\">Fiscal Year 2023<\/a>\u00a0<a href=\"https:\/\/www.bgcmd.org\/wp-content\/uploads\/2024\/02\/BGCMD-CY2022-FY23-990-Public-Disclosure.pdf\">Formulario 990<\/a><\/li>\n<li><a href=\"https:\/\/www.bgcmd.org\/wp-content\/uploads\/2024\/02\/BGCMD-CY2022-FY23-990-Public-Disclosure.pdf\">Fiscal Year 2022 Form 990<\/a><\/li>\n<li><a href=\"https:\/\/www.bgcmd.org\/wp-content\/uploads\/2023\/02\/BGCMD-CY2020-FY21-990-Public-Disclosure.pdf\">A\u00f1o fiscal 2021 Formulario 990<\/a><\/li>\n<li><a href=\"https:\/\/www.bgcmd.org\/wp-content\/uploads\/2023\/02\/BGCMD-CY2019-FY20-990-Public-Disclosure.pdf\">A\u00f1o fiscal 2020 Formulario 990<\/a><\/li>\n<\/ul>\n<\/div>\n<\/div><\/div><\/div><\/div><\/div><\/div><\/div><\/div><\/div><\/div>","protected":false},"excerpt":{"rendered":"<p>Transparency &amp; Accountability ORGANIZATIONAL INFORMATION Board of Directors Executive Staff Most recent audited financial statements\u00a0(PDF) Form 990\u00a0(PDF) Donor Privacy Policy Download the Fiscal Year 2024 Annual Report TRANSPARENCY\u00a0&amp; ACCOUNTABILITY Conflict of Interest Policy\u00a0(.pdf) Whistleblower Policy\u00a0(.pdf) Record Retention and Destruction Policy\u00a0(.pdf) Safety at Boys &amp; Girls Clubs of Metro Denver EFFECTIVENESS &amp; RESULTS Our Goals &amp; [&hellip;]<\/p>\n","protected":false},"author":17,"featured_media":0,"parent":29475,"menu_order":0,"comment_status":"closed","ping_status":"closed","template":"","meta":{"inline_featured_image":false,"site-sidebar-layout":"default","site-content-layout":"default","ast-site-content-layout":"default","site-content-style":"default","site-sidebar-style":"default","ast-global-header-display":"","ast-banner-title-visibility":"","ast-main-header-display":"","ast-hfb-above-header-display":"","ast-hfb-below-header-display":"","ast-hfb-mobile-header-display":"","site-post-title":"disabled","ast-breadcrumbs-content":"disabled","ast-featured-img":"","footer-sml-layout":"","ast-disable-related-posts":"","theme-transparent-header-meta":"default","adv-header-id-meta":"","stick-header-meta":"","header-above-stick-meta":"","header-main-stick-meta":"","header-below-stick-meta":"","astra-migrate-meta-layouts":"set","ast-page-background-enabled":"default","ast-page-background-meta":{"desktop":{"background-color":"var(--ast-global-color-4)","background-image":"","background-repeat":"repeat","background-position":"center center","background-size":"auto","background-attachment":"scroll","background-type":"","background-media":"","overlay-type":"","overlay-color":"","overlay-opacity":"","overlay-gradient":""},"tablet":{"background-color":"","background-image":"","background-repeat":"repeat","background-position":"center center","background-size":"auto","background-attachment":"scroll","background-type":"","background-media":"","overlay-type":"","overlay-color":"","overlay-opacity":"","overlay-gradient":""},"mobile":{"background-color":"","background-image":"","background-repeat":"repeat","background-position":"center center","background-size":"auto","background-attachment":"scroll","background-type":"","background-media":"","overlay-type":"","overlay-color":"","overlay-opacity":"","overlay-gradient":""}},"ast-content-background-meta":{"desktop":{"background-color":"var(--ast-global-color-5)","background-image":"","background-repeat":"repeat","background-position":"center center","background-size":"auto","background-attachment":"scroll","background-type":"","background-media":"","overlay-type":"","overlay-color":"","overlay-opacity":"","overlay-gradient":""},"tablet":{"background-color":"var(--ast-global-color-5)","background-image":"","background-repeat":"repeat","background-position":"center center","background-size":"auto","background-attachment":"scroll","background-type":"","background-media":"","overlay-type":"","overlay-color":"","overlay-opacity":"","overlay-gradient":""},"mobile":{"background-color":"var(--ast-global-color-5)","background-image":"","background-repeat":"repeat","background-position":"center center","background-size":"auto","background-attachment":"scroll","background-type":"","background-media":"","overlay-type":"","overlay-color":"","overlay-opacity":"","overlay-gradient":""}},"footnotes":"","_links_to":"","_links_to_target":""},"class_list":["post-29601","page","type-page","status-publish","hentry"],"_links":{"self":[{"href":"https:\/\/www.bgcmd.org\/es\/wp-json\/wp\/v2\/pages\/29601","targetHints":{"allow":["GET"]}}],"collection":[{"href":"https:\/\/www.bgcmd.org\/es\/wp-json\/wp\/v2\/pages"}],"about":[{"href":"https:\/\/www.bgcmd.org\/es\/wp-json\/wp\/v2\/types\/page"}],"author":[{"embeddable":true,"href":"https:\/\/www.bgcmd.org\/es\/wp-json\/wp\/v2\/users\/17"}],"replies":[{"embeddable":true,"href":"https:\/\/www.bgcmd.org\/es\/wp-json\/wp\/v2\/comments?post=29601"}],"version-history":[{"count":55,"href":"https:\/\/www.bgcmd.org\/es\/wp-json\/wp\/v2\/pages\/29601\/revisions"}],"predecessor-version":[{"id":41342,"href":"https:\/\/www.bgcmd.org\/es\/wp-json\/wp\/v2\/pages\/29601\/revisions\/41342"}],"up":[{"embeddable":true,"href":"https:\/\/www.bgcmd.org\/es\/wp-json\/wp\/v2\/pages\/29475"}],"wp:attachment":[{"href":"https:\/\/www.bgcmd.org\/es\/wp-json\/wp\/v2\/media?parent=29601"}],"curies":[{"name":"wp","href":"https:\/\/api.w.org\/{rel}","templated":true}]}}