{"id":29593,"date":"2022-02-24T10:31:56","date_gmt":"2022-02-24T17:31:56","guid":{"rendered":"http:\/\/bgcmd.flywheelstaging.com\/?page_id=29593"},"modified":"2026-03-18T12:21:21","modified_gmt":"2026-03-18T18:21:21","slug":"board","status":"publish","type":"page","link":"https:\/\/www.bgcmd.org\/es\/about\/board\/","title":{"rendered":"Tablero"},"content":{"rendered":"<div id=\"pl-29593\"  class=\"panel-layout\" ><div id=\"pg-29593-0\"  class=\"panel-grid panel-has-style\" ><div class=\"siteorigin-panels-stretch panel-row-style panel-row-style-for-29593-0\" data-stretch-type=\"full-width-stretch\" ><div id=\"pgc-29593-0-0\"  class=\"panel-grid-cell\" ><div id=\"panel-29593-0-0-0\" class=\"so-panel widget widget_sow-image panel-first-child panel-last-child\" data-index=\"0\" ><div\n\t\t\t\n\t\t\tclass=\"so-widget-sow-image so-widget-sow-image-default-dbf295114b96-29593\"\n\t\t\t\n\t\t>\n<div class=\"sow-image-container\">\n\t\t<img \n\tsrc=\"https:\/\/www.bgcmd.org\/wp-content\/uploads\/2022\/03\/Grid-For-AboutSlider-MobileGrid-Final-Edit.jpg\" width=\"576\" height=\"144\" srcset=\"https:\/\/www.bgcmd.org\/wp-content\/uploads\/2022\/03\/Grid-For-AboutSlider-MobileGrid-Final-Edit.jpg 576w, https:\/\/www.bgcmd.org\/wp-content\/uploads\/2022\/03\/Grid-For-AboutSlider-MobileGrid-Final-Edit-300x75.jpg 300w, https:\/\/www.bgcmd.org\/wp-content\/uploads\/2022\/03\/Grid-For-AboutSlider-MobileGrid-Final-Edit-18x5.jpg 18w\" sizes=\"(max-width: 576px) 100vw, 576px\" alt=\"\" \t\tclass=\"so-widget-image\"\/>\n\t<\/div>\n\n<\/div><\/div><\/div><\/div><\/div><div id=\"pg-29593-1\"  class=\"panel-grid panel-has-style\" ><div class=\"landingpage-hero siteorigin-panels-stretch panel-row-style panel-row-style-for-29593-1\" data-stretch-type=\"full-width-stretch\" ><div id=\"pgc-29593-1-0\"  class=\"panel-grid-cell\" ><div class=\"panel-cell-style panel-cell-style-for-29593-1-0\" ><div id=\"panel-29593-1-0-0\" class=\"so-panel widget widget_sow-headline panel-first-child panel-last-child\" data-index=\"1\" ><div\n\t\t\t\n\t\t\tclass=\"so-widget-sow-headline so-widget-sow-headline-default-700840d0284d-29593\"\n\t\t\t\n\t\t><div class=\"sow-headline-container\">\n\t\t\t\t\t\t\t<h1 class=\"sow-headline\">\n\t\t\t\t\t\tTablero <br \/>Liderazgo\t\t\t\t\t\t<\/h1>\n\t\t\t\t\t\t<\/div>\n<\/div><\/div><\/div><\/div><div id=\"pgc-29593-1-1\"  class=\"panel-grid-cell\" ><div id=\"panel-29593-1-1-0\" class=\"so-panel widget widget_sow-image panel-first-child panel-last-child\" data-index=\"2\" ><div\n\t\t\t\n\t\t\tclass=\"so-widget-sow-image so-widget-sow-image-default-dbf295114b96-29593\"\n\t\t\t\n\t\t>\n<div class=\"sow-image-container\">\n\t\t<img \n\tsrc=\"https:\/\/www.bgcmd.org\/wp-content\/uploads\/2022\/11\/Board.png\" width=\"2000\" height=\"667\" srcset=\"https:\/\/www.bgcmd.org\/wp-content\/uploads\/2022\/11\/Board.png 2000w, https:\/\/www.bgcmd.org\/wp-content\/uploads\/2022\/11\/Board-300x100.png 300w, https:\/\/www.bgcmd.org\/wp-content\/uploads\/2022\/11\/Board-1024x342.png 1024w, https:\/\/www.bgcmd.org\/wp-content\/uploads\/2022\/11\/Board-768x256.png 768w, https:\/\/www.bgcmd.org\/wp-content\/uploads\/2022\/11\/Board-1536x512.png 1536w, https:\/\/www.bgcmd.org\/wp-content\/uploads\/2022\/11\/Board-18x6.png 18w\" sizes=\"(max-width: 2000px) 100vw, 2000px\" alt=\"\" \t\tclass=\"so-widget-image\"\/>\n\t<\/div>\n\n<\/div><\/div><\/div><\/div><\/div><div id=\"pg-29593-2\"  class=\"panel-grid panel-no-style\" ><div id=\"pgc-29593-2-0\"  class=\"panel-grid-cell panel-grid-cell-empty\" ><\/div><div id=\"pgc-29593-2-1\"  class=\"panel-grid-cell panel-grid-cell-mobile-last\" ><div id=\"panel-29593-2-1-0\" class=\"so-panel widget widget_sow-headline panel-first-child\" data-index=\"3\" ><div\n\t\t\t\n\t\t\tclass=\"so-widget-sow-headline so-widget-sow-headline-default-1e5aeeb5aca6-29593\"\n\t\t\t\n\t\t><div class=\"sow-headline-container\">\n\t\t\t\t\t\t\t<h2 class=\"sow-headline\">\n\t\t\t\t\t\tJunta Directiva\t\t\t\t\t\t<\/h2>\n\t\t\t\t\t\t<\/div>\n<\/div><\/div><div id=\"panel-29593-2-1-1\" class=\"so-panel widget widget_sow-editor\" data-index=\"4\" ><div\n\t\t\t\n\t\t\tclass=\"so-widget-sow-editor so-widget-sow-editor-base\"\n\t\t\t\n\t\t>\n<div class=\"siteorigin-widget-tinymce textwidget\">\n\t<p><span class=\"TextRun SCXW64470510 BCX0\" lang=\"EN-US\" xml:lang=\"EN-US\" data-contrast=\"auto\"><span class=\"NormalTextRun SCXW64470510 BCX0\">La Junta Directiva de Boys &amp; Girls Clubs of Metro Denver est\u00e1 formada por l\u00edderes comunitarios y empresariales dedicados a <\/span><span class=\"NormalTextRun SCXW64470510 BCX0\">Los j\u00f3venes de Denver<\/span><span class=\"NormalTextRun SCXW64470510 BCX0\"> darse cuenta de su mayor potencial<\/span><span class=\"NormalTextRun SCXW64470510 BCX0\">. La Junta Directiva proporciona la gesti\u00f3n fiscal y la direcci\u00f3n estrat\u00e9gica.<\/span><span class=\"NormalTextRun SCXW64470510 BCX0\"> a la organizaci\u00f3n Adem\u00e1s, nuestra Junta de <\/span><span class=\"NormalTextRun SCXW64470510 BCX0\">directores <\/span><span class=\"NormalTextRun SCXW64470510 BCX0\">ayuda<\/span><span class=\"NormalTextRun SCXW64470510 BCX0\"> construir una red de miembros y organizaciones de la comunidad con ideas afines <\/span><span class=\"NormalTextRun SCXW64470510 BCX0\">que est\u00e1n listos para apoyar<\/span> <span class=\"NormalTextRun SCXW64470510 BCX0\">Clubes de ni\u00f1os y ni\u00f1as de Metro Denver<\/span><span class=\"NormalTextRun SCXW64470510 BCX0\"> en<\/span><span class=\"NormalTextRun SCXW64470510 BCX0\"> lograr<\/span><span class=\"NormalTextRun SCXW64470510 BCX0\">En g<\/span> <span class=\"NormalTextRun ContextualSpellingAndGrammarErrorV2 SCXW64470510 BCX0\">su<\/span><span class=\"NormalTextRun SCXW64470510 BCX0\"> misi\u00f3n. Los siguientes son todos miembros independientes con derecho a voto de la Junta Directiva de Boys &amp; Girls Clubs of Metro Denver.<\/span><\/span><span class=\"EOP SCXW64470510 BCX0\" data-ccp-props=\"{&quot;201341983&quot;:0,&quot;335559739&quot;:160,&quot;335559740&quot;:259}\">\u00a0<\/span><\/p>\n<p><strong>Presidente<\/strong>: Brian McDonald<br \/>\n<strong>Vice Chairwoman<\/strong>: Nikki Jain-Brown, inversiones de fidelidad<br \/>\n<strong>Secretario<\/strong>: RJ McArthur, Plante Moran<\/p>\n<p>&nbsp;<\/p>\n<\/div>\n<\/div><\/div><div id=\"panel-29593-2-1-2\" class=\"so-panel widget widget_siteorigin-panels-builder panel-last-child\" data-index=\"5\" ><div id=\"pl-w6998aa43c1582\"  class=\"panel-layout\" ><div id=\"pg-w6998aa43c1582-0\"  class=\"panel-grid panel-no-style\" ><div id=\"pgc-w6998aa43c1582-0-0\"  class=\"panel-grid-cell\" ><div id=\"panel-w6998aa43c1582-0-0-0\" class=\"so-panel widget widget_sow-editor panel-first-child panel-last-child\" data-index=\"0\" ><div\n\t\t\t\n\t\t\tclass=\"so-widget-sow-editor so-widget-sow-editor-base\"\n\t\t\t\n\t\t>\n<div class=\"siteorigin-widget-tinymce textwidget\">\n\t<p>Chris Albi, King Soopers\/ City Market<br \/>\nDan Ball, gesti\u00f3n patrimonial de RBC<br \/>\nJim Bershof<br \/>\nbreta\u00f1a bowlen<br \/>\nmarc braunstein<br \/>\nJason Brinkley, Snell &amp; Wilmer<br \/>\nMax Caulkins, capital de Thrumcap<br \/>\nJeanne Collopy<br \/>\nDr. Oswaldo Grenardo, OG Health<br \/>\nHeather Han, Banco de EE. UU.<br \/>\nLarry Harmsen<br \/>\nBrian Holland, Layton Construction<br \/>\nMark Hopkins, Socios de Rallyday<br \/>\nChad JonesCharles Schwab<br \/>\nJanell Joshua, Suncor<br \/>\nAndy Klein, socios de inversi\u00f3n del lado oeste<br \/>\nLaurie Korneffel, Vantor<br \/>\nDamani Leech, Denver Broncos<br \/>\nMarc McDonough, TFIN @Work<br \/>\nZach McGuire, MasTec Tecnolog\u00edas Avanzadas<br \/>\nAaron Medlock, ingenier\u00eda de demolici\u00f3n, Inc.<br \/>\nAndrew Morrison<\/p>\n<\/div>\n<\/div><\/div><\/div><div id=\"pgc-w6998aa43c1582-0-1\"  class=\"panel-grid-cell\" ><div id=\"panel-w6998aa43c1582-0-1-0\" class=\"so-panel widget widget_sow-editor panel-first-child panel-last-child\" data-index=\"1\" ><div\n\t\t\t\n\t\t\tclass=\"so-widget-sow-editor so-widget-sow-editor-base\"\n\t\t\t\n\t\t>\n<div class=\"siteorigin-widget-tinymce textwidget\">\n\t<p>Joe Nimmons, Banco Nacional de Huntington<br \/>\nChris Rapp, TI de Apex<br \/>\nStephanie RideauComcast<br \/>\nSuzanne Rivera, McKinsey &amp; Company<br \/>\nWarren Schlichting, Escudo Legal<br \/>\nBenjam\u00edn Schulein, La Luna Recursos<br \/>\nRafat Shehadeh, Prologis<br \/>\nBob Shopneck, Pinetree Financial Partners<br \/>\nJoe Smith, Bartlit Beck, LLP<br \/>\nWalker Stapleton, Sonoma West Holdings<br \/>\nGeoff Tanner<br \/>\nMichael Touff<br \/>\nLon Welsh, Ironton Capital<br \/>\nMegan Wood, Peerspace<br \/>\nJacalyn Forl\u00e9o, Zenith Home Loans<br \/>\nAndrew Gilstrap, Howell Construction<br \/>\nValeri Pappas, Davis &amp; Ceriani<\/p>\n<\/div>\n<\/div><\/div><\/div><\/div><\/div><\/div><\/div><div id=\"pgc-29593-2-2\"  class=\"panel-grid-cell panel-grid-cell-empty\" ><\/div><\/div><div id=\"pg-29593-3\"  class=\"panel-grid panel-no-style\" ><div id=\"pgc-29593-3-0\"  class=\"panel-grid-cell\" ><div id=\"panel-29593-3-0-0\" class=\"so-panel widget widget_sow-headline panel-first-child panel-last-child\" data-index=\"6\" ><div\n\t\t\t\n\t\t\tclass=\"so-widget-sow-headline so-widget-sow-headline-default-513a2fe9f8dc-29593\"\n\t\t\t\n\t\t><div class=\"sow-headline-container\">\n\t\t\t\t\t\t<div class=\"decoration\">\n\t\t\t\t\t\t<div class=\"decoration-inside\"><\/div>\n\t\t\t\t\t<\/div>\n\t\t\t\t\t<\/div>\n<\/div><\/div><\/div><\/div><div id=\"pg-29593-4\"  class=\"panel-grid panel-no-style\" ><div id=\"pgc-29593-4-0\"  class=\"panel-grid-cell panel-grid-cell-empty\" ><\/div><div id=\"pgc-29593-4-1\"  class=\"panel-grid-cell panel-grid-cell-mobile-last\" ><div id=\"panel-29593-4-1-0\" class=\"so-panel widget widget_sow-headline panel-first-child\" data-index=\"7\" ><div\n\t\t\t\n\t\t\tclass=\"so-widget-sow-headline so-widget-sow-headline-default-1e5aeeb5aca6-29593\"\n\t\t\t\n\t\t><div class=\"sow-headline-container\">\n\t\t\t\t\t\t\t<h2 class=\"sow-headline\">\n\t\t\t\t\t\tJunta Directiva Asociada\t\t\t\t\t\t<\/h2>\n\t\t\t\t\t\t<\/div>\n<\/div><\/div><div id=\"panel-29593-4-1-1\" class=\"so-panel widget widget_sow-editor\" data-index=\"8\" ><div\n\t\t\t\n\t\t\tclass=\"so-widget-sow-editor so-widget-sow-editor-base\"\n\t\t\t\n\t\t>\n<div class=\"siteorigin-widget-tinymce textwidget\">\n\t<p><strong>Presidente<\/strong>: Rob Naughton, Banco de EE. UU.<br \/>\n<strong>Vicepresidente<\/strong>: Art Kotowski, Morgan Stanley<\/p>\n<\/div>\n<\/div><\/div><div id=\"panel-29593-4-1-2\" class=\"so-panel widget widget_siteorigin-panels-builder panel-last-child\" data-index=\"9\" ><div id=\"pl-w69baed2167b20\"  class=\"panel-layout\" ><div id=\"pg-w69baed2167b20-0\"  class=\"panel-grid panel-no-style\" ><div id=\"pgc-w69baed2167b20-0-0\"  class=\"panel-grid-cell\" ><div id=\"panel-w69baed2167b20-0-0-0\" class=\"so-panel widget widget_sow-editor panel-first-child panel-last-child\" data-index=\"0\" ><div\n\t\t\t\n\t\t\tclass=\"so-widget-sow-editor so-widget-sow-editor-base\"\n\t\t\t\n\t\t>\n<div class=\"siteorigin-widget-tinymce textwidget\">\n\t<p>Ryan Dorsey, Howell Construction<br \/>\nJason Hudson, molinos ardientes<br \/>\nAndrea Karp, Ares Management<br \/>\nDorian Panchyson, Davis Graham<br \/>\nAmber Held, Goldman, Sachs &amp; Co.<br \/>\nJerrod Milton<br \/>\nAndrew Naleid, Construcci\u00f3n Mortenson<\/p>\n<\/div>\n<\/div><\/div><\/div><div id=\"pgc-w69baed2167b20-0-1\"  class=\"panel-grid-cell\" ><div id=\"panel-w69baed2167b20-0-1-0\" class=\"so-panel widget widget_sow-editor panel-first-child panel-last-child\" data-index=\"1\" ><div\n\t\t\t\n\t\t\tclass=\"so-widget-sow-editor so-widget-sow-editor-base\"\n\t\t\t\n\t\t>\n<div class=\"siteorigin-widget-tinymce textwidget\">\n\t<p>Amanda Nielsen, Caja<br \/>\nAndy Ogide, Edward Jones<br \/>\nNick Peppler, JE Dunn Construction<br \/>\nGrant Schaefer, Soulful Recovery<br \/>\nSarah Woodson, Community Advocate<br \/>\nKelly Mehta, Guide Real Estate<\/p>\n<\/div>\n<\/div><\/div><\/div><\/div><\/div><\/div><\/div><div id=\"pgc-29593-4-2\"  class=\"panel-grid-cell panel-grid-cell-empty\" ><\/div><\/div><div id=\"pg-29593-5\"  class=\"panel-grid panel-no-style\" ><div id=\"pgc-29593-5-0\"  class=\"panel-grid-cell\" ><div id=\"panel-29593-5-0-0\" class=\"so-panel widget widget_sow-headline panel-first-child panel-last-child\" data-index=\"10\" ><div\n\t\t\t\n\t\t\tclass=\"so-widget-sow-headline so-widget-sow-headline-default-513a2fe9f8dc-29593\"\n\t\t\t\n\t\t><div class=\"sow-headline-container\">\n\t\t\t\t\t\t<div class=\"decoration\">\n\t\t\t\t\t\t<div class=\"decoration-inside\"><\/div>\n\t\t\t\t\t<\/div>\n\t\t\t\t\t<\/div>\n<\/div><\/div><\/div><\/div><div id=\"pg-29593-6\"  class=\"panel-grid panel-no-style\" ><div id=\"pgc-29593-6-0\"  class=\"panel-grid-cell panel-grid-cell-empty\" ><\/div><div id=\"pgc-29593-6-1\"  class=\"panel-grid-cell panel-grid-cell-mobile-last\" ><div id=\"panel-29593-6-1-0\" class=\"so-panel widget widget_sow-headline panel-first-child\" data-index=\"11\" ><div\n\t\t\t\n\t\t\tclass=\"so-widget-sow-headline so-widget-sow-headline-default-559af2993585-29593\"\n\t\t\t\n\t\t><div class=\"sow-headline-container\">\n\t\t\t\t\t\t\t<h2 class=\"sow-headline\">\n\t\t\t\t\t\tJunta Honoraria Vitalicia\t\t\t\t\t\t<\/h2>\n\t\t\t\t\t\t<\/div>\n<\/div><\/div><div id=\"panel-29593-6-1-1\" class=\"so-panel widget widget_siteorigin-panels-builder panel-last-child\" data-index=\"12\" ><div id=\"pl-w69419097b0261\"  class=\"panel-layout\" ><div id=\"pg-w69419097b0261-0\"  class=\"panel-grid panel-no-style\" ><div id=\"pgc-w69419097b0261-0-0\"  class=\"panel-grid-cell\" ><div id=\"panel-w69419097b0261-0-0-0\" class=\"so-panel widget widget_sow-editor panel-first-child panel-last-child\" data-index=\"0\" ><div\n\t\t\t\n\t\t\tclass=\"so-widget-sow-editor so-widget-sow-editor-base\"\n\t\t\t\n\t\t>\n<div class=\"siteorigin-widget-tinymce textwidget\">\n\t<p>Samuel mayordomo, III<br \/>\npat hamill<br \/>\nJames R. Howell<br \/>\nSteve McConahey<br \/>\nCharles H. Lutero, Jr.<\/p>\n<\/div>\n<\/div><\/div><\/div><div id=\"pgc-w69419097b0261-0-1\"  class=\"panel-grid-cell\" ><div id=\"panel-w69419097b0261-0-1-0\" class=\"so-panel widget widget_sow-editor panel-first-child panel-last-child\" data-index=\"1\" ><div\n\t\t\t\n\t\t\tclass=\"so-widget-sow-editor so-widget-sow-editor-base\"\n\t\t\t\n\t\t>\n<div class=\"siteorigin-widget-tinymce textwidget\">\n\t<p>shawn mclaughlin<br \/>\njim mulligan<br \/>\nTom O&#039;Donnell<br \/>\nTomas Owen<br \/>\njane prancan<\/p>\n<\/div>\n<\/div><\/div><\/div><\/div><\/div><\/div><\/div><div id=\"pgc-29593-6-2\"  class=\"panel-grid-cell panel-grid-cell-empty\" ><\/div><\/div><div id=\"pg-29593-7\"  class=\"panel-grid panel-no-style\" ><div id=\"pgc-29593-7-0\"  class=\"panel-grid-cell\" ><div id=\"panel-29593-7-0-0\" class=\"so-panel widget widget_sow-headline panel-first-child panel-last-child\" data-index=\"13\" ><div\n\t\t\t\n\t\t\tclass=\"so-widget-sow-headline so-widget-sow-headline-default-513a2fe9f8dc-29593\"\n\t\t\t\n\t\t><div class=\"sow-headline-container\">\n\t\t\t\t\t\t<div class=\"decoration\">\n\t\t\t\t\t\t<div class=\"decoration-inside\"><\/div>\n\t\t\t\t\t<\/div>\n\t\t\t\t\t<\/div>\n<\/div><\/div><\/div><\/div><div id=\"pg-29593-8\"  class=\"panel-grid panel-no-style\" ><div id=\"pgc-29593-8-0\"  class=\"panel-grid-cell panel-grid-cell-empty\" ><\/div><div id=\"pgc-29593-8-1\"  class=\"panel-grid-cell panel-grid-cell-mobile-last\" ><div id=\"panel-29593-8-1-0\" class=\"so-panel widget widget_sow-headline panel-first-child\" data-index=\"14\" ><div\n\t\t\t\n\t\t\tclass=\"so-widget-sow-headline so-widget-sow-headline-default-559af2993585-29593\"\n\t\t\t\n\t\t><div class=\"sow-headline-container\">\n\t\t\t\t\t\t\t<h2 class=\"sow-headline\">\n\t\t\t\t\t\tEn memoria cari\u00f1osa de nuestros miembros de la junta de toda la vida\t\t\t\t\t\t<\/h2>\n\t\t\t\t\t\t<\/div>\n<\/div><\/div><div id=\"panel-29593-8-1-1\" class=\"so-panel widget widget_siteorigin-panels-builder panel-last-child\" data-index=\"15\" ><div id=\"pl-w69419097b0945\"  class=\"panel-layout\" ><div id=\"pg-w69419097b0945-0\"  class=\"panel-grid panel-no-style\" ><div id=\"pgc-w69419097b0945-0-0\"  class=\"panel-grid-cell\" ><div id=\"panel-w69419097b0945-0-0-0\" class=\"so-panel widget widget_sow-editor panel-first-child panel-last-child\" data-index=\"0\" ><div\n\t\t\t\n\t\t\tclass=\"so-widget-sow-editor so-widget-sow-editor-base\"\n\t\t\t\n\t\t>\n<div class=\"siteorigin-widget-tinymce textwidget\">\n\t<p>Edwin W. Baker, Jr.<br \/>\nR. Gale Daniel<br \/>\nsidney puertas<br \/>\nJorge Hopfenbeck<br \/>\nEd Johnson<\/p>\n<\/div>\n<\/div><\/div><\/div><div id=\"pgc-w69419097b0945-0-1\"  class=\"panel-grid-cell\" ><div id=\"panel-w69419097b0945-0-1-0\" class=\"so-panel widget widget_sow-editor panel-first-child panel-last-child\" data-index=\"1\" ><div\n\t\t\t\n\t\t\tclass=\"so-widget-sow-editor so-widget-sow-editor-base\"\n\t\t\t\n\t\t>\n<div class=\"siteorigin-widget-tinymce textwidget\">\n\t<p>C. Howard Kast<br \/>\nJ. Neil McLagan<br \/>\nWill F. Nicholson, Jr.<br \/>\nJuan Shaw<br \/>\nCarlos J Kall<\/p>\n<\/div>\n<\/div><\/div><\/div><\/div><\/div><\/div><\/div><div id=\"pgc-29593-8-2\"  class=\"panel-grid-cell panel-grid-cell-empty\" ><\/div><\/div><\/div>","protected":false},"excerpt":{"rendered":"<p>Board Leadership Board of Directors Boys &amp; Girls Clubs of Metro Denver\u2019s Board of Directors is made up of community and business leaders dedicated to Denver\u2019s young people realize their greatest potential. The Board of Directors provides fiscal management and strategic direction to the organization. Additionally, our Board of Directors helps build a network of [&hellip;]<\/p>\n","protected":false},"author":16,"featured_media":0,"parent":29475,"menu_order":0,"comment_status":"closed","ping_status":"closed","template":"","meta":{"inline_featured_image":false,"site-sidebar-layout":"default","site-content-layout":"default","ast-site-content-layout":"default","site-content-style":"default","site-sidebar-style":"default","ast-global-header-display":"","ast-banner-title-visibility":"","ast-main-header-display":"","ast-hfb-above-header-display":"","ast-hfb-below-header-display":"","ast-hfb-mobile-header-display":"","site-post-title":"disabled","ast-breadcrumbs-content":"disabled","ast-featured-img":"","footer-sml-layout":"","ast-disable-related-posts":"","theme-transparent-header-meta":"default","adv-header-id-meta":"","stick-header-meta":"","header-above-stick-meta":"","header-main-stick-meta":"","header-below-stick-meta":"","astra-migrate-meta-layouts":"set","ast-page-background-enabled":"default","ast-page-background-meta":{"desktop":{"background-color":"var(--ast-global-color-4)","background-image":"","background-repeat":"repeat","background-position":"center center","background-size":"auto","background-attachment":"scroll","background-type":"","background-media":"","overlay-type":"","overlay-color":"","overlay-opacity":"","overlay-gradient":""},"tablet":{"background-color":"","background-image":"","background-repeat":"repeat","background-position":"center center","background-size":"auto","background-attachment":"scroll","background-type":"","background-media":"","overlay-type":"","overlay-color":"","overlay-opacity":"","overlay-gradient":""},"mobile":{"background-color":"","background-image":"","background-repeat":"repeat","background-position":"center center","background-size":"auto","background-attachment":"scroll","background-type":"","background-media":"","overlay-type":"","overlay-color":"","overlay-opacity":"","overlay-gradient":""}},"ast-content-background-meta":{"desktop":{"background-color":"var(--ast-global-color-5)","background-image":"","background-repeat":"repeat","background-position":"center center","background-size":"auto","background-attachment":"scroll","background-type":"","background-media":"","overlay-type":"","overlay-color":"","overlay-opacity":"","overlay-gradient":""},"tablet":{"background-color":"var(--ast-global-color-5)","background-image":"","background-repeat":"repeat","background-position":"center center","background-size":"auto","background-attachment":"scroll","background-type":"","background-media":"","overlay-type":"","overlay-color":"","overlay-opacity":"","overlay-gradient":""},"mobile":{"background-color":"var(--ast-global-color-5)","background-image":"","background-repeat":"repeat","background-position":"center center","background-size":"auto","background-attachment":"scroll","background-type":"","background-media":"","overlay-type":"","overlay-color":"","overlay-opacity":"","overlay-gradient":""}},"footnotes":"","_links_to":"","_links_to_target":""},"class_list":["post-29593","page","type-page","status-publish","hentry"],"_links":{"self":[{"href":"https:\/\/www.bgcmd.org\/es\/wp-json\/wp\/v2\/pages\/29593","targetHints":{"allow":["GET"]}}],"collection":[{"href":"https:\/\/www.bgcmd.org\/es\/wp-json\/wp\/v2\/pages"}],"about":[{"href":"https:\/\/www.bgcmd.org\/es\/wp-json\/wp\/v2\/types\/page"}],"author":[{"embeddable":true,"href":"https:\/\/www.bgcmd.org\/es\/wp-json\/wp\/v2\/users\/16"}],"replies":[{"embeddable":true,"href":"https:\/\/www.bgcmd.org\/es\/wp-json\/wp\/v2\/comments?post=29593"}],"version-history":[{"count":136,"href":"https:\/\/www.bgcmd.org\/es\/wp-json\/wp\/v2\/pages\/29593\/revisions"}],"predecessor-version":[{"id":41332,"href":"https:\/\/www.bgcmd.org\/es\/wp-json\/wp\/v2\/pages\/29593\/revisions\/41332"}],"up":[{"embeddable":true,"href":"https:\/\/www.bgcmd.org\/es\/wp-json\/wp\/v2\/pages\/29475"}],"wp:attachment":[{"href":"https:\/\/www.bgcmd.org\/es\/wp-json\/wp\/v2\/media?parent=29593"}],"curies":[{"name":"wp","href":"https:\/\/api.w.org\/{rel}","templated":true}]}}