{"id":29544,"date":"2022-02-23T18:44:20","date_gmt":"2022-02-24T01:44:20","guid":{"rendered":"http:\/\/boys-girls-clubs-of-metro-denver.local\/?page_id=29544"},"modified":"2022-02-24T19:07:25","modified_gmt":"2022-02-25T02:07:25","slug":"toolkit","status":"publish","type":"page","link":"https:\/\/www.bgcmd.org\/es\/toolkit\/","title":{"rendered":"Toolkit"},"content":{"rendered":"<div id=\"pl-29544\"  class=\"panel-layout\" ><div id=\"pg-29544-0\"  class=\"panel-grid panel-has-style\" ><div class=\"siteorigin-panels-stretch panel-row-style panel-row-style-for-29544-0\" data-stretch-type=\"full-stretched\" ><div id=\"pgc-29544-0-0\"  class=\"panel-grid-cell\" ><div id=\"panel-29544-0-0-0\" class=\"so-panel widget widget_sow-image panel-first-child panel-last-child\" data-index=\"0\" ><div\n\t\t\t\n\t\t\tclass=\"so-widget-sow-image so-widget-sow-image-default-dbf295114b96-29544\"\n\t\t\t\n\t\t>\n<div class=\"sow-image-container\">\n\t\t<img \n\tsrc=\"https:\/\/www.bgcmd.org\/wp-content\/uploads\/2022\/02\/Grid-For-InteriorSlider-MobileGrid-Final-1.png\" width=\"576\" height=\"144\" srcset=\"https:\/\/www.bgcmd.org\/wp-content\/uploads\/2022\/02\/Grid-For-InteriorSlider-MobileGrid-Final-1.png 576w, https:\/\/www.bgcmd.org\/wp-content\/uploads\/2022\/02\/Grid-For-InteriorSlider-MobileGrid-Final-1-300x75.png 300w, https:\/\/www.bgcmd.org\/wp-content\/uploads\/2022\/02\/Grid-For-InteriorSlider-MobileGrid-Final-1-18x5.png 18w\" sizes=\"(max-width: 576px) 100vw, 576px\" title=\"Grid-For-InteriorSlider-MobileGrid-Final (1)\" alt=\"\" \t\tclass=\"so-widget-image\"\/>\n\t<\/div>\n\n<\/div><\/div><\/div><\/div><\/div><div id=\"pg-29544-1\"  class=\"panel-grid panel-has-style\" ><div class=\"landingpage-hero siteorigin-panels-stretch panel-row-style panel-row-style-for-29544-1\" data-stretch-type=\"full-stretched\" ><div id=\"pgc-29544-1-0\"  class=\"panel-grid-cell\" ><div class=\"panel-cell-style panel-cell-style-for-29544-1-0\" ><div id=\"panel-29544-1-0-0\" class=\"so-panel widget widget_sow-headline panel-first-child panel-last-child\" data-index=\"1\" ><div\n\t\t\t\n\t\t\tclass=\"so-widget-sow-headline so-widget-sow-headline-default-700840d0284d-29544\"\n\t\t\t\n\t\t><div class=\"sow-headline-container\">\n\t\t\t\t\t\t\t<h1 class=\"sow-headline\">\n\t\t\t\t\t\tClub de ni\u00f1os y ni\u00f1as de la escuela primaria Johnson\t\t\t\t\t\t<\/h1>\n\t\t\t\t\t\t<\/div>\n<\/div><\/div><\/div><\/div><div id=\"pgc-29544-1-1\"  class=\"panel-grid-cell\" ><div id=\"panel-29544-1-1-0\" class=\"so-panel widget widget_sow-image panel-first-child panel-last-child\" data-index=\"2\" ><div\n\t\t\t\n\t\t\tclass=\"so-widget-sow-image so-widget-sow-image-default-dbf295114b96-29544\"\n\t\t\t\n\t\t>\n<div class=\"sow-image-container\">\n\t\t<img \n\tsrc=\"https:\/\/www.bgcmd.org\/wp-content\/uploads\/2022\/02\/hero-right-1.png\" width=\"932\" height=\"374\" srcset=\"https:\/\/www.bgcmd.org\/wp-content\/uploads\/2022\/02\/hero-right-1.png 932w, https:\/\/www.bgcmd.org\/wp-content\/uploads\/2022\/02\/hero-right-1-300x120.png 300w, https:\/\/www.bgcmd.org\/wp-content\/uploads\/2022\/02\/hero-right-1-768x308.png 768w, https:\/\/www.bgcmd.org\/wp-content\/uploads\/2022\/02\/hero-right-1-18x7.png 18w\" sizes=\"(max-width: 932px) 100vw, 932px\" title=\"h\u00e9roe derecho (1)\" alt=\"\" \t\tclass=\"so-widget-image\"\/>\n\t<\/div>\n\n<\/div><\/div><\/div><\/div><\/div><div id=\"pg-29544-2\"  class=\"panel-grid panel-no-style\" ><div id=\"pgc-29544-2-0\"  class=\"panel-grid-cell\" ><div id=\"panel-29544-2-0-0\" class=\"so-panel widget widget_sow-editor panel-first-child panel-last-child\" data-index=\"3\" ><div\n\t\t\t\n\t\t\tclass=\"so-widget-sow-editor so-widget-sow-editor-base\"\n\t\t\t\n\t\t>\n<div class=\"siteorigin-widget-tinymce textwidget\">\n\t<p style=\"text-align: center;\"><span class=\"text-xl\">Todo lo que hacemos en los Clubes est\u00e1 dise\u00f1ado para ayudar a los ni\u00f1os y adolescentes a encontrar el \u00e9xito. Esta es la raz\u00f3n por la que los miembros del Club superan constantemente a sus compa\u00f1eros en lo que respecta al rendimiento escolar, las opciones saludables y el compromiso c\u00edvico. El modelo del programa Boys &amp; Girls Club se basa en el desarrollo positivo de los j\u00f3venes y est\u00e1 impulsado por programas espec\u00edficos de alto impacto que <a href=\"https:\/\/www.bgcmd.org\/es\/\">generar resultados probados<\/a>.<\/span><\/p>\n<\/div>\n<\/div><\/div><\/div><\/div><div id=\"pg-29544-3\"  class=\"panel-grid panel-has-style\" ><div class=\"compact panel-row-style panel-row-style-for-29544-3\" ><div id=\"pgc-29544-3-0\"  class=\"panel-grid-cell\" ><div id=\"panel-29544-3-0-0\" class=\"so-panel widget widget_sow-editor panel-first-child panel-last-child\" data-index=\"4\" ><div class=\"panel-widget-style panel-widget-style-for-29544-3-0-0\" ><div\n\t\t\t\n\t\t\tclass=\"so-widget-sow-editor so-widget-sow-editor-base\"\n\t\t\t\n\t\t>\n<div class=\"siteorigin-widget-tinymce textwidget\">\n\t<h3><span style=\"color: #ffffff;\"><span style=\"color: #84bd00;\">Cada d\u00eda,<\/span> Boys &amp; Girls Clubs ayudan a 2000 ni\u00f1os a tener \u00e9xito al garantizar que:<\/span><\/h3>\n<p>J\u00f3venes graduados preparados para la universidad o la carrera<br \/>\n<a class=\"arrow-link-green\" href=\"https:\/\/www.bgcmd.org\/es\/\">APRENDE M\u00c1S<\/a><\/p>\n<p>Los j\u00f3venes asumen la responsabilidad de su salud y bienestar<br \/>\n<a class=\"arrow-link-green\" href=\"https:\/\/www.bgcmd.org\/es\/\">APRENDE M\u00c1S<\/a><\/p>\n<p>Los j\u00f3venes son buenos ciudadanos, listos para servir y liderar en su comunidad.<br \/>\n<a class=\"arrow-link-green\" href=\"https:\/\/www.bgcmd.org\/es\/\">APRENDE M\u00c1S<\/a><\/p>\n<\/div>\n<\/div><\/div><\/div><\/div><div id=\"pgc-29544-3-1\"  class=\"panel-grid-cell\" ><div id=\"panel-29544-3-1-0\" class=\"so-panel widget widget_sow-image panel-first-child panel-last-child\" data-index=\"5\" ><div\n\t\t\t\n\t\t\tclass=\"so-widget-sow-image so-widget-sow-image-default-8b5b6f678277-29544\"\n\t\t\t\n\t\t>\n<div class=\"sow-image-container\">\n\t\t<img \n\tsrc=\"https:\/\/www.bgcmd.org\/wp-content\/uploads\/2022\/02\/Grid-For-HelpingKidsSucceedSection-Final-1.png\" width=\"373\" height=\"374\" srcset=\"https:\/\/www.bgcmd.org\/wp-content\/uploads\/2022\/02\/Grid-For-HelpingKidsSucceedSection-Final-1.png 373w, https:\/\/www.bgcmd.org\/wp-content\/uploads\/2022\/02\/Grid-For-HelpingKidsSucceedSection-Final-1-300x300.png 300w, https:\/\/www.bgcmd.org\/wp-content\/uploads\/2022\/02\/Grid-For-HelpingKidsSucceedSection-Final-1-150x150.png 150w, https:\/\/www.bgcmd.org\/wp-content\/uploads\/2022\/02\/Grid-For-HelpingKidsSucceedSection-Final-1-12x12.png 12w\" sizes=\"(max-width: 373px) 100vw, 373px\" title=\"Grid-For-HelpingKidsSucceedSection-Final (1)\" alt=\"\" \t\tclass=\"so-widget-image\"\/>\n\t<\/div>\n\n<\/div><\/div><\/div><\/div><\/div><div id=\"pg-29544-4\"  class=\"panel-grid panel-has-style\" ><div class=\"dual-border-blue panel-row-style panel-row-style-for-29544-4\" ><div id=\"pgc-29544-4-0\"  class=\"panel-grid-cell\" ><div id=\"panel-29544-4-0-0\" class=\"so-panel widget widget_sow-headline panel-first-child\" data-index=\"6\" ><div\n\t\t\t\n\t\t\tclass=\"so-widget-sow-headline so-widget-sow-headline-default-f1ee1e7af6a2-29544\"\n\t\t\t\n\t\t><div class=\"sow-headline-container\">\n\t\t\t\t\t\t\t<h2 class=\"sow-headline\">\n\t\t\t\t\t\tLo que nos hace \u00fanicos\t\t\t\t\t\t<\/h2>\n\t\t\t\t\t\t<\/div>\n<\/div><\/div><div id=\"panel-29544-4-0-1\" class=\"so-panel widget widget_siteorigin-panels-builder\" data-index=\"7\" ><div id=\"pl-w6216e30c63344\"  class=\"panel-layout\" ><div id=\"pg-w6216e30c63344-0\"  class=\"panel-grid panel-no-style\" ><div id=\"pgc-w6216e30c63344-0-0\"  class=\"panel-grid-cell\" ><div id=\"panel-w6216e30c63344-0-0-0\" class=\"so-panel widget widget_sow-editor panel-first-child panel-last-child\" data-index=\"0\" ><div\n\t\t\t\n\t\t\tclass=\"so-widget-sow-editor so-widget-sow-editor-base\"\n\t\t\t\n\t\t>\n<div class=\"siteorigin-widget-tinymce textwidget\">\n\t<h3>EXHAUSTIVO<\/h3>\n<p>Nos enfocamos en las necesidades y el desarrollo del ni\u00f1o en su totalidad a trav\u00e9s de servicios que se ofrecen durante todo el a\u00f1o, desde el d\u00eda escolar hasta la noche y durante todo el verano.<\/p>\n<h3>PROBADO<\/h3>\n<p>La programaci\u00f3n intencional, la evaluaci\u00f3n y la mejora continua son esenciales para garantizar un impacto positivo.<\/p>\n<h3>COLABORATIVO<\/h3>\n<p>Tenemos un historial de colaboraci\u00f3n con otras agencias comunitarias, escuelas y negocios. Nuestros socios nos ayudan a mejorar nuestros programas, ofrecer nuevos programas, compartir recursos de la comunidad y aumentar la cantidad de profesionales capacitados y voluntarios que apoyan a los clubes. <span style=\"text-decoration: underline;\">Ver una lista de nuestras asociaciones comunitarias<\/span>.<\/p>\n<h3>SENSIBLE<\/h3>\n<p>Aunque somos reconocidos a nivel nacional, Boys &amp; Girls Clubs se administra localmente, lo que permite que cada sitio responda a las necesidades espec\u00edficas del vecindario y los j\u00f3venes atendidos. Los clubes tambi\u00e9n apoyan a las familias para garantizar que se satisfagan las necesidades b\u00e1sicas de cada ni\u00f1o.<\/p>\n<\/div>\n<\/div><\/div><\/div><div id=\"pgc-w6216e30c63344-0-1\"  class=\"panel-grid-cell\" ><div id=\"panel-w6216e30c63344-0-1-0\" class=\"so-panel widget widget_sow-editor panel-first-child panel-last-child\" data-index=\"1\" ><div\n\t\t\t\n\t\t\tclass=\"so-widget-sow-editor so-widget-sow-editor-base\"\n\t\t\t\n\t\t>\n<div class=\"siteorigin-widget-tinymce textwidget\">\n\t<h3>VARIEDAD DE SERVICIOS<\/h3>\n<p>Ofrecemos una amplia variedad de servicios y programas para atraer a las diferentes edades, intereses y necesidades de los j\u00f3venes. Esta variedad expone a los j\u00f3venes a nuevas oportunidades y hace posible que los ni\u00f1os encuentren la &quot;chispa&quot; que enciende la pasi\u00f3n por el aprendizaje.<\/p>\n<h3>EXPERTOS EN NUESTRO CAMPO<\/h3>\n<p>Los miembros de nuestro personal participan en capacitaciones durante todo el a\u00f1o para garantizar que est\u00e9n bien informados sobre el desarrollo de la juventud, las comunidades a las que servimos y las mejores pr\u00e1cticas para ayudar a los ni\u00f1os a tener \u00e9xito.<\/p>\n<h3>INNOVADOR<\/h3>\n<p>Tenemos la capacidad de adoptar r\u00e1pidamente nuevos programas, brindar nuevas oportunidades para los j\u00f3venes o desarrollar asociaciones y servicios basados en necesidades espec\u00edficas. Estamos abiertos a probar cosas nuevas para beneficiar a los ni\u00f1os.<\/p>\n<h3>AL SERVICIO DE LOS NI\u00d1OS QUE M\u00c1S NOS NECESITAN<\/h3>\n<p>Nuestros sitios est\u00e1n ubicados intencionalmente en vecindarios con recursos limitados, lo que nos permite cerrar la brecha de oportunidades que existe entre las comunidades de ingresos m\u00e1s bajos y m\u00e1s altos.<\/p>\n<\/div>\n<\/div><\/div><\/div><\/div><\/div><\/div><div id=\"panel-29544-4-0-2\" class=\"so-panel widget widget_sow-button panel-last-child\" data-index=\"8\" ><div\n\t\t\t\n\t\t\tclass=\"so-widget-sow-button so-widget-sow-button-wire-9f6b80372ceb-29544\"\n\t\t\t\n\t\t><div class=\"ow-button-base ow-button-align-center\"\n>\n\t\t\t<a\n\t\t\t\tclass=\"sowb-button ow-icon-placement-left ow-button-hover\" \t>\n\t\t<span>\n\t\t\t\n\t\t\tVer nuestros programas\t\t<\/span>\n\t\t\t<\/a>\n\t<\/div>\n<\/div><\/div><\/div><\/div><\/div><\/div>","protected":false},"excerpt":{"rendered":"<p>Johnson Elementary Boys &amp; Girls Club Everything we do at the Clubs is designed to help children and teens find success. This is why Club members consistently outperform their peers when it comes to school achievement, healthy choices and civic engagement. The Boys &amp; Girls Club program model is based on positive youth development and [&hellip;]<\/p>\n","protected":false},"author":16,"featured_media":0,"parent":0,"menu_order":0,"comment_status":"closed","ping_status":"closed","template":"","meta":{"inline_featured_image":false,"site-sidebar-layout":"default","site-content-layout":"default","ast-site-content-layout":"default","site-content-style":"default","site-sidebar-style":"default","ast-global-header-display":"","ast-banner-title-visibility":"","ast-main-header-display":"","ast-hfb-above-header-display":"","ast-hfb-below-header-display":"","ast-hfb-mobile-header-display":"","site-post-title":"disabled","ast-breadcrumbs-content":"disabled","ast-featured-img":"","footer-sml-layout":"","ast-disable-related-posts":"","theme-transparent-header-meta":"","adv-header-id-meta":"","stick-header-meta":"","header-above-stick-meta":"","header-main-stick-meta":"","header-below-stick-meta":"","astra-migrate-meta-layouts":"default","ast-page-background-enabled":"default","ast-page-background-meta":{"desktop":{"background-color":"var(--ast-global-color-4)","background-image":"","background-repeat":"repeat","background-position":"center center","background-size":"auto","background-attachment":"scroll","background-type":"","background-media":"","overlay-type":"","overlay-color":"","overlay-opacity":"","overlay-gradient":""},"tablet":{"background-color":"","background-image":"","background-repeat":"repeat","background-position":"center center","background-size":"auto","background-attachment":"scroll","background-type":"","background-media":"","overlay-type":"","overlay-color":"","overlay-opacity":"","overlay-gradient":""},"mobile":{"background-color":"","background-image":"","background-repeat":"repeat","background-position":"center center","background-size":"auto","background-attachment":"scroll","background-type":"","background-media":"","overlay-type":"","overlay-color":"","overlay-opacity":"","overlay-gradient":""}},"ast-content-background-meta":{"desktop":{"background-color":"var(--ast-global-color-5)","background-image":"","background-repeat":"repeat","background-position":"center center","background-size":"auto","background-attachment":"scroll","background-type":"","background-media":"","overlay-type":"","overlay-color":"","overlay-opacity":"","overlay-gradient":""},"tablet":{"background-color":"var(--ast-global-color-5)","background-image":"","background-repeat":"repeat","background-position":"center center","background-size":"auto","background-attachment":"scroll","background-type":"","background-media":"","overlay-type":"","overlay-color":"","overlay-opacity":"","overlay-gradient":""},"mobile":{"background-color":"var(--ast-global-color-5)","background-image":"","background-repeat":"repeat","background-position":"center center","background-size":"auto","background-attachment":"scroll","background-type":"","background-media":"","overlay-type":"","overlay-color":"","overlay-opacity":"","overlay-gradient":""}},"footnotes":"","_links_to":"","_links_to_target":""},"class_list":["post-29544","page","type-page","status-publish","hentry"],"_links":{"self":[{"href":"https:\/\/www.bgcmd.org\/es\/wp-json\/wp\/v2\/pages\/29544","targetHints":{"allow":["GET"]}}],"collection":[{"href":"https:\/\/www.bgcmd.org\/es\/wp-json\/wp\/v2\/pages"}],"about":[{"href":"https:\/\/www.bgcmd.org\/es\/wp-json\/wp\/v2\/types\/page"}],"author":[{"embeddable":true,"href":"https:\/\/www.bgcmd.org\/es\/wp-json\/wp\/v2\/users\/16"}],"replies":[{"embeddable":true,"href":"https:\/\/www.bgcmd.org\/es\/wp-json\/wp\/v2\/comments?post=29544"}],"version-history":[{"count":14,"href":"https:\/\/www.bgcmd.org\/es\/wp-json\/wp\/v2\/pages\/29544\/revisions"}],"predecessor-version":[{"id":30900,"href":"https:\/\/www.bgcmd.org\/es\/wp-json\/wp\/v2\/pages\/29544\/revisions\/30900"}],"wp:attachment":[{"href":"https:\/\/www.bgcmd.org\/es\/wp-json\/wp\/v2\/media?parent=29544"}],"curies":[{"name":"wp","href":"https:\/\/api.w.org\/{rel}","templated":true}]}}