{"id":29524,"date":"2022-02-23T18:28:58","date_gmt":"2022-02-24T01:28:58","guid":{"rendered":"http:\/\/boys-girls-clubs-of-metro-denver.local\/?page_id=29524"},"modified":"2025-07-24T15:34:57","modified_gmt":"2025-07-24T21:34:57","slug":"clubs","status":"publish","type":"page","link":"https:\/\/www.bgcmd.org\/es\/clubs\/","title":{"rendered":"Clubs"},"content":{"rendered":"<div id=\"pl-29524\"  class=\"panel-layout\" ><div id=\"pg-29524-0\"  class=\"panel-grid panel-has-style\" ><div class=\"siteorigin-panels-stretch panel-row-style panel-row-style-for-29524-0\" data-stretch-type=\"full-width-stretch\" ><div id=\"pgc-29524-0-0\"  class=\"panel-grid-cell\" ><div id=\"panel-29524-0-0-0\" class=\"so-panel widget widget_sow-image panel-first-child panel-last-child\" data-index=\"0\" ><div\n\t\t\t\n\t\t\tclass=\"so-widget-sow-image so-widget-sow-image-default-dbf295114b96-29524\"\n\t\t\t\n\t\t>\n<div class=\"sow-image-container\">\n\t\t<img \n\tsrc=\"https:\/\/www.bgcmd.org\/wp-content\/uploads\/2022\/03\/Grid-For-JoinTheClub-MobileGrid-Final-Edit.jpg\" width=\"576\" height=\"144\" srcset=\"https:\/\/www.bgcmd.org\/wp-content\/uploads\/2022\/03\/Grid-For-JoinTheClub-MobileGrid-Final-Edit.jpg 576w, https:\/\/www.bgcmd.org\/wp-content\/uploads\/2022\/03\/Grid-For-JoinTheClub-MobileGrid-Final-Edit-300x75.jpg 300w, https:\/\/www.bgcmd.org\/wp-content\/uploads\/2022\/03\/Grid-For-JoinTheClub-MobileGrid-Final-Edit-18x5.jpg 18w\" sizes=\"(max-width: 576px) 100vw, 576px\" alt=\"\" \t\tclass=\"so-widget-image\"\/>\n\t<\/div>\n\n<\/div><\/div><\/div><\/div><\/div><div id=\"pg-29524-1\"  class=\"panel-grid panel-has-style\" ><div class=\"landingpage-hero siteorigin-panels-stretch panel-row-style panel-row-style-for-29524-1\" data-stretch-type=\"full-width-stretch\" ><div id=\"pgc-29524-1-0\"  class=\"panel-grid-cell\" ><div class=\"panel-cell-style panel-cell-style-for-29524-1-0\" ><div id=\"panel-29524-1-0-0\" class=\"so-panel widget widget_sow-headline panel-first-child panel-last-child\" data-index=\"1\" ><div\n\t\t\t\n\t\t\tclass=\"so-widget-sow-headline so-widget-sow-headline-default-9e19704bf363-29524\"\n\t\t\t\n\t\t><div class=\"sow-headline-container\">\n\t\t\t\t\t\t\t<h1 class=\"sow-headline\">\n\t\t\t\t\t\t\u00danete al club\t\t\t\t\t\t<\/h1>\n\t\t\t\t\t\t<\/div>\n<\/div><\/div><\/div><\/div><div id=\"pgc-29524-1-1\"  class=\"panel-grid-cell\" ><div id=\"panel-29524-1-1-0\" class=\"so-panel widget widget_sow-image panel-first-child panel-last-child\" data-index=\"2\" ><div\n\t\t\t\n\t\t\tclass=\"so-widget-sow-image so-widget-sow-image-default-dbf295114b96-29524\"\n\t\t\t\n\t\t>\n<div class=\"sow-image-container\">\n\t\t<img \n\tsrc=\"https:\/\/www.bgcmd.org\/wp-content\/uploads\/2024\/07\/Join-the-Club-FY25-1.png\" width=\"2000\" height=\"667\" srcset=\"https:\/\/www.bgcmd.org\/wp-content\/uploads\/2024\/07\/Join-the-Club-FY25-1.png 2000w, https:\/\/www.bgcmd.org\/wp-content\/uploads\/2024\/07\/Join-the-Club-FY25-1-300x100.png 300w, https:\/\/www.bgcmd.org\/wp-content\/uploads\/2024\/07\/Join-the-Club-FY25-1-1024x342.png 1024w, https:\/\/www.bgcmd.org\/wp-content\/uploads\/2024\/07\/Join-the-Club-FY25-1-768x256.png 768w, https:\/\/www.bgcmd.org\/wp-content\/uploads\/2024\/07\/Join-the-Club-FY25-1-1536x512.png 1536w, https:\/\/www.bgcmd.org\/wp-content\/uploads\/2024\/07\/Join-the-Club-FY25-1-18x6.png 18w\" sizes=\"(max-width: 2000px) 100vw, 2000px\" title=\"\u00danase al Club FY25 (1)\" alt=\"\" \t\tclass=\"so-widget-image\"\/>\n\t<\/div>\n\n<\/div><\/div><\/div><\/div><\/div><div id=\"pg-29524-2\"  class=\"panel-grid panel-no-style\" ><div id=\"pgc-29524-2-0\"  class=\"panel-grid-cell\" ><div id=\"panel-29524-2-0-0\" class=\"so-panel widget widget_sow-editor panel-first-child\" data-index=\"3\" ><div\n\t\t\t\n\t\t\tclass=\"so-widget-sow-editor so-widget-sow-editor-base\"\n\t\t\t\n\t\t>\n<div class=\"siteorigin-widget-tinymce textwidget\">\n\t<p style=\"text-align: left;\"><span class=\"TextRun SCXW45626880 BCX0\" lang=\"EN-US\" xml:lang=\"EN-US\" data-contrast=\"auto\"><span class=\"NormalTextRun SCXW45626880 BCX0\">Los clubes son lugares seguros y divertidos para que los ni\u00f1os pasen su tiempo cuando no est\u00e1n en la escuela o en casa. A trav\u00e9s de relaciones positivas y saludables, deportes, artes, STEM, acad\u00e9micos y programas de liderazgo, los ni\u00f1os obtienen acceso a las herramientas que necesitan para crecer y llevar una vida saludable.\u00a0<\/span><\/span><\/p>\n<\/div>\n<\/div><\/div><div id=\"panel-29524-2-0-1\" class=\"so-panel widget widget_sow-editor\" data-index=\"4\" ><div\n\t\t\t\n\t\t\tclass=\"so-widget-sow-editor so-widget-sow-editor-base\"\n\t\t\t\n\t\t>\n<div class=\"siteorigin-widget-tinymce textwidget\">\n\t<h6><b><span data-contrast=\"none\">\u201cEn una escala del uno al diez, creo que el Club est\u00e1 en un diez\u201d. <\/span><\/b><\/h6>\n<p style=\"text-align: left;\"><b><span data-contrast=\"none\">-Julieana G., Club kid<\/span><\/b><span data-ccp-props=\"{&quot;201341983&quot;:0,&quot;335551550&quot;:1,&quot;335551620&quot;:1,&quot;335559739&quot;:160,&quot;335559740&quot;:259}\">\u00a0<\/span><\/p>\n<\/div>\n<\/div><\/div><div id=\"panel-29524-2-0-2\" class=\"so-panel widget widget_sow-button panel-last-child\" data-index=\"5\" ><div\n\t\t\t\n\t\t\tclass=\"so-widget-sow-button so-widget-sow-button-flat-b010da5f3242-29524\"\n\t\t\t\n\t\t><div class=\"ow-button-base ow-button-align-left\"\n>\n\t\t\t<a\n\t\t\t\t\thref=\"https:\/\/bgcdenvermch.my.site.com\/portal\/s\/login-home\"\n\t\t\t\t\tclass=\"sowb-button ow-icon-placement-left ow-button-hover\" \t>\n\t\t<span>\n\t\t\t\n\t\t\t\u00danase al club de ni\u00f1os y ni\u00f1as\t\t<\/span>\n\t\t\t<\/a>\n\t<\/div>\n<\/div><\/div><\/div><div id=\"pgc-29524-2-1\"  class=\"panel-grid-cell\" ><div id=\"panel-29524-2-1-0\" class=\"so-panel widget widget_media_video panel-first-child panel-last-child\" data-index=\"6\" ><div style=\"width:100%;\" class=\"wp-video\"><video class=\"wp-video-shortcode\" id=\"video-29524-1\" preload=\"metadata\" controls=\"controls\"><source type=\"video\/youtube\" src=\"https:\/\/www.youtube.com\/watch?v=SpEHTI4klZ0&#038;_=1\" \/><a href=\"https:\/\/www.youtube.com\/watch?v=SpEHTI4klZ0\">https:\/\/www.youtube.com\/watch?v=SpEHTI4klZ0<\/a><\/video><\/div><\/div><\/div><\/div><div id=\"pg-29524-3\"  class=\"panel-grid panel-has-style\" ><div class=\"panel-row-style panel-row-style-for-29524-3\" ><div id=\"pgc-29524-3-0\"  class=\"panel-grid-cell\" ><div id=\"panel-29524-3-0-0\" class=\"so-panel widget widget_sow-image panel-first-child\" data-index=\"7\" ><div\n\t\t\t\n\t\t\tclass=\"so-widget-sow-image so-widget-sow-image-default-c67d20f9f743-29524\"\n\t\t\t\n\t\t>\n<div class=\"sow-image-container\">\n\t\t<img \n\tsrc=\"https:\/\/www.bgcmd.org\/wp-content\/uploads\/2023\/07\/Find-Your-Club-Page-Element.jpg\" width=\"367\" height=\"185\" srcset=\"https:\/\/www.bgcmd.org\/wp-content\/uploads\/2023\/07\/Find-Your-Club-Page-Element.jpg 367w, https:\/\/www.bgcmd.org\/wp-content\/uploads\/2023\/07\/Find-Your-Club-Page-Element-300x151.jpg 300w, https:\/\/www.bgcmd.org\/wp-content\/uploads\/2023\/07\/Find-Your-Club-Page-Element-18x9.jpg 18w\" sizes=\"(max-width: 367px) 100vw, 367px\" title=\"Encuentre su club: elemento de p\u00e1gina\" alt=\"\" \t\tclass=\"so-widget-image\"\/>\n\t<\/div>\n\n<\/div><\/div><div id=\"panel-29524-3-0-1\" class=\"so-panel widget widget_sow-headline\" data-index=\"8\" ><div class=\"features panel-widget-style panel-widget-style-for-29524-3-0-1\" ><div\n\t\t\t\n\t\t\tclass=\"so-widget-sow-headline so-widget-sow-headline-default-daa8b23ab069-29524\"\n\t\t\t\n\t\t><div class=\"sow-headline-container\">\n\t\t\t\t\t\t\t<h5 class=\"sow-headline\">\n\t\t\t\t\t\tEncuentra tu club\t\t\t\t\t\t<\/h5>\n\t\t\t\t\t\t\t\t\t\t\t\t<p class=\"sow-sub-headline\">\n\t\t\t\t\t\t Explore las ubicaciones de los clubes y todos nuestros programas extracurriculares y de verano de bajo costo.\t\t\t\t\t\t<\/p>\n\t\t\t\t\t\t<\/div>\n<\/div><\/div><\/div><div id=\"panel-29524-3-0-2\" class=\"so-panel widget widget_sow-button panel-last-child\" data-index=\"9\" ><div\n\t\t\t\n\t\t\tclass=\"so-widget-sow-button so-widget-sow-button-wire-21ca5230f0e8-29524\"\n\t\t\t\n\t\t><div class=\"ow-button-base ow-button-align-center\"\n>\n\t\t\t<a\n\t\t\t\t\thref=\"https:\/\/www.bgcmd.org\/es\/find-your-club\/\"\n\t\t\t\t\tclass=\"sowb-button ow-icon-placement-left ow-button-hover\" \t>\n\t\t<span>\n\t\t\t\n\t\t\tEncuentra tu club\t\t<\/span>\n\t\t\t<\/a>\n\t<\/div>\n<\/div><\/div><\/div><div id=\"pgc-29524-3-1\"  class=\"panel-grid-cell\" ><div id=\"panel-29524-3-1-0\" class=\"so-panel widget widget_sow-image panel-first-child\" data-index=\"10\" ><div\n\t\t\t\n\t\t\tclass=\"so-widget-sow-image so-widget-sow-image-default-c67d20f9f743-29524\"\n\t\t\t\n\t\t>\n<div class=\"sow-image-container\">\n\t\t<img \n\tsrc=\"https:\/\/www.bgcmd.org\/wp-content\/uploads\/2023\/07\/Apply-Page-Element.jpg\" width=\"367\" height=\"185\" srcset=\"https:\/\/www.bgcmd.org\/wp-content\/uploads\/2023\/07\/Apply-Page-Element.jpg 367w, https:\/\/www.bgcmd.org\/wp-content\/uploads\/2023\/07\/Apply-Page-Element-300x151.jpg 300w, https:\/\/www.bgcmd.org\/wp-content\/uploads\/2023\/07\/Apply-Page-Element-18x9.jpg 18w\" sizes=\"(max-width: 367px) 100vw, 367px\" title=\"Aplicar \u2013 Elemento de p\u00e1gina\" alt=\"\" \t\tclass=\"so-widget-image\"\/>\n\t<\/div>\n\n<\/div><\/div><div id=\"panel-29524-3-1-1\" class=\"so-panel widget widget_sow-headline\" data-index=\"11\" ><div class=\"features panel-widget-style panel-widget-style-for-29524-3-1-1\" ><div\n\t\t\t\n\t\t\tclass=\"so-widget-sow-headline so-widget-sow-headline-default-e68d9a79207d-29524\"\n\t\t\t\n\t\t><div class=\"sow-headline-container\">\n\t\t\t\t\t\t\t<h5 class=\"sow-headline\">\n\t\t\t\t\t\tRegistro\t\t\t\t\t\t<\/h5>\n\t\t\t\t\t\t\t\t\t\t\t\t<p class=\"sow-sub-headline\">\n\t\t\t\t\t\tConvi\u00e9rtase en miembro del Club completando la solicitud en l\u00ednea.\t\t\t\t\t\t<\/p>\n\t\t\t\t\t\t<\/div>\n<\/div><\/div><\/div><div id=\"panel-29524-3-1-2\" class=\"so-panel widget widget_sow-button panel-last-child\" data-index=\"12\" ><div\n\t\t\t\n\t\t\tclass=\"so-widget-sow-button so-widget-sow-button-wire-21ca5230f0e8-29524\"\n\t\t\t\n\t\t><div class=\"ow-button-base ow-button-align-center\"\n>\n\t\t\t<a\n\t\t\t\t\thref=\"https:\/\/bgcdenvermch.my.site.com\/portal\/s\/login-home\"\n\t\t\t\t\tclass=\"sowb-button ow-icon-placement-left ow-button-hover\" \t>\n\t\t<span>\n\t\t\t\n\t\t\tReg\u00edstrese hoy\t\t<\/span>\n\t\t\t<\/a>\n\t<\/div>\n<\/div><\/div><\/div><div id=\"pgc-29524-3-2\"  class=\"panel-grid-cell\" ><div id=\"panel-29524-3-2-0\" class=\"so-panel widget widget_sow-image panel-first-child\" data-index=\"13\" ><div\n\t\t\t\n\t\t\tclass=\"so-widget-sow-image so-widget-sow-image-default-c67d20f9f743-29524\"\n\t\t\t\n\t\t>\n<div class=\"sow-image-container\">\n\t\t<img \n\tsrc=\"https:\/\/www.bgcmd.org\/wp-content\/uploads\/2023\/07\/Frequently-Asked-Questions-Page-Element.jpg\" width=\"367\" height=\"185\" srcset=\"https:\/\/www.bgcmd.org\/wp-content\/uploads\/2023\/07\/Frequently-Asked-Questions-Page-Element.jpg 367w, https:\/\/www.bgcmd.org\/wp-content\/uploads\/2023\/07\/Frequently-Asked-Questions-Page-Element-300x151.jpg 300w, https:\/\/www.bgcmd.org\/wp-content\/uploads\/2023\/07\/Frequently-Asked-Questions-Page-Element-18x9.jpg 18w\" sizes=\"(max-width: 367px) 100vw, 367px\" title=\"Preguntas frecuentes: elemento de p\u00e1gina\" alt=\"\" \t\tclass=\"so-widget-image\"\/>\n\t<\/div>\n\n<\/div><\/div><div id=\"panel-29524-3-2-1\" class=\"so-panel widget widget_sow-headline\" data-index=\"14\" ><div class=\"features panel-widget-style panel-widget-style-for-29524-3-2-1\" ><div\n\t\t\t\n\t\t\tclass=\"so-widget-sow-headline so-widget-sow-headline-default-daa8b23ab069-29524\"\n\t\t\t\n\t\t><div class=\"sow-headline-container\">\n\t\t\t\t\t\t\t<h5 class=\"sow-headline\">\n\t\t\t\t\t\tPreguntas frecuentes\t\t\t\t\t\t<\/h5>\n\t\t\t\t\t\t\t\t\t\t\t\t<p class=\"sow-sub-headline\">\n\t\t\t\t\t\tRespuestas para todas tus preguntas. \t\t\t\t\t\t<\/p>\n\t\t\t\t\t\t<\/div>\n<\/div><\/div><\/div><div id=\"panel-29524-3-2-2\" class=\"so-panel widget widget_sow-button panel-last-child\" data-index=\"15\" ><div\n\t\t\t\n\t\t\tclass=\"so-widget-sow-button so-widget-sow-button-wire-21ca5230f0e8-29524\"\n\t\t\t\n\t\t><div class=\"ow-button-base ow-button-align-center\"\n>\n\t\t\t<a\n\t\t\t\t\thref=\"https:\/\/www.bgcmd.org\/es\/faqs\/\"\n\t\t\t\t\tclass=\"sowb-button ow-icon-placement-left ow-button-hover\" \t>\n\t\t<span>\n\t\t\t\n\t\t\tAprende m\u00e1s\t\t<\/span>\n\t\t\t<\/a>\n\t<\/div>\n<\/div><\/div><\/div><\/div><\/div><div id=\"pg-29524-4\"  class=\"panel-grid panel-no-style\" ><div id=\"pgc-29524-4-0\"  class=\"panel-grid-cell\" ><div id=\"panel-29524-4-0-0\" class=\"so-panel widget widget_sow-editor panel-first-child\" data-index=\"16\" ><div id=\"find-your-club\" class=\"panel-widget-style panel-widget-style-for-29524-4-0-0\" ><div\n\t\t\t\n\t\t\tclass=\"so-widget-sow-editor so-widget-sow-editor-base\"\n\t\t\t\n\t\t>\n<div class=\"siteorigin-widget-tinymce textwidget\">\n\t<h3 style=\"text-align: center;\">Nuestros Clubes<\/h3>\n<\/div>\n<\/div><\/div><\/div><div id=\"panel-29524-4-0-1\" class=\"so-panel widget widget_sow-image panel-last-child\" data-index=\"17\" ><div\n\t\t\t\n\t\t\tclass=\"so-widget-sow-image so-widget-sow-image-default-c67d20f9f743-29524\"\n\t\t\t\n\t\t>\n<div class=\"sow-image-container\">\n\t\t<img \n\tsrc=\"https:\/\/www.bgcmd.org\/wp-content\/uploads\/2025\/07\/All-Clubs-July24-1024x792.png\" width=\"1024\" height=\"792\" srcset=\"https:\/\/www.bgcmd.org\/wp-content\/uploads\/2025\/07\/All-Clubs-July24-1024x792.png 1024w, https:\/\/www.bgcmd.org\/wp-content\/uploads\/2025\/07\/All-Clubs-July24-300x232.png 300w, https:\/\/www.bgcmd.org\/wp-content\/uploads\/2025\/07\/All-Clubs-July24-768x594.png 768w, https:\/\/www.bgcmd.org\/wp-content\/uploads\/2025\/07\/All-Clubs-July24-1536x1187.png 1536w, https:\/\/www.bgcmd.org\/wp-content\/uploads\/2025\/07\/All-Clubs-July24-16x12.png 16w, https:\/\/www.bgcmd.org\/wp-content\/uploads\/2025\/07\/All-Clubs-July24.png 2048w\" sizes=\"(max-width: 1024px) 100vw, 1024px\" alt=\"\" \t\tclass=\"so-widget-image\"\/>\n\t<\/div>\n\n<\/div><\/div><\/div><\/div><div id=\"pg-29524-5\"  class=\"panel-grid panel-no-style\" ><div id=\"pgc-29524-5-0\"  class=\"panel-grid-cell panel-grid-cell-empty\" ><\/div><div id=\"pgc-29524-5-1\"  class=\"panel-grid-cell panel-grid-cell-mobile-last\" ><div id=\"panel-29524-5-1-0\" class=\"so-panel widget widget_sow-editor panel-first-child\" data-index=\"18\" ><div id=\"apply\" class=\"panel-widget-style panel-widget-style-for-29524-5-1-0\" ><div\n\t\t\t\n\t\t\tclass=\"so-widget-sow-editor so-widget-sow-editor-base\"\n\t\t\t\n\t\t>\n<div class=\"siteorigin-widget-tinymce textwidget\">\n\t<h3 style=\"text-align: center;\"><id=\"apply\">\u00danete al club<\/h3>\n<\/div>\n<\/div><\/div><\/div><div id=\"panel-29524-5-1-1\" class=\"so-panel widget widget_siteorigin-panels-builder panel-last-child\" data-index=\"19\" ><div id=\"pl-w66a00e27a908f\"  class=\"panel-layout\" ><div id=\"pg-w66a00e27a908f-0\"  class=\"panel-grid panel-has-style\" ><div class=\"panel-row-style panel-row-style-for-w66a00e27a908f-0\" ><div id=\"pgc-w66a00e27a908f-0-0\"  class=\"panel-grid-cell\" ><div id=\"panel-w66a00e27a908f-0-0-0\" class=\"so-panel widget widget_sow-button panel-first-child\" data-index=\"0\" ><div\n\t\t\t\n\t\t\tclass=\"so-widget-sow-button so-widget-sow-button-wire-48fc8e26deba\"\n\t\t\t\n\t\t><div class=\"ow-button-base ow-button-align-center\"\n>\n\t\t\t<a\n\t\t\t\t\thref=\"https:\/\/bgcdenvermch.my.site.com\/portal\/s\/login-home\"\n\t\t\t\t\tclass=\"sowb-button ow-icon-placement-left ow-button-hover\" target=\"_blank\" rel=\"noopener noreferrer\" \t>\n\t\t<span>\n\t\t\t\n\t\t\tRegistro en l\u00ednea\t\t<\/span>\n\t\t\t<\/a>\n\t<\/div>\n<\/div><\/div><div id=\"panel-w66a00e27a908f-0-0-1\" class=\"so-panel widget widget_sow-editor panel-last-child\" data-index=\"1\" ><div class=\"panel-widget-style panel-widget-style-for-w66a00e27a908f-0-0-1\" ><div\n\t\t\t\n\t\t\tclass=\"so-widget-sow-editor so-widget-sow-editor-base\"\n\t\t\t\n\t\t>\n<div class=\"siteorigin-widget-tinymce textwidget\">\n\t<p style=\"text-align: center;\">Nuestros clubes est\u00e1n abiertos a ni\u00f1os de 5 a 18 a\u00f1os. Para unirse, visite cualquiera de las p\u00e1ginas de nuestro Club, vea los detalles y complete la solicitud en l\u00ednea.<\/p>\n<\/div>\n<\/div><\/div><\/div><\/div><\/div><\/div><\/div><\/div><\/div><div id=\"pgc-29524-5-2\"  class=\"panel-grid-cell panel-grid-cell-empty\" ><\/div><\/div><\/div>","protected":false},"excerpt":{"rendered":"<p>Join the Club Clubs are safe, fun places for kids to spend their time when they\u2019re not in school or at home. Through positive, healthy relationships, sports, arts, STEM, academics, and leadership programs, kids gain access to the tools they need to grow and lead healthy lives.\u00a0 \u201cOn a scale of one to ten, I [&hellip;]<\/p>\n","protected":false},"author":16,"featured_media":0,"parent":0,"menu_order":0,"comment_status":"closed","ping_status":"closed","template":"","meta":{"inline_featured_image":false,"site-sidebar-layout":"default","site-content-layout":"default","ast-site-content-layout":"default","site-content-style":"default","site-sidebar-style":"default","ast-global-header-display":"","ast-banner-title-visibility":"","ast-main-header-display":"","ast-hfb-above-header-display":"","ast-hfb-below-header-display":"","ast-hfb-mobile-header-display":"","site-post-title":"disabled","ast-breadcrumbs-content":"disabled","ast-featured-img":"","footer-sml-layout":"","ast-disable-related-posts":"","theme-transparent-header-meta":"default","adv-header-id-meta":"","stick-header-meta":"","header-above-stick-meta":"","header-main-stick-meta":"","header-below-stick-meta":"","astra-migrate-meta-layouts":"set","ast-page-background-enabled":"default","ast-page-background-meta":{"desktop":{"background-color":"var(--ast-global-color-4)","background-image":"","background-repeat":"repeat","background-position":"center center","background-size":"auto","background-attachment":"scroll","background-type":"","background-media":"","overlay-type":"","overlay-color":"","overlay-opacity":"","overlay-gradient":""},"tablet":{"background-color":"","background-image":"","background-repeat":"repeat","background-position":"center center","background-size":"auto","background-attachment":"scroll","background-type":"","background-media":"","overlay-type":"","overlay-color":"","overlay-opacity":"","overlay-gradient":""},"mobile":{"background-color":"","background-image":"","background-repeat":"repeat","background-position":"center center","background-size":"auto","background-attachment":"scroll","background-type":"","background-media":"","overlay-type":"","overlay-color":"","overlay-opacity":"","overlay-gradient":""}},"ast-content-background-meta":{"desktop":{"background-color":"var(--ast-global-color-5)","background-image":"","background-repeat":"repeat","background-position":"center center","background-size":"auto","background-attachment":"scroll","background-type":"","background-media":"","overlay-type":"","overlay-color":"","overlay-opacity":"","overlay-gradient":""},"tablet":{"background-color":"var(--ast-global-color-5)","background-image":"","background-repeat":"repeat","background-position":"center center","background-size":"auto","background-attachment":"scroll","background-type":"","background-media":"","overlay-type":"","overlay-color":"","overlay-opacity":"","overlay-gradient":""},"mobile":{"background-color":"var(--ast-global-color-5)","background-image":"","background-repeat":"repeat","background-position":"center center","background-size":"auto","background-attachment":"scroll","background-type":"","background-media":"","overlay-type":"","overlay-color":"","overlay-opacity":"","overlay-gradient":""}},"footnotes":"","_links_to":"","_links_to_target":""},"class_list":["post-29524","page","type-page","status-publish","hentry"],"_links":{"self":[{"href":"https:\/\/www.bgcmd.org\/es\/wp-json\/wp\/v2\/pages\/29524","targetHints":{"allow":["GET"]}}],"collection":[{"href":"https:\/\/www.bgcmd.org\/es\/wp-json\/wp\/v2\/pages"}],"about":[{"href":"https:\/\/www.bgcmd.org\/es\/wp-json\/wp\/v2\/types\/page"}],"author":[{"embeddable":true,"href":"https:\/\/www.bgcmd.org\/es\/wp-json\/wp\/v2\/users\/16"}],"replies":[{"embeddable":true,"href":"https:\/\/www.bgcmd.org\/es\/wp-json\/wp\/v2\/comments?post=29524"}],"version-history":[{"count":86,"href":"https:\/\/www.bgcmd.org\/es\/wp-json\/wp\/v2\/pages\/29524\/revisions"}],"predecessor-version":[{"id":40663,"href":"https:\/\/www.bgcmd.org\/es\/wp-json\/wp\/v2\/pages\/29524\/revisions\/40663"}],"wp:attachment":[{"href":"https:\/\/www.bgcmd.org\/es\/wp-json\/wp\/v2\/media?parent=29524"}],"curies":[{"name":"wp","href":"https:\/\/api.w.org\/{rel}","templated":true}]}}