{"id":29522,"date":"2022-02-23T18:28:42","date_gmt":"2022-02-24T01:28:42","guid":{"rendered":"http:\/\/boys-girls-clubs-of-metro-denver.local\/?page_id=29522"},"modified":"2023-10-04T14:50:15","modified_gmt":"2023-10-04T20:50:15","slug":"get-involved","status":"publish","type":"page","link":"https:\/\/www.bgcmd.org\/es\/get-involved\/","title":{"rendered":"Involucrarse"},"content":{"rendered":"<div id=\"pl-29522\"  class=\"panel-layout\" ><div id=\"pg-29522-0\"  class=\"panel-grid panel-has-style\" ><div class=\"siteorigin-panels-stretch panel-row-style panel-row-style-for-29522-0\" data-stretch-type=\"full-stretched\" ><div id=\"pgc-29522-0-0\"  class=\"panel-grid-cell\" ><div id=\"panel-29522-0-0-0\" class=\"so-panel widget widget_sow-image panel-first-child panel-last-child\" data-index=\"0\" ><div\n\t\t\t\n\t\t\tclass=\"so-widget-sow-image so-widget-sow-image-default-dbf295114b96-29522\"\n\t\t\t\n\t\t>\n<div class=\"sow-image-container\">\n\t\t<img \n\tsrc=\"https:\/\/www.bgcmd.org\/wp-content\/uploads\/2022\/02\/Grid-For-GetInvolvedSlider-MobileGrid-Final.png\" width=\"576\" height=\"144\" srcset=\"https:\/\/www.bgcmd.org\/wp-content\/uploads\/2022\/02\/Grid-For-GetInvolvedSlider-MobileGrid-Final.png 576w, https:\/\/www.bgcmd.org\/wp-content\/uploads\/2022\/02\/Grid-For-GetInvolvedSlider-MobileGrid-Final-300x75.png 300w, https:\/\/www.bgcmd.org\/wp-content\/uploads\/2022\/02\/Grid-For-GetInvolvedSlider-MobileGrid-Final-18x5.png 18w\" sizes=\"(max-width: 576px) 100vw, 576px\" alt=\"\" \t\tclass=\"so-widget-image\"\/>\n\t<\/div>\n\n<\/div><\/div><\/div><\/div><\/div><div id=\"pg-29522-1\"  class=\"panel-grid panel-has-style\" ><div class=\"landingpage-hero siteorigin-panels-stretch panel-row-style panel-row-style-for-29522-1\" data-stretch-type=\"full-stretched\" ><div id=\"pgc-29522-1-0\"  class=\"panel-grid-cell\" ><div class=\"panel-cell-style panel-cell-style-for-29522-1-0\" ><div id=\"panel-29522-1-0-0\" class=\"so-panel widget widget_sow-headline panel-first-child panel-last-child\" data-index=\"1\" ><div\n\t\t\t\n\t\t\tclass=\"so-widget-sow-headline so-widget-sow-headline-default-700840d0284d-29522\"\n\t\t\t\n\t\t><div class=\"sow-headline-container\">\n\t\t\t\t\t\t\t<h1 class=\"sow-headline\">\n\t\t\t\t\t\tInvolucrarse\t\t\t\t\t\t<\/h1>\n\t\t\t\t\t\t<\/div>\n<\/div><\/div><\/div><\/div><div id=\"pgc-29522-1-1\"  class=\"panel-grid-cell\" ><div id=\"panel-29522-1-1-0\" class=\"so-panel widget widget_sow-image panel-first-child panel-last-child\" data-index=\"2\" ><div\n\t\t\t\n\t\t\tclass=\"so-widget-sow-image so-widget-sow-image-default-dbf295114b96-29522\"\n\t\t\t\n\t\t>\n<div class=\"sow-image-container\">\n\t\t<img \n\tsrc=\"https:\/\/www.bgcmd.org\/wp-content\/uploads\/2022\/11\/Get-Involved.png\" width=\"2000\" height=\"667\" srcset=\"https:\/\/www.bgcmd.org\/wp-content\/uploads\/2022\/11\/Get-Involved.png 2000w, https:\/\/www.bgcmd.org\/wp-content\/uploads\/2022\/11\/Get-Involved-300x100.png 300w, https:\/\/www.bgcmd.org\/wp-content\/uploads\/2022\/11\/Get-Involved-1024x342.png 1024w, https:\/\/www.bgcmd.org\/wp-content\/uploads\/2022\/11\/Get-Involved-768x256.png 768w, https:\/\/www.bgcmd.org\/wp-content\/uploads\/2022\/11\/Get-Involved-1536x512.png 1536w, https:\/\/www.bgcmd.org\/wp-content\/uploads\/2022\/11\/Get-Involved-18x6.png 18w\" sizes=\"(max-width: 2000px) 100vw, 2000px\" title=\"Encabezado Invol\u00facrese\" alt=\"\" \t\tclass=\"so-widget-image\"\/>\n\t<\/div>\n\n<\/div><\/div><\/div><\/div><\/div><div id=\"pg-29522-2\"  class=\"panel-grid panel-no-style\" ><div id=\"pgc-29522-2-0\"  class=\"panel-grid-cell panel-grid-cell-empty\" ><\/div><div id=\"pgc-29522-2-1\"  class=\"panel-grid-cell panel-grid-cell-mobile-last\" ><div id=\"panel-29522-2-1-0\" class=\"so-panel widget widget_sow-editor panel-first-child panel-last-child\" data-index=\"3\" ><div\n\t\t\t\n\t\t\tclass=\"so-widget-sow-editor so-widget-sow-editor-base\"\n\t\t\t\n\t\t>\n<div class=\"siteorigin-widget-tinymce textwidget\">\n\t<p style=\"text-align: left;\"><span class=\"TextRun SCXW199655936 BCX0\" lang=\"EN-US\" xml:lang=\"EN-US\" data-contrast=\"none\"><span class=\"NormalTextRun SCXW199655936 BCX0\">Junto con nuestros socios comunitarios, continuamos innovando. Nuestro modelo din\u00e1mico nos permite dar respuesta a <\/span><span class=\"NormalTextRun SCXW199655936 BCX0\">cada familia <\/span><span class=\"NormalTextRun SCXW199655936 BCX0\">necesidades \u00fanicas y hacer un impacto positivo en th<\/span><span class=\"NormalTextRun SCXW199655936 BCX0\">La vida de miles de ni\u00f1os de Denver<\/span><span class=\"NormalTextRun SCXW199655936 BCX0\">. <\/span><span class=\"NormalTextRun SCXW199655936 BCX0\">Hay tantas maneras de involucrarse, \u00a1\u00fanase a nosotros hoy!<\/span><\/span><span class=\"EOP SCXW199655936 BCX0\" data-ccp-props=\"{&quot;201341983&quot;:0,&quot;335551550&quot;:2,&quot;335551620&quot;:2,&quot;335559739&quot;:160,&quot;335559740&quot;:259}\">\u00a0<\/span><\/p>\n<\/div>\n<\/div><\/div><\/div><div id=\"pgc-29522-2-2\"  class=\"panel-grid-cell panel-grid-cell-empty\" ><\/div><\/div><div id=\"pg-29522-3\"  class=\"panel-grid panel-has-style\" ><div class=\"dual-border-blue panel-row-style panel-row-style-for-29522-3\" ><div id=\"pgc-29522-3-0\"  class=\"panel-grid-cell\" ><div id=\"panel-29522-3-0-0\" class=\"so-panel widget widget_sow-headline panel-first-child\" data-index=\"4\" ><div\n\t\t\t\n\t\t\tclass=\"so-widget-sow-headline so-widget-sow-headline-default-4c0892379686-29522\"\n\t\t\t\n\t\t><div class=\"sow-headline-container\">\n\t\t\t\t\t\t\t<h2 class=\"sow-headline\">\n\t\t\t\t\t\tFormas de ayudar\t\t\t\t\t\t<\/h2>\n\t\t\t\t\t\t<\/div>\n<\/div><\/div><div id=\"panel-29522-3-0-1\" class=\"so-panel widget widget_siteorigin-panels-builder panel-last-child\" data-index=\"5\" ><div id=\"pl-w651dd0079a8d4\"  class=\"panel-layout\" ><div id=\"pg-w651dd0079a8d4-0\"  class=\"panel-grid panel-no-style\" ><div id=\"pgc-w651dd0079a8d4-0-0\"  class=\"panel-grid-cell\" ><div id=\"panel-w651dd0079a8d4-0-0-0\" class=\"so-panel widget widget_sow-editor panel-first-child panel-last-child\" data-index=\"0\" ><div\n\t\t\t\n\t\t\tclass=\"so-widget-sow-editor so-widget-sow-editor-base\"\n\t\t\t\n\t\t>\n<div class=\"siteorigin-widget-tinymce textwidget\">\n\t<h3>VOLUNTARIO<\/h3>\n<p>\u00bfEst\u00e1 buscando una manera de usar sus talentos y ser un modelo a seguir positivo para los j\u00f3venes de nuestra comunidad? Obtenga m\u00e1s informaci\u00f3n sobre nuestra amplia variedad de opciones de voluntariado.<\/p>\n<p><a class=\"arrow-link-blue\" href=\"https:\/\/www.bgcmd.org\/es\/get-involved\/volunteer\/\">Aprende m\u00e1s<\/a><\/p>\n<h3>ASISTIR A UN EVENTO<\/h3>\n<p>Insp\u00edrese en nuestra gala anual o juegue al green para nuestro torneo de golf. Organizamos una variedad de eventos que recaudan fondos esenciales para los programas del Club. \u00a1Encuentra el evento que mejor se adapte a ti!<\/p>\n<p><a class=\"arrow-link-blue\" href=\"https:\/\/www.bgcmd.org\/es\/get-involved\/events\/\">Aprende m\u00e1s<\/a><\/p>\n<h3>SOCIO CORPORATIVO<\/h3>\n<p>Su empresa puede apoyar nuestro trabajo mientras ayuda a alcanzar sus objetivos comerciales. Patrocine uno de nuestros eventos, organice un proyecto de voluntariado y participe en donaciones en el lugar de trabajo.<\/p>\n<p><a class=\"arrow-link-blue\" href=\"https:\/\/www.bgcmd.org\/es\/get-involved\/corporate-partners\/\">Aprende m\u00e1s<\/a><\/p>\n<\/div>\n<\/div><\/div><\/div><div id=\"pgc-w651dd0079a8d4-0-1\"  class=\"panel-grid-cell\" ><div id=\"panel-w651dd0079a8d4-0-1-0\" class=\"so-panel widget widget_sow-editor panel-first-child panel-last-child\" data-index=\"1\" ><div\n\t\t\t\n\t\t\tclass=\"so-widget-sow-editor so-widget-sow-editor-base\"\n\t\t\t\n\t\t>\n<div class=\"siteorigin-widget-tinymce textwidget\">\n\t<h3>ORGANIZA UNA RECAUDACI\u00d3N DE FONDOS<\/h3>\n<p>Organizar un evento o promoci\u00f3n en beneficio de Boys &amp; Girls Clubs of Metro Denver puede marcar una gran diferencia en la vida de los ni\u00f1os que conf\u00edan en su Club todos los d\u00edas.<\/p>\n<p><a class=\"arrow-link-blue\" href=\"https:\/\/www.bgcmd.org\/es\/get-involved\/events\/host-a-fundraising-event\/\" data-mce-href=\"https:\/\/www.bgcmd.org\/get-involved\/events\/host-a-fundraising-event\/\">Aprende m\u00e1s<\/a><\/p>\n<h3>RED DE ALUMNOS<\/h3>\n<p>\u00bfEres ex miembro del Boys &amp; Girls Club? \u00a1Queremos escuchar de ti! Ponte en contacto con nosotros y mantente conectado con los Clubes.<\/p>\n<p><a class=\"arrow-link-blue\" href=\"https:\/\/www.bgcmd.org\/es\/get-involved\/alumni\/\" data-mce-href=\"https:\/\/www.bgcmd.org\/get-involved\/alumni\/\">Aprende m\u00e1s<\/a><\/p>\n<\/div>\n<\/div><\/div><\/div><\/div><\/div><\/div><\/div><\/div><\/div><\/div>","protected":false},"excerpt":{"rendered":"<p>Get Involved Together with our community partners, we continue to innovate. Our dynamic model allows us to respond to every family\u2019s unique needs and make a positive impact on the lives of thousands of Denver kids. There are so many ways to get involved \u2013 join us today!\u00a0 Ways to Help VOLUNTEER Looking for a [&hellip;]<\/p>\n","protected":false},"author":16,"featured_media":0,"parent":0,"menu_order":0,"comment_status":"closed","ping_status":"closed","template":"","meta":{"inline_featured_image":false,"site-sidebar-layout":"default","site-content-layout":"default","ast-site-content-layout":"default","site-content-style":"default","site-sidebar-style":"default","ast-global-header-display":"","ast-banner-title-visibility":"","ast-main-header-display":"","ast-hfb-above-header-display":"","ast-hfb-below-header-display":"","ast-hfb-mobile-header-display":"","site-post-title":"disabled","ast-breadcrumbs-content":"disabled","ast-featured-img":"","footer-sml-layout":"","ast-disable-related-posts":"","theme-transparent-header-meta":"default","adv-header-id-meta":"","stick-header-meta":"","header-above-stick-meta":"","header-main-stick-meta":"","header-below-stick-meta":"","astra-migrate-meta-layouts":"set","ast-page-background-enabled":"default","ast-page-background-meta":{"desktop":{"background-color":"var(--ast-global-color-4)","background-image":"","background-repeat":"repeat","background-position":"center center","background-size":"auto","background-attachment":"scroll","background-type":"","background-media":"","overlay-type":"","overlay-color":"","overlay-opacity":"","overlay-gradient":""},"tablet":{"background-color":"","background-image":"","background-repeat":"repeat","background-position":"center center","background-size":"auto","background-attachment":"scroll","background-type":"","background-media":"","overlay-type":"","overlay-color":"","overlay-opacity":"","overlay-gradient":""},"mobile":{"background-color":"","background-image":"","background-repeat":"repeat","background-position":"center center","background-size":"auto","background-attachment":"scroll","background-type":"","background-media":"","overlay-type":"","overlay-color":"","overlay-opacity":"","overlay-gradient":""}},"ast-content-background-meta":{"desktop":{"background-color":"var(--ast-global-color-5)","background-image":"","background-repeat":"repeat","background-position":"center center","background-size":"auto","background-attachment":"scroll","background-type":"","background-media":"","overlay-type":"","overlay-color":"","overlay-opacity":"","overlay-gradient":""},"tablet":{"background-color":"var(--ast-global-color-5)","background-image":"","background-repeat":"repeat","background-position":"center center","background-size":"auto","background-attachment":"scroll","background-type":"","background-media":"","overlay-type":"","overlay-color":"","overlay-opacity":"","overlay-gradient":""},"mobile":{"background-color":"var(--ast-global-color-5)","background-image":"","background-repeat":"repeat","background-position":"center center","background-size":"auto","background-attachment":"scroll","background-type":"","background-media":"","overlay-type":"","overlay-color":"","overlay-opacity":"","overlay-gradient":""}},"footnotes":"","_links_to":"","_links_to_target":""},"class_list":["post-29522","page","type-page","status-publish","hentry"],"_links":{"self":[{"href":"https:\/\/www.bgcmd.org\/es\/wp-json\/wp\/v2\/pages\/29522","targetHints":{"allow":["GET"]}}],"collection":[{"href":"https:\/\/www.bgcmd.org\/es\/wp-json\/wp\/v2\/pages"}],"about":[{"href":"https:\/\/www.bgcmd.org\/es\/wp-json\/wp\/v2\/types\/page"}],"author":[{"embeddable":true,"href":"https:\/\/www.bgcmd.org\/es\/wp-json\/wp\/v2\/users\/16"}],"replies":[{"embeddable":true,"href":"https:\/\/www.bgcmd.org\/es\/wp-json\/wp\/v2\/comments?post=29522"}],"version-history":[{"count":19,"href":"https:\/\/www.bgcmd.org\/es\/wp-json\/wp\/v2\/pages\/29522\/revisions"}],"predecessor-version":[{"id":36149,"href":"https:\/\/www.bgcmd.org\/es\/wp-json\/wp\/v2\/pages\/29522\/revisions\/36149"}],"wp:attachment":[{"href":"https:\/\/www.bgcmd.org\/es\/wp-json\/wp\/v2\/media?parent=29522"}],"curies":[{"name":"wp","href":"https:\/\/api.w.org\/{rel}","templated":true}]}}