{"id":29475,"date":"2022-02-23T18:04:50","date_gmt":"2022-02-24T01:04:50","guid":{"rendered":"http:\/\/boys-girls-clubs-of-metro-denver.local\/?page_id=29475"},"modified":"2025-12-16T12:29:14","modified_gmt":"2025-12-16T19:29:14","slug":"about","status":"publish","type":"page","link":"https:\/\/www.bgcmd.org\/es\/about\/","title":{"rendered":"Sobre"},"content":{"rendered":"<div id=\"pl-29475\"  class=\"panel-layout\" ><div id=\"pg-29475-0\"  class=\"panel-grid panel-has-style\" ><div class=\"siteorigin-panels-stretch panel-row-style panel-row-style-for-29475-0\" data-stretch-type=\"full-width-stretch\" ><div id=\"pgc-29475-0-0\"  class=\"panel-grid-cell\" ><div id=\"panel-29475-0-0-0\" class=\"so-panel widget widget_sow-image panel-first-child panel-last-child\" data-index=\"0\" ><div\n\t\t\t\n\t\t\tclass=\"so-widget-sow-image so-widget-sow-image-default-dbf295114b96-29475\"\n\t\t\t\n\t\t>\n<div class=\"sow-image-container\">\n\t\t<img \n\tsrc=\"https:\/\/www.bgcmd.org\/wp-content\/uploads\/2022\/03\/Grid-For-AboutSlider-MobileGrid-Final-Edit.jpg\" width=\"576\" height=\"144\" srcset=\"https:\/\/www.bgcmd.org\/wp-content\/uploads\/2022\/03\/Grid-For-AboutSlider-MobileGrid-Final-Edit.jpg 576w, https:\/\/www.bgcmd.org\/wp-content\/uploads\/2022\/03\/Grid-For-AboutSlider-MobileGrid-Final-Edit-300x75.jpg 300w, https:\/\/www.bgcmd.org\/wp-content\/uploads\/2022\/03\/Grid-For-AboutSlider-MobileGrid-Final-Edit-18x5.jpg 18w\" sizes=\"(max-width: 576px) 100vw, 576px\" alt=\"\" \t\tclass=\"so-widget-image\"\/>\n\t<\/div>\n\n<\/div><\/div><\/div><\/div><\/div><div id=\"pg-29475-1\"  class=\"panel-grid panel-has-style\" ><div class=\"landingpage-hero siteorigin-panels-stretch panel-row-style panel-row-style-for-29475-1\" data-stretch-type=\"full-width-stretch\" ><div id=\"pgc-29475-1-0\"  class=\"panel-grid-cell\" ><div class=\"panel-cell-style panel-cell-style-for-29475-1-0\" ><div id=\"panel-29475-1-0-0\" class=\"so-panel widget widget_sow-headline panel-first-child panel-last-child\" data-index=\"1\" ><div\n\t\t\t\n\t\t\tclass=\"so-widget-sow-headline so-widget-sow-headline-default-700840d0284d-29475\"\n\t\t\t\n\t\t><div class=\"sow-headline-container\">\n\t\t\t\t\t\t\t<h1 class=\"sow-headline\">\n\t\t\t\t\t\tSobre <br \/>Nosotros\t\t\t\t\t\t<\/h1>\n\t\t\t\t\t\t<\/div>\n<\/div><\/div><\/div><\/div><div id=\"pgc-29475-1-1\"  class=\"panel-grid-cell\" ><div id=\"panel-29475-1-1-0\" class=\"so-panel widget widget_sow-image panel-first-child panel-last-child\" data-index=\"2\" ><div\n\t\t\t\n\t\t\tclass=\"so-widget-sow-image so-widget-sow-image-default-dbf295114b96-29475\"\n\t\t\t\n\t\t>\n<div class=\"sow-image-container\">\n\t\t<img \n\tsrc=\"https:\/\/www.bgcmd.org\/wp-content\/uploads\/2022\/03\/Grid-For-AboutSlider-ShorterTitleSlider-Final-Edit.jpg\" width=\"1116\" height=\"372\" srcset=\"https:\/\/www.bgcmd.org\/wp-content\/uploads\/2022\/03\/Grid-For-AboutSlider-ShorterTitleSlider-Final-Edit.jpg 1116w, https:\/\/www.bgcmd.org\/wp-content\/uploads\/2022\/03\/Grid-For-AboutSlider-ShorterTitleSlider-Final-Edit-300x100.jpg 300w, https:\/\/www.bgcmd.org\/wp-content\/uploads\/2022\/03\/Grid-For-AboutSlider-ShorterTitleSlider-Final-Edit-1024x341.jpg 1024w, https:\/\/www.bgcmd.org\/wp-content\/uploads\/2022\/03\/Grid-For-AboutSlider-ShorterTitleSlider-Final-Edit-768x256.jpg 768w, https:\/\/www.bgcmd.org\/wp-content\/uploads\/2022\/03\/Grid-For-AboutSlider-ShorterTitleSlider-Final-Edit-18x6.jpg 18w\" sizes=\"(max-width: 1116px) 100vw, 1116px\" alt=\"\" \t\tclass=\"so-widget-image\"\/>\n\t<\/div>\n\n<\/div><\/div><\/div><\/div><\/div><div id=\"pg-29475-2\"  class=\"panel-grid panel-has-style\" ><div class=\"dual-border-blue panel-row-style panel-row-style-for-29475-2\" ><div id=\"pgc-29475-2-0\"  class=\"panel-grid-cell\" ><div id=\"panel-29475-2-0-0\" class=\"so-panel widget widget_sow-headline panel-first-child\" data-index=\"3\" ><div\n\t\t\t\n\t\t\tclass=\"so-widget-sow-headline so-widget-sow-headline-default-e7e4cc01588d-29475\"\n\t\t\t\n\t\t><div class=\"sow-headline-container\">\n\t\t\t\t\t\t\t<h2 class=\"sow-headline\">\n\t\t\t\t\t\tQuienes somos\t\t\t\t\t\t<\/h2>\n\t\t\t\t\t\t<\/div>\n<\/div><\/div><div id=\"panel-29475-2-0-1\" class=\"so-panel widget widget_siteorigin-panels-builder panel-last-child\" data-index=\"4\" ><div id=\"pl-w6941b30a1efe7\"  class=\"panel-layout\" ><div id=\"pg-w6941b30a1efe7-0\"  class=\"panel-grid panel-no-style\" ><div id=\"pgc-w6941b30a1efe7-0-0\"  class=\"panel-grid-cell\" ><div id=\"panel-w6941b30a1efe7-0-0-0\" class=\"so-panel widget widget_sow-editor panel-first-child panel-last-child\" data-index=\"0\" ><div\n\t\t\t\n\t\t\tclass=\"so-widget-sow-editor so-widget-sow-editor-base\"\n\t\t\t\n\t\t>\n<div class=\"siteorigin-widget-tinymce textwidget\">\n\t<p style=\"text-align: left;\"><span data-contrast=\"none\"><strong>Boys &amp; Girls Clubs of Metro Denver cambia vidas.<\/strong> Desde el primer d\u00eda del jard\u00edn de infantes hasta la graduaci\u00f3n de la escuela secundaria, ayudamos a los ni\u00f1os <\/span><a href=\"https:\/\/www.bgcmd.org\/es\/programs\/academics-careers\/\"><span data-contrast=\"none\">triunfar en la escuela<\/span><\/a><span data-contrast=\"none\">, <\/span><a href=\"https:\/\/www.bgcmd.org\/es\/programs\/character-leadership\/\"><span data-contrast=\"none\">desarrollar buen car\u00e1cter y ciudadan\u00eda<\/span><\/a><span data-contrast=\"none\">, y <\/span><a href=\"https:\/\/www.bgcmd.org\/es\/programs\/healthy-lifestyles\/\"><span data-contrast=\"none\">vivir vidas saludables<\/span><\/a><span data-contrast=\"none\">. At 25 neighborhood Clubs, <span class=\"TextRun SCXW166741541 BCX0\" lang=\"EN-US\" xml:lang=\"EN-US\" data-contrast=\"auto\"><span class=\"NormalTextRun SCXW166741541 BCX0\">Brindamos a nuestros miembros entornos seguros, de apoyo, divertidos y enriquecedores que los inspiran y empoderan para alcanzar su mayor potencial.<\/span><\/span><span class=\"EOP SCXW166741541 BCX0\" data-ccp-props=\"{&quot;201341983&quot;:0,&quot;335559739&quot;:160,&quot;335559740&quot;:259}\">\u00a0<\/span> <\/span><span data-ccp-props=\"{&quot;201341983&quot;:0,&quot;335559739&quot;:160,&quot;335559740&quot;:259}\">\u00a0<\/span><\/p>\n<\/div>\n<\/div><\/div><\/div><\/div><\/div><\/div><\/div><\/div><\/div><div id=\"pg-29475-3\"  class=\"panel-grid panel-no-style\" ><div id=\"pgc-29475-3-0\"  class=\"panel-grid-cell panel-grid-cell-empty\" ><\/div><div id=\"pgc-29475-3-1\"  class=\"panel-grid-cell panel-grid-cell-mobile-last\" ><div id=\"panel-29475-3-1-0\" class=\"so-panel widget widget_siteorigin-panels-builder panel-first-child\" data-index=\"5\" ><div id=\"pl-w64d13a62110cc\"  class=\"panel-layout\" ><div id=\"pg-w64d13a62110cc-0\"  class=\"panel-grid panel-no-style\" ><div id=\"pgc-w64d13a62110cc-0-0\"  class=\"panel-grid-cell\" ><div id=\"panel-w64d13a62110cc-0-0-0\" class=\"so-panel widget widget_sow-image panel-first-child panel-last-child\" data-index=\"0\" ><div\n\t\t\t\n\t\t\tclass=\"so-widget-sow-image so-widget-sow-image-default-c67d20f9f743\"\n\t\t\t\n\t\t>\n<div class=\"sow-image-container\">\n\t\t<img \n\tsrc=\"https:\/\/www.bgcmd.org\/wp-content\/uploads\/2022\/02\/2-Square-Grid1-Final.png\" width=\"600\" height=\"300\" srcset=\"https:\/\/www.bgcmd.org\/wp-content\/uploads\/2022\/02\/2-Square-Grid1-Final.png 600w, https:\/\/www.bgcmd.org\/wp-content\/uploads\/2022\/02\/2-Square-Grid1-Final-300x150.png 300w, https:\/\/www.bgcmd.org\/wp-content\/uploads\/2022\/02\/2-Square-Grid1-Final-18x9.png 18w\" sizes=\"(max-width: 600px) 100vw, 600px\" alt=\"\" \t\tclass=\"so-widget-image\"\/>\n\t<\/div>\n\n<\/div><\/div><\/div><div id=\"pgc-w64d13a62110cc-0-1\"  class=\"panel-grid-cell\" ><div id=\"panel-w64d13a62110cc-0-1-0\" class=\"so-panel widget widget_sow-editor panel-first-child panel-last-child\" data-index=\"1\" ><div\n\t\t\t\n\t\t\tclass=\"so-widget-sow-editor so-widget-sow-editor-base\"\n\t\t\t\n\t\t>\n<div class=\"siteorigin-widget-tinymce textwidget\">\n\t<h3>Visi\u00f3n<\/h3>\n<p>Creemos que todos los ni\u00f1os tendr\u00e1n la oportunidad de alcanzar su mayor potencial.<\/p>\n<\/div>\n<\/div><\/div><\/div><\/div><div id=\"pg-w64d13a62110cc-1\"  class=\"panel-grid panel-no-style\" ><div id=\"pgc-w64d13a62110cc-1-0\"  class=\"panel-grid-cell\" ><div id=\"panel-w64d13a62110cc-1-0-0\" class=\"so-panel widget widget_sow-editor panel-first-child panel-last-child\" data-index=\"2\" ><div\n\t\t\t\n\t\t\tclass=\"so-widget-sow-editor so-widget-sow-editor-base\"\n\t\t\t\n\t\t>\n<div class=\"siteorigin-widget-tinymce textwidget\">\n\t<h3>Misi\u00f3n<\/h3>\n<p>Brindamos a los miembros de nuestro Club un entorno seguro, de apoyo, divertido y enriquecedor que los inspira y los empodera para alcanzar su mayor potencial.<\/p>\n<\/div>\n<\/div><\/div><\/div><div id=\"pgc-w64d13a62110cc-1-1\"  class=\"panel-grid-cell\" ><div id=\"panel-w64d13a62110cc-1-1-0\" class=\"so-panel widget widget_sow-image panel-first-child panel-last-child\" data-index=\"3\" ><div\n\t\t\t\n\t\t\tclass=\"so-widget-sow-image so-widget-sow-image-default-c67d20f9f743\"\n\t\t\t\n\t\t>\n<div class=\"sow-image-container\">\n\t\t<img \n\tsrc=\"https:\/\/www.bgcmd.org\/wp-content\/uploads\/2022\/02\/2-Square-Grid2-Final.png\" width=\"600\" height=\"300\" srcset=\"https:\/\/www.bgcmd.org\/wp-content\/uploads\/2022\/02\/2-Square-Grid2-Final.png 600w, https:\/\/www.bgcmd.org\/wp-content\/uploads\/2022\/02\/2-Square-Grid2-Final-300x150.png 300w, https:\/\/www.bgcmd.org\/wp-content\/uploads\/2022\/02\/2-Square-Grid2-Final-18x9.png 18w\" sizes=\"(max-width: 600px) 100vw, 600px\" alt=\"\" \t\tclass=\"so-widget-image\"\/>\n\t<\/div>\n\n<\/div><\/div><\/div><\/div><div id=\"pg-w64d13a62110cc-2\"  class=\"panel-grid panel-no-style\" ><div id=\"pgc-w64d13a62110cc-2-0\"  class=\"panel-grid-cell\" ><div id=\"panel-w64d13a62110cc-2-0-0\" class=\"so-panel widget widget_sow-image panel-first-child panel-last-child\" data-index=\"4\" ><div\n\t\t\t\n\t\t\tclass=\"so-widget-sow-image so-widget-sow-image-default-c67d20f9f743\"\n\t\t\t\n\t\t>\n<div class=\"sow-image-container\">\n\t\t<img \n\tsrc=\"https:\/\/www.bgcmd.org\/wp-content\/uploads\/2023\/08\/About-Us-Page-Elements.png\" width=\"710\" height=\"355\" srcset=\"https:\/\/www.bgcmd.org\/wp-content\/uploads\/2023\/08\/About-Us-Page-Elements.png 710w, https:\/\/www.bgcmd.org\/wp-content\/uploads\/2023\/08\/About-Us-Page-Elements-300x150.png 300w, https:\/\/www.bgcmd.org\/wp-content\/uploads\/2023\/08\/About-Us-Page-Elements-18x9.png 18w\" sizes=\"(max-width: 710px) 100vw, 710px\" title=\"Sobre nosotros Elementos de la p\u00e1gina\" alt=\"\" \t\tclass=\"so-widget-image\"\/>\n\t<\/div>\n\n<\/div><\/div><\/div><div id=\"pgc-w64d13a62110cc-2-1\"  class=\"panel-grid-cell\" ><div id=\"panel-w64d13a62110cc-2-1-0\" class=\"so-panel widget widget_sow-editor panel-first-child panel-last-child\" data-index=\"5\" ><div\n\t\t\t\n\t\t\tclass=\"so-widget-sow-editor so-widget-sow-editor-base\"\n\t\t\t\n\t\t>\n<div class=\"siteorigin-widget-tinymce textwidget\">\n\t<h3>Valores<\/h3>\n<p><strong>Respeto:<\/strong> Reconocemos que cada persona tiene el mismo valor intr\u00ednseco y merece ser tratada con dignidad.<br \/>\n<strong>Integridad:<\/strong> Operamos con honestidad y nos hacemos responsables de todas las palabras y acciones.<br \/>\n<strong>Excelencia:<\/strong> Establecemos altas expectativas y trabajamos arduamente para lograrlas participando en el aprendizaje y la mejora continuos.<br \/>\n<strong>Trabajo en equipo:<\/strong> Colaboramos abiertamente en objetivos comunes para aprovechar el conocimiento ampliado de toda nuestra comunidad.<br \/>\n<strong>Innovaci\u00f3n:<\/strong> Buscamos y aceptamos nuevas posibilidades que pueden aumentar nuestro impacto.<\/p>\n<\/div>\n<\/div><\/div><\/div><\/div><\/div><\/div><div id=\"panel-29475-3-1-1\" class=\"so-panel widget widget_sow-button panel-last-child\" data-index=\"6\" ><div\n\t\t\t\n\t\t\tclass=\"so-widget-sow-button so-widget-sow-button-wire-9f6b80372ceb-29475\"\n\t\t\t\n\t\t><div class=\"ow-button-base ow-button-align-center\"\n>\n\t\t\t<a\n\t\t\t\t\thref=\"https:\/\/www.bgcmd.org\/es\/programs\/\"\n\t\t\t\t\tclass=\"sowb-button ow-icon-placement-left ow-button-hover\" \t>\n\t\t<span>\n\t\t\t\n\t\t\tVer nuestros programas\t\t<\/span>\n\t\t\t<\/a>\n\t<\/div>\n<\/div><\/div><\/div><div id=\"pgc-29475-3-2\"  class=\"panel-grid-cell panel-grid-cell-empty\" ><\/div><\/div><\/div>","protected":false},"excerpt":{"rendered":"<p>About Us Who We Are Boys &amp; Girls Clubs of Metro Denver changes lives. From the first day of kindergarten to high school graduation, we help kids succeed in school, develop good character and citizenship, and live healthy lives. At 25 neighborhood Clubs, we provide our members with safe, supportive, fun, and enriching environments that [&hellip;]<\/p>\n","protected":false},"author":16,"featured_media":0,"parent":0,"menu_order":0,"comment_status":"closed","ping_status":"closed","template":"","meta":{"inline_featured_image":false,"site-sidebar-layout":"default","site-content-layout":"default","ast-site-content-layout":"default","site-content-style":"default","site-sidebar-style":"default","ast-global-header-display":"","ast-banner-title-visibility":"","ast-main-header-display":"","ast-hfb-above-header-display":"","ast-hfb-below-header-display":"","ast-hfb-mobile-header-display":"","site-post-title":"disabled","ast-breadcrumbs-content":"disabled","ast-featured-img":"","footer-sml-layout":"","ast-disable-related-posts":"","theme-transparent-header-meta":"default","adv-header-id-meta":"","stick-header-meta":"","header-above-stick-meta":"","header-main-stick-meta":"","header-below-stick-meta":"","astra-migrate-meta-layouts":"set","ast-page-background-enabled":"default","ast-page-background-meta":{"desktop":{"background-color":"var(--ast-global-color-4)","background-image":"","background-repeat":"repeat","background-position":"center center","background-size":"auto","background-attachment":"scroll","background-type":"","background-media":"","overlay-type":"","overlay-color":"","overlay-opacity":"","overlay-gradient":""},"tablet":{"background-color":"","background-image":"","background-repeat":"repeat","background-position":"center center","background-size":"auto","background-attachment":"scroll","background-type":"","background-media":"","overlay-type":"","overlay-color":"","overlay-opacity":"","overlay-gradient":""},"mobile":{"background-color":"","background-image":"","background-repeat":"repeat","background-position":"center center","background-size":"auto","background-attachment":"scroll","background-type":"","background-media":"","overlay-type":"","overlay-color":"","overlay-opacity":"","overlay-gradient":""}},"ast-content-background-meta":{"desktop":{"background-color":"var(--ast-global-color-5)","background-image":"","background-repeat":"repeat","background-position":"center center","background-size":"auto","background-attachment":"scroll","background-type":"","background-media":"","overlay-type":"","overlay-color":"","overlay-opacity":"","overlay-gradient":""},"tablet":{"background-color":"var(--ast-global-color-5)","background-image":"","background-repeat":"repeat","background-position":"center center","background-size":"auto","background-attachment":"scroll","background-type":"","background-media":"","overlay-type":"","overlay-color":"","overlay-opacity":"","overlay-gradient":""},"mobile":{"background-color":"var(--ast-global-color-5)","background-image":"","background-repeat":"repeat","background-position":"center center","background-size":"auto","background-attachment":"scroll","background-type":"","background-media":"","overlay-type":"","overlay-color":"","overlay-opacity":"","overlay-gradient":""}},"footnotes":"","_links_to":"","_links_to_target":""},"class_list":["post-29475","page","type-page","status-publish","hentry"],"_links":{"self":[{"href":"https:\/\/www.bgcmd.org\/es\/wp-json\/wp\/v2\/pages\/29475","targetHints":{"allow":["GET"]}}],"collection":[{"href":"https:\/\/www.bgcmd.org\/es\/wp-json\/wp\/v2\/pages"}],"about":[{"href":"https:\/\/www.bgcmd.org\/es\/wp-json\/wp\/v2\/types\/page"}],"author":[{"embeddable":true,"href":"https:\/\/www.bgcmd.org\/es\/wp-json\/wp\/v2\/users\/16"}],"replies":[{"embeddable":true,"href":"https:\/\/www.bgcmd.org\/es\/wp-json\/wp\/v2\/comments?post=29475"}],"version-history":[{"count":41,"href":"https:\/\/www.bgcmd.org\/es\/wp-json\/wp\/v2\/pages\/29475\/revisions"}],"predecessor-version":[{"id":40897,"href":"https:\/\/www.bgcmd.org\/es\/wp-json\/wp\/v2\/pages\/29475\/revisions\/40897"}],"wp:attachment":[{"href":"https:\/\/www.bgcmd.org\/es\/wp-json\/wp\/v2\/media?parent=29475"}],"curies":[{"name":"wp","href":"https:\/\/api.w.org\/{rel}","templated":true}]}}